{"id":44500,"date":"2023-09-28T08:36:30","date_gmt":"2023-09-28T06:36:30","guid":{"rendered":"https:\/\/fries.iphos.at\/?page_id=44500"},"modified":"2024-10-18T11:46:21","modified_gmt":"2024-10-18T09:46:21","slug":"cesti-per-la-pulizia-tech-rack-custom-400x300","status":"publish","type":"page","link":"https:\/\/fries.iphos.at\/it\/prodotti\/cesti-industriali\/cesti-per-la-pulizia-tech-rack-custom-400x300\/","title":{"rendered":"Cesto di lavaggio tech-rack custom+ 400 x 300"},"content":{"rendered":"<p><div class=\"fusion-fullwidth fullwidth-box fusion-builder-row-1 hundred-percent-fullwidth non-hundred-percent-height-scrolling\" style=\"--awb-border-radius-top-left:0px;--awb-border-radius-top-right:0px;--awb-border-radius-bottom-right:0px;--awb-border-radius-bottom-left:0px;--awb-overflow:visible;--awb-flex-wrap:wrap;\" ><div class=\"fusion-builder-row fusion-row\"><div class=\"fusion-layout-column fusion_builder_column fusion-builder-column-0 fusion_builder_column_1_3 1_3 fusion-one-third fusion-column-first\" style=\"--awb-bg-size:cover;width:30.6666%; margin-right: 4%;\"><div class=\"fusion-column-wrapper fusion-flex-column-wrapper-legacy\"><div class=\"fusion-image-element in-legacy-container\" style=\"--awb-caption-title-font-family:var(--h2_typography-font-family);--awb-caption-title-font-weight:var(--h2_typography-font-weight);--awb-caption-title-font-style:var(--h2_typography-font-style);--awb-caption-title-size:var(--h2_typography-font-size);--awb-caption-title-transform:var(--h2_typography-text-transform);--awb-caption-title-line-height:var(--h2_typography-line-height);--awb-caption-title-letter-spacing:var(--h2_typography-letter-spacing);\"><span class=\" fusion-imageframe imageframe-none imageframe-1 hover-type-none\"><a href=\"https:\/\/fries.iphos.at\/wp-content\/uploads\/tech-rack-custom-400x300-1.png\" class=\"fusion-lightbox\" data-rel=\"iLightbox[966f442eebddcd2c99d]\" data-title=\"tech-rack-custom+-400&#215;300\" title=\"tech-rack-custom+-400&#215;300\"><img decoding=\"async\" width=\"242\" height=\"242\" src=\"https:\/\/fries.iphos.at\/wp-content\/uploads\/tech-rack-custom-400x300-1.png\" alt class=\"img-responsive wp-image-44510\" srcset=\"https:\/\/fries.iphos.at\/wp-content\/uploads\/tech-rack-custom-400x300-1-200x200.png 200w, https:\/\/fries.iphos.at\/wp-content\/uploads\/tech-rack-custom-400x300-1.png 242w\" sizes=\"(max-width: 0px) 100vw, 242px\" \/><\/a><\/span><\/div><div class=\"fusion-text fusion-text-1 color-industrie orange\"><h4><a href=\"https:\/\/fries.iphos.at\/wp-content\/uploads\/fries-werkstuecktraeger-industriekoerbe-it.pdf\" target=\"_blank\" rel=\"noopener noreferrer\">Scarica la brochure<\/a><\/h4>\n<\/div><div class=\"fusion-alignleft\"><a class=\"fusion-button button-flat fusion-button-default-size button-custom fusion-button-default button-1 fusion-button-default-span fusion-button-default-type color-verpackung\" style=\"--button_accent_color:#ffffff;--button_border_color:#ef7c00;--button_accent_hover_color:#ffffff;--button_border_hover_color:#ef7c00;--button_gradient_top_color:#ef7c00;--button_gradient_bottom_color:#ef7c00;--button_gradient_top_color_hover:#ef7c00;--button_gradient_bottom_color_hover:#ef7c00;--button_text_transform:none;--button_margin-top:20px;--button_margin-bottom:20px;\" target=\"_self\" href=\"https:\/\/fries.iphos.at\/it\/contatti\/?amp;your-subject=Anfrage Industriekorb tech-rack custom+ 400x300\"><span class=\"fusion-button-text awb-button__text awb-button__text--default\">Richiedi ora <\/span><\/a><\/div><div class=\"fusion-image-element in-legacy-container\" style=\"--awb-caption-title-font-family:var(--h2_typography-font-family);--awb-caption-title-font-weight:var(--h2_typography-font-weight);--awb-caption-title-font-style:var(--h2_typography-font-style);--awb-caption-title-size:var(--h2_typography-font-size);--awb-caption-title-transform:var(--h2_typography-text-transform);--awb-caption-title-line-height:var(--h2_typography-line-height);--awb-caption-title-letter-spacing:var(--h2_typography-letter-spacing);\"><span class=\" fusion-imageframe imageframe-none imageframe-2 hover-type-none color-industrie orange\"><img decoding=\"async\" width=\"300\" height=\"126\" title=\"Bild_RFID-Chip_IT\" src=\"https:\/\/fries.iphos.at\/wp-content\/uploads\/Bild_RFID-Chip_IT-300x126.png\" alt class=\"img-responsive wp-image-51673\" srcset=\"https:\/\/fries.iphos.at\/wp-content\/uploads\/Bild_RFID-Chip_IT-200x84.png 200w, https:\/\/fries.iphos.at\/wp-content\/uploads\/Bild_RFID-Chip_IT-400x169.png 400w, https:\/\/fries.iphos.at\/wp-content\/uploads\/Bild_RFID-Chip_IT-600x253.png 600w, https:\/\/fries.iphos.at\/wp-content\/uploads\/Bild_RFID-Chip_IT-800x337.png 800w, https:\/\/fries.iphos.at\/wp-content\/uploads\/Bild_RFID-Chip_IT.png 1008w\" sizes=\"(max-width: 0px) 100vw, 400px\" \/><\/span><\/div><div class=\"fusion-text fusion-text-2 color-industrie orange\"><h4><a href=\"#rfid-chip\">per saperne di pi\u00f9<\/a><\/h4>\n<\/div><div class=\"fusion-clearfix\"><\/div><\/div><\/div><div class=\"fusion-layout-column fusion_builder_column fusion-builder-column-1 fusion_builder_column_2_3 2_3 fusion-two-third fusion-column-last\" style=\"--awb-bg-size:cover;width:65.3333%;\"><div class=\"fusion-column-wrapper fusion-flex-column-wrapper-legacy\"><div class=\"fusion-text fusion-text-3 color-industrie orange\"><h1>Cesto di lavaggio tech-rack custom+<\/h1>\n<p><strong>Cesto industriale performante per processi produttivi completamente automatizzati<\/strong><\/p>\n<p>Il cesto industriale tech-rack custom+ 400&#215;300 consente una pulizia accurata e sicura, l&#8217;immagazzinamento e il trasporto di componenti e pezzi delicati. I cesti sono stati progettati in modo da permettere non solo il carico e lo scarico dei pezzi tramite macchinari, ma anche per accatastare dei cesti su pallet con un braccio robotizzato. Il tech-rack custom+ offre diverse opzioni di configurazione con pin o divisori longitudinali e trasversali. I bordi obliqui \/ le sporgenze per l&#8217;impilamento contrastano l&#8217;effetto capillare.<\/p>\n<p><strong>Tutti i vantaggi di FRIES tech-rack custom+<br \/>\n<\/strong><\/p>\n<ul>\n<li>Progettato per la completa automazione: possibilit\u00e0 di carico e scarico tramite macchinari<\/li>\n<li>Cesto di lavaggio all-in-one: un unico cesto per il lavaggio, l&#8217;immagazzinamento e il trasporto<\/li>\n<li>Pulizia efficiente con accessibilit\u00e0 ottimizzata e ottima protezione dei prodotti, per superfici delicate<\/li>\n<li>I bordi obliqui impediscono l&#8217;effetto capillare<\/li>\n<li>Possibilit\u00e0 di configurare la base a griglia a seconda dei componenti<\/li>\n<li>L&#8217;altezza del cesto pu\u00f2 essere aumentata individualmente tramite extender a rotazione<\/li>\n<li>Gli angoli arrotondati proteggono da danni e lesioni alle superfici delicate<\/li>\n<li>I divisori longitudinali e trasversali sono inseriti nella base, contrastando l&#8217;effetto capillare<\/li>\n<li>Leggero: tech-rack custom+ \u00e8 pi\u00f9 leggero di altri cesti simili in acciaio inossidabile<\/li>\n<li>Le possibilit\u00e0 di configurazione individuale garantiscono la massima versatilit\u00e0 possibile per l&#8217;inserimento dei componenti<\/li>\n<li>Disponibile anche con impugnatura per una maggiore maneggevolezza<\/li>\n<li>\u00c8 possibile contrassegnarlo con etichetta e trasferimento dati a radiofrequenza (RFID): i processi logistici, produttivi e tecnici possono essere seguiti senza interruzioni<\/li>\n<li>Dimensioni adatte per i pallet, sia per quelli europei (1200 x 800 mm), sia per quelli industriali (1200 x 1000 mm)<\/li>\n<\/ul>\n<h4><\/h4>\n<\/div><div class=\"fusion-clearfix\"><\/div><\/div><\/div><\/div><\/div><div class=\"fusion-fullwidth fullwidth-box fusion-builder-row-2 nonhundred-percent-fullwidth non-hundred-percent-height-scrolling\" style=\"--awb-border-radius-top-left:0px;--awb-border-radius-top-right:0px;--awb-border-radius-bottom-right:0px;--awb-border-radius-bottom-left:0px;--awb-flex-wrap:wrap;\" ><div class=\"fusion-builder-row fusion-row\"><div class=\"fusion-layout-column fusion_builder_column fusion-builder-column-2 fusion_builder_column_1_3 1_3 fusion-one-third fusion-column-first\" style=\"--awb-bg-size:cover;width:33.333333333333%;width:calc(33.333333333333% - ( ( 4% ) * 0.33333333333333 ) );margin-right: 4%;\"><div class=\"fusion-column-wrapper fusion-flex-column-wrapper-legacy\"><div class=\"fusion-clearfix\"><\/div><\/div><\/div><div class=\"fusion-layout-column fusion_builder_column fusion-builder-column-3 fusion_builder_column_2_3 2_3 fusion-two-third fusion-column-last\" style=\"--awb-bg-size:cover;width:66.666666666667%;width:calc(66.666666666667% - ( ( 4% ) * 0.66666666666667 ) );\"><div class=\"fusion-column-wrapper fusion-flex-column-wrapper-legacy\"><div class=\"fusion-text fusion-text-4 color-industrie orange\"><p><strong>Materiali:<\/strong><\/p>\n<p>Il cesto di lavaggio tech-rack custom+ \u00e8 disponibile nei seguenti <a title=\"Materiali FRIES\" href=\"https:\/\/fries.iphos.at\/prodotti\/cesti-industriali\/materiali-fries\/?lang=it\" target=\"_blank\" rel=\"noopener noreferrer\">materiali<\/a>:<\/p>\n<\/div><div class=\"fusion-clearfix\"><\/div><\/div><\/div><div class=\"fusion-layout-column fusion_builder_column fusion-builder-column-4 fusion_builder_column_1_3 1_3 fusion-one-third fusion-column-first\" style=\"--awb-bg-size:cover;width:33.333333333333%;width:calc(33.333333333333% - ( ( 4% + 4% ) * 0.33333333333333 ) );margin-right: 4%;\"><div class=\"fusion-column-wrapper fusion-flex-column-wrapper-legacy\"><div class=\"fusion-clearfix\"><\/div><\/div><\/div><div class=\"fusion-layout-column fusion_builder_column fusion-builder-column-5 fusion_builder_column_1_3 1_3 fusion-one-third\" style=\"--awb-bg-size:cover;width:33.333333333333%;width:calc(33.333333333333% - ( ( 4% + 4% ) * 0.33333333333333 ) );margin-right: 4%;\"><div class=\"fusion-column-wrapper fusion-flex-column-wrapper-legacy\"><div class=\"fusion-image-element in-legacy-container\" style=\"--awb-caption-title-font-family:var(--h2_typography-font-family);--awb-caption-title-font-weight:var(--h2_typography-font-weight);--awb-caption-title-font-style:var(--h2_typography-font-style);--awb-caption-title-size:var(--h2_typography-font-size);--awb-caption-title-transform:var(--h2_typography-text-transform);--awb-caption-title-line-height:var(--h2_typography-line-height);--awb-caption-title-letter-spacing:var(--h2_typography-letter-spacing);\"><span class=\" fusion-imageframe imageframe-none imageframe-3 hover-type-none\"><a class=\"fusion-no-lightbox\" href=\"https:\/\/fries.iphos.at\/produkte\/industrie\/kunststoff-die-bewaehrte-alternative-zu-metall\/\" target=\"_self\" aria-label=\"Comp21\/22\"><img decoding=\"async\" width=\"300\" height=\"300\" alt=\"Fries Industriek\u00f6rbe und Werkst\u00fccktr\u00e4ger Material Comp21\/22\" src=\"https:\/\/fries.iphos.at\/wp-content\/uploads\/Comp21_22-300x300.jpg\" class=\"img-responsive wp-image-28253\"\/><\/a><\/span><\/div><div class=\"fusion-text fusion-text-5 color-industrie orange\"><p style=\"text-align: center;\"><a title=\"Materiali FRIES\" href=\"https:\/\/fries.iphos.at\/produkte\/industrie\/kunststoff-die-bewaehrte-alternative-zu-metall\/\" target=\"_blank\" rel=\"noopener noreferrer\"><strong>FRIES Comp 21\/22<\/strong><\/a><\/p>\n<\/div><div class=\"fusion-clearfix\"><\/div><\/div><\/div><div class=\"fusion-layout-column fusion_builder_column fusion-builder-column-6 fusion_builder_column_1_3 1_3 fusion-one-third fusion-column-last\" style=\"--awb-bg-size:cover;width:33.333333333333%;width:calc(33.333333333333% - ( ( 4% + 4% ) * 0.33333333333333 ) );\"><div class=\"fusion-column-wrapper fusion-flex-column-wrapper-legacy\"><div class=\"fusion-clearfix\"><\/div><\/div><\/div><\/div><\/div><div id=\"rfid-chip\" class=\"fusion-container-anchor\"><div class=\"fusion-fullwidth fullwidth-box fusion-builder-row-3 fusion-flex-container has-pattern-background has-mask-background nonhundred-percent-fullwidth non-hundred-percent-height-scrolling\" style=\"--awb-border-radius-top-left:0px;--awb-border-radius-top-right:0px;--awb-border-radius-bottom-right:0px;--awb-border-radius-bottom-left:0px;--awb-flex-wrap:wrap;\" ><div class=\"fusion-builder-row fusion-row fusion-flex-align-items-flex-start fusion-flex-content-wrap\" style=\"max-width:1144px;margin-left: calc(-4% \/ 2 );margin-right: calc(-4% \/ 2 );\"><div class=\"fusion-layout-column fusion_builder_column fusion-builder-column-7 fusion_builder_column_1_1 1_1 fusion-flex-column\" style=\"--awb-bg-size:cover;--awb-width-large:100%;--awb-margin-top-large:0px;--awb-spacing-right-large:1.92%;--awb-margin-bottom-large:20px;--awb-spacing-left-large:1.92%;--awb-width-medium:100%;--awb-order-medium:0;--awb-spacing-right-medium:1.92%;--awb-spacing-left-medium:1.92%;--awb-width-small:100%;--awb-order-small:0;--awb-spacing-right-small:1.92%;--awb-spacing-left-small:1.92%;\"><div class=\"fusion-column-wrapper fusion-column-has-shadow fusion-flex-justify-content-flex-start fusion-content-layout-column\"><div class=\"fusion-separator fusion-full-width-sep color-industrie orange\" style=\"align-self: center;margin-left: auto;margin-right: auto;width:100%;\"><div class=\"fusion-separator-border sep-single sep-solid\" style=\"--awb-height:20px;--awb-amount:20px;border-color:#e0dede;border-top-width:1px;\"><\/div><\/div><\/div><\/div><\/div><\/div><\/div><div class=\"fusion-fullwidth fullwidth-box fusion-builder-row-4 fusion-flex-container has-pattern-background has-mask-background color-industrie orange nonhundred-percent-fullwidth non-hundred-percent-height-scrolling\" style=\"--awb-border-radius-top-left:0px;--awb-border-radius-top-right:0px;--awb-border-radius-bottom-right:0px;--awb-border-radius-bottom-left:0px;--awb-flex-wrap:wrap;\" ><div class=\"fusion-builder-row fusion-row fusion-flex-align-items-flex-start fusion-flex-content-wrap\" style=\"max-width:1144px;margin-left: calc(-4% \/ 2 );margin-right: calc(-4% \/ 2 );\"><div class=\"fusion-layout-column fusion_builder_column fusion-builder-column-8 fusion_builder_column_1_3 1_3 fusion-flex-column\" style=\"--awb-bg-size:cover;--awb-width-large:33.333333333333%;--awb-margin-top-large:0px;--awb-spacing-right-large:5.76%;--awb-margin-bottom-large:20px;--awb-spacing-left-large:5.76%;--awb-width-medium:100%;--awb-order-medium:0;--awb-spacing-right-medium:1.92%;--awb-spacing-left-medium:1.92%;--awb-width-small:100%;--awb-order-small:0;--awb-spacing-right-small:1.92%;--awb-spacing-left-small:1.92%;\"><div class=\"fusion-column-wrapper fusion-column-has-shadow fusion-flex-justify-content-flex-start fusion-content-layout-column\"><div class=\"fusion-image-element \" style=\"--awb-caption-title-font-family:var(--h2_typography-font-family);--awb-caption-title-font-weight:var(--h2_typography-font-weight);--awb-caption-title-font-style:var(--h2_typography-font-style);--awb-caption-title-size:var(--h2_typography-font-size);--awb-caption-title-transform:var(--h2_typography-text-transform);--awb-caption-title-line-height:var(--h2_typography-line-height);--awb-caption-title-letter-spacing:var(--h2_typography-letter-spacing);\"><span class=\" fusion-imageframe imageframe-none imageframe-5 hover-type-none\"><img decoding=\"async\" width=\"300\" height=\"300\" title=\"Detailansicht_RFID\" src=\"https:\/\/fries.iphos.at\/wp-content\/uploads\/Detailansicht_RFID-4-300x300.jpg\" alt class=\"img-responsive wp-image-51675\" srcset=\"https:\/\/fries.iphos.at\/wp-content\/uploads\/Detailansicht_RFID-4-200x200.jpg 200w, https:\/\/fries.iphos.at\/wp-content\/uploads\/Detailansicht_RFID-4-400x400.jpg 400w, https:\/\/fries.iphos.at\/wp-content\/uploads\/Detailansicht_RFID-4.jpg 504w\" sizes=\"(max-width: 1024px) 100vw, (max-width: 1455px) 100vw, 400px\" \/><\/span><\/div><\/div><\/div><div class=\"fusion-layout-column fusion_builder_column fusion-builder-column-9 fusion_builder_column_2_3 2_3 fusion-flex-column\" style=\"--awb-bg-size:cover;--awb-width-large:66.666666666667%;--awb-margin-top-large:0px;--awb-spacing-right-large:2.88%;--awb-margin-bottom-large:20px;--awb-spacing-left-large:2.88%;--awb-width-medium:100%;--awb-order-medium:0;--awb-spacing-right-medium:1.92%;--awb-spacing-left-medium:1.92%;--awb-width-small:100%;--awb-order-small:0;--awb-spacing-right-small:1.92%;--awb-spacing-left-small:1.92%;\"><div class=\"fusion-column-wrapper fusion-column-has-shadow fusion-flex-justify-content-flex-start fusion-content-layout-column\"><div class=\"fusion-text fusion-text-6 color-industrie orange\"><h2>Cestello per lavaggio industriale con chip RFID<\/h2>\n<p>Il cestello per lavaggio Custom+ 400x300 \u00e8 ora disponibile con chip RFID integrato e consente di ottimizzare l\u2019automazione dei processi produttivi ottenendo maggiore efficienza e controllo.<\/p>\n<p><strong>I vantaggi del chip RFID nella produzione:<\/strong><\/p>\n<ul>\n<li>Memorizzazione dei dati contactless Le informazioni sul cestello di lavaggio e sul contenuto vengono rilevate agevolmente e senza contatto fisico.<\/li>\n<li>Ottimizzazione della produzione mediante automatizzazione e trasparenza:\n<ul>\n<li>Tracciabilit\u00e0 del prodotto: La lettura dei processi avviene rapidamente consentendo la piena tracciabilit\u00e0.<\/li>\n<li>Fasi di processo automatizzate: Le procedure programmate, come i programmi di pulizia specifici, vengono eseguite in modo affidabile ed efficiente.<\/li>\n<\/ul>\n<\/li>\n<\/ul>\n<\/div><\/div><\/div><\/div><\/div><\/p>\n","protected":false},"excerpt":{"rendered":"","protected":false},"author":22,"featured_media":0,"parent":61350,"menu_order":0,"comment_status":"closed","ping_status":"closed","template":"","meta":{"_acf_changed":false,"footnotes":""},"class_list":["post-44500","page","type-page","status-publish","hentry"],"acf":[],"yoast_head":"<!-- This site is optimized with the Yoast SEO plugin v26.8 - https:\/\/yoast.com\/product\/yoast-seo-wordpress\/ -->\n<title>Cesto di lavaggio industriale tech-rack custom+ 400x300<\/title>\n<meta name=\"description\" content=\"Il cesto di lavaggio tech-rack custom+ \u00e8 ideale per la pulizia industriale dei componenti \u2714 Adatto alla completa automazione \u2714 Possibilit\u00e0 di personalizzazione\" \/>\n<meta name=\"robots\" content=\"noindex, follow, max-snippet:-1, max-image-preview:large, max-video-preview:-1\" \/>\n<meta name=\"twitter:label1\" content=\"Tempo di lettura stimato\" \/>\n\t<meta name=\"twitter:data1\" content=\"3 minuti\" \/>\n<script type=\"application\/ld+json\" class=\"yoast-schema-graph\">{\"@context\":\"https:\/\/schema.org\",\"@graph\":[{\"@type\":\"WebPage\",\"@id\":\"https:\/\/fries.iphos.at\/prodotti\/cesti-industriali\/cesti-per-la-pulizia-tech-rack-custom-400x300\/?lang=it\",\"url\":\"https:\/\/fries.iphos.at\/prodotti\/cesti-industriali\/cesti-per-la-pulizia-tech-rack-custom-400x300\/?lang=it\",\"name\":\"Cesto di lavaggio industriale tech-rack custom+ 400x300\",\"isPartOf\":{\"@id\":\"https:\/\/fries.iphos.at\/#website\"},\"datePublished\":\"2023-09-28T06:36:30+00:00\",\"dateModified\":\"2024-10-18T09:46:21+00:00\",\"description\":\"Il cesto di lavaggio tech-rack custom+ \u00e8 ideale per la pulizia industriale dei componenti \u2714 Adatto alla completa automazione \u2714 Possibilit\u00e0 di personalizzazione\",\"breadcrumb\":{\"@id\":\"https:\/\/fries.iphos.at\/prodotti\/cesti-industriali\/cesti-per-la-pulizia-tech-rack-custom-400x300\/?lang=it#breadcrumb\"},\"inLanguage\":\"it-IT\",\"potentialAction\":[{\"@type\":\"ReadAction\",\"target\":[\"https:\/\/fries.iphos.at\/prodotti\/cesti-industriali\/cesti-per-la-pulizia-tech-rack-custom-400x300\/?lang=it\"]}]},{\"@type\":\"BreadcrumbList\",\"@id\":\"https:\/\/fries.iphos.at\/prodotti\/cesti-industriali\/cesti-per-la-pulizia-tech-rack-custom-400x300\/?lang=it#breadcrumb\",\"itemListElement\":[{\"@type\":\"ListItem\",\"position\":1,\"name\":\"Home\",\"item\":\"https:\/\/fries.iphos.at\/?lang=it\"},{\"@type\":\"ListItem\",\"position\":2,\"name\":\"Prodotti\",\"item\":\"https:\/\/fries.iphos.at\/prodotti\/?lang=it\"},{\"@type\":\"ListItem\",\"position\":3,\"name\":\"Portapezzi e cestelli di lavaggio\",\"item\":\"https:\/\/fries.iphos.at\/prodotti\/cesti-industriali\/?lang=it\"},{\"@type\":\"ListItem\",\"position\":4,\"name\":\"Cesto di lavaggio tech-rack custom+ 400 x 300\"}]},{\"@type\":\"WebSite\",\"@id\":\"https:\/\/fries.iphos.at\/#website\",\"url\":\"https:\/\/fries.iphos.at\/\",\"name\":\"FRIES\",\"description\":\"\",\"publisher\":{\"@id\":\"https:\/\/fries.iphos.at\/#organization\"},\"potentialAction\":[{\"@type\":\"SearchAction\",\"target\":{\"@type\":\"EntryPoint\",\"urlTemplate\":\"https:\/\/fries.iphos.at\/?s={search_term_string}\"},\"query-input\":{\"@type\":\"PropertyValueSpecification\",\"valueRequired\":true,\"valueName\":\"search_term_string\"}}],\"inLanguage\":\"it-IT\"},{\"@type\":\"Organization\",\"@id\":\"https:\/\/fries.iphos.at\/#organization\",\"name\":\"FRIES Kunststofftechnik GmbH\",\"url\":\"https:\/\/fries.iphos.at\/\",\"logo\":{\"@type\":\"ImageObject\",\"inLanguage\":\"it-IT\",\"@id\":\"https:\/\/fries.iphos.at\/#\/schema\/logo\/image\/\",\"url\":\"https:\/\/fries.iphos.at\/wp-content\/uploads\/fries-logo.png\",\"contentUrl\":\"https:\/\/fries.iphos.at\/wp-content\/uploads\/fries-logo.png\",\"width\":120,\"height\":60,\"caption\":\"FRIES Kunststofftechnik GmbH\"},\"image\":{\"@id\":\"https:\/\/fries.iphos.at\/#\/schema\/logo\/image\/\"},\"sameAs\":[\"https:\/\/www.facebook.com\/FRIESKunststofftechnik\/\",\"https:\/\/www.youtube.com\/channel\/UCc2UgnWJ9Y_-pIXbDIek7wQ\"]}]}<\/script>\n<!-- \/ Yoast SEO plugin. -->","yoast_head_json":{"title":"Cesto di lavaggio industriale tech-rack custom+ 400x300","description":"Il cesto di lavaggio tech-rack custom+ \u00e8 ideale per la pulizia industriale dei componenti \u2714 Adatto alla completa automazione \u2714 Possibilit\u00e0 di personalizzazione","robots":{"index":"noindex","follow":"follow","max-snippet":"max-snippet:-1","max-image-preview":"max-image-preview:large","max-video-preview":"max-video-preview:-1"},"twitter_misc":{"Tempo di lettura stimato":"3 minuti"},"schema":{"@context":"https:\/\/schema.org","@graph":[{"@type":"WebPage","@id":"https:\/\/fries.iphos.at\/prodotti\/cesti-industriali\/cesti-per-la-pulizia-tech-rack-custom-400x300\/?lang=it","url":"https:\/\/fries.iphos.at\/prodotti\/cesti-industriali\/cesti-per-la-pulizia-tech-rack-custom-400x300\/?lang=it","name":"Cesto di lavaggio industriale tech-rack custom+ 400x300","isPartOf":{"@id":"https:\/\/fries.iphos.at\/#website"},"datePublished":"2023-09-28T06:36:30+00:00","dateModified":"2024-10-18T09:46:21+00:00","description":"Il cesto di lavaggio tech-rack custom+ \u00e8 ideale per la pulizia industriale dei componenti \u2714 Adatto alla completa automazione \u2714 Possibilit\u00e0 di personalizzazione","breadcrumb":{"@id":"https:\/\/fries.iphos.at\/prodotti\/cesti-industriali\/cesti-per-la-pulizia-tech-rack-custom-400x300\/?lang=it#breadcrumb"},"inLanguage":"it-IT","potentialAction":[{"@type":"ReadAction","target":["https:\/\/fries.iphos.at\/prodotti\/cesti-industriali\/cesti-per-la-pulizia-tech-rack-custom-400x300\/?lang=it"]}]},{"@type":"BreadcrumbList","@id":"https:\/\/fries.iphos.at\/prodotti\/cesti-industriali\/cesti-per-la-pulizia-tech-rack-custom-400x300\/?lang=it#breadcrumb","itemListElement":[{"@type":"ListItem","position":1,"name":"Home","item":"https:\/\/fries.iphos.at\/?lang=it"},{"@type":"ListItem","position":2,"name":"Prodotti","item":"https:\/\/fries.iphos.at\/prodotti\/?lang=it"},{"@type":"ListItem","position":3,"name":"Portapezzi e cestelli di lavaggio","item":"https:\/\/fries.iphos.at\/prodotti\/cesti-industriali\/?lang=it"},{"@type":"ListItem","position":4,"name":"Cesto di lavaggio tech-rack custom+ 400 x 300"}]},{"@type":"WebSite","@id":"https:\/\/fries.iphos.at\/#website","url":"https:\/\/fries.iphos.at\/","name":"FRIES","description":"","publisher":{"@id":"https:\/\/fries.iphos.at\/#organization"},"potentialAction":[{"@type":"SearchAction","target":{"@type":"EntryPoint","urlTemplate":"https:\/\/fries.iphos.at\/?s={search_term_string}"},"query-input":{"@type":"PropertyValueSpecification","valueRequired":true,"valueName":"search_term_string"}}],"inLanguage":"it-IT"},{"@type":"Organization","@id":"https:\/\/fries.iphos.at\/#organization","name":"FRIES Kunststofftechnik GmbH","url":"https:\/\/fries.iphos.at\/","logo":{"@type":"ImageObject","inLanguage":"it-IT","@id":"https:\/\/fries.iphos.at\/#\/schema\/logo\/image\/","url":"https:\/\/fries.iphos.at\/wp-content\/uploads\/fries-logo.png","contentUrl":"https:\/\/fries.iphos.at\/wp-content\/uploads\/fries-logo.png","width":120,"height":60,"caption":"FRIES Kunststofftechnik GmbH"},"image":{"@id":"https:\/\/fries.iphos.at\/#\/schema\/logo\/image\/"},"sameAs":["https:\/\/www.facebook.com\/FRIESKunststofftechnik\/","https:\/\/www.youtube.com\/channel\/UCc2UgnWJ9Y_-pIXbDIek7wQ"]}]}},"_links":{"self":[{"href":"https:\/\/fries.iphos.at\/it\/wp-json\/wp\/v2\/pages\/44500","targetHints":{"allow":["GET"]}}],"collection":[{"href":"https:\/\/fries.iphos.at\/it\/wp-json\/wp\/v2\/pages"}],"about":[{"href":"https:\/\/fries.iphos.at\/it\/wp-json\/wp\/v2\/types\/page"}],"author":[{"embeddable":true,"href":"https:\/\/fries.iphos.at\/it\/wp-json\/wp\/v2\/users\/22"}],"replies":[{"embeddable":true,"href":"https:\/\/fries.iphos.at\/it\/wp-json\/wp\/v2\/comments?post=44500"}],"version-history":[{"count":16,"href":"https:\/\/fries.iphos.at\/it\/wp-json\/wp\/v2\/pages\/44500\/revisions"}],"predecessor-version":[{"id":53631,"href":"https:\/\/fries.iphos.at\/it\/wp-json\/wp\/v2\/pages\/44500\/revisions\/53631"}],"up":[{"embeddable":true,"href":"https:\/\/fries.iphos.at\/it\/wp-json\/wp\/v2\/pages\/61350"}],"wp:attachment":[{"href":"https:\/\/fries.iphos.at\/it\/wp-json\/wp\/v2\/media?parent=44500"}],"curies":[{"name":"wp","href":"https:\/\/api.w.org\/{rel}","templated":true}]}}