{"id":25582,"date":"2020-01-27T18:42:01","date_gmt":"2020-01-27T16:42:01","guid":{"rendered":"https:\/\/fries.iphos.at\/?page_id=25582"},"modified":"2025-11-10T16:59:17","modified_gmt":"2025-11-10T14:59:17","slug":"protezione-dei-dati","status":"publish","type":"page","link":"https:\/\/fries.iphos.at\/it\/azienda\/protezione-dei-dati\/","title":{"rendered":"Protezione dei dati"},"content":{"rendered":"<div class=\"fusion-fullwidth fullwidth-box fusion-builder-row-1 nonhundred-percent-fullwidth non-hundred-percent-height-scrolling\" style=\"--awb-background-position:left top;--awb-border-radius-top-left:0px;--awb-border-radius-top-right:0px;--awb-border-radius-bottom-right:0px;--awb-border-radius-bottom-left:0px;--awb-padding-top:20px;--awb-padding-right:0px;--awb-padding-bottom:20px;--awb-padding-left:0px;--awb-border-sizes-top:0px;--awb-border-sizes-bottom:0px;--awb-flex-wrap:wrap;\" ><div class=\"fusion-builder-row fusion-row\"><div class=\"fusion-layout-column fusion_builder_column fusion-builder-column-0 fusion_builder_column_1_1 1_1 fusion-one-full fusion-column-first fusion-column-last\" style=\"--awb-bg-size:cover;\"><div class=\"fusion-column-wrapper fusion-flex-column-wrapper-legacy\"><div class=\"fusion-text fusion-text-1 color-verpackung gr\u00fcn\"><div class=\"std_text_oberhalb\">\n<h1>Protezione dei dati<\/h1>\n<p>Il fornitore sottolinea espressamente che la trasmissione dei dati via Internet (ad esempio, nella comunicazione tramite e-mail) pu\u00f2 presentare falle nella sicurezza e non pu\u00f2 essere completamente protetta dall&#8217;accesso da parte di terzi.<\/p>\n<p>L&#8217;uso dei dati di contatto indicati nel colophon a fini pubblicitari \u00e8 espressamente indesiderato, salvo previo consenso scritto del fornitore o se esiste gi\u00e0 un rapporto commerciale. Il fornitore e tutte le persone nominate su questo sito web si oppongono a qualsiasi uso commerciale e alla diffusione dei loro dati.<\/p>\n<h3>Dati personali<\/h3>\n<p>\u00c8 possibile visitare il nostro sito web senza fornire dati personali. Laddove vengano raccolti dati personali (come nome, indirizzo o indirizzo e-mail) sulle nostre pagine, ci\u00f2 avviene, per quanto possibile, su base volontaria. Questi dati non saranno trasmessi a terzi senza il vostro esplicito consenso.<\/p>\n<p>Qualora venga instaurato, modificato o concluso un rapporto contrattuale tra voi e noi, o se ci sottoponete una richiesta, raccogliamo e utilizziamo i vostri dati personali solo nella misura necessaria per tali finalit\u00e0 (dati di base). Raccogliamo, elaboriamo e utilizziamo i dati personali solo nella misura necessaria per consentirvi di usufruire dell&#8217;offerta web (dati di utilizzo). Tutti i dati personali saranno conservati solo per il tempo necessario a soddisfare lo scopo dichiarato (gestione della vostra richiesta o esecuzione di un contratto). Saranno rispettati i termini di conservazione previsti dalla normativa fiscale e aziendale.<\/p>\n<p>Su disposizione delle autorit\u00e0 legalmente autorizzate, possiamo divulgare informazioni su questi dati (dati di base) nei singoli casi, nella misura necessaria per scopi di perseguimento penale, per prevenire pericoli, per adempiere ai compiti legali delle autorit\u00e0 di protezione costituzionale o del servizio di controspionaggio militare, o per far valere i diritti di propriet\u00e0 intellettuale.<\/p>\n<h2>Diritto di accesso ai dati<\/h2>\n<p>Avete il diritto di ottenere gratuitamente e immediatamente informazioni sui dati raccolti che vi riguardano. Potete revocare in qualsiasi momento il vostro consenso all&#8217;utilizzo dei vostri dati personali con effetto futuro. Per richiedere informazioni, contattate il fornitore utilizzando i dettagli indicati nel colophon.<\/p>\n<h2>Dati personali nel modulo di contatto<\/h2>\n<p>I. La FRIES Kunststofftechnik GmbH, con sede in Sch\u00fctzenstra\u00dfe 19, 6832 Sulz, Austria, utilizza il modulo di contatto del sito web <a href=\"https:\/\/fries.iphos.at\/it\/\" target=\"_new\" rel=\"noopener\">www.fries-kt.com<\/a> per trattare i seguenti dati personali:<\/p>\n<ul>\n<li>Nome<\/li>\n<li>Azienda<\/li>\n<li>Indirizzo<\/li>\n<li>CAP e citt\u00e0<\/li>\n<li>Indirizzo e-mail<\/li>\n<li>Numero di telefono<\/li>\n<\/ul>\n<p>II. Questi dati sono utilizzati per contattare il cliente e gestire la richiesta inviata al nostro reparto vendite\/marketing e sono trattati dalla FRIES Kunststofftechnik GmbH per questo scopo.<\/p>\n<p>III. I dati possono essere condivisi all&#8217;interno della nostra azienda, laddove necessario per fornire i servizi richiesti.<\/p>\n<p>IV. Cliccando sul pulsante di consenso, confermate di aver letto e compreso il contenuto di questa dichiarazione di consenso e fornite il vostro esplicito consenso al trattamento dei dati personali sopra menzionati per gli scopi indicati. Inoltre, acconsentite esplicitamente alla condivisione e al trasferimento dei vostri dati personali all&#8217;interno della nostra azienda.<\/p>\n<p>Siete informati che potete revocare in qualsiasi momento il consenso inviando una dichiarazione scritta a <a rel=\"noopener\">info@fries.at<\/a> o a FRIES Kunststofftechnik GmbH, Sch\u00fctzenstra\u00dfe 19, 6832 Sulz, Austria. Tuttavia, tenete presente che la revoca potrebbe comportare l&#8217;interruzione della ricezione di ulteriori informazioni sull&#8217;azienda e sui suoi prodotti.<\/p>\n<h2>Informativa sulla privacy per il modulo di candidatura<\/h2>\n<p>Apprezziamo il vostro interesse per una posizione presso Fries Kunststofftechnik GmbH. Durante il processo di selezione, raccogliamo e trattiamo dati personali dei candidati. Questa informativa sulla privacy spiega la natura, l&#8217;ambito e lo scopo della raccolta e dell&#8217;utilizzo dei vostri dati personali.<\/p>\n<h3>Titolare del trattamento<\/h3>\n<p>Fries Kunststofftechnik GmbH<br \/>\nSch\u00fctzenstra\u00dfe 19<br \/>\n<a rel=\"noopener\">office@fries.at<\/a><br \/>\n+43 (0)5522 4935 0<\/p>\n<h3>Tipologia di dati raccolti<\/h3>\n<p>Raccogliamo e trattiamo le seguenti informazioni:<\/p>\n<ul>\n<li>Dati di contatto: nome, indirizzo, indirizzo e-mail e numero di telefono.<\/li>\n<li>Dati professionali: curriculum vitae, lettera di presentazione, referenze e altre informazioni rilevanti per la candidatura.<\/li>\n<\/ul>\n<h3>Scopo della raccolta dati<\/h3>\n<p>Le informazioni fornite saranno utilizzate esclusivamente per la gestione e valutazione della candidatura. I dati saranno condivisi solo con le persone interne all&#8217;azienda coinvolte nel processo di selezione.<\/p>\n<h3>Base giuridica del trattamento<\/h3>\n<p>Il trattamento dei vostri dati personali avviene sulla base del vostro consenso e\/o per l&#8217;esecuzione di un contratto (misure precontrattuali).<\/p>\n<h3>Conservazione dei dati<\/h3>\n<p>I vostri dati saranno conservati solo per il tempo necessario alla gestione della candidatura. In caso di assunzione, i dati saranno archiviati nel fascicolo personale.<\/p>\n<h3>Sicurezza dei dati<\/h3>\n<p>Adottiamo misure di sicurezza adeguate per proteggere i vostri dati personali da accessi non autorizzati, perdite, abusi o distruzioni.<\/p>\n<h3>I vostri diritti<\/h3>\n<p>Avete il diritto di accedere ai vostri dati, richiederne la rettifica, la cancellazione o la limitazione del trattamento. Per ulteriori informazioni, vi invitiamo a contattarci.<\/p>\n<h3>Divulgaci\u00f3n de Informaci\u00f3n<\/h3>\n<p>Meta puede compartir su informaci\u00f3n con terceros en determinadas circunstancias, incluyendo:<\/p>\n<ul>\n<li>Con su consentimiento: Si usted permite a Meta compartir su informaci\u00f3n con terceros.<\/li>\n<li>Requisitos legales: Para cumplir con obligaciones legales, resolver disputas legales o proteger la seguridad de Meta y de otros.<\/li>\n<\/ul>\n<h3>Sus Derechos<\/h3>\n<p>Tiene derecho a acceder, rectificar, eliminar y restringir el procesamiento de sus datos personales. Adem\u00e1s, puede oponerse al procesamiento de sus datos bajo ciertas condiciones.<\/p>\n<h2>Pol\u00edtica de privacidad para el uso de la etiqueta de LinkedIn (&#8220;LinkedIn-Pixel&#8221;)<\/h2>\n<p>Este sitio web utiliza la etiqueta Insight de LinkedIn, tambi\u00e9n conocida como &#8220;LinkedIn-Pixel&#8221;. Es una herramienta de an\u00e1lisis proporcionada por LinkedIn que permite rastrear el comportamiento de los visitantes del sitio cuando acceden desde LinkedIn. Esto nos ayuda a medir la efectividad de las campa\u00f1as publicitarias de LinkedIn y a mejorar nuestras actividades de marketing.<\/p>\n<h3>Tipos de informaci\u00f3n recopilada<\/h3>\n<p>El LinkedIn-Pixel recopila y utiliza informaci\u00f3n anonimizada, incluyendo:<\/p>\n<ul>\n<li>Datos de visita: Informaci\u00f3n sobre su interacci\u00f3n con el sitio web, como las p\u00e1ginas visitadas, interacciones con formularios y otras actividades.<\/li>\n<li>Informaci\u00f3n del dispositivo: Detalles del dispositivo utilizado, como el tipo, sistema operativo y navegador.<\/li>\n<li>Direcci\u00f3n IP: Se recopila, pero se anonimiza para proteger su privacidad.<\/li>\n<\/ul>\n<h3>Uso de la informaci\u00f3n recopilada<\/h3>\n<p>La informaci\u00f3n recopilada se utiliza para:<\/p>\n<ul>\n<li>Medir el rendimiento de las campa\u00f1as publicitarias en LinkedIn.<\/li>\n<li>Crear audiencias para futuras campa\u00f1as publicitarias.<\/li>\n<li>Analizar y mejorar la efectividad del sitio web.<\/li>\n<\/ul>\n<h3>Divulgaci\u00f3n de informaci\u00f3n<\/h3>\n<p>No compartimos la informaci\u00f3n recopilada mediante el LinkedIn-Pixel con terceros, excepto cuando la ley lo exija.<\/p>\n<h3>Control sobre el uso del LinkedIn-Pixel<\/h3>\n<p>Puede gestionar el uso del LinkedIn-Pixel ajustando la configuraci\u00f3n en su cuenta de LinkedIn o desactivando las cookies en su navegador. Tenga en cuenta que esto puede afectar la funcionalidad del sitio web.<\/p>\n<h4>Sus derechos<\/h4>\n<p>Tiene derecho a acceder, rectificar, eliminar y restringir el procesamiento de los datos personales recopilados mediante el LinkedIn-Pixel.<\/p>\n<h2 data-start=\"5343\" data-end=\"5406\">Informativa sulla privacy per l\u2019utilizzo di Clarity<\/h2>\n<h3 data-start=\"5408\" data-end=\"5440\">Che cos\u2019\u00e8 Microsoft Clarity?<\/h3>\n<p data-start=\"5442\" data-end=\"5820\">Microsoft Clarity \u00e8 uno strumento di analisi fornito da Microsoft Corporation che ci aiuta a comprendere come i visitatori utilizzano il nostro sito web. Grazie a funzioni come heatmap, registrazioni delle sessioni e analisi delle interazioni, Clarity consente di ottenere informazioni sul comportamento degli utenti per ottimizzare l\u2019usabilit\u00e0 e le prestazioni del nostro sito.<\/p>\n<h3 data-start=\"5822\" data-end=\"5854\">Quali dati vengono raccolti?<\/h3>\n<p data-start=\"5856\" data-end=\"5966\">L\u2019utilizzo di Microsoft Clarity sul nostro sito pu\u00f2 comportare la raccolta e l\u2019elaborazione dei seguenti dati:<\/p>\n<p data-start=\"5968\" data-end=\"6001\"><strong data-start=\"5968\" data-end=\"6001\">Dati relativi al dispositivo:<\/strong><\/p>\n<ul data-start=\"6002\" data-end=\"6258\">\n<li data-start=\"6002\" data-end=\"6066\">\n<p data-start=\"6004\" data-end=\"6066\">Indirizzo IP del dispositivo (in forma anonima o abbreviata)<\/p>\n<\/li>\n<li data-start=\"6067\" data-end=\"6095\">\n<p data-start=\"6069\" data-end=\"6095\">Dimensioni dello schermo<\/p>\n<\/li>\n<li data-start=\"6096\" data-end=\"6146\">\n<p data-start=\"6098\" data-end=\"6146\">Tipo di dispositivo e informazioni sul browser<\/p>\n<\/li>\n<li data-start=\"6147\" data-end=\"6168\">\n<p data-start=\"6149\" data-end=\"6168\">Sistema operativo<\/p>\n<\/li>\n<li data-start=\"6169\" data-end=\"6205\">\n<p data-start=\"6171\" data-end=\"6205\">Posizione (solo paese o regione)<\/p>\n<\/li>\n<li data-start=\"6206\" data-end=\"6258\">\n<p data-start=\"6208\" data-end=\"6258\">Lingua preferita per la visualizzazione del sito<\/p>\n<\/li>\n<\/ul>\n<p data-start=\"6260\" data-end=\"6276\"><strong data-start=\"6260\" data-end=\"6276\">Dati di log:<\/strong><\/p>\n<ul data-start=\"6277\" data-end=\"6388\">\n<li data-start=\"6277\" data-end=\"6314\">\n<p data-start=\"6279\" data-end=\"6314\">Sito web o dominio di riferimento<\/p>\n<\/li>\n<li data-start=\"6315\" data-end=\"6360\">\n<p data-start=\"6317\" data-end=\"6360\">Pagine visitate e durata della permanenza<\/p>\n<\/li>\n<li data-start=\"6361\" data-end=\"6388\">\n<p data-start=\"6363\" data-end=\"6388\">Data e ora dell\u2019accesso<\/p>\n<\/li>\n<\/ul>\n<p data-start=\"6390\" data-end=\"6414\"><strong data-start=\"6390\" data-end=\"6414\">Dati di interazione:<\/strong><\/p>\n<ul data-start=\"6415\" data-end=\"6527\">\n<li data-start=\"6415\" data-end=\"6438\">\n<p data-start=\"6417\" data-end=\"6438\">Movimenti del mouse<\/p>\n<\/li>\n<li data-start=\"6439\" data-end=\"6478\">\n<p data-start=\"6441\" data-end=\"6478\">Clic e comportamento di scorrimento<\/p>\n<\/li>\n<li data-start=\"6479\" data-end=\"6527\">\n<p data-start=\"6481\" data-end=\"6527\">Percorsi di navigazione all\u2019interno del sito<\/p>\n<\/li>\n<\/ul>\n<h3 data-start=\"6529\" data-end=\"6566\">Finalit\u00e0 del trattamento dei dati<\/h3>\n<p data-start=\"6568\" data-end=\"6630\">Utilizziamo le informazioni raccolte da Microsoft Clarity per:<\/p>\n<ul data-start=\"6631\" data-end=\"6842\">\n<li data-start=\"6631\" data-end=\"6681\">\n<p data-start=\"6633\" data-end=\"6681\">Comprendere meglio l\u2019utilizzo del nostro sito,<\/p>\n<\/li>\n<li data-start=\"6682\" data-end=\"6732\">\n<p data-start=\"6684\" data-end=\"6732\">Ottimizzare l\u2019esperienza utente e i contenuti,<\/p>\n<\/li>\n<li data-start=\"6733\" data-end=\"6778\">\n<p data-start=\"6735\" data-end=\"6778\">Individuare e risolvere problemi tecnici,<\/p>\n<\/li>\n<li data-start=\"6779\" data-end=\"6842\">\n<p data-start=\"6781\" data-end=\"6842\">Migliorare il layout e le funzionalit\u00e0 delle nostre pagine.<\/p>\n<\/li>\n<\/ul>\n<h3 data-start=\"6844\" data-end=\"6878\">Base giuridica del trattamento<\/h3>\n<p data-start=\"6880\" data-end=\"7233\">Il trattamento dei dati si basa sull\u2019art. 6, par. 1, lett. f del GDPR (interesse legittimo). Il nostro interesse legittimo consiste nell\u2019analizzare il comportamento degli utenti per migliorare costantemente il nostro sito. Se \u00e8 necessario il consenso tramite il banner dei cookie, il trattamento si basa sull\u2019art. 6, par. 1, lett. a del GDPR (consenso).<\/p>\n<h3 data-start=\"7235\" data-end=\"7261\">Trasferimento dei dati<\/h3>\n<p data-start=\"7263\" data-end=\"7570\">I dati raccolti da Microsoft Clarity vengono elaborati da Microsoft per nostro conto. Pu\u00f2 verificarsi un trasferimento verso paesi terzi (ad es. gli Stati Uniti). Microsoft si \u00e8 impegnata a rispettare le clausole contrattuali standard dell\u2019UE. I dati non vengono condivisi con terzi salvo obblighi di legge.<\/p>\n<h3 data-start=\"7572\" data-end=\"7600\">Periodo di conservazione<\/h3>\n<p data-start=\"7602\" data-end=\"7774\">I dati vengono conservati solo per il tempo necessario all\u2019analisi e al miglioramento del sito. I dati anonimi o aggregati possono essere conservati per periodi pi\u00f9 lunghi.<\/p>\n<p data-start=\"7776\" data-end=\"8065\">Per ulteriori informazioni, consultare l\u2019informativa sulla privacy di Microsoft:<br data-start=\"7856\" data-end=\"7859\" \/><a class=\"decorated-link\" href=\"https:\/\/privacy.microsoft.com\/de-de\/privacystatement\" target=\"_new\" rel=\"noopener\" data-start=\"7859\" data-end=\"7967\">https:\/\/privacy.microsoft.com\/de-de\/privacystatement<\/a><br data-start=\"7967\" data-end=\"7970\" \/>e il sito Clarity:<br data-start=\"7988\" data-end=\"7991\" \/><a class=\"decorated-link\" href=\"https:\/\/clarity.microsoft.com\/terms\" target=\"_new\" rel=\"noopener\" data-start=\"7991\" data-end=\"8065\">https:\/\/clarity.microsoft.com\/terms<\/a><\/p>\n<h2>Pol\u00edtica de privacidad para el uso de Google Maps<\/h2>\n<p>Este sitio web utiliza Google Maps, un servicio de mapas proporcionado por Google LLC (&#8220;Google&#8221;). Al utilizar Google Maps, se pueden transferir ciertas informaciones, incluida su direcci\u00f3n IP y datos de ubicaci\u00f3n (por ejemplo, la direcci\u00f3n de inicio), a Google.<\/p>\n<h3>Uso de Google Maps<\/h3>\n<p>El uso de Google Maps permite mostrar mapas interactivos directamente en el sitio web y facilita el uso de funciones relacionadas con los mapas.<\/p>\n<h3>Consentimiento<\/h3>\n<p>Al utilizar Google Maps, usted acepta la recopilaci\u00f3n, el procesamiento y el uso de los datos recopilados autom\u00e1ticamente, as\u00ed como de los datos que usted introduce, por parte de Google y sus socios.<\/p>\n<p>Para m\u00e1s informaci\u00f3n, consulte las <a target=\"_new\" rel=\"noopener\">condiciones de uso de Google Maps<\/a> y las <a href=\"https:\/\/policies.google.com\/privacy\" target=\"_new\" rel=\"noopener\">pol\u00edticas de privacidad de Google<\/a>.<\/p>\n<h3>Cookies y almacenamiento local<\/h3>\n<p>Google Maps utiliza cookies y almacenamiento local para guardar informaci\u00f3n y mejorar la experiencia del usuario.<\/p>\n<h3>Control de privacidad<\/h3>\n<p>Puede ajustar sus configuraciones de privacidad, como desactivar los servicios de localizaci\u00f3n o gestionar las cookies en su navegador. Sin embargo, esto puede afectar la funcionalidad de Google Maps.<\/p>\n<h3>Sus derechos<\/h3>\n<p>Tiene derecho a acceder, corregir, eliminar y restringir el procesamiento de los datos almacenados por Google Maps. Para ejercer sus derechos, comun\u00edquese directamente con Google.<\/p>\n<h2>Pol\u00edtica de privacidad para el uso de YouTube como interfaz<\/h2>\n<p>Este sitio web utiliza YouTube para proporcionar contenido de video. YouTube es operado por Google LLC.<\/p>\n<h3>Datos recopilados por YouTube<\/h3>\n<p>YouTube puede recopilar informaci\u00f3n autom\u00e1ticamente, incluyendo:<\/p>\n<ul>\n<li>Direcci\u00f3n IP, tipo de dispositivo, navegador, sistema operativo.<\/li>\n<li>Informaci\u00f3n sobre los videos visualizados.<\/li>\n<\/ul>\n<h3>Cookies y almacenamiento local<\/h3>\n<p>YouTube utiliza cookies para almacenar informaci\u00f3n y mejorar la experiencia del usuario.<\/p>\n<h3>Uso de los datos<\/h3>\n<p>Los datos recopilados se utilizan para mejorar la calidad de los servicios, analizar actividades del usuario y personalizar publicidad.<\/p>\n<h3>Control de privacidad<\/h3>\n<p>Puede gestionar sus configuraciones de privacidad para YouTube ajustando las cookies en su navegador. Esto puede afectar la funcionalidad de la interfaz de YouTube.<\/p>\n<h3>Sus derechos<\/h3>\n<p>Tiene derecho a acceder, corregir, eliminar y restringir el procesamiento de los datos recopilados por YouTube.<\/p>\n<h2>Pol\u00edtica de privacidad para el uso de Google Fonts<\/h2>\n<p>Este sitio web utiliza Google Fonts para integrar fuentes tipogr\u00e1ficas proporcionadas por Google LLC.<\/p>\n<h3>Datos recopilados<\/h3>\n<p>Google Fonts no recopila datos personales directamente, pero puede transmitir informaci\u00f3n sobre el uso de las fuentes a Google.<\/p>\n<h3>Uso de los datos<\/h3>\n<p>La informaci\u00f3n recopilada se utiliza para mejorar la calidad y el rendimiento del servicio de Google Fonts.<\/p>\n<h3>Control de privacidad<\/h3>\n<p>Puede gestionar la configuraci\u00f3n de cookies en su navegador para controlar el uso de Google Fonts, pero esto puede afectar la funcionalidad del sitio web.<\/p>\n<h2>Pol\u00edtica de privacidad para el uso de reCAPTCHA<\/h2>\n<p>Este sitio web utiliza reCAPTCHA de Google LLC para proteger contra ataques de spam.<\/p>\n<h3>Datos recopilados por reCAPTCHA<\/h3>\n<ul>\n<li>Direcci\u00f3n IP.<\/li>\n<li>Movimientos del rat\u00f3n, clics, y pulsaciones del teclado.<\/li>\n<\/ul>\n<h3>Uso de los datos<\/h3>\n<p>Los datos recopilados se utilizan para determinar si el usuario es humano o un bot automatizado.<\/p>\n<h3>Control de privacidad<\/h3>\n<p>Puede desactivar las cookies en su navegador, pero esto puede limitar la funcionalidad de reCAPTCHA.<\/p>\n<h3>Sus derechos<\/h3>\n<p>Tiene derecho a acceder, corregir, eliminar y restringir el procesamiento de los datos recopilados por reCAPTCHA.<\/p>\n<\/div>\n<\/div><div class=\"fusion-clearfix\"><\/div><\/div><\/div><\/div><\/div>\n","protected":false},"excerpt":{"rendered":"","protected":false},"author":19,"featured_media":0,"parent":19843,"menu_order":0,"comment_status":"closed","ping_status":"closed","template":"","meta":{"_acf_changed":false,"footnotes":""},"class_list":["post-25582","page","type-page","status-publish","hentry"],"acf":[],"yoast_head":"<!-- This site is optimized with the Yoast SEO plugin v26.8 - https:\/\/yoast.com\/product\/yoast-seo-wordpress\/ -->\n<title>Protezione dei dati | FRIES Kunststofftechnik GmbH<\/title>\n<meta name=\"description\" content=\"Protezione dei dati di FRIES Kunststofftechnik GmbH.\" \/>\n<meta name=\"robots\" content=\"noindex, follow, max-snippet:-1, max-image-preview:large, max-video-preview:-1\" \/>\n<meta name=\"twitter:label1\" content=\"Tempo di lettura stimato\" \/>\n\t<meta name=\"twitter:data1\" content=\"9 minuti\" \/>\n<script type=\"application\/ld+json\" class=\"yoast-schema-graph\">{\"@context\":\"https:\/\/schema.org\",\"@graph\":[{\"@type\":\"WebPage\",\"@id\":\"https:\/\/fries.iphos.at\/azienda\/protezione-dei-dati\/?lang=it\",\"url\":\"https:\/\/fries.iphos.at\/azienda\/protezione-dei-dati\/?lang=it\",\"name\":\"Protezione dei dati | FRIES Kunststofftechnik GmbH\",\"isPartOf\":{\"@id\":\"https:\/\/fries.iphos.at\/#website\"},\"datePublished\":\"2020-01-27T16:42:01+00:00\",\"dateModified\":\"2025-11-10T14:59:17+00:00\",\"description\":\"Protezione dei dati di FRIES Kunststofftechnik GmbH.\",\"breadcrumb\":{\"@id\":\"https:\/\/fries.iphos.at\/azienda\/protezione-dei-dati\/?lang=it#breadcrumb\"},\"inLanguage\":\"it-IT\",\"potentialAction\":[{\"@type\":\"ReadAction\",\"target\":[\"https:\/\/fries.iphos.at\/azienda\/protezione-dei-dati\/?lang=it\"]}]},{\"@type\":\"BreadcrumbList\",\"@id\":\"https:\/\/fries.iphos.at\/azienda\/protezione-dei-dati\/?lang=it#breadcrumb\",\"itemListElement\":[{\"@type\":\"ListItem\",\"position\":1,\"name\":\"Home\",\"item\":\"https:\/\/fries.iphos.at\/?lang=it\"},{\"@type\":\"ListItem\",\"position\":2,\"name\":\"Azienda\",\"item\":\"https:\/\/fries.iphos.at\/azienda\/?lang=it\"},{\"@type\":\"ListItem\",\"position\":3,\"name\":\"Protezione dei dati\"}]},{\"@type\":\"WebSite\",\"@id\":\"https:\/\/fries.iphos.at\/#website\",\"url\":\"https:\/\/fries.iphos.at\/\",\"name\":\"FRIES\",\"description\":\"\",\"publisher\":{\"@id\":\"https:\/\/fries.iphos.at\/#organization\"},\"potentialAction\":[{\"@type\":\"SearchAction\",\"target\":{\"@type\":\"EntryPoint\",\"urlTemplate\":\"https:\/\/fries.iphos.at\/?s={search_term_string}\"},\"query-input\":{\"@type\":\"PropertyValueSpecification\",\"valueRequired\":true,\"valueName\":\"search_term_string\"}}],\"inLanguage\":\"it-IT\"},{\"@type\":\"Organization\",\"@id\":\"https:\/\/fries.iphos.at\/#organization\",\"name\":\"FRIES Kunststofftechnik GmbH\",\"url\":\"https:\/\/fries.iphos.at\/\",\"logo\":{\"@type\":\"ImageObject\",\"inLanguage\":\"it-IT\",\"@id\":\"https:\/\/fries.iphos.at\/#\/schema\/logo\/image\/\",\"url\":\"https:\/\/fries.iphos.at\/wp-content\/uploads\/fries-logo.png\",\"contentUrl\":\"https:\/\/fries.iphos.at\/wp-content\/uploads\/fries-logo.png\",\"width\":120,\"height\":60,\"caption\":\"FRIES Kunststofftechnik GmbH\"},\"image\":{\"@id\":\"https:\/\/fries.iphos.at\/#\/schema\/logo\/image\/\"},\"sameAs\":[\"https:\/\/www.facebook.com\/FRIESKunststofftechnik\/\",\"https:\/\/www.youtube.com\/channel\/UCc2UgnWJ9Y_-pIXbDIek7wQ\"]}]}<\/script>\n<!-- \/ Yoast SEO plugin. -->","yoast_head_json":{"title":"Protezione dei dati | FRIES Kunststofftechnik GmbH","description":"Protezione dei dati di FRIES Kunststofftechnik GmbH.","robots":{"index":"noindex","follow":"follow","max-snippet":"max-snippet:-1","max-image-preview":"max-image-preview:large","max-video-preview":"max-video-preview:-1"},"twitter_misc":{"Tempo di lettura stimato":"9 minuti"},"schema":{"@context":"https:\/\/schema.org","@graph":[{"@type":"WebPage","@id":"https:\/\/fries.iphos.at\/azienda\/protezione-dei-dati\/?lang=it","url":"https:\/\/fries.iphos.at\/azienda\/protezione-dei-dati\/?lang=it","name":"Protezione dei dati | FRIES Kunststofftechnik GmbH","isPartOf":{"@id":"https:\/\/fries.iphos.at\/#website"},"datePublished":"2020-01-27T16:42:01+00:00","dateModified":"2025-11-10T14:59:17+00:00","description":"Protezione dei dati di FRIES Kunststofftechnik GmbH.","breadcrumb":{"@id":"https:\/\/fries.iphos.at\/azienda\/protezione-dei-dati\/?lang=it#breadcrumb"},"inLanguage":"it-IT","potentialAction":[{"@type":"ReadAction","target":["https:\/\/fries.iphos.at\/azienda\/protezione-dei-dati\/?lang=it"]}]},{"@type":"BreadcrumbList","@id":"https:\/\/fries.iphos.at\/azienda\/protezione-dei-dati\/?lang=it#breadcrumb","itemListElement":[{"@type":"ListItem","position":1,"name":"Home","item":"https:\/\/fries.iphos.at\/?lang=it"},{"@type":"ListItem","position":2,"name":"Azienda","item":"https:\/\/fries.iphos.at\/azienda\/?lang=it"},{"@type":"ListItem","position":3,"name":"Protezione dei dati"}]},{"@type":"WebSite","@id":"https:\/\/fries.iphos.at\/#website","url":"https:\/\/fries.iphos.at\/","name":"FRIES","description":"","publisher":{"@id":"https:\/\/fries.iphos.at\/#organization"},"potentialAction":[{"@type":"SearchAction","target":{"@type":"EntryPoint","urlTemplate":"https:\/\/fries.iphos.at\/?s={search_term_string}"},"query-input":{"@type":"PropertyValueSpecification","valueRequired":true,"valueName":"search_term_string"}}],"inLanguage":"it-IT"},{"@type":"Organization","@id":"https:\/\/fries.iphos.at\/#organization","name":"FRIES Kunststofftechnik GmbH","url":"https:\/\/fries.iphos.at\/","logo":{"@type":"ImageObject","inLanguage":"it-IT","@id":"https:\/\/fries.iphos.at\/#\/schema\/logo\/image\/","url":"https:\/\/fries.iphos.at\/wp-content\/uploads\/fries-logo.png","contentUrl":"https:\/\/fries.iphos.at\/wp-content\/uploads\/fries-logo.png","width":120,"height":60,"caption":"FRIES Kunststofftechnik GmbH"},"image":{"@id":"https:\/\/fries.iphos.at\/#\/schema\/logo\/image\/"},"sameAs":["https:\/\/www.facebook.com\/FRIESKunststofftechnik\/","https:\/\/www.youtube.com\/channel\/UCc2UgnWJ9Y_-pIXbDIek7wQ"]}]}},"_links":{"self":[{"href":"https:\/\/fries.iphos.at\/it\/wp-json\/wp\/v2\/pages\/25582","targetHints":{"allow":["GET"]}}],"collection":[{"href":"https:\/\/fries.iphos.at\/it\/wp-json\/wp\/v2\/pages"}],"about":[{"href":"https:\/\/fries.iphos.at\/it\/wp-json\/wp\/v2\/types\/page"}],"author":[{"embeddable":true,"href":"https:\/\/fries.iphos.at\/it\/wp-json\/wp\/v2\/users\/19"}],"replies":[{"embeddable":true,"href":"https:\/\/fries.iphos.at\/it\/wp-json\/wp\/v2\/comments?post=25582"}],"version-history":[{"count":9,"href":"https:\/\/fries.iphos.at\/it\/wp-json\/wp\/v2\/pages\/25582\/revisions"}],"predecessor-version":[{"id":73349,"href":"https:\/\/fries.iphos.at\/it\/wp-json\/wp\/v2\/pages\/25582\/revisions\/73349"}],"up":[{"embeddable":true,"href":"https:\/\/fries.iphos.at\/it\/wp-json\/wp\/v2\/pages\/19843"}],"wp:attachment":[{"href":"https:\/\/fries.iphos.at\/it\/wp-json\/wp\/v2\/media?parent=25582"}],"curies":[{"name":"wp","href":"https:\/\/api.w.org\/{rel}","templated":true}]}}