{"id":24475,"date":"2019-02-07T10:29:07","date_gmt":"2019-02-07T08:29:07","guid":{"rendered":"https:\/\/fries.iphos.at\/prodotti\/cesti-industriali\/portaelettrodi-esd-tech-rack-variogrid\/"},"modified":"2024-10-18T11:38:13","modified_gmt":"2024-10-18T09:38:13","slug":"portaelettrodi-esd-tech-rack-variogrid","status":"publish","type":"page","link":"https:\/\/fries.iphos.at\/it\/prodotti\/cesti-industriali\/portaelettrodi-esd-tech-rack-variogrid\/","title":{"rendered":"Portapezzi ESD tech-rack variogrid"},"content":{"rendered":"<p><div class=\"fusion-fullwidth fullwidth-box fusion-builder-row-1 nonhundred-percent-fullwidth non-hundred-percent-height-scrolling\" style=\"--awb-background-position:left top;--awb-border-radius-top-left:0px;--awb-border-radius-top-right:0px;--awb-border-radius-bottom-right:0px;--awb-border-radius-bottom-left:0px;--awb-padding-top:20px;--awb-padding-right:0px;--awb-padding-bottom:20px;--awb-padding-left:0px;--awb-border-sizes-top:0px;--awb-border-sizes-bottom:0px;--awb-flex-wrap:wrap;\" ><div class=\"fusion-builder-row fusion-row\"><div class=\"fusion-layout-column fusion_builder_column fusion-builder-column-0 fusion_builder_column_1_3 1_3 fusion-one-third fusion-column-first\" style=\"--awb-bg-size:cover;width:30.6666%; margin-right: 4%;\"><div class=\"fusion-column-wrapper fusion-flex-column-wrapper-legacy\"><div class=\"fusion-image-element in-legacy-container\" style=\"--awb-caption-title-font-family:var(--h2_typography-font-family);--awb-caption-title-font-weight:var(--h2_typography-font-weight);--awb-caption-title-font-style:var(--h2_typography-font-style);--awb-caption-title-size:var(--h2_typography-font-size);--awb-caption-title-transform:var(--h2_typography-text-transform);--awb-caption-title-line-height:var(--h2_typography-line-height);--awb-caption-title-letter-spacing:var(--h2_typography-letter-spacing);\"><span class=\" fusion-imageframe imageframe-none imageframe-1 hover-type-none\"><a href=\"https:\/\/fries.iphos.at\/wp-content\/uploads\/ESD-techrack_variogrid_2.png\" class=\"fusion-lightbox\" data-rel=\"iLightbox[426e0f6dd667f4adf34]\" data-title=\"ESD Portaelettrodo conduttivo techrack variogrid 600&#215;400\" title=\"ESD Portaelettrodo conduttivo techrack variogrid 600&#215;400\"><img decoding=\"async\" width=\"242\" height=\"242\" alt=\"ESD Portaelettrodo conduttivo techrack variogrid 600x400\" src=\"https:\/\/fries.iphos.at\/wp-content\/uploads\/ESD-techrack_variogrid_2.png\" class=\"img-responsive wp-image-29163\" srcset=\"https:\/\/fries.iphos.at\/wp-content\/uploads\/ESD-techrack_variogrid_2-200x200.png 200w, https:\/\/fries.iphos.at\/wp-content\/uploads\/ESD-techrack_variogrid_2.png 242w\" sizes=\"(max-width: 0px) 100vw, 242px\" \/><\/a><\/span><\/div><div class=\"fusion-text fusion-text-1 color-industrie orange\"><p><a href=\"https:\/\/fries.iphos.at\/wp-content\/uploads\/fries-werkstuecktraeger-industriekoerbe-it.pdf\" target=\"_blank\" rel=\"noopener noreferrer\">Scarica il prospetto<\/a><\/p>\n<\/div><div class=\"fusion-alignleft\"><a class=\"fusion-button button-flat fusion-button-default-size button-custom fusion-button-default button-1 fusion-button-default-span fusion-button-default-type color-verpackung\" style=\"--button_accent_color:#ffffff;--button_border_color:#ef7c00;--button_accent_hover_color:#ffffff;--button_border_hover_color:#ef7c00;--button_gradient_top_color:#ef7c00;--button_gradient_bottom_color:#ef7c00;--button_gradient_top_color_hover:#ef7c00;--button_gradient_bottom_color_hover:#ef7c00;--button_text_transform:none;--button_margin-top:10px;--button_margin-bottom:20px;\" target=\"_self\" href=\"https:\/\/fries.iphos.at\/it\/contatti\/?amp;your-subject=Portapezzi ESD tech-rack variogrid\"><span class=\"fusion-button-text awb-button__text awb-button__text--default\">Richiedi ora<\/span><\/a><\/div><div class=\"fusion-clearfix\"><\/div><\/div><\/div><div class=\"fusion-layout-column fusion_builder_column fusion-builder-column-1 fusion_builder_column_2_3 2_3 fusion-two-third fusion-column-last\" style=\"--awb-bg-size:cover;width:65.3333%;\"><div class=\"fusion-column-wrapper fusion-flex-column-wrapper-legacy\"><div class=\"fusion-text fusion-text-2 color-industrie orange\"><h1>Portapezzi ESD tech-rack variogrid<\/h1>\n<p><strong>Portapezzi variabile nel design ESD che protegge i componenti elettronici sensibili dalle scariche elettrostatiche durante l&#8217;intero processo di produzione.<\/strong><\/p>\n<p>Il portapezzi ESD tech-rack variogrid viene utilizzato sia come inserto nel cestello standard o nel vassoio rack, sia come portapezzi utilizzato individualmente. La piastra pu\u00f2 essere tagliata nella misura desiderata e quindi adattata alle condizioni della macchina di pulizia o anche per l&#8217;immagazzinamento in elettrodi pi\u00f9 piccoli (KLT). I bulloni di impilamento rotanti possono essere posizionati in qualsiasi punto della piastra della griglia, in modo da garantire l&#8217;impilamento in qualsiasi dimensione.<\/p>\n<p align=\"LEFT\"><img decoding=\"async\" class=\"alignleft\" title=\"ESD (Electro Static Discharge)\" src=\"https:\/\/fries.iphos.at\/wp-content\/uploads\/Elektrostatische-Entladung-1024x866.png\" alt=\"\" width=\"96\" height=\"81\" \/><\/p>\n<p><strong>I cesti industriali conduttivi proteggono i componenti sensibili<br \/>\n<\/strong>I componenti elettronici possono essere distrutti da scariche elettrostatiche. Per proteggerci da questo tipo di danni, abbiamo anche sviluppato l&#8217;apprezzato portapezzi tech-rack di variogrid anche nel materiale Comp 25 (design ESD). Ci\u00f2 impedisce in modo affidabile la generazione di carica elettrostatica e dissipa le cariche gi\u00e0 esistenti in modo controllato. In tal modo si possono evitare costi di produzione pi\u00f9 elevati e minori rese di produzione.<\/p>\n<p><strong>Adattamento ottimale ai componenti industriali<\/strong><\/p>\n<ul>\n<li>Protegge componenti elettronici da scariche elettrostatiche<\/li>\n<li>Con il portapezzi ESD tech-rack variogrid i componenti possono essere portati direttamente nella zona ESD per il montaggio senza doverli trasferire.<\/li>\n<li>La dimensione della piastra pu\u00f2 essere tagliata nella misura desiderata<\/li>\n<li>Protezione ottimale della superficie e protezione antigraffio grazie a perni rotanti e a innesto ancorati o divisori trasversali e longitudinali<\/li>\n<li>La flessibilit\u00e0 grazie agli scomparti universali e alle varianti a innesto consentono la massima variet\u00e0 possibile di porta componenti<\/li>\n<li>Posizionamento preciso per una protezione ottimale dei componenti grazie a un gran numero di perni rotanti e a innesto<\/li>\n<li>Montaggio semplice e veloce<\/li>\n<li>Impilabile grazie ai bulloni di impilamento e quindi variabile in altezza<\/li>\n<li>Buon lavaggio e bassa schermatura<\/li>\n<li>Le maniglie possono essere montate in modo modulare, per utilizzare al meglio lo spazio sulla piastra del pezzo<\/li>\n<li>Adatto per il trasporto, la logistica e la pulizia<\/li>\n<li>Adatto per l&#8217;automazione completa e la manipolazione dei robot<\/li>\n<li>I divisori longitudinali e trasversali sono inseriti nella base, questo contrasta l&#8217;effetto capillare<\/li>\n<\/ul>\n<\/div><div class=\"fusion-clearfix\"><\/div><\/div><\/div><\/div><\/div><div class=\"fusion-fullwidth fullwidth-box fusion-builder-row-2 nonhundred-percent-fullwidth non-hundred-percent-height-scrolling\" style=\"--awb-border-radius-top-left:0px;--awb-border-radius-top-right:0px;--awb-border-radius-bottom-right:0px;--awb-border-radius-bottom-left:0px;--awb-flex-wrap:wrap;\" ><div class=\"fusion-builder-row fusion-row\"><div class=\"fusion-layout-column fusion_builder_column fusion-builder-column-2 fusion_builder_column_1_3 1_3 fusion-one-third fusion-column-first\" style=\"--awb-bg-size:cover;width:33.333333333333%;width:calc(33.333333333333% - ( ( 4% ) * 0.33333333333333 ) );margin-right: 4%;\"><div class=\"fusion-column-wrapper fusion-flex-column-wrapper-legacy\"><div class=\"fusion-clearfix\"><\/div><\/div><\/div><div class=\"fusion-layout-column fusion_builder_column fusion-builder-column-3 fusion_builder_column_2_3 2_3 fusion-two-third fusion-column-last\" style=\"--awb-bg-size:cover;width:66.666666666667%;width:calc(66.666666666667% - ( ( 4% ) * 0.66666666666667 ) );\"><div class=\"fusion-column-wrapper fusion-flex-column-wrapper-legacy\"><div class=\"fusion-text fusion-text-3\"><p><strong>Materiali disponibili:<\/strong><\/p>\n<p>Il portapezzi tech-rack variogrid \u00e8 disponibile, a seconda delle esigenze, nei seguenti materiali:<\/p>\n<\/div><div class=\"fusion-clearfix\"><\/div><\/div><\/div><div class=\"fusion-layout-column fusion_builder_column fusion-builder-column-4 fusion_builder_column_1_4 1_4 fusion-one-fourth fusion-column-first\" style=\"--awb-bg-size:cover;width:25%;width:calc(25% - ( ( 4% + 4% + 4% ) * 0.25 ) );margin-right: 4%;\"><div class=\"fusion-column-wrapper fusion-flex-column-wrapper-legacy\"><div class=\"fusion-clearfix\"><\/div><\/div><\/div><div class=\"fusion-layout-column fusion_builder_column fusion-builder-column-5 fusion_builder_column_1_4 1_4 fusion-one-fourth\" style=\"--awb-bg-size:cover;width:25%;width:calc(25% - ( ( 4% + 4% + 4% ) * 0.25 ) );margin-right: 4%;\"><div class=\"fusion-column-wrapper fusion-flex-column-wrapper-legacy\"><div class=\"fusion-image-element fusion-image-align-right in-legacy-container\" style=\"text-align:right;--awb-caption-title-font-family:var(--h2_typography-font-family);--awb-caption-title-font-weight:var(--h2_typography-font-weight);--awb-caption-title-font-style:var(--h2_typography-font-style);--awb-caption-title-size:var(--h2_typography-font-size);--awb-caption-title-transform:var(--h2_typography-text-transform);--awb-caption-title-line-height:var(--h2_typography-line-height);--awb-caption-title-letter-spacing:var(--h2_typography-letter-spacing);\"><span class=\" fusion-imageframe imageframe-none imageframe-2 hover-type-none\" style=\"margin-left:25px;float:right;\"><a class=\"fusion-no-lightbox\" href=\"https:\/\/fries.iphos.at\/produkte\/industrie\/kunststoff-die-bewaehrte-alternative-zu-metall\/\" target=\"_blank\" aria-label=\"Comp13\/14\" rel=\"noopener noreferrer\"><img decoding=\"async\" width=\"300\" height=\"300\" alt=\"Fries Industriek\u00f6rbe und Werkst\u00fccktr\u00e4ger Material Comp13\/14\" src=\"https:\/\/fries.iphos.at\/wp-content\/uploads\/Comp13_14-300x300.jpg\" class=\"img-responsive wp-image-28245\" srcset=\"https:\/\/fries.iphos.at\/wp-content\/uploads\/Comp13_14-200x200.jpg 200w, https:\/\/fries.iphos.at\/wp-content\/uploads\/Comp13_14-400x400.jpg 400w, https:\/\/fries.iphos.at\/wp-content\/uploads\/Comp13_14.jpg 591w\" sizes=\"(max-width: 0px) 100vw, 400px\" \/><\/a><\/span><\/div><div class=\"fusion-text fusion-text-4 color-industrie orange\"><p style=\"text-align: right;\"><a title=\"Materiali FRIES\" href=\"https:\/\/fries.iphos.at\/produkte\/industrie\/kunststoff-die-bewaehrte-alternative-zu-metall\/\" target=\"_blank\" rel=\"noopener noreferrer\"><strong>FRIES Comp 13\/14<\/strong><\/a><\/p>\n<\/div><div class=\"fusion-clearfix\"><\/div><\/div><\/div><div class=\"fusion-layout-column fusion_builder_column fusion-builder-column-6 fusion_builder_column_1_4 1_4 fusion-one-fourth\" style=\"--awb-bg-size:cover;width:25%;width:calc(25% - ( ( 4% + 4% + 4% ) * 0.25 ) );margin-right: 4%;\"><div class=\"fusion-column-wrapper fusion-flex-column-wrapper-legacy\"><div class=\"fusion-image-element fusion-image-align-right in-legacy-container\" style=\"text-align:right;--awb-caption-title-font-family:var(--h2_typography-font-family);--awb-caption-title-font-weight:var(--h2_typography-font-weight);--awb-caption-title-font-style:var(--h2_typography-font-style);--awb-caption-title-size:var(--h2_typography-font-size);--awb-caption-title-transform:var(--h2_typography-text-transform);--awb-caption-title-line-height:var(--h2_typography-line-height);--awb-caption-title-letter-spacing:var(--h2_typography-letter-spacing);\"><span class=\" fusion-imageframe imageframe-none imageframe-3 hover-type-none\" style=\"margin-left:25px;float:right;\"><a class=\"fusion-no-lightbox\" href=\"https:\/\/fries.iphos.at\/produkte\/industrie\/kunststoff-die-bewaehrte-alternative-zu-metall\/\" target=\"_self\" aria-label=\"Comp21\/22\"><img decoding=\"async\" width=\"300\" height=\"300\" alt=\"Fries Industriek\u00f6rbe und Werkst\u00fccktr\u00e4ger Material Comp21\/22\" src=\"https:\/\/fries.iphos.at\/wp-content\/uploads\/Comp21_22-300x300.jpg\" class=\"img-responsive wp-image-28253\"\/><\/a><\/span><\/div><div class=\"fusion-text fusion-text-5 color-industrie orange\"><p style=\"text-align: right;\"><a title=\"Materiali FRIES\" href=\"https:\/\/fries.iphos.at\/produkte\/industrie\/kunststoff-die-bewaehrte-alternative-zu-metall\/\" target=\"_blank\" rel=\"noopener noreferrer\"><strong>FRIES Comp 21\/22<\/strong><\/a><\/p>\n<\/div><div class=\"fusion-clearfix\"><\/div><\/div><\/div><div class=\"fusion-layout-column fusion_builder_column fusion-builder-column-7 fusion_builder_column_1_4 1_4 fusion-one-fourth fusion-column-last\" style=\"--awb-bg-size:cover;width:25%;width:calc(25% - ( ( 4% + 4% + 4% ) * 0.25 ) );\"><div class=\"fusion-column-wrapper fusion-flex-column-wrapper-legacy\"><div class=\"fusion-image-element fusion-image-align-right in-legacy-container\" style=\"text-align:right;--awb-caption-title-font-family:var(--h2_typography-font-family);--awb-caption-title-font-weight:var(--h2_typography-font-weight);--awb-caption-title-font-style:var(--h2_typography-font-style);--awb-caption-title-size:var(--h2_typography-font-size);--awb-caption-title-transform:var(--h2_typography-text-transform);--awb-caption-title-line-height:var(--h2_typography-line-height);--awb-caption-title-letter-spacing:var(--h2_typography-letter-spacing);\"><span class=\" fusion-imageframe imageframe-none imageframe-4 hover-type-none\" style=\"margin-left:25px;float:right;\"><a class=\"fusion-no-lightbox\" href=\"https:\/\/fries.iphos.at\/produkte\/industrie\/kunststoff-die-bewaehrte-alternative-zu-metall\/\" target=\"_self\" aria-label=\"Comp25\"><img decoding=\"async\" width=\"300\" height=\"300\" alt=\"Fries Industriek\u00f6rbe und Werkst\u00fccktr\u00e4ger Material Comp25\" src=\"https:\/\/fries.iphos.at\/wp-content\/uploads\/Comp25-300x300.jpg\" class=\"img-responsive wp-image-28254\" srcset=\"https:\/\/fries.iphos.at\/wp-content\/uploads\/Comp25-200x200.jpg 200w, https:\/\/fries.iphos.at\/wp-content\/uploads\/Comp25-400x400.jpg 400w, https:\/\/fries.iphos.at\/wp-content\/uploads\/Comp25.jpg 591w\" sizes=\"(max-width: 0px) 100vw, 400px\" \/><\/a><\/span><\/div><div class=\"fusion-text fusion-text-6 color-industrie orange\"><p style=\"text-align: right;\"><a title=\"Materiali FRIES\" href=\"https:\/\/fries.iphos.at\/produkte\/industrie\/kunststoff-die-bewaehrte-alternative-zu-metall\/\" target=\"_blank\" rel=\"noopener noreferrer\"><strong>Fries Comp 25 (ESD)<\/strong><\/a><\/p>\n<\/div><div class=\"fusion-clearfix\"><\/div><\/div><\/div><\/div><\/div><\/p>\n","protected":false},"excerpt":{"rendered":"","protected":false},"author":4,"featured_media":0,"parent":61350,"menu_order":0,"comment_status":"closed","ping_status":"closed","template":"","meta":{"_acf_changed":false,"footnotes":""},"class_list":["post-24475","page","type-page","status-publish","hentry"],"acf":[],"yoast_head":"<!-- This site is optimized with the Yoast SEO plugin v26.8 - https:\/\/yoast.com\/product\/yoast-seo-wordpress\/ -->\n<title>Portautensili ESD tech-rack variogrid | FRIES Kunststofftechnik<\/title>\n<meta name=\"description\" content=\"Il sistema portapezzi ESD tech-rack \u00e8 personalizzabile in base ai componenti \u25b6Ideale per lavaggio, trasporto e stoccaggio di parti elettroniche\" \/>\n<meta name=\"robots\" content=\"noindex, follow, max-snippet:-1, max-image-preview:large, max-video-preview:-1\" \/>\n<meta name=\"twitter:label1\" content=\"Tempo di lettura stimato\" \/>\n\t<meta name=\"twitter:data1\" content=\"4 minuti\" \/>\n<script type=\"application\/ld+json\" class=\"yoast-schema-graph\">{\"@context\":\"https:\/\/schema.org\",\"@graph\":[{\"@type\":\"WebPage\",\"@id\":\"https:\/\/fries.iphos.at\/prodotti\/cesti-industriali\/portaelettrodi-esd-tech-rack-variogrid\/?lang=it\",\"url\":\"https:\/\/fries.iphos.at\/prodotti\/cesti-industriali\/portaelettrodi-esd-tech-rack-variogrid\/?lang=it\",\"name\":\"Portautensili ESD tech-rack variogrid | FRIES Kunststofftechnik\",\"isPartOf\":{\"@id\":\"https:\/\/fries.iphos.at\/#website\"},\"primaryImageOfPage\":{\"@id\":\"https:\/\/fries.iphos.at\/prodotti\/cesti-industriali\/portaelettrodi-esd-tech-rack-variogrid\/?lang=it#primaryimage\"},\"image\":{\"@id\":\"https:\/\/fries.iphos.at\/prodotti\/cesti-industriali\/portaelettrodi-esd-tech-rack-variogrid\/?lang=it#primaryimage\"},\"thumbnailUrl\":\"https:\/\/fries.iphos.at\/wp-content\/uploads\/Elektrostatische-Entladung-1024x866.png\",\"datePublished\":\"2019-02-07T08:29:07+00:00\",\"dateModified\":\"2024-10-18T09:38:13+00:00\",\"description\":\"Il sistema portapezzi ESD tech-rack \u00e8 personalizzabile in base ai componenti \u25b6Ideale per lavaggio, trasporto e stoccaggio di parti elettroniche\",\"breadcrumb\":{\"@id\":\"https:\/\/fries.iphos.at\/prodotti\/cesti-industriali\/portaelettrodi-esd-tech-rack-variogrid\/?lang=it#breadcrumb\"},\"inLanguage\":\"it-IT\",\"potentialAction\":[{\"@type\":\"ReadAction\",\"target\":[\"https:\/\/fries.iphos.at\/prodotti\/cesti-industriali\/portaelettrodi-esd-tech-rack-variogrid\/?lang=it\"]}]},{\"@type\":\"ImageObject\",\"inLanguage\":\"it-IT\",\"@id\":\"https:\/\/fries.iphos.at\/prodotti\/cesti-industriali\/portaelettrodi-esd-tech-rack-variogrid\/?lang=it#primaryimage\",\"url\":\"https:\/\/fries.iphos.at\/wp-content\/uploads\/Elektrostatische-Entladung-1024x866.png\",\"contentUrl\":\"https:\/\/fries.iphos.at\/wp-content\/uploads\/Elektrostatische-Entladung-1024x866.png\"},{\"@type\":\"BreadcrumbList\",\"@id\":\"https:\/\/fries.iphos.at\/prodotti\/cesti-industriali\/portaelettrodi-esd-tech-rack-variogrid\/?lang=it#breadcrumb\",\"itemListElement\":[{\"@type\":\"ListItem\",\"position\":1,\"name\":\"Home\",\"item\":\"https:\/\/fries.iphos.at\/?lang=it\"},{\"@type\":\"ListItem\",\"position\":2,\"name\":\"Prodotti\",\"item\":\"https:\/\/fries.iphos.at\/prodotti\/?lang=it\"},{\"@type\":\"ListItem\",\"position\":3,\"name\":\"Portapezzi e cestelli di lavaggio\",\"item\":\"https:\/\/fries.iphos.at\/prodotti\/cesti-industriali\/?lang=it\"},{\"@type\":\"ListItem\",\"position\":4,\"name\":\"Portapezzi ESD tech-rack variogrid\"}]},{\"@type\":\"WebSite\",\"@id\":\"https:\/\/fries.iphos.at\/#website\",\"url\":\"https:\/\/fries.iphos.at\/\",\"name\":\"FRIES\",\"description\":\"\",\"publisher\":{\"@id\":\"https:\/\/fries.iphos.at\/#organization\"},\"potentialAction\":[{\"@type\":\"SearchAction\",\"target\":{\"@type\":\"EntryPoint\",\"urlTemplate\":\"https:\/\/fries.iphos.at\/?s={search_term_string}\"},\"query-input\":{\"@type\":\"PropertyValueSpecification\",\"valueRequired\":true,\"valueName\":\"search_term_string\"}}],\"inLanguage\":\"it-IT\"},{\"@type\":\"Organization\",\"@id\":\"https:\/\/fries.iphos.at\/#organization\",\"name\":\"FRIES Kunststofftechnik GmbH\",\"url\":\"https:\/\/fries.iphos.at\/\",\"logo\":{\"@type\":\"ImageObject\",\"inLanguage\":\"it-IT\",\"@id\":\"https:\/\/fries.iphos.at\/#\/schema\/logo\/image\/\",\"url\":\"https:\/\/fries.iphos.at\/wp-content\/uploads\/fries-logo.png\",\"contentUrl\":\"https:\/\/fries.iphos.at\/wp-content\/uploads\/fries-logo.png\",\"width\":120,\"height\":60,\"caption\":\"FRIES Kunststofftechnik GmbH\"},\"image\":{\"@id\":\"https:\/\/fries.iphos.at\/#\/schema\/logo\/image\/\"},\"sameAs\":[\"https:\/\/www.facebook.com\/FRIESKunststofftechnik\/\",\"https:\/\/www.youtube.com\/channel\/UCc2UgnWJ9Y_-pIXbDIek7wQ\"]}]}<\/script>\n<!-- \/ Yoast SEO plugin. -->","yoast_head_json":{"title":"Portautensili ESD tech-rack variogrid | FRIES Kunststofftechnik","description":"Il sistema portapezzi ESD tech-rack \u00e8 personalizzabile in base ai componenti \u25b6Ideale per lavaggio, trasporto e stoccaggio di parti elettroniche","robots":{"index":"noindex","follow":"follow","max-snippet":"max-snippet:-1","max-image-preview":"max-image-preview:large","max-video-preview":"max-video-preview:-1"},"twitter_misc":{"Tempo di lettura stimato":"4 minuti"},"schema":{"@context":"https:\/\/schema.org","@graph":[{"@type":"WebPage","@id":"https:\/\/fries.iphos.at\/prodotti\/cesti-industriali\/portaelettrodi-esd-tech-rack-variogrid\/?lang=it","url":"https:\/\/fries.iphos.at\/prodotti\/cesti-industriali\/portaelettrodi-esd-tech-rack-variogrid\/?lang=it","name":"Portautensili ESD tech-rack variogrid | FRIES Kunststofftechnik","isPartOf":{"@id":"https:\/\/fries.iphos.at\/#website"},"primaryImageOfPage":{"@id":"https:\/\/fries.iphos.at\/prodotti\/cesti-industriali\/portaelettrodi-esd-tech-rack-variogrid\/?lang=it#primaryimage"},"image":{"@id":"https:\/\/fries.iphos.at\/prodotti\/cesti-industriali\/portaelettrodi-esd-tech-rack-variogrid\/?lang=it#primaryimage"},"thumbnailUrl":"https:\/\/fries.iphos.at\/wp-content\/uploads\/Elektrostatische-Entladung-1024x866.png","datePublished":"2019-02-07T08:29:07+00:00","dateModified":"2024-10-18T09:38:13+00:00","description":"Il sistema portapezzi ESD tech-rack \u00e8 personalizzabile in base ai componenti \u25b6Ideale per lavaggio, trasporto e stoccaggio di parti elettroniche","breadcrumb":{"@id":"https:\/\/fries.iphos.at\/prodotti\/cesti-industriali\/portaelettrodi-esd-tech-rack-variogrid\/?lang=it#breadcrumb"},"inLanguage":"it-IT","potentialAction":[{"@type":"ReadAction","target":["https:\/\/fries.iphos.at\/prodotti\/cesti-industriali\/portaelettrodi-esd-tech-rack-variogrid\/?lang=it"]}]},{"@type":"ImageObject","inLanguage":"it-IT","@id":"https:\/\/fries.iphos.at\/prodotti\/cesti-industriali\/portaelettrodi-esd-tech-rack-variogrid\/?lang=it#primaryimage","url":"https:\/\/fries.iphos.at\/wp-content\/uploads\/Elektrostatische-Entladung-1024x866.png","contentUrl":"https:\/\/fries.iphos.at\/wp-content\/uploads\/Elektrostatische-Entladung-1024x866.png"},{"@type":"BreadcrumbList","@id":"https:\/\/fries.iphos.at\/prodotti\/cesti-industriali\/portaelettrodi-esd-tech-rack-variogrid\/?lang=it#breadcrumb","itemListElement":[{"@type":"ListItem","position":1,"name":"Home","item":"https:\/\/fries.iphos.at\/?lang=it"},{"@type":"ListItem","position":2,"name":"Prodotti","item":"https:\/\/fries.iphos.at\/prodotti\/?lang=it"},{"@type":"ListItem","position":3,"name":"Portapezzi e cestelli di lavaggio","item":"https:\/\/fries.iphos.at\/prodotti\/cesti-industriali\/?lang=it"},{"@type":"ListItem","position":4,"name":"Portapezzi ESD tech-rack variogrid"}]},{"@type":"WebSite","@id":"https:\/\/fries.iphos.at\/#website","url":"https:\/\/fries.iphos.at\/","name":"FRIES","description":"","publisher":{"@id":"https:\/\/fries.iphos.at\/#organization"},"potentialAction":[{"@type":"SearchAction","target":{"@type":"EntryPoint","urlTemplate":"https:\/\/fries.iphos.at\/?s={search_term_string}"},"query-input":{"@type":"PropertyValueSpecification","valueRequired":true,"valueName":"search_term_string"}}],"inLanguage":"it-IT"},{"@type":"Organization","@id":"https:\/\/fries.iphos.at\/#organization","name":"FRIES Kunststofftechnik GmbH","url":"https:\/\/fries.iphos.at\/","logo":{"@type":"ImageObject","inLanguage":"it-IT","@id":"https:\/\/fries.iphos.at\/#\/schema\/logo\/image\/","url":"https:\/\/fries.iphos.at\/wp-content\/uploads\/fries-logo.png","contentUrl":"https:\/\/fries.iphos.at\/wp-content\/uploads\/fries-logo.png","width":120,"height":60,"caption":"FRIES Kunststofftechnik GmbH"},"image":{"@id":"https:\/\/fries.iphos.at\/#\/schema\/logo\/image\/"},"sameAs":["https:\/\/www.facebook.com\/FRIESKunststofftechnik\/","https:\/\/www.youtube.com\/channel\/UCc2UgnWJ9Y_-pIXbDIek7wQ"]}]}},"_links":{"self":[{"href":"https:\/\/fries.iphos.at\/it\/wp-json\/wp\/v2\/pages\/24475","targetHints":{"allow":["GET"]}}],"collection":[{"href":"https:\/\/fries.iphos.at\/it\/wp-json\/wp\/v2\/pages"}],"about":[{"href":"https:\/\/fries.iphos.at\/it\/wp-json\/wp\/v2\/types\/page"}],"author":[{"embeddable":true,"href":"https:\/\/fries.iphos.at\/it\/wp-json\/wp\/v2\/users\/4"}],"replies":[{"embeddable":true,"href":"https:\/\/fries.iphos.at\/it\/wp-json\/wp\/v2\/comments?post=24475"}],"version-history":[{"count":17,"href":"https:\/\/fries.iphos.at\/it\/wp-json\/wp\/v2\/pages\/24475\/revisions"}],"predecessor-version":[{"id":53627,"href":"https:\/\/fries.iphos.at\/it\/wp-json\/wp\/v2\/pages\/24475\/revisions\/53627"}],"up":[{"embeddable":true,"href":"https:\/\/fries.iphos.at\/it\/wp-json\/wp\/v2\/pages\/61350"}],"wp:attachment":[{"href":"https:\/\/fries.iphos.at\/it\/wp-json\/wp\/v2\/media?parent=24475"}],"curies":[{"name":"wp","href":"https:\/\/api.w.org\/{rel}","templated":true}]}}