{"id":44499,"date":"2023-09-28T08:43:38","date_gmt":"2023-09-28T06:43:38","guid":{"rendered":"https:\/\/fries.iphos.at\/?page_id=44499"},"modified":"2024-10-21T09:13:21","modified_gmt":"2024-10-21T07:13:21","slug":"paniers-de-nettoyage-tech-rack-custom-400x300","status":"publish","type":"page","link":"https:\/\/fries.iphos.at\/fr\/produits\/paniers-industriels\/paniers-de-nettoyage-tech-rack-custom-400x300\/","title":{"rendered":"Panier de nettoyage tech-rack custom+ 400&#215;300"},"content":{"rendered":"<p><div class=\"fusion-fullwidth fullwidth-box fusion-builder-row-1 hundred-percent-fullwidth non-hundred-percent-height-scrolling\" style=\"--awb-border-radius-top-left:0px;--awb-border-radius-top-right:0px;--awb-border-radius-bottom-right:0px;--awb-border-radius-bottom-left:0px;--awb-overflow:visible;--awb-flex-wrap:wrap;\" ><div class=\"fusion-builder-row fusion-row\"><div class=\"fusion-layout-column fusion_builder_column fusion-builder-column-0 fusion_builder_column_1_3 1_3 fusion-one-third fusion-column-first\" style=\"--awb-bg-size:cover;width:30.6666%; margin-right: 4%;\"><div class=\"fusion-column-wrapper fusion-flex-column-wrapper-legacy\"><div class=\"fusion-image-element in-legacy-container\" style=\"--awb-caption-title-font-family:var(--h2_typography-font-family);--awb-caption-title-font-weight:var(--h2_typography-font-weight);--awb-caption-title-font-style:var(--h2_typography-font-style);--awb-caption-title-size:var(--h2_typography-font-size);--awb-caption-title-transform:var(--h2_typography-text-transform);--awb-caption-title-line-height:var(--h2_typography-line-height);--awb-caption-title-letter-spacing:var(--h2_typography-letter-spacing);\"><span class=\" fusion-imageframe imageframe-none imageframe-1 hover-type-none\"><a href=\"https:\/\/fries.iphos.at\/wp-content\/uploads\/tech-rack-custom-400x300-1.png\" class=\"fusion-lightbox\" data-rel=\"iLightbox[966f442eebddcd2c99d]\" data-title=\"tech-rack-custom+-400&#215;300\" title=\"tech-rack-custom+-400&#215;300\"><img decoding=\"async\" width=\"242\" height=\"242\" src=\"https:\/\/fries.iphos.at\/wp-content\/uploads\/tech-rack-custom-400x300-1.png\" alt class=\"img-responsive wp-image-44510\" srcset=\"https:\/\/fries.iphos.at\/wp-content\/uploads\/tech-rack-custom-400x300-1-200x200.png 200w, https:\/\/fries.iphos.at\/wp-content\/uploads\/tech-rack-custom-400x300-1.png 242w\" sizes=\"(max-width: 0px) 100vw, 242px\" \/><\/a><\/span><\/div><div class=\"fusion-text fusion-text-1 color-industrie orange\"><h4><a href=\"https:\/\/fries.iphos.at\/wp-content\/uploads\/fries-werkstuecktraeger-industriekoerbe-fr.pdf\">T\u00e9l\u00e9charger la brochure<\/a><\/h4>\n<\/div><div class=\"fusion-alignleft\"><a class=\"fusion-button button-flat fusion-button-default-size button-custom fusion-button-default button-1 fusion-button-default-span fusion-button-default-type color-verpackung\" style=\"--button_accent_color:#ffffff;--button_border_color:#ef7c00;--button_accent_hover_color:#ffffff;--button_border_hover_color:#ef7c00;--button_gradient_top_color:#ef7c00;--button_gradient_bottom_color:#ef7c00;--button_gradient_top_color_hover:#ef7c00;--button_gradient_bottom_color_hover:#ef7c00;--button_text_transform:none;--button_margin-top:20px;--button_margin-bottom:20px;\" target=\"_self\" href=\"https:\/\/fries.iphos.at\/contact\/?lang=fr&amp;your-subject=Anfrage Industriekorb tech-rack custom+ 400x300\"><span class=\"fusion-button-text awb-button__text awb-button__text--default\">Demander maintenant <\/span><\/a><\/div><div class=\"fusion-image-element in-legacy-container\" style=\"--awb-caption-title-font-family:var(--h2_typography-font-family);--awb-caption-title-font-weight:var(--h2_typography-font-weight);--awb-caption-title-font-style:var(--h2_typography-font-style);--awb-caption-title-size:var(--h2_typography-font-size);--awb-caption-title-transform:var(--h2_typography-text-transform);--awb-caption-title-line-height:var(--h2_typography-line-height);--awb-caption-title-letter-spacing:var(--h2_typography-letter-spacing);\"><span class=\" fusion-imageframe imageframe-none imageframe-2 hover-type-none\"><img decoding=\"async\" width=\"300\" height=\"126\" title=\"Bild_RFID-Chip_FR\" src=\"https:\/\/fries.iphos.at\/wp-content\/uploads\/Bild_RFID-Chip_FR-300x126.png\" alt class=\"img-responsive wp-image-51667\" srcset=\"https:\/\/fries.iphos.at\/wp-content\/uploads\/Bild_RFID-Chip_FR-200x84.png 200w, https:\/\/fries.iphos.at\/wp-content\/uploads\/Bild_RFID-Chip_FR-400x169.png 400w, https:\/\/fries.iphos.at\/wp-content\/uploads\/Bild_RFID-Chip_FR-600x253.png 600w, https:\/\/fries.iphos.at\/wp-content\/uploads\/Bild_RFID-Chip_FR-800x337.png 800w, https:\/\/fries.iphos.at\/wp-content\/uploads\/Bild_RFID-Chip_FR.png 1008w\" sizes=\"(max-width: 0px) 100vw, 400px\" \/><\/span><\/div><div class=\"fusion-text fusion-text-2 color-industrie orange\"><h4><a href=\"#rfid-chip\">en savoir plus<\/a><\/h4>\n<\/div><div class=\"fusion-clearfix\"><\/div><\/div><\/div><div class=\"fusion-layout-column fusion_builder_column fusion-builder-column-1 fusion_builder_column_2_3 2_3 fusion-two-third fusion-column-last\" style=\"--awb-bg-size:cover;width:65.3333%;\"><div class=\"fusion-column-wrapper fusion-flex-column-wrapper-legacy\"><div class=\"fusion-text fusion-text-3 color-industrie orange\"><h1>Panier de nettoyage tech-rack custom+<\/h1>\n<p><strong>Panier industriel performant pour des processus de fabrication enti\u00e8rement automatis\u00e9s<\/strong><\/p>\n<p>Le panier industriel tech-rack custom+ 400\u00a0x\u00a0300 permet un nettoyage, un stockage et un transport minutieux et en douceur des composants et pi\u00e8ces sensibles. Les paniers sont non seulement con\u00e7us pour pouvoir \u00eatre charg\u00e9s et d\u00e9charg\u00e9s de pi\u00e8ces par des robots, mais \u00e9galement pour pouvoir empiler des paniers sur des palettes \u00e0 l&#8217;aide d&#8217;un bras de pr\u00e9hension. Le tech-rack custom+ offre une multitude de possibilit\u00e9s de configuration avec des pins ou des s\u00e9parateurs longitudinaux et transversaux. Les bords biseaut\u00e9s de la pile\/les picots de la pile neutralisent l&#8217;effet capillaire.<\/p>\n<p><strong>Avantages du FRIES tech-rack custom+ en un clin d&#8217;\u0153il<br \/>\n<\/strong><\/p>\n<ul>\n<li>Con\u00e7u pour une automatisation compl\u00e8te\u00a0: chargement et d\u00e9chargement par robots possible<\/li>\n<li>Panier de nettoyage tout-en-un\u00a0: un panier pour le nettoyage, le transport et le stockage<\/li>\n<li>Nettoyage efficace avec un acc\u00e8s optimis\u00e9 et une protection maximale du produit pour les surfaces sensibles<\/li>\n<li>Les bords biseaut\u00e9s de la pile emp\u00eachent l&#8217;effet capillaire<\/li>\n<li>Plancher grillag\u00e9 possible en fonction des composants<\/li>\n<li>Hauteur du panier extensible individuellement par l&#8217;interm\u00e9diaire d&#8217;un extenseur rotatif<\/li>\n<li>Les coins arrondis prot\u00e8gent les surfaces sensibles contre les dommages et les blessures<\/li>\n<li>Les s\u00e9parateurs longitudinaux et transversaux sont fix\u00e9s dans la plaque de fond, ce qui neutralise l&#8217;effet capillaire<\/li>\n<li>Dispositif l\u00e9ger\u00a0: la technologie tech-rack custom+ est plus l\u00e9g\u00e8re que celle des paniers comparables en acier inoxydable<\/li>\n<li>Possibilit\u00e9s de configuration individuelle pour la plus grande diversit\u00e9 possible de logements de composants<\/li>\n<li>En option, avec poign\u00e9e encastr\u00e9e pour une manipulation plus facile<\/li>\n<li>Possibilit\u00e9 de d\u00e9signation avec \u00e9tiquette et transmission de donn\u00e9es sans contact (RFID)\u00a0: les processus logistiques et de production peuvent \u00eatre suivis en continu<\/li>\n<li>Dimensions adapt\u00e9es aux palettes EURO (1\u00a0200\u00a0x\u00a0800\u00a0mm) ainsi qu&#8217;aux palettes industrielles (1\u00a0200\u00a0x\u00a01\u00a0000\u00a0mm)<\/li>\n<\/ul>\n<h4><\/h4>\n<\/div><div class=\"fusion-clearfix\"><\/div><\/div><\/div><\/div><\/div><div class=\"fusion-fullwidth fullwidth-box fusion-builder-row-2 nonhundred-percent-fullwidth non-hundred-percent-height-scrolling\" style=\"--awb-border-radius-top-left:0px;--awb-border-radius-top-right:0px;--awb-border-radius-bottom-right:0px;--awb-border-radius-bottom-left:0px;--awb-flex-wrap:wrap;\" ><div class=\"fusion-builder-row fusion-row\"><div class=\"fusion-layout-column fusion_builder_column fusion-builder-column-2 fusion_builder_column_1_3 1_3 fusion-one-third fusion-column-first\" style=\"--awb-bg-size:cover;width:33.333333333333%;width:calc(33.333333333333% - ( ( 4% ) * 0.33333333333333 ) );margin-right: 4%;\"><div class=\"fusion-column-wrapper fusion-flex-column-wrapper-legacy\"><div class=\"fusion-clearfix\"><\/div><\/div><\/div><div class=\"fusion-layout-column fusion_builder_column fusion-builder-column-3 fusion_builder_column_2_3 2_3 fusion-two-third fusion-column-last\" style=\"--awb-bg-size:cover;width:66.666666666667%;width:calc(66.666666666667% - ( ( 4% ) * 0.66666666666667 ) );\"><div class=\"fusion-column-wrapper fusion-flex-column-wrapper-legacy\"><div class=\"fusion-text fusion-text-4 color-industrie orange\"><p><strong>Ex\u00e9cution du mat\u00e9riel\u00a0:<\/strong><\/p>\n<p>Le panier de nettoyage tech-rack custom+ est disponible dans le <a title=\"Mat\u00e9riaux FRIES\" href=\"https:\/\/fries.iphos.at\/produits\/paniers-industriels\/materiaux-fries\/?lang=fr\" target=\"_blank\" rel=\"noopener noreferrer\">mod\u00e8le de mat\u00e9riau suivant<\/a>\u00a0:<\/p>\n<\/div><div class=\"fusion-clearfix\"><\/div><\/div><\/div><div class=\"fusion-layout-column fusion_builder_column fusion-builder-column-4 fusion_builder_column_1_3 1_3 fusion-one-third fusion-column-first\" style=\"--awb-bg-size:cover;width:33.333333333333%;width:calc(33.333333333333% - ( ( 4% + 4% ) * 0.33333333333333 ) );margin-right: 4%;\"><div class=\"fusion-column-wrapper fusion-flex-column-wrapper-legacy\"><div class=\"fusion-clearfix\"><\/div><\/div><\/div><div class=\"fusion-layout-column fusion_builder_column fusion-builder-column-5 fusion_builder_column_1_3 1_3 fusion-one-third\" style=\"--awb-bg-size:cover;width:33.333333333333%;width:calc(33.333333333333% - ( ( 4% + 4% ) * 0.33333333333333 ) );margin-right: 4%;\"><div class=\"fusion-column-wrapper fusion-flex-column-wrapper-legacy\"><div class=\"fusion-image-element in-legacy-container\" style=\"--awb-caption-title-font-family:var(--h2_typography-font-family);--awb-caption-title-font-weight:var(--h2_typography-font-weight);--awb-caption-title-font-style:var(--h2_typography-font-style);--awb-caption-title-size:var(--h2_typography-font-size);--awb-caption-title-transform:var(--h2_typography-text-transform);--awb-caption-title-line-height:var(--h2_typography-line-height);--awb-caption-title-letter-spacing:var(--h2_typography-letter-spacing);\"><span class=\" fusion-imageframe imageframe-none imageframe-3 hover-type-none\"><a class=\"fusion-no-lightbox\" href=\"https:\/\/fries.iphos.at\/produkte\/industrie\/kunststoff-die-bewaehrte-alternative-zu-metall\/\" target=\"_self\" aria-label=\"Comp21\/22\"><img decoding=\"async\" width=\"300\" height=\"300\" alt=\"Fries Industriek\u00f6rbe und Werkst\u00fccktr\u00e4ger Material Comp21\/22\" src=\"https:\/\/fries.iphos.at\/wp-content\/uploads\/Comp21_22-300x300.jpg\" class=\"img-responsive wp-image-28253\"\/><\/a><\/span><\/div><div class=\"fusion-text fusion-text-5 color-industrie orange\"><p style=\"text-align: center;\"><a title=\"Mat\u00e9riaux FRIES\" href=\"https:\/\/fries.iphos.at\/produkte\/industrie\/kunststoff-die-bewaehrte-alternative-zu-metall\/\" target=\"_blank\" rel=\"noopener noreferrer\"><strong>FRIES Comp 21\/22<\/strong><\/a><\/p>\n<\/div><div class=\"fusion-clearfix\"><\/div><\/div><\/div><div class=\"fusion-layout-column fusion_builder_column fusion-builder-column-6 fusion_builder_column_1_3 1_3 fusion-one-third fusion-column-last\" style=\"--awb-bg-size:cover;width:33.333333333333%;width:calc(33.333333333333% - ( ( 4% + 4% ) * 0.33333333333333 ) );\"><div class=\"fusion-column-wrapper fusion-flex-column-wrapper-legacy\"><div class=\"fusion-clearfix\"><\/div><\/div><\/div><\/div><\/div><div id=\"rfid-chip\" class=\"fusion-container-anchor\"><div class=\"fusion-fullwidth fullwidth-box fusion-builder-row-3 fusion-flex-container has-pattern-background has-mask-background nonhundred-percent-fullwidth non-hundred-percent-height-scrolling\" style=\"--awb-border-radius-top-left:0px;--awb-border-radius-top-right:0px;--awb-border-radius-bottom-right:0px;--awb-border-radius-bottom-left:0px;--awb-flex-wrap:wrap;\" ><div class=\"fusion-builder-row fusion-row fusion-flex-align-items-flex-start fusion-flex-content-wrap\" style=\"max-width:1144px;margin-left: calc(-4% \/ 2 );margin-right: calc(-4% \/ 2 );\"><div class=\"fusion-layout-column fusion_builder_column fusion-builder-column-7 fusion_builder_column_1_1 1_1 fusion-flex-column\" style=\"--awb-bg-size:cover;--awb-width-large:100%;--awb-margin-top-large:0px;--awb-spacing-right-large:1.92%;--awb-margin-bottom-large:20px;--awb-spacing-left-large:1.92%;--awb-width-medium:100%;--awb-order-medium:0;--awb-spacing-right-medium:1.92%;--awb-spacing-left-medium:1.92%;--awb-width-small:100%;--awb-order-small:0;--awb-spacing-right-small:1.92%;--awb-spacing-left-small:1.92%;\"><div class=\"fusion-column-wrapper fusion-column-has-shadow fusion-flex-justify-content-flex-start fusion-content-layout-column\"><div class=\"fusion-separator fusion-full-width-sep color-industrie orange\" style=\"align-self: center;margin-left: auto;margin-right: auto;width:100%;\"><div class=\"fusion-separator-border sep-single sep-solid\" style=\"--awb-height:20px;--awb-amount:20px;border-color:#e0dede;border-top-width:1px;\"><\/div><\/div><\/div><\/div><\/div><\/div><\/div><div class=\"fusion-fullwidth fullwidth-box fusion-builder-row-4 fusion-flex-container has-pattern-background has-mask-background color-industrie orange nonhundred-percent-fullwidth non-hundred-percent-height-scrolling\" style=\"--awb-border-radius-top-left:0px;--awb-border-radius-top-right:0px;--awb-border-radius-bottom-right:0px;--awb-border-radius-bottom-left:0px;--awb-flex-wrap:wrap;\" ><div class=\"fusion-builder-row fusion-row fusion-flex-align-items-flex-start fusion-flex-content-wrap\" style=\"max-width:1144px;margin-left: calc(-4% \/ 2 );margin-right: calc(-4% \/ 2 );\"><div class=\"fusion-layout-column fusion_builder_column fusion-builder-column-8 fusion_builder_column_1_3 1_3 fusion-flex-column\" style=\"--awb-bg-size:cover;--awb-width-large:33.333333333333%;--awb-margin-top-large:0px;--awb-spacing-right-large:5.76%;--awb-margin-bottom-large:20px;--awb-spacing-left-large:5.76%;--awb-width-medium:100%;--awb-order-medium:0;--awb-spacing-right-medium:1.92%;--awb-spacing-left-medium:1.92%;--awb-width-small:100%;--awb-order-small:0;--awb-spacing-right-small:1.92%;--awb-spacing-left-small:1.92%;\"><div class=\"fusion-column-wrapper fusion-column-has-shadow fusion-flex-justify-content-flex-start fusion-content-layout-column\"><div class=\"fusion-image-element \" style=\"--awb-caption-title-font-family:var(--h2_typography-font-family);--awb-caption-title-font-weight:var(--h2_typography-font-weight);--awb-caption-title-font-style:var(--h2_typography-font-style);--awb-caption-title-size:var(--h2_typography-font-size);--awb-caption-title-transform:var(--h2_typography-text-transform);--awb-caption-title-line-height:var(--h2_typography-line-height);--awb-caption-title-letter-spacing:var(--h2_typography-letter-spacing);\"><span class=\" fusion-imageframe imageframe-none imageframe-5 hover-type-none\"><img decoding=\"async\" width=\"300\" height=\"300\" title=\"Detailansicht_RFID\" src=\"https:\/\/fries.iphos.at\/wp-content\/uploads\/Detailansicht_RFID-3-300x300.jpg\" alt class=\"img-responsive wp-image-51669\" srcset=\"https:\/\/fries.iphos.at\/wp-content\/uploads\/Detailansicht_RFID-3-200x200.jpg 200w, https:\/\/fries.iphos.at\/wp-content\/uploads\/Detailansicht_RFID-3-400x400.jpg 400w, https:\/\/fries.iphos.at\/wp-content\/uploads\/Detailansicht_RFID-3.jpg 504w\" sizes=\"(max-width: 1024px) 100vw, (max-width: 1455px) 100vw, 400px\" \/><\/span><\/div><\/div><\/div><div class=\"fusion-layout-column fusion_builder_column fusion-builder-column-9 fusion_builder_column_2_3 2_3 fusion-flex-column\" style=\"--awb-bg-size:cover;--awb-width-large:66.666666666667%;--awb-margin-top-large:0px;--awb-spacing-right-large:2.88%;--awb-margin-bottom-large:20px;--awb-spacing-left-large:2.88%;--awb-width-medium:100%;--awb-order-medium:0;--awb-spacing-right-medium:1.92%;--awb-spacing-left-medium:1.92%;--awb-width-small:100%;--awb-order-small:0;--awb-spacing-right-small:1.92%;--awb-spacing-left-small:1.92%;\"><div class=\"fusion-column-wrapper fusion-column-has-shadow fusion-flex-justify-content-flex-start fusion-content-layout-column\"><div class=\"fusion-text fusion-text-6 color-industrie orange\"><h2>Panier industriel avec puce RFID<\/h2>\n<p>Le panier de nettoyage Custom+ 400\u00a0x\u00a0300 est d\u00e9sormais disponible avec puce \u00e9lectronique RFID int\u00e9gr\u00e9e, optimisant ainsi l'automatisation de vos processus de production, pour une meilleure efficacit\u00e9 et un meilleur contr\u00f4le.<\/p>\n<p><strong>Avantages de la puce RFID dans la production\u00a0:<\/strong><\/p>\n<ul>\n<li>Enregistrement sans contact des donn\u00e9es : les informations concernant le panier de lavage et son contenu sont enregistr\u00e9es automatiquement, sans contact physique.<\/li>\n<li>Optimisation de la production gr\u00e2ce \u00e0 l'automatisation et la transparence :\n<ul>\n<li>Tra\u00e7abilit\u00e9 du produit\u00a0: les processus peuvent \u00eatre lus rapidement, permettant ainsi une tra\u00e7abilit\u00e9 sans faille.<\/li>\n<li>\u00c9tapes de processus automatis\u00e9es : Des proc\u00e9dures programm\u00e9es, telles que des programmes de nettoyage sp\u00e9cifiques, sont ex\u00e9cut\u00e9es de mani\u00e8re fiable et efficace.<\/li>\n<\/ul>\n<\/li>\n<\/ul>\n<\/div><\/div><\/div><\/div><\/div><\/p>\n","protected":false},"excerpt":{"rendered":"","protected":false},"author":22,"featured_media":0,"parent":61349,"menu_order":0,"comment_status":"closed","ping_status":"closed","template":"","meta":{"_acf_changed":false,"footnotes":""},"class_list":["post-44499","page","type-page","status-publish","hentry"],"acf":[],"yoast_head":"<!-- This site is optimized with the Yoast SEO plugin v26.8 - https:\/\/yoast.com\/product\/yoast-seo-wordpress\/ -->\n<title>Panier de nettoyage industriel tech-rack custom+ 400\u00a0x\u00a0300<\/title>\n<meta name=\"description\" content=\"Le panier de nettoyage tech-rack custom+ est id\u00e9al pour le nettoyage industriel de pi\u00e8ces \u2714adapt\u00e9 \u00e0 l&#039;automatisation compl\u00e8te \u2714possibilit\u00e9 de personnalisation\" \/>\n<meta name=\"robots\" content=\"noindex, follow, max-snippet:-1, max-image-preview:large, max-video-preview:-1\" \/>\n<meta name=\"twitter:label1\" content=\"Dur\u00e9e de lecture estim\u00e9e\" \/>\n\t<meta name=\"twitter:data1\" content=\"4 minutes\" \/>\n<script type=\"application\/ld+json\" class=\"yoast-schema-graph\">{\"@context\":\"https:\/\/schema.org\",\"@graph\":[{\"@type\":\"WebPage\",\"@id\":\"https:\/\/fries.iphos.at\/produits\/paniers-industriels\/paniers-de-nettoyage-tech-rack-custom-400x300\/?lang=fr\",\"url\":\"https:\/\/fries.iphos.at\/produits\/paniers-industriels\/paniers-de-nettoyage-tech-rack-custom-400x300\/?lang=fr\",\"name\":\"Panier de nettoyage industriel tech-rack custom+ 400\u00a0x\u00a0300\",\"isPartOf\":{\"@id\":\"https:\/\/fries.iphos.at\/#website\"},\"datePublished\":\"2023-09-28T06:43:38+00:00\",\"dateModified\":\"2024-10-21T07:13:21+00:00\",\"description\":\"Le panier de nettoyage tech-rack custom+ est id\u00e9al pour le nettoyage industriel de pi\u00e8ces \u2714adapt\u00e9 \u00e0 l'automatisation compl\u00e8te \u2714possibilit\u00e9 de personnalisation\",\"breadcrumb\":{\"@id\":\"https:\/\/fries.iphos.at\/produits\/paniers-industriels\/paniers-de-nettoyage-tech-rack-custom-400x300\/?lang=fr#breadcrumb\"},\"inLanguage\":\"fr-FR\",\"potentialAction\":[{\"@type\":\"ReadAction\",\"target\":[\"https:\/\/fries.iphos.at\/produits\/paniers-industriels\/paniers-de-nettoyage-tech-rack-custom-400x300\/?lang=fr\"]}]},{\"@type\":\"BreadcrumbList\",\"@id\":\"https:\/\/fries.iphos.at\/produits\/paniers-industriels\/paniers-de-nettoyage-tech-rack-custom-400x300\/?lang=fr#breadcrumb\",\"itemListElement\":[{\"@type\":\"ListItem\",\"position\":1,\"name\":\"Home\",\"item\":\"https:\/\/fries.iphos.at\/?lang=fr\"},{\"@type\":\"ListItem\",\"position\":2,\"name\":\"Produits\",\"item\":\"https:\/\/fries.iphos.at\/produits\/?lang=fr\"},{\"@type\":\"ListItem\",\"position\":3,\"name\":\"Porte-pi\u00e8ces et paniers de nettoyage\",\"item\":\"https:\/\/fries.iphos.at\/produits\/paniers-industriels\/?lang=fr\"},{\"@type\":\"ListItem\",\"position\":4,\"name\":\"Panier de nettoyage tech-rack custom+ 400&#215;300\"}]},{\"@type\":\"WebSite\",\"@id\":\"https:\/\/fries.iphos.at\/#website\",\"url\":\"https:\/\/fries.iphos.at\/\",\"name\":\"FRIES\",\"description\":\"\",\"publisher\":{\"@id\":\"https:\/\/fries.iphos.at\/#organization\"},\"potentialAction\":[{\"@type\":\"SearchAction\",\"target\":{\"@type\":\"EntryPoint\",\"urlTemplate\":\"https:\/\/fries.iphos.at\/?s={search_term_string}\"},\"query-input\":{\"@type\":\"PropertyValueSpecification\",\"valueRequired\":true,\"valueName\":\"search_term_string\"}}],\"inLanguage\":\"fr-FR\"},{\"@type\":\"Organization\",\"@id\":\"https:\/\/fries.iphos.at\/#organization\",\"name\":\"FRIES Kunststofftechnik GmbH\",\"url\":\"https:\/\/fries.iphos.at\/\",\"logo\":{\"@type\":\"ImageObject\",\"inLanguage\":\"fr-FR\",\"@id\":\"https:\/\/fries.iphos.at\/#\/schema\/logo\/image\/\",\"url\":\"https:\/\/fries.iphos.at\/wp-content\/uploads\/fries-logo.png\",\"contentUrl\":\"https:\/\/fries.iphos.at\/wp-content\/uploads\/fries-logo.png\",\"width\":120,\"height\":60,\"caption\":\"FRIES Kunststofftechnik GmbH\"},\"image\":{\"@id\":\"https:\/\/fries.iphos.at\/#\/schema\/logo\/image\/\"},\"sameAs\":[\"https:\/\/www.facebook.com\/FRIESKunststofftechnik\/\",\"https:\/\/www.youtube.com\/channel\/UCc2UgnWJ9Y_-pIXbDIek7wQ\"]}]}<\/script>\n<!-- \/ Yoast SEO plugin. -->","yoast_head_json":{"title":"Panier de nettoyage industriel tech-rack custom+ 400\u00a0x\u00a0300","description":"Le panier de nettoyage tech-rack custom+ est id\u00e9al pour le nettoyage industriel de pi\u00e8ces \u2714adapt\u00e9 \u00e0 l'automatisation compl\u00e8te \u2714possibilit\u00e9 de personnalisation","robots":{"index":"noindex","follow":"follow","max-snippet":"max-snippet:-1","max-image-preview":"max-image-preview:large","max-video-preview":"max-video-preview:-1"},"twitter_misc":{"Dur\u00e9e de lecture estim\u00e9e":"4 minutes"},"schema":{"@context":"https:\/\/schema.org","@graph":[{"@type":"WebPage","@id":"https:\/\/fries.iphos.at\/produits\/paniers-industriels\/paniers-de-nettoyage-tech-rack-custom-400x300\/?lang=fr","url":"https:\/\/fries.iphos.at\/produits\/paniers-industriels\/paniers-de-nettoyage-tech-rack-custom-400x300\/?lang=fr","name":"Panier de nettoyage industriel tech-rack custom+ 400\u00a0x\u00a0300","isPartOf":{"@id":"https:\/\/fries.iphos.at\/#website"},"datePublished":"2023-09-28T06:43:38+00:00","dateModified":"2024-10-21T07:13:21+00:00","description":"Le panier de nettoyage tech-rack custom+ est id\u00e9al pour le nettoyage industriel de pi\u00e8ces \u2714adapt\u00e9 \u00e0 l'automatisation compl\u00e8te \u2714possibilit\u00e9 de personnalisation","breadcrumb":{"@id":"https:\/\/fries.iphos.at\/produits\/paniers-industriels\/paniers-de-nettoyage-tech-rack-custom-400x300\/?lang=fr#breadcrumb"},"inLanguage":"fr-FR","potentialAction":[{"@type":"ReadAction","target":["https:\/\/fries.iphos.at\/produits\/paniers-industriels\/paniers-de-nettoyage-tech-rack-custom-400x300\/?lang=fr"]}]},{"@type":"BreadcrumbList","@id":"https:\/\/fries.iphos.at\/produits\/paniers-industriels\/paniers-de-nettoyage-tech-rack-custom-400x300\/?lang=fr#breadcrumb","itemListElement":[{"@type":"ListItem","position":1,"name":"Home","item":"https:\/\/fries.iphos.at\/?lang=fr"},{"@type":"ListItem","position":2,"name":"Produits","item":"https:\/\/fries.iphos.at\/produits\/?lang=fr"},{"@type":"ListItem","position":3,"name":"Porte-pi\u00e8ces et paniers de nettoyage","item":"https:\/\/fries.iphos.at\/produits\/paniers-industriels\/?lang=fr"},{"@type":"ListItem","position":4,"name":"Panier de nettoyage tech-rack custom+ 400&#215;300"}]},{"@type":"WebSite","@id":"https:\/\/fries.iphos.at\/#website","url":"https:\/\/fries.iphos.at\/","name":"FRIES","description":"","publisher":{"@id":"https:\/\/fries.iphos.at\/#organization"},"potentialAction":[{"@type":"SearchAction","target":{"@type":"EntryPoint","urlTemplate":"https:\/\/fries.iphos.at\/?s={search_term_string}"},"query-input":{"@type":"PropertyValueSpecification","valueRequired":true,"valueName":"search_term_string"}}],"inLanguage":"fr-FR"},{"@type":"Organization","@id":"https:\/\/fries.iphos.at\/#organization","name":"FRIES Kunststofftechnik GmbH","url":"https:\/\/fries.iphos.at\/","logo":{"@type":"ImageObject","inLanguage":"fr-FR","@id":"https:\/\/fries.iphos.at\/#\/schema\/logo\/image\/","url":"https:\/\/fries.iphos.at\/wp-content\/uploads\/fries-logo.png","contentUrl":"https:\/\/fries.iphos.at\/wp-content\/uploads\/fries-logo.png","width":120,"height":60,"caption":"FRIES Kunststofftechnik GmbH"},"image":{"@id":"https:\/\/fries.iphos.at\/#\/schema\/logo\/image\/"},"sameAs":["https:\/\/www.facebook.com\/FRIESKunststofftechnik\/","https:\/\/www.youtube.com\/channel\/UCc2UgnWJ9Y_-pIXbDIek7wQ"]}]}},"_links":{"self":[{"href":"https:\/\/fries.iphos.at\/fr\/wp-json\/wp\/v2\/pages\/44499","targetHints":{"allow":["GET"]}}],"collection":[{"href":"https:\/\/fries.iphos.at\/fr\/wp-json\/wp\/v2\/pages"}],"about":[{"href":"https:\/\/fries.iphos.at\/fr\/wp-json\/wp\/v2\/types\/page"}],"author":[{"embeddable":true,"href":"https:\/\/fries.iphos.at\/fr\/wp-json\/wp\/v2\/users\/22"}],"replies":[{"embeddable":true,"href":"https:\/\/fries.iphos.at\/fr\/wp-json\/wp\/v2\/comments?post=44499"}],"version-history":[{"count":15,"href":"https:\/\/fries.iphos.at\/fr\/wp-json\/wp\/v2\/pages\/44499\/revisions"}],"predecessor-version":[{"id":53722,"href":"https:\/\/fries.iphos.at\/fr\/wp-json\/wp\/v2\/pages\/44499\/revisions\/53722"}],"up":[{"embeddable":true,"href":"https:\/\/fries.iphos.at\/fr\/wp-json\/wp\/v2\/pages\/61349"}],"wp:attachment":[{"href":"https:\/\/fries.iphos.at\/fr\/wp-json\/wp\/v2\/media?parent=44499"}],"curies":[{"name":"wp","href":"https:\/\/api.w.org\/{rel}","templated":true}]}}