{"id":39901,"date":"2022-12-20T12:26:03","date_gmt":"2022-12-20T10:26:03","guid":{"rendered":"https:\/\/fries.iphos.at\/produits\/gastronomie\/mehrweggeschirr\/"},"modified":"2025-10-07T08:46:17","modified_gmt":"2025-10-07T06:46:17","slug":"vaisselle-reutilisable","status":"publish","type":"page","link":"https:\/\/fries.iphos.at\/fr\/produits\/gastronomie\/vaisselle-reutilisable\/","title":{"rendered":"Vaisselle r\u00e9utilisable"},"content":{"rendered":"<p><div class=\"fusion-fullwidth fullwidth-box fusion-builder-row-1 nonhundred-percent-fullwidth non-hundred-percent-height-scrolling\" style=\"--awb-background-position:left top;--awb-border-radius-top-left:0px;--awb-border-radius-top-right:0px;--awb-border-radius-bottom-right:0px;--awb-border-radius-bottom-left:0px;--awb-padding-top:20px;--awb-padding-right:0px;--awb-padding-bottom:20px;--awb-padding-left:0px;--awb-border-sizes-top:0px;--awb-border-sizes-bottom:0px;--awb-flex-wrap:wrap;\" ><div class=\"fusion-builder-row fusion-row\"><div class=\"fusion-layout-column fusion_builder_column fusion-builder-column-0 fusion_builder_column_1_3 1_3 fusion-one-third fusion-column-first\" style=\"--awb-bg-size:cover;width:33.333333333333%;width:calc(33.333333333333% - ( ( 4% ) * 0.33333333333333 ) );margin-right: 4%;\"><div class=\"fusion-column-wrapper fusion-column-has-shadow fusion-flex-column-wrapper-legacy\"><div class=\"fusion-image-element in-legacy-container\" style=\"--awb-caption-title-font-family:var(--h2_typography-font-family);--awb-caption-title-font-weight:var(--h2_typography-font-weight);--awb-caption-title-font-style:var(--h2_typography-font-style);--awb-caption-title-size:var(--h2_typography-font-size);--awb-caption-title-transform:var(--h2_typography-text-transform);--awb-caption-title-line-height:var(--h2_typography-line-height);--awb-caption-title-letter-spacing:var(--h2_typography-letter-spacing);\"><span class=\" fusion-imageframe imageframe-none imageframe-1 hover-type-none\"><img decoding=\"async\" width=\"242\" height=\"150\" title=\"Fries rack Logo\" src=\"https:\/\/fries.iphos.at\/wp-content\/uploads\/Fries-rack-logo-website3.png\" alt class=\"img-responsive wp-image-39977\"\/><\/span><\/div><div class=\"fusion-clearfix\"><\/div><\/div><\/div><div class=\"fusion-layout-column fusion_builder_column fusion-builder-column-1 fusion_builder_column_2_3 2_3 fusion-two-third fusion-column-last\" style=\"--awb-bg-size:cover;width:66.666666666667%;width:calc(66.666666666667% - ( ( 4% ) * 0.66666666666667 ) );\"><div class=\"fusion-column-wrapper fusion-column-has-shadow fusion-flex-column-wrapper-legacy\"><div class=\"fusion-text fusion-text-1 color-gastro blau\" style=\"--awb-text-transform:none;\"><h1>Vaisselle r\u00e9utilisable<\/h1>\n<p>La vaisselle r\u00e9utilisable FRIES permet de contribuer \u00e0 des manifestations respectueuses de l&#8217;environnement. La vaisselle r\u00e9utilisable se distingue par son design unique et peut \u00eatre imprim\u00e9e individuellement. La stabilit\u00e9 des produits garantit en outre une dur\u00e9e d&#8217;utilisation \u00e0 long terme.<\/p>\n<h2><\/h2>\n<h2><\/h2>\n<h4><a href=\"https:\/\/fries.iphos.at\/wp-content\/uploads\/FR_2024_Prospekt_Mehrweggeschirr_FRIES_web.pdf\" target=\"_blank\" rel=\"noopener\">T\u00e9l\u00e9charger la brochure Vaisselle r\u00e9utilisable FRIES<\/a><\/h4>\n<\/div><div class=\"fusion-clearfix\"><\/div><\/div><\/div><div class=\"fusion-layout-column fusion_builder_column fusion-builder-column-2 fusion_builder_column_1_1 1_1 fusion-one-full fusion-column-first fusion-column-last fusion-column-no-min-height\" style=\"--awb-bg-size:cover;--awb-margin-bottom:0px;\"><div class=\"fusion-column-wrapper fusion-flex-column-wrapper-legacy\"><div class=\"fusion-sep-clear\"><\/div><div class=\"fusion-separator fusion-full-width-sep\" style=\"margin-left: auto;margin-right: auto;width:100%;\"><\/div><div class=\"fusion-sep-clear\"><\/div><div class=\"fusion-clearfix\"><\/div><\/div><\/div><\/div><\/div><div class=\"fusion-fullwidth fullwidth-box fusion-builder-row-2 fusion-flex-container nonhundred-percent-fullwidth non-hundred-percent-height-scrolling\" style=\"--awb-border-radius-top-left:0px;--awb-border-radius-top-right:0px;--awb-border-radius-bottom-right:0px;--awb-border-radius-bottom-left:0px;--awb-flex-wrap:wrap;\" ><div class=\"fusion-builder-row fusion-row fusion-flex-align-items-flex-start fusion-flex-content-wrap\" style=\"max-width:1144px;margin-left: calc(-4% \/ 2 );margin-right: calc(-4% \/ 2 );\"><div class=\"fusion-layout-column fusion_builder_column fusion-builder-column-3 fusion_builder_column_1_3 1_3 fusion-flex-column\" style=\"--awb-bg-size:cover;--awb-width-large:33.333333333333%;--awb-margin-top-large:0px;--awb-spacing-right-large:5.76%;--awb-margin-bottom-large:20px;--awb-spacing-left-large:5.76%;--awb-width-medium:100%;--awb-order-medium:0;--awb-spacing-right-medium:1.92%;--awb-spacing-left-medium:1.92%;--awb-width-small:100%;--awb-order-small:0;--awb-spacing-right-small:1.92%;--awb-spacing-left-small:1.92%;\"><div class=\"fusion-column-wrapper fusion-column-has-shadow fusion-flex-justify-content-flex-start fusion-content-layout-column\"><div class=\"fusion-image-element \" style=\"--awb-caption-title-font-family:var(--h2_typography-font-family);--awb-caption-title-font-weight:var(--h2_typography-font-weight);--awb-caption-title-font-style:var(--h2_typography-font-style);--awb-caption-title-size:var(--h2_typography-font-size);--awb-caption-title-transform:var(--h2_typography-text-transform);--awb-caption-title-line-height:var(--h2_typography-line-height);--awb-caption-title-letter-spacing:var(--h2_typography-letter-spacing);\"><span class=\" fusion-imageframe imageframe-none imageframe-2 hover-type-none\"><a class=\"fusion-no-lightbox\" href=\"https:\/\/fries.iphos.at\/produits\/gastronomie\/vaisselle-reutilisable\/assiettes-reutilisables\/?lang=fr\" target=\"_self\" aria-label=\"Teller\"><img decoding=\"async\" width=\"587\" height=\"567\" src=\"https:\/\/fries.iphos.at\/wp-content\/uploads\/Teller.png\" alt class=\"img-responsive wp-image-38540\" srcset=\"https:\/\/fries.iphos.at\/wp-content\/uploads\/Teller-200x193.png 200w, https:\/\/fries.iphos.at\/wp-content\/uploads\/Teller-400x386.png 400w, https:\/\/fries.iphos.at\/wp-content\/uploads\/Teller.png 587w\" sizes=\"(max-width: 1024px) 100vw, (max-width: 1455px) 100vw, 400px\" \/><\/a><\/span><\/div><div class=\"fusion-text fusion-text-2 color-gastro blau\" style=\"--awb-text-transform:none;\"><h4 style=\"text-align: left;\"><a href=\"https:\/\/fries.iphos.at\/produits\/gastronomie\/vaisselle-reutilisable\/assiettes-reutilisables\/?lang=fr\">Assiettes r\u00e9utilisables<\/a><\/h4>\n<\/div><\/div><\/div><div class=\"fusion-layout-column fusion_builder_column fusion-builder-column-4 fusion_builder_column_1_3 1_3 fusion-flex-column\" style=\"--awb-bg-size:cover;--awb-width-large:33.333333333333%;--awb-margin-top-large:0px;--awb-spacing-right-large:5.76%;--awb-margin-bottom-large:20px;--awb-spacing-left-large:5.76%;--awb-width-medium:100%;--awb-order-medium:0;--awb-spacing-right-medium:1.92%;--awb-spacing-left-medium:1.92%;--awb-width-small:100%;--awb-order-small:0;--awb-spacing-right-small:1.92%;--awb-spacing-left-small:1.92%;\"><div class=\"fusion-column-wrapper fusion-column-has-shadow fusion-flex-justify-content-flex-start fusion-content-layout-column\"><div class=\"fusion-image-element \" style=\"--awb-caption-title-font-family:var(--h2_typography-font-family);--awb-caption-title-font-weight:var(--h2_typography-font-weight);--awb-caption-title-font-style:var(--h2_typography-font-style);--awb-caption-title-size:var(--h2_typography-font-size);--awb-caption-title-transform:var(--h2_typography-text-transform);--awb-caption-title-line-height:var(--h2_typography-line-height);--awb-caption-title-letter-spacing:var(--h2_typography-letter-spacing);\"><span class=\" fusion-imageframe imageframe-none imageframe-3 hover-type-none\"><a class=\"fusion-no-lightbox\" href=\"https:\/\/fries.iphos.at\/produits\/gastronomie\/vaisselle-reutilisable\/bols-reutilisables\/?lang=fr\" target=\"_self\" aria-label=\"Mehrwegbowls_fries\"><img decoding=\"async\" width=\"587\" height=\"567\" src=\"https:\/\/fries.iphos.at\/wp-content\/uploads\/Mehrwegbowls_fries.png\" alt class=\"img-responsive wp-image-38542\" srcset=\"https:\/\/fries.iphos.at\/wp-content\/uploads\/Mehrwegbowls_fries-200x193.png 200w, https:\/\/fries.iphos.at\/wp-content\/uploads\/Mehrwegbowls_fries-400x386.png 400w, https:\/\/fries.iphos.at\/wp-content\/uploads\/Mehrwegbowls_fries.png 587w\" sizes=\"(max-width: 1024px) 100vw, (max-width: 1455px) 100vw, 400px\" \/><\/a><\/span><\/div><div class=\"fusion-text fusion-text-3 color-gastro blau\" style=\"--awb-text-transform:none;\"><h4><a href=\"https:\/\/fries.iphos.at\/produits\/gastronomie\/vaisselle-reutilisable\/bols-reutilisables\/?lang=fr\">Bols r\u00e9utilisables<\/a><\/h4>\n<\/div><\/div><\/div><div class=\"fusion-layout-column fusion_builder_column fusion-builder-column-5 fusion_builder_column_1_3 1_3 fusion-flex-column\" style=\"--awb-bg-size:cover;--awb-width-large:33.333333333333%;--awb-margin-top-large:0px;--awb-spacing-right-large:5.76%;--awb-margin-bottom-large:20px;--awb-spacing-left-large:5.76%;--awb-width-medium:100%;--awb-order-medium:0;--awb-spacing-right-medium:1.92%;--awb-spacing-left-medium:1.92%;--awb-width-small:100%;--awb-order-small:0;--awb-spacing-right-small:1.92%;--awb-spacing-left-small:1.92%;\"><div class=\"fusion-column-wrapper fusion-column-has-shadow fusion-flex-justify-content-flex-start fusion-content-layout-column\"><div class=\"fusion-image-element \" style=\"--awb-caption-title-font-family:var(--h2_typography-font-family);--awb-caption-title-font-weight:var(--h2_typography-font-weight);--awb-caption-title-font-style:var(--h2_typography-font-style);--awb-caption-title-size:var(--h2_typography-font-size);--awb-caption-title-transform:var(--h2_typography-text-transform);--awb-caption-title-line-height:var(--h2_typography-line-height);--awb-caption-title-letter-spacing:var(--h2_typography-letter-spacing);\"><span class=\" fusion-imageframe imageframe-none imageframe-4 hover-type-none\"><a class=\"fusion-no-lightbox\" href=\"https:\/\/fries.iphos.at\/produits\/gastronomie\/vaisselle-reutilisable\/barquette-a-frites-et-assiette-a-snacks\/?lang=fr\" target=\"_self\" aria-label=\"Snack-und-Pommes_weiss\"><img decoding=\"async\" width=\"587\" height=\"567\" src=\"https:\/\/fries.iphos.at\/wp-content\/uploads\/Snack-und-Pommes_weiss.png\" alt class=\"img-responsive wp-image-38844\" srcset=\"https:\/\/fries.iphos.at\/wp-content\/uploads\/Snack-und-Pommes_weiss-200x193.png 200w, https:\/\/fries.iphos.at\/wp-content\/uploads\/Snack-und-Pommes_weiss-400x386.png 400w, https:\/\/fries.iphos.at\/wp-content\/uploads\/Snack-und-Pommes_weiss.png 587w\" sizes=\"(max-width: 1024px) 100vw, (max-width: 1455px) 100vw, 400px\" \/><\/a><\/span><\/div><div class=\"fusion-text fusion-text-4 color-gastro blau\" style=\"--awb-text-transform:none;\"><h4><a href=\"https:\/\/fries.iphos.at\/produits\/gastronomie\/vaisselle-reutilisable\/barquette-a-frites-et-assiette-a-snacks\/?lang=fr\">Barquette \u00e0 frites &amp; assiette \u00e0 snacks<\/a><\/h4>\n<\/div><\/div><\/div><div class=\"fusion-layout-column fusion_builder_column fusion-builder-column-6 fusion_builder_column_1_3 1_3 fusion-flex-column\" style=\"--awb-bg-size:cover;--awb-width-large:33.333333333333%;--awb-margin-top-large:0px;--awb-spacing-right-large:5.76%;--awb-margin-bottom-large:20px;--awb-spacing-left-large:5.76%;--awb-width-medium:100%;--awb-order-medium:0;--awb-spacing-right-medium:1.92%;--awb-spacing-left-medium:1.92%;--awb-width-small:100%;--awb-order-small:0;--awb-spacing-right-small:1.92%;--awb-spacing-left-small:1.92%;\"><div class=\"fusion-column-wrapper fusion-column-has-shadow fusion-flex-justify-content-flex-start fusion-content-layout-column\"><div class=\"fusion-image-element \" style=\"--awb-caption-title-font-family:var(--h2_typography-font-family);--awb-caption-title-font-weight:var(--h2_typography-font-weight);--awb-caption-title-font-style:var(--h2_typography-font-style);--awb-caption-title-size:var(--h2_typography-font-size);--awb-caption-title-transform:var(--h2_typography-text-transform);--awb-caption-title-line-height:var(--h2_typography-line-height);--awb-caption-title-letter-spacing:var(--h2_typography-letter-spacing);\"><span class=\" fusion-imageframe imageframe-none imageframe-5 hover-type-none\"><a class=\"fusion-no-lightbox\" href=\"https:\/\/fries.iphos.at\/produits\/gastronomie\/vaisselle-reutilisable\/couverts\/?lang=fr\" target=\"_self\" aria-label=\"Besteck2\"><img decoding=\"async\" width=\"587\" height=\"567\" src=\"https:\/\/fries.iphos.at\/wp-content\/uploads\/Besteck2-1.png\" alt class=\"img-responsive wp-image-38550\" srcset=\"https:\/\/fries.iphos.at\/wp-content\/uploads\/Besteck2-1-200x193.png 200w, https:\/\/fries.iphos.at\/wp-content\/uploads\/Besteck2-1-400x386.png 400w, https:\/\/fries.iphos.at\/wp-content\/uploads\/Besteck2-1.png 587w\" sizes=\"(max-width: 1024px) 100vw, (max-width: 1455px) 100vw, 400px\" \/><\/a><\/span><\/div><div class=\"fusion-text fusion-text-5 color-gastro blau\" style=\"--awb-text-transform:none;\"><h4><a href=\"https:\/\/fries.iphos.at\/produits\/gastronomie\/vaisselle-reutilisable\/couverts\/?lang=fr\">Couverts r\u00e9utilisables<\/a><\/h4>\n<\/div><\/div><\/div><\/div><\/div><\/p>\n","protected":false},"excerpt":{"rendered":"","protected":false},"author":4,"featured_media":0,"parent":19854,"menu_order":0,"comment_status":"closed","ping_status":"closed","template":"","meta":{"_acf_changed":false,"footnotes":""},"class_list":["post-39901","page","type-page","status-publish","hentry"],"acf":[],"yoast_head":"<!-- This site is optimized with the Yoast SEO plugin v26.8 - https:\/\/yoast.com\/product\/yoast-seo-wordpress\/ -->\n<title>Vaisselle r\u00e9utilisable en plastique | Id\u00e9al pour votre \u00e9v\u00e9nement | FRIES Rack<\/title>\n<meta name=\"description\" content=\"D\u00e9couvrez la gamme de vaisselle r\u00e9utilisable durable \u2714diff\u00e9rentes tailles &amp; finitions \u2714personnalisation possible \u2714\" \/>\n<meta name=\"robots\" content=\"noindex, follow, max-snippet:-1, max-image-preview:large, max-video-preview:-1\" \/>\n<meta name=\"twitter:label1\" content=\"Dur\u00e9e de lecture estim\u00e9e\" \/>\n\t<meta name=\"twitter:data1\" content=\"2 minutes\" \/>\n<script type=\"application\/ld+json\" class=\"yoast-schema-graph\">{\"@context\":\"https:\/\/schema.org\",\"@graph\":[{\"@type\":\"WebPage\",\"@id\":\"https:\/\/fries.iphos.at\/produits\/gastronomie\/vaisselle-reutilisable\/?lang=fr\",\"url\":\"https:\/\/fries.iphos.at\/produits\/gastronomie\/vaisselle-reutilisable\/?lang=fr\",\"name\":\"Vaisselle r\u00e9utilisable en plastique | Id\u00e9al pour votre \u00e9v\u00e9nement | FRIES Rack\",\"isPartOf\":{\"@id\":\"https:\/\/fries.iphos.at\/#website\"},\"datePublished\":\"2022-12-20T10:26:03+00:00\",\"dateModified\":\"2025-10-07T06:46:17+00:00\",\"description\":\"D\u00e9couvrez la gamme de vaisselle r\u00e9utilisable durable \u2714diff\u00e9rentes tailles & finitions \u2714personnalisation possible \u2714\",\"breadcrumb\":{\"@id\":\"https:\/\/fries.iphos.at\/produits\/gastronomie\/vaisselle-reutilisable\/?lang=fr#breadcrumb\"},\"inLanguage\":\"fr-FR\",\"potentialAction\":[{\"@type\":\"ReadAction\",\"target\":[\"https:\/\/fries.iphos.at\/produits\/gastronomie\/vaisselle-reutilisable\/?lang=fr\"]}]},{\"@type\":\"BreadcrumbList\",\"@id\":\"https:\/\/fries.iphos.at\/produits\/gastronomie\/vaisselle-reutilisable\/?lang=fr#breadcrumb\",\"itemListElement\":[{\"@type\":\"ListItem\",\"position\":1,\"name\":\"Home\",\"item\":\"https:\/\/fries.iphos.at\/?lang=fr\"},{\"@type\":\"ListItem\",\"position\":2,\"name\":\"Produits\",\"item\":\"https:\/\/fries.iphos.at\/produits\/?lang=fr\"},{\"@type\":\"ListItem\",\"position\":3,\"name\":\"Syst\u00e8mes de restauration\",\"item\":\"https:\/\/fries.iphos.at\/produits\/gastronomie\/?lang=fr\"},{\"@type\":\"ListItem\",\"position\":4,\"name\":\"Vaisselle r\u00e9utilisable\"}]},{\"@type\":\"WebSite\",\"@id\":\"https:\/\/fries.iphos.at\/#website\",\"url\":\"https:\/\/fries.iphos.at\/\",\"name\":\"FRIES\",\"description\":\"\",\"publisher\":{\"@id\":\"https:\/\/fries.iphos.at\/#organization\"},\"potentialAction\":[{\"@type\":\"SearchAction\",\"target\":{\"@type\":\"EntryPoint\",\"urlTemplate\":\"https:\/\/fries.iphos.at\/?s={search_term_string}\"},\"query-input\":{\"@type\":\"PropertyValueSpecification\",\"valueRequired\":true,\"valueName\":\"search_term_string\"}}],\"inLanguage\":\"fr-FR\"},{\"@type\":\"Organization\",\"@id\":\"https:\/\/fries.iphos.at\/#organization\",\"name\":\"FRIES Kunststofftechnik GmbH\",\"url\":\"https:\/\/fries.iphos.at\/\",\"logo\":{\"@type\":\"ImageObject\",\"inLanguage\":\"fr-FR\",\"@id\":\"https:\/\/fries.iphos.at\/#\/schema\/logo\/image\/\",\"url\":\"https:\/\/fries.iphos.at\/wp-content\/uploads\/fries-logo.png\",\"contentUrl\":\"https:\/\/fries.iphos.at\/wp-content\/uploads\/fries-logo.png\",\"width\":120,\"height\":60,\"caption\":\"FRIES Kunststofftechnik GmbH\"},\"image\":{\"@id\":\"https:\/\/fries.iphos.at\/#\/schema\/logo\/image\/\"},\"sameAs\":[\"https:\/\/www.facebook.com\/FRIESKunststofftechnik\/\",\"https:\/\/www.youtube.com\/channel\/UCc2UgnWJ9Y_-pIXbDIek7wQ\"]}]}<\/script>\n<!-- \/ Yoast SEO plugin. -->","yoast_head_json":{"title":"Vaisselle r\u00e9utilisable en plastique | Id\u00e9al pour votre \u00e9v\u00e9nement | FRIES Rack","description":"D\u00e9couvrez la gamme de vaisselle r\u00e9utilisable durable \u2714diff\u00e9rentes tailles & finitions \u2714personnalisation possible \u2714","robots":{"index":"noindex","follow":"follow","max-snippet":"max-snippet:-1","max-image-preview":"max-image-preview:large","max-video-preview":"max-video-preview:-1"},"twitter_misc":{"Dur\u00e9e de lecture estim\u00e9e":"2 minutes"},"schema":{"@context":"https:\/\/schema.org","@graph":[{"@type":"WebPage","@id":"https:\/\/fries.iphos.at\/produits\/gastronomie\/vaisselle-reutilisable\/?lang=fr","url":"https:\/\/fries.iphos.at\/produits\/gastronomie\/vaisselle-reutilisable\/?lang=fr","name":"Vaisselle r\u00e9utilisable en plastique | Id\u00e9al pour votre \u00e9v\u00e9nement | FRIES Rack","isPartOf":{"@id":"https:\/\/fries.iphos.at\/#website"},"datePublished":"2022-12-20T10:26:03+00:00","dateModified":"2025-10-07T06:46:17+00:00","description":"D\u00e9couvrez la gamme de vaisselle r\u00e9utilisable durable \u2714diff\u00e9rentes tailles & finitions \u2714personnalisation possible \u2714","breadcrumb":{"@id":"https:\/\/fries.iphos.at\/produits\/gastronomie\/vaisselle-reutilisable\/?lang=fr#breadcrumb"},"inLanguage":"fr-FR","potentialAction":[{"@type":"ReadAction","target":["https:\/\/fries.iphos.at\/produits\/gastronomie\/vaisselle-reutilisable\/?lang=fr"]}]},{"@type":"BreadcrumbList","@id":"https:\/\/fries.iphos.at\/produits\/gastronomie\/vaisselle-reutilisable\/?lang=fr#breadcrumb","itemListElement":[{"@type":"ListItem","position":1,"name":"Home","item":"https:\/\/fries.iphos.at\/?lang=fr"},{"@type":"ListItem","position":2,"name":"Produits","item":"https:\/\/fries.iphos.at\/produits\/?lang=fr"},{"@type":"ListItem","position":3,"name":"Syst\u00e8mes de restauration","item":"https:\/\/fries.iphos.at\/produits\/gastronomie\/?lang=fr"},{"@type":"ListItem","position":4,"name":"Vaisselle r\u00e9utilisable"}]},{"@type":"WebSite","@id":"https:\/\/fries.iphos.at\/#website","url":"https:\/\/fries.iphos.at\/","name":"FRIES","description":"","publisher":{"@id":"https:\/\/fries.iphos.at\/#organization"},"potentialAction":[{"@type":"SearchAction","target":{"@type":"EntryPoint","urlTemplate":"https:\/\/fries.iphos.at\/?s={search_term_string}"},"query-input":{"@type":"PropertyValueSpecification","valueRequired":true,"valueName":"search_term_string"}}],"inLanguage":"fr-FR"},{"@type":"Organization","@id":"https:\/\/fries.iphos.at\/#organization","name":"FRIES Kunststofftechnik GmbH","url":"https:\/\/fries.iphos.at\/","logo":{"@type":"ImageObject","inLanguage":"fr-FR","@id":"https:\/\/fries.iphos.at\/#\/schema\/logo\/image\/","url":"https:\/\/fries.iphos.at\/wp-content\/uploads\/fries-logo.png","contentUrl":"https:\/\/fries.iphos.at\/wp-content\/uploads\/fries-logo.png","width":120,"height":60,"caption":"FRIES Kunststofftechnik GmbH"},"image":{"@id":"https:\/\/fries.iphos.at\/#\/schema\/logo\/image\/"},"sameAs":["https:\/\/www.facebook.com\/FRIESKunststofftechnik\/","https:\/\/www.youtube.com\/channel\/UCc2UgnWJ9Y_-pIXbDIek7wQ"]}]}},"_links":{"self":[{"href":"https:\/\/fries.iphos.at\/fr\/wp-json\/wp\/v2\/pages\/39901","targetHints":{"allow":["GET"]}}],"collection":[{"href":"https:\/\/fries.iphos.at\/fr\/wp-json\/wp\/v2\/pages"}],"about":[{"href":"https:\/\/fries.iphos.at\/fr\/wp-json\/wp\/v2\/types\/page"}],"author":[{"embeddable":true,"href":"https:\/\/fries.iphos.at\/fr\/wp-json\/wp\/v2\/users\/4"}],"replies":[{"embeddable":true,"href":"https:\/\/fries.iphos.at\/fr\/wp-json\/wp\/v2\/comments?post=39901"}],"version-history":[{"count":9,"href":"https:\/\/fries.iphos.at\/fr\/wp-json\/wp\/v2\/pages\/39901\/revisions"}],"predecessor-version":[{"id":70736,"href":"https:\/\/fries.iphos.at\/fr\/wp-json\/wp\/v2\/pages\/39901\/revisions\/70736"}],"up":[{"embeddable":true,"href":"https:\/\/fries.iphos.at\/fr\/wp-json\/wp\/v2\/pages\/19854"}],"wp:attachment":[{"href":"https:\/\/fries.iphos.at\/fr\/wp-json\/wp\/v2\/media?parent=39901"}],"curies":[{"name":"wp","href":"https:\/\/api.w.org\/{rel}","templated":true}]}}