{"id":39837,"date":"2022-12-20T12:48:26","date_gmt":"2022-12-20T10:48:26","guid":{"rendered":"https:\/\/fries.iphos.at\/pommesschale-snackteller\/pommesschale\/"},"modified":"2024-10-15T08:48:00","modified_gmt":"2024-10-15T06:48:00","slug":"barquette-a-frites","status":"publish","type":"page","link":"https:\/\/fries.iphos.at\/fr\/produits\/gastronomie\/vaisselle-reutilisable\/barquette-a-frites-et-assiette-a-snacks\/barquette-a-frites\/","title":{"rendered":"Barquette \u00e0 frites"},"content":{"rendered":"<p><div class=\"fusion-fullwidth fullwidth-box fusion-builder-row-1 nonhundred-percent-fullwidth non-hundred-percent-height-scrolling\" style=\"--awb-border-radius-top-left:0px;--awb-border-radius-top-right:0px;--awb-border-radius-bottom-right:0px;--awb-border-radius-bottom-left:0px;--awb-margin-top:4px;--awb-flex-wrap:wrap;\" ><div class=\"fusion-builder-row fusion-row\"><div class=\"fusion-layout-column fusion_builder_column fusion-builder-column-0 fusion_builder_column_1_3 1_3 fusion-one-third fusion-column-first\" style=\"--awb-bg-size:cover;width:33.333333333333%;width:calc(33.333333333333% - ( ( 4% ) * 0.33333333333333 ) );margin-right: 4%;\"><div class=\"fusion-column-wrapper fusion-column-has-shadow fusion-flex-column-wrapper-legacy\"><div class=\"fusion-image-element in-legacy-container\" style=\"--awb-caption-title-font-family:var(--h2_typography-font-family);--awb-caption-title-font-weight:var(--h2_typography-font-weight);--awb-caption-title-font-style:var(--h2_typography-font-style);--awb-caption-title-size:var(--h2_typography-font-size);--awb-caption-title-transform:var(--h2_typography-text-transform);--awb-caption-title-line-height:var(--h2_typography-line-height);--awb-caption-title-letter-spacing:var(--h2_typography-letter-spacing);\"><span class=\" fusion-imageframe imageframe-none imageframe-1 hover-type-none\"><img decoding=\"async\" width=\"242\" height=\"150\" title=\"Fries rack Logo\" src=\"https:\/\/fries.iphos.at\/wp-content\/uploads\/Fries-rack-logo-website3.png\" alt class=\"img-responsive wp-image-39977\"\/><\/span><\/div><div class=\"fusion-clearfix\"><\/div><\/div><\/div><div class=\"fusion-layout-column fusion_builder_column fusion-builder-column-1 fusion_builder_column_2_3 2_3 fusion-two-third fusion-column-last\" style=\"--awb-bg-size:cover;width:66.666666666667%;width:calc(66.666666666667% - ( ( 4% ) * 0.66666666666667 ) );\"><div class=\"fusion-column-wrapper fusion-column-has-shadow fusion-flex-column-wrapper-legacy\"><div class=\"fusion-text fusion-text-1 color-gastro blau\" style=\"--awb-text-transform:none;\"><h1>Barquette \u00e0 frites<\/h1>\n<p>Pour les petits d\u00e9lices, les barquettes \u00e0 frites sont le meilleur choix. Que ce soit pour une saucisse au curry ou des frites, les barquettes en plastique ont \u00e9t\u00e9 con\u00e7ues en particulier pour les \u00e9v\u00e9nements et les manifestations. Les barquettes r\u00e9utilisables pour frites sont solides et esth\u00e9tiques.<\/p>\n<\/div><div class=\"fusion-clearfix\"><\/div><\/div><\/div><\/div><\/div><div class=\"fusion-fullwidth fullwidth-box fusion-builder-row-2 nonhundred-percent-fullwidth non-hundred-percent-height-scrolling\" style=\"--awb-background-position:left top;--awb-border-radius-top-left:0px;--awb-border-radius-top-right:0px;--awb-border-radius-bottom-right:0px;--awb-border-radius-bottom-left:0px;--awb-padding-top:20px;--awb-padding-right:0px;--awb-padding-bottom:20px;--awb-padding-left:0px;--awb-border-sizes-top:0px;--awb-border-sizes-bottom:0px;--awb-flex-wrap:wrap;\" ><div class=\"fusion-builder-row fusion-row\"><div class=\"fusion-layout-column fusion_builder_column fusion-builder-column-2 fusion_builder_column_1_3 1_3 fusion-one-third fusion-column-first\" style=\"--awb-bg-size:cover;width:30.6666%; margin-right: 4%;\"><div class=\"fusion-column-wrapper fusion-flex-column-wrapper-legacy\"><div class=\"fusion-image-element in-legacy-container\" style=\"--awb-max-width:242px;--awb-caption-title-font-family:var(--h2_typography-font-family);--awb-caption-title-font-weight:var(--h2_typography-font-weight);--awb-caption-title-font-style:var(--h2_typography-font-style);--awb-caption-title-size:var(--h2_typography-font-size);--awb-caption-title-transform:var(--h2_typography-text-transform);--awb-caption-title-line-height:var(--h2_typography-line-height);--awb-caption-title-letter-spacing:var(--h2_typography-letter-spacing);\"><span class=\" fusion-imageframe imageframe-none imageframe-2 hover-type-none\"><a href=\"https:\/\/fries.iphos.at\/wp-content\/uploads\/Pommesschale.png\" class=\"fusion-lightbox\" data-rel=\"iLightbox[b4b6f3df0abdb427780]\" data-title=\"Pommesschale\" title=\"Pommesschale\"><img decoding=\"async\" width=\"250\" height=\"250\" src=\"https:\/\/fries.iphos.at\/wp-content\/uploads\/Pommesschale.png\" alt class=\"img-responsive wp-image-39925\" srcset=\"https:\/\/fries.iphos.at\/wp-content\/uploads\/Pommesschale-200x200.png 200w, https:\/\/fries.iphos.at\/wp-content\/uploads\/Pommesschale.png 250w\" sizes=\"(max-width: 0px) 100vw, 250px\" \/><\/a><\/span><\/div><div class=\"fusion-text fusion-text-2 color-gastro blau\" style=\"--awb-text-transform:none;\"><h4><a href=\"https:\/\/fries.iphos.at\/wp-content\/uploads\/FR_2024_Prospekt_Mehrweggeschirr_FRIES_web.pdf\" target=\"_blank\" rel=\"noopener\">T\u00e9l\u00e9charger la brochure<\/a><\/h4>\n<\/div><div class=\"fusion-alignleft\"><a class=\"fusion-button button-flat fusion-button-default-size button-custom fusion-button-default button-1 fusion-button-default-span fusion-button-default-type color-verpackung\" style=\"--button_accent_color:#ffffff;--button_border_color:#143a84;--button_accent_hover_color:#ffffff;--button_border_hover_color:#143a84;--button_gradient_top_color:#143a84;--button_gradient_bottom_color:#143a84;--button_gradient_top_color_hover:#143a84;--button_gradient_bottom_color_hover:#143a84;--button_text_transform:none;--button_margin-top:20px;--button_margin-bottom:20px;\" target=\"_self\" href=\"https:\/\/fries.iphos.at\/contact\/?lang=fr&amp;your-subject=Anfrage Pommesschale\"><span class=\"fusion-button-text awb-button__text awb-button__text--default\">Demander maintenant<\/span><\/a><\/div><div class=\"fusion-clearfix\"><\/div><\/div><\/div><div class=\"fusion-layout-column fusion_builder_column fusion-builder-column-3 fusion_builder_column_2_3 2_3 fusion-two-third fusion-column-last\" style=\"--awb-bg-size:cover;width:65.3333%;\"><div class=\"fusion-column-wrapper fusion-flex-column-wrapper-legacy\"><div class=\"fusion-text fusion-text-3 color-gastro blau\" style=\"--awb-text-transform:none;\"><p><strong>Les avantages\u00a0:<\/strong><\/p>\n<ul>\n<li>Barquette r\u00e9utilisable en polypropyl\u00e8ne de haute qualit\u00e9<\/li>\n<li>faible poids<\/li>\n<li>ind\u00e9formable<\/li>\n<li>incassable<\/li>\n<li>Empilable et peu encombrant<\/li>\n<li>disponible en blanc pur, noir et vert clair<\/li>\n<li>autres couleurs sur demande<\/li>\n<li>sur demande avec tampographie<\/li>\n<\/ul>\n<\/div><div class=\"fusion-clearfix\"><\/div><\/div><\/div><\/div><\/div><\/p>\n","protected":false},"excerpt":{"rendered":"","protected":false},"author":4,"featured_media":0,"parent":39813,"menu_order":0,"comment_status":"closed","ping_status":"closed","template":"","meta":{"_acf_changed":false,"footnotes":""},"class_list":["post-39837","page","type-page","status-publish","hentry"],"acf":[],"yoast_head":"<!-- This site is optimized with the Yoast SEO plugin v26.8 - https:\/\/yoast.com\/product\/yoast-seo-wordpress\/ -->\n<title>Barquette \u00e0 frites | Barquette en plastique pour votre \u00e9v\u00e9nement | FRIES Rack<\/title>\n<meta name=\"description\" content=\"D\u00e9couvrez les frites - Barquette r\u00e9utilisable en plastique de haute qualit\u00e9 \u25b6Impression possible \u25b6Empilable et peu encombrant\" \/>\n<meta name=\"robots\" content=\"noindex, follow, max-snippet:-1, max-image-preview:large, max-video-preview:-1\" \/>\n<meta name=\"twitter:label1\" content=\"Dur\u00e9e de lecture estim\u00e9e\" \/>\n\t<meta name=\"twitter:data1\" content=\"1 minute\" \/>\n<script type=\"application\/ld+json\" class=\"yoast-schema-graph\">{\"@context\":\"https:\/\/schema.org\",\"@graph\":[{\"@type\":\"WebPage\",\"@id\":\"https:\/\/fries.iphos.at\/produits\/gastronomie\/vaisselle-reutilisable\/barquette-a-frites-et-assiette-a-snacks\/barquette-a-frites\/?lang=fr\",\"url\":\"https:\/\/fries.iphos.at\/produits\/gastronomie\/vaisselle-reutilisable\/barquette-a-frites-et-assiette-a-snacks\/barquette-a-frites\/?lang=fr\",\"name\":\"Barquette \u00e0 frites | Barquette en plastique pour votre \u00e9v\u00e9nement | FRIES Rack\",\"isPartOf\":{\"@id\":\"https:\/\/fries.iphos.at\/#website\"},\"datePublished\":\"2022-12-20T10:48:26+00:00\",\"dateModified\":\"2024-10-15T06:48:00+00:00\",\"description\":\"D\u00e9couvrez les frites - Barquette r\u00e9utilisable en plastique de haute qualit\u00e9 \u25b6Impression possible \u25b6Empilable et peu encombrant\",\"breadcrumb\":{\"@id\":\"https:\/\/fries.iphos.at\/produits\/gastronomie\/vaisselle-reutilisable\/barquette-a-frites-et-assiette-a-snacks\/barquette-a-frites\/?lang=fr#breadcrumb\"},\"inLanguage\":\"fr-FR\",\"potentialAction\":[{\"@type\":\"ReadAction\",\"target\":[\"https:\/\/fries.iphos.at\/produits\/gastronomie\/vaisselle-reutilisable\/barquette-a-frites-et-assiette-a-snacks\/barquette-a-frites\/?lang=fr\"]}]},{\"@type\":\"BreadcrumbList\",\"@id\":\"https:\/\/fries.iphos.at\/produits\/gastronomie\/vaisselle-reutilisable\/barquette-a-frites-et-assiette-a-snacks\/barquette-a-frites\/?lang=fr#breadcrumb\",\"itemListElement\":[{\"@type\":\"ListItem\",\"position\":1,\"name\":\"Home\",\"item\":\"https:\/\/fries.iphos.at\/?lang=fr\"},{\"@type\":\"ListItem\",\"position\":2,\"name\":\"Produits\",\"item\":\"https:\/\/fries.iphos.at\/produits\/?lang=fr\"},{\"@type\":\"ListItem\",\"position\":3,\"name\":\"Syst\u00e8mes de restauration\",\"item\":\"https:\/\/fries.iphos.at\/produits\/gastronomie\/?lang=fr\"},{\"@type\":\"ListItem\",\"position\":4,\"name\":\"Vaisselle r\u00e9utilisable\",\"item\":\"https:\/\/fries.iphos.at\/produits\/gastronomie\/vaisselle-reutilisable\/?lang=fr\"},{\"@type\":\"ListItem\",\"position\":5,\"name\":\"Barquette \u00e0 frites et assiette \u00e0 snacks\",\"item\":\"https:\/\/fries.iphos.at\/produits\/gastronomie\/vaisselle-reutilisable\/barquette-a-frites-et-assiette-a-snacks\/?lang=fr\"},{\"@type\":\"ListItem\",\"position\":6,\"name\":\"Barquette \u00e0 frites\"}]},{\"@type\":\"WebSite\",\"@id\":\"https:\/\/fries.iphos.at\/#website\",\"url\":\"https:\/\/fries.iphos.at\/\",\"name\":\"FRIES\",\"description\":\"\",\"publisher\":{\"@id\":\"https:\/\/fries.iphos.at\/#organization\"},\"potentialAction\":[{\"@type\":\"SearchAction\",\"target\":{\"@type\":\"EntryPoint\",\"urlTemplate\":\"https:\/\/fries.iphos.at\/?s={search_term_string}\"},\"query-input\":{\"@type\":\"PropertyValueSpecification\",\"valueRequired\":true,\"valueName\":\"search_term_string\"}}],\"inLanguage\":\"fr-FR\"},{\"@type\":\"Organization\",\"@id\":\"https:\/\/fries.iphos.at\/#organization\",\"name\":\"FRIES Kunststofftechnik GmbH\",\"url\":\"https:\/\/fries.iphos.at\/\",\"logo\":{\"@type\":\"ImageObject\",\"inLanguage\":\"fr-FR\",\"@id\":\"https:\/\/fries.iphos.at\/#\/schema\/logo\/image\/\",\"url\":\"https:\/\/fries.iphos.at\/wp-content\/uploads\/fries-logo.png\",\"contentUrl\":\"https:\/\/fries.iphos.at\/wp-content\/uploads\/fries-logo.png\",\"width\":120,\"height\":60,\"caption\":\"FRIES Kunststofftechnik GmbH\"},\"image\":{\"@id\":\"https:\/\/fries.iphos.at\/#\/schema\/logo\/image\/\"},\"sameAs\":[\"https:\/\/www.facebook.com\/FRIESKunststofftechnik\/\",\"https:\/\/www.youtube.com\/channel\/UCc2UgnWJ9Y_-pIXbDIek7wQ\"]}]}<\/script>\n<!-- \/ Yoast SEO plugin. -->","yoast_head_json":{"title":"Barquette \u00e0 frites | Barquette en plastique pour votre \u00e9v\u00e9nement | FRIES Rack","description":"D\u00e9couvrez les frites - Barquette r\u00e9utilisable en plastique de haute qualit\u00e9 \u25b6Impression possible \u25b6Empilable et peu encombrant","robots":{"index":"noindex","follow":"follow","max-snippet":"max-snippet:-1","max-image-preview":"max-image-preview:large","max-video-preview":"max-video-preview:-1"},"twitter_misc":{"Dur\u00e9e de lecture estim\u00e9e":"1 minute"},"schema":{"@context":"https:\/\/schema.org","@graph":[{"@type":"WebPage","@id":"https:\/\/fries.iphos.at\/produits\/gastronomie\/vaisselle-reutilisable\/barquette-a-frites-et-assiette-a-snacks\/barquette-a-frites\/?lang=fr","url":"https:\/\/fries.iphos.at\/produits\/gastronomie\/vaisselle-reutilisable\/barquette-a-frites-et-assiette-a-snacks\/barquette-a-frites\/?lang=fr","name":"Barquette \u00e0 frites | Barquette en plastique pour votre \u00e9v\u00e9nement | FRIES Rack","isPartOf":{"@id":"https:\/\/fries.iphos.at\/#website"},"datePublished":"2022-12-20T10:48:26+00:00","dateModified":"2024-10-15T06:48:00+00:00","description":"D\u00e9couvrez les frites - Barquette r\u00e9utilisable en plastique de haute qualit\u00e9 \u25b6Impression possible \u25b6Empilable et peu encombrant","breadcrumb":{"@id":"https:\/\/fries.iphos.at\/produits\/gastronomie\/vaisselle-reutilisable\/barquette-a-frites-et-assiette-a-snacks\/barquette-a-frites\/?lang=fr#breadcrumb"},"inLanguage":"fr-FR","potentialAction":[{"@type":"ReadAction","target":["https:\/\/fries.iphos.at\/produits\/gastronomie\/vaisselle-reutilisable\/barquette-a-frites-et-assiette-a-snacks\/barquette-a-frites\/?lang=fr"]}]},{"@type":"BreadcrumbList","@id":"https:\/\/fries.iphos.at\/produits\/gastronomie\/vaisselle-reutilisable\/barquette-a-frites-et-assiette-a-snacks\/barquette-a-frites\/?lang=fr#breadcrumb","itemListElement":[{"@type":"ListItem","position":1,"name":"Home","item":"https:\/\/fries.iphos.at\/?lang=fr"},{"@type":"ListItem","position":2,"name":"Produits","item":"https:\/\/fries.iphos.at\/produits\/?lang=fr"},{"@type":"ListItem","position":3,"name":"Syst\u00e8mes de restauration","item":"https:\/\/fries.iphos.at\/produits\/gastronomie\/?lang=fr"},{"@type":"ListItem","position":4,"name":"Vaisselle r\u00e9utilisable","item":"https:\/\/fries.iphos.at\/produits\/gastronomie\/vaisselle-reutilisable\/?lang=fr"},{"@type":"ListItem","position":5,"name":"Barquette \u00e0 frites et assiette \u00e0 snacks","item":"https:\/\/fries.iphos.at\/produits\/gastronomie\/vaisselle-reutilisable\/barquette-a-frites-et-assiette-a-snacks\/?lang=fr"},{"@type":"ListItem","position":6,"name":"Barquette \u00e0 frites"}]},{"@type":"WebSite","@id":"https:\/\/fries.iphos.at\/#website","url":"https:\/\/fries.iphos.at\/","name":"FRIES","description":"","publisher":{"@id":"https:\/\/fries.iphos.at\/#organization"},"potentialAction":[{"@type":"SearchAction","target":{"@type":"EntryPoint","urlTemplate":"https:\/\/fries.iphos.at\/?s={search_term_string}"},"query-input":{"@type":"PropertyValueSpecification","valueRequired":true,"valueName":"search_term_string"}}],"inLanguage":"fr-FR"},{"@type":"Organization","@id":"https:\/\/fries.iphos.at\/#organization","name":"FRIES Kunststofftechnik GmbH","url":"https:\/\/fries.iphos.at\/","logo":{"@type":"ImageObject","inLanguage":"fr-FR","@id":"https:\/\/fries.iphos.at\/#\/schema\/logo\/image\/","url":"https:\/\/fries.iphos.at\/wp-content\/uploads\/fries-logo.png","contentUrl":"https:\/\/fries.iphos.at\/wp-content\/uploads\/fries-logo.png","width":120,"height":60,"caption":"FRIES Kunststofftechnik GmbH"},"image":{"@id":"https:\/\/fries.iphos.at\/#\/schema\/logo\/image\/"},"sameAs":["https:\/\/www.facebook.com\/FRIESKunststofftechnik\/","https:\/\/www.youtube.com\/channel\/UCc2UgnWJ9Y_-pIXbDIek7wQ"]}]}},"_links":{"self":[{"href":"https:\/\/fries.iphos.at\/fr\/wp-json\/wp\/v2\/pages\/39837","targetHints":{"allow":["GET"]}}],"collection":[{"href":"https:\/\/fries.iphos.at\/fr\/wp-json\/wp\/v2\/pages"}],"about":[{"href":"https:\/\/fries.iphos.at\/fr\/wp-json\/wp\/v2\/types\/page"}],"author":[{"embeddable":true,"href":"https:\/\/fries.iphos.at\/fr\/wp-json\/wp\/v2\/users\/4"}],"replies":[{"embeddable":true,"href":"https:\/\/fries.iphos.at\/fr\/wp-json\/wp\/v2\/comments?post=39837"}],"version-history":[{"count":12,"href":"https:\/\/fries.iphos.at\/fr\/wp-json\/wp\/v2\/pages\/39837\/revisions"}],"predecessor-version":[{"id":53355,"href":"https:\/\/fries.iphos.at\/fr\/wp-json\/wp\/v2\/pages\/39837\/revisions\/53355"}],"up":[{"embeddable":true,"href":"https:\/\/fries.iphos.at\/fr\/wp-json\/wp\/v2\/pages\/39813"}],"wp:attachment":[{"href":"https:\/\/fries.iphos.at\/fr\/wp-json\/wp\/v2\/media?parent=39837"}],"curies":[{"name":"wp","href":"https:\/\/api.w.org\/{rel}","templated":true}]}}