{"id":39813,"date":"2022-12-20T12:37:26","date_gmt":"2022-12-20T10:37:26","guid":{"rendered":"https:\/\/fries.iphos.at\/pommesschale-snackteller\/"},"modified":"2023-01-23T12:52:25","modified_gmt":"2023-01-23T10:52:25","slug":"barquette-a-frites-et-assiette-a-snacks","status":"publish","type":"page","link":"https:\/\/fries.iphos.at\/fr\/produits\/gastronomie\/vaisselle-reutilisable\/barquette-a-frites-et-assiette-a-snacks\/","title":{"rendered":"Barquette \u00e0 frites et assiette \u00e0 snacks"},"content":{"rendered":"<p><div class=\"fusion-fullwidth fullwidth-box fusion-builder-row-1 nonhundred-percent-fullwidth non-hundred-percent-height-scrolling\" style=\"--awb-background-position:left top;--awb-border-radius-top-left:0px;--awb-border-radius-top-right:0px;--awb-border-radius-bottom-right:0px;--awb-border-radius-bottom-left:0px;--awb-padding-top:20px;--awb-padding-right:0px;--awb-padding-bottom:20px;--awb-padding-left:0px;--awb-border-sizes-top:0px;--awb-border-sizes-bottom:0px;--awb-flex-wrap:wrap;\" ><div class=\"fusion-builder-row fusion-row\"><div class=\"fusion-layout-column fusion_builder_column fusion-builder-column-0 fusion_builder_column_1_3 1_3 fusion-one-third fusion-column-first\" style=\"--awb-bg-size:cover;width:33.333333333333%;width:calc(33.333333333333% - ( ( 4% ) * 0.33333333333333 ) );margin-right: 4%;\"><div class=\"fusion-column-wrapper fusion-column-has-shadow fusion-flex-column-wrapper-legacy\"><div class=\"fusion-image-element in-legacy-container\" style=\"--awb-caption-title-font-family:var(--h2_typography-font-family);--awb-caption-title-font-weight:var(--h2_typography-font-weight);--awb-caption-title-font-style:var(--h2_typography-font-style);--awb-caption-title-size:var(--h2_typography-font-size);--awb-caption-title-transform:var(--h2_typography-text-transform);--awb-caption-title-line-height:var(--h2_typography-line-height);--awb-caption-title-letter-spacing:var(--h2_typography-letter-spacing);\"><span class=\" fusion-imageframe imageframe-none imageframe-1 hover-type-none\"><img decoding=\"async\" width=\"242\" height=\"150\" title=\"Fries rack Logo\" src=\"https:\/\/fries.iphos.at\/wp-content\/uploads\/Fries-rack-logo-website3.png\" alt class=\"img-responsive wp-image-39977\"\/><\/span><\/div><div class=\"fusion-clearfix\"><\/div><\/div><\/div><div class=\"fusion-layout-column fusion_builder_column fusion-builder-column-1 fusion_builder_column_2_3 2_3 fusion-two-third fusion-column-last\" style=\"--awb-bg-size:cover;width:66.666666666667%;width:calc(66.666666666667% - ( ( 4% ) * 0.66666666666667 ) );\"><div class=\"fusion-column-wrapper fusion-flex-column-wrapper-legacy\"><div class=\"fusion-text fusion-text-1 color-gastro blau\" style=\"--awb-text-transform:none;\"><h1>Barquette \u00e0 frites et assiette \u00e0 snacks<\/h1>\n<p>Pour les d\u00e9licieux en-cas, les barquettes \u00e0 frites et assiettes \u00e0 snacks en plastique sont le meilleur choix. Les solides barquettes r\u00e9utilisables pour saucisses au curry, frites ou autres snacks ont \u00e9t\u00e9 sp\u00e9cialement con\u00e7ues pour \u00eatre utilis\u00e9es lors d&#8217;\u00e9v\u00e9nements.<\/p>\n<\/div><div class=\"fusion-clearfix\"><\/div><\/div><\/div><div class=\"fusion-layout-column fusion_builder_column fusion-builder-column-2 fusion_builder_column_1_1 1_1 fusion-one-full fusion-column-first fusion-column-last fusion-column-no-min-height\" style=\"--awb-bg-size:cover;--awb-margin-bottom:0px;\"><div class=\"fusion-column-wrapper fusion-flex-column-wrapper-legacy\"><div class=\"fusion-sep-clear\"><\/div><div class=\"fusion-separator fusion-full-width-sep\" style=\"margin-left: auto;margin-right: auto;width:100%;\"><\/div><div class=\"fusion-sep-clear\"><\/div><div class=\"fusion-clearfix\"><\/div><\/div><\/div><\/div><\/div><div class=\"fusion-fullwidth fullwidth-box fusion-builder-row-2 fusion-flex-container nonhundred-percent-fullwidth non-hundred-percent-height-scrolling\" style=\"--awb-border-radius-top-left:0px;--awb-border-radius-top-right:0px;--awb-border-radius-bottom-right:0px;--awb-border-radius-bottom-left:0px;--awb-flex-wrap:wrap;\" ><div class=\"fusion-builder-row fusion-row fusion-flex-align-items-flex-start fusion-flex-content-wrap\" style=\"max-width:1144px;margin-left: calc(-4% \/ 2 );margin-right: calc(-4% \/ 2 );\"><div class=\"fusion-layout-column fusion_builder_column fusion-builder-column-3 fusion_builder_column_1_3 1_3 fusion-flex-column\" style=\"--awb-bg-size:cover;--awb-width-large:33.333333333333%;--awb-margin-top-large:0px;--awb-spacing-right-large:5.76%;--awb-margin-bottom-large:20px;--awb-spacing-left-large:5.76%;--awb-width-medium:100%;--awb-order-medium:0;--awb-spacing-right-medium:1.92%;--awb-spacing-left-medium:1.92%;--awb-width-small:100%;--awb-order-small:0;--awb-spacing-right-small:1.92%;--awb-spacing-left-small:1.92%;\"><div class=\"fusion-column-wrapper fusion-column-has-shadow fusion-flex-justify-content-flex-start fusion-content-layout-column\"><div class=\"fusion-image-element \" style=\"--awb-caption-title-font-family:var(--h2_typography-font-family);--awb-caption-title-font-weight:var(--h2_typography-font-weight);--awb-caption-title-font-style:var(--h2_typography-font-style);--awb-caption-title-size:var(--h2_typography-font-size);--awb-caption-title-transform:var(--h2_typography-text-transform);--awb-caption-title-line-height:var(--h2_typography-line-height);--awb-caption-title-letter-spacing:var(--h2_typography-letter-spacing);\"><span class=\" fusion-imageframe imageframe-none imageframe-2 hover-type-none\"><a class=\"fusion-no-lightbox\" href=\"https:\/\/fries.iphos.at\/produits\/gastronomie\/vaisselle-reutilisable\/barquette-a-frites-et-assiette-a-snacks\/barquette-a-frites\/?lang=fr\" target=\"_self\" aria-label=\"Pommesschale_gruppe\"><img decoding=\"async\" width=\"587\" height=\"567\" src=\"https:\/\/fries.iphos.at\/wp-content\/uploads\/Pommesschale_gruppe.png\" alt class=\"img-responsive wp-image-38592\" srcset=\"https:\/\/fries.iphos.at\/wp-content\/uploads\/Pommesschale_gruppe-200x193.png 200w, https:\/\/fries.iphos.at\/wp-content\/uploads\/Pommesschale_gruppe-400x386.png 400w, https:\/\/fries.iphos.at\/wp-content\/uploads\/Pommesschale_gruppe.png 587w\" sizes=\"(max-width: 1024px) 100vw, (max-width: 1455px) 100vw, 400px\" \/><\/a><\/span><\/div><div class=\"fusion-text fusion-text-2 color-gastro blau\" style=\"--awb-text-transform:none;\"><h4><a href=\"https:\/\/fries.iphos.at\/produits\/gastronomie\/vaisselle-reutilisable\/barquette-a-frites-et-assiette-a-snacks\/barquette-a-frites\/?lang=fr\">Barquette \u00e0 frites<\/a><\/h4>\n<\/div><\/div><\/div><div class=\"fusion-layout-column fusion_builder_column fusion-builder-column-4 fusion_builder_column_1_3 1_3 fusion-flex-column\" style=\"--awb-bg-size:cover;--awb-width-large:33.333333333333%;--awb-margin-top-large:0px;--awb-spacing-right-large:5.76%;--awb-margin-bottom-large:20px;--awb-spacing-left-large:5.76%;--awb-width-medium:100%;--awb-order-medium:0;--awb-spacing-right-medium:1.92%;--awb-spacing-left-medium:1.92%;--awb-width-small:100%;--awb-order-small:0;--awb-spacing-right-small:1.92%;--awb-spacing-left-small:1.92%;\"><div class=\"fusion-column-wrapper fusion-column-has-shadow fusion-flex-justify-content-flex-start fusion-content-layout-column\"><div class=\"fusion-image-element \" style=\"--awb-caption-title-font-family:var(--h2_typography-font-family);--awb-caption-title-font-weight:var(--h2_typography-font-weight);--awb-caption-title-font-style:var(--h2_typography-font-style);--awb-caption-title-size:var(--h2_typography-font-size);--awb-caption-title-transform:var(--h2_typography-text-transform);--awb-caption-title-line-height:var(--h2_typography-line-height);--awb-caption-title-letter-spacing:var(--h2_typography-letter-spacing);\"><span class=\" fusion-imageframe imageframe-none imageframe-3 hover-type-none\"><a class=\"fusion-no-lightbox\" href=\"https:\/\/fries.iphos.at\/produits\/gastronomie\/vaisselle-reutilisable\/barquette-a-frites-et-assiette-a-snacks\/assiette-a-snacks\/?lang=fr\" target=\"_self\" aria-label=\"Snackteller\"><img decoding=\"async\" width=\"587\" height=\"567\" src=\"https:\/\/fries.iphos.at\/wp-content\/uploads\/Snackteller-1.png\" alt class=\"img-responsive wp-image-38556\" srcset=\"https:\/\/fries.iphos.at\/wp-content\/uploads\/Snackteller-1-200x193.png 200w, https:\/\/fries.iphos.at\/wp-content\/uploads\/Snackteller-1-400x386.png 400w, https:\/\/fries.iphos.at\/wp-content\/uploads\/Snackteller-1.png 587w\" sizes=\"(max-width: 1024px) 100vw, (max-width: 1455px) 100vw, 400px\" \/><\/a><\/span><\/div><div class=\"fusion-text fusion-text-3 color-gastro blau\" style=\"--awb-text-transform:none;\"><h4><a href=\"https:\/\/fries.iphos.at\/produits\/gastronomie\/vaisselle-reutilisable\/barquette-a-frites-et-assiette-a-snacks\/assiette-a-snacks\/?lang=fr\">Assiette \u00e0 snacks<\/a><\/h4>\n<\/div><\/div><\/div><\/div><\/div><\/p>\n","protected":false},"excerpt":{"rendered":"","protected":false},"author":4,"featured_media":0,"parent":39901,"menu_order":0,"comment_status":"closed","ping_status":"closed","template":"","meta":{"_acf_changed":false,"footnotes":""},"class_list":["post-39813","page","type-page","status-publish","hentry"],"acf":[],"yoast_head":"<!-- This site is optimized with the Yoast SEO plugin v26.8 - https:\/\/yoast.com\/product\/yoast-seo-wordpress\/ -->\n<title>Barquette \u00e0 frites | Assiette \u00e0 snacks | Id\u00e9al pour votre \u00e9v\u00e9nement | FRIES Rack<\/title>\n<meta name=\"description\" content=\"D\u00e9couvrez les assiettes en plastique r\u00e9utilisables en plastique incassable \u2714Vont au lave-vaisselle \u2714Personnalisation possible\" \/>\n<meta name=\"robots\" content=\"noindex, follow, max-snippet:-1, max-image-preview:large, max-video-preview:-1\" \/>\n<meta name=\"twitter:label1\" content=\"Dur\u00e9e de lecture estim\u00e9e\" \/>\n\t<meta name=\"twitter:data1\" content=\"6 minutes\" \/>\n<script type=\"application\/ld+json\" class=\"yoast-schema-graph\">{\"@context\":\"https:\/\/schema.org\",\"@graph\":[{\"@type\":\"WebPage\",\"@id\":\"https:\/\/fries.iphos.at\/produits\/gastronomie\/vaisselle-reutilisable\/barquette-a-frites-et-assiette-a-snacks\/?lang=fr\",\"url\":\"https:\/\/fries.iphos.at\/produits\/gastronomie\/vaisselle-reutilisable\/barquette-a-frites-et-assiette-a-snacks\/?lang=fr\",\"name\":\"Barquette \u00e0 frites | Assiette \u00e0 snacks | Id\u00e9al pour votre \u00e9v\u00e9nement | FRIES Rack\",\"isPartOf\":{\"@id\":\"https:\/\/fries.iphos.at\/#website\"},\"datePublished\":\"2022-12-20T10:37:26+00:00\",\"dateModified\":\"2023-01-23T10:52:25+00:00\",\"description\":\"D\u00e9couvrez les assiettes en plastique r\u00e9utilisables en plastique incassable \u2714Vont au lave-vaisselle \u2714Personnalisation possible\",\"breadcrumb\":{\"@id\":\"https:\/\/fries.iphos.at\/produits\/gastronomie\/vaisselle-reutilisable\/barquette-a-frites-et-assiette-a-snacks\/?lang=fr#breadcrumb\"},\"inLanguage\":\"fr-FR\",\"potentialAction\":[{\"@type\":\"ReadAction\",\"target\":[\"https:\/\/fries.iphos.at\/produits\/gastronomie\/vaisselle-reutilisable\/barquette-a-frites-et-assiette-a-snacks\/?lang=fr\"]}]},{\"@type\":\"BreadcrumbList\",\"@id\":\"https:\/\/fries.iphos.at\/produits\/gastronomie\/vaisselle-reutilisable\/barquette-a-frites-et-assiette-a-snacks\/?lang=fr#breadcrumb\",\"itemListElement\":[{\"@type\":\"ListItem\",\"position\":1,\"name\":\"Home\",\"item\":\"https:\/\/fries.iphos.at\/?lang=fr\"},{\"@type\":\"ListItem\",\"position\":2,\"name\":\"Produits\",\"item\":\"https:\/\/fries.iphos.at\/produits\/?lang=fr\"},{\"@type\":\"ListItem\",\"position\":3,\"name\":\"Syst\u00e8mes de restauration\",\"item\":\"https:\/\/fries.iphos.at\/produits\/gastronomie\/?lang=fr\"},{\"@type\":\"ListItem\",\"position\":4,\"name\":\"Vaisselle r\u00e9utilisable\",\"item\":\"https:\/\/fries.iphos.at\/produits\/gastronomie\/vaisselle-reutilisable\/?lang=fr\"},{\"@type\":\"ListItem\",\"position\":5,\"name\":\"Barquette \u00e0 frites et assiette \u00e0 snacks\"}]},{\"@type\":\"WebSite\",\"@id\":\"https:\/\/fries.iphos.at\/#website\",\"url\":\"https:\/\/fries.iphos.at\/\",\"name\":\"FRIES\",\"description\":\"\",\"publisher\":{\"@id\":\"https:\/\/fries.iphos.at\/#organization\"},\"potentialAction\":[{\"@type\":\"SearchAction\",\"target\":{\"@type\":\"EntryPoint\",\"urlTemplate\":\"https:\/\/fries.iphos.at\/?s={search_term_string}\"},\"query-input\":{\"@type\":\"PropertyValueSpecification\",\"valueRequired\":true,\"valueName\":\"search_term_string\"}}],\"inLanguage\":\"fr-FR\"},{\"@type\":\"Organization\",\"@id\":\"https:\/\/fries.iphos.at\/#organization\",\"name\":\"FRIES Kunststofftechnik GmbH\",\"url\":\"https:\/\/fries.iphos.at\/\",\"logo\":{\"@type\":\"ImageObject\",\"inLanguage\":\"fr-FR\",\"@id\":\"https:\/\/fries.iphos.at\/#\/schema\/logo\/image\/\",\"url\":\"https:\/\/fries.iphos.at\/wp-content\/uploads\/fries-logo.png\",\"contentUrl\":\"https:\/\/fries.iphos.at\/wp-content\/uploads\/fries-logo.png\",\"width\":120,\"height\":60,\"caption\":\"FRIES Kunststofftechnik GmbH\"},\"image\":{\"@id\":\"https:\/\/fries.iphos.at\/#\/schema\/logo\/image\/\"},\"sameAs\":[\"https:\/\/www.facebook.com\/FRIESKunststofftechnik\/\",\"https:\/\/www.youtube.com\/channel\/UCc2UgnWJ9Y_-pIXbDIek7wQ\"]}]}<\/script>\n<!-- \/ Yoast SEO plugin. -->","yoast_head_json":{"title":"Barquette \u00e0 frites | Assiette \u00e0 snacks | Id\u00e9al pour votre \u00e9v\u00e9nement | FRIES Rack","description":"D\u00e9couvrez les assiettes en plastique r\u00e9utilisables en plastique incassable \u2714Vont au lave-vaisselle \u2714Personnalisation possible","robots":{"index":"noindex","follow":"follow","max-snippet":"max-snippet:-1","max-image-preview":"max-image-preview:large","max-video-preview":"max-video-preview:-1"},"twitter_misc":{"Dur\u00e9e de lecture estim\u00e9e":"6 minutes"},"schema":{"@context":"https:\/\/schema.org","@graph":[{"@type":"WebPage","@id":"https:\/\/fries.iphos.at\/produits\/gastronomie\/vaisselle-reutilisable\/barquette-a-frites-et-assiette-a-snacks\/?lang=fr","url":"https:\/\/fries.iphos.at\/produits\/gastronomie\/vaisselle-reutilisable\/barquette-a-frites-et-assiette-a-snacks\/?lang=fr","name":"Barquette \u00e0 frites | Assiette \u00e0 snacks | Id\u00e9al pour votre \u00e9v\u00e9nement | FRIES Rack","isPartOf":{"@id":"https:\/\/fries.iphos.at\/#website"},"datePublished":"2022-12-20T10:37:26+00:00","dateModified":"2023-01-23T10:52:25+00:00","description":"D\u00e9couvrez les assiettes en plastique r\u00e9utilisables en plastique incassable \u2714Vont au lave-vaisselle \u2714Personnalisation possible","breadcrumb":{"@id":"https:\/\/fries.iphos.at\/produits\/gastronomie\/vaisselle-reutilisable\/barquette-a-frites-et-assiette-a-snacks\/?lang=fr#breadcrumb"},"inLanguage":"fr-FR","potentialAction":[{"@type":"ReadAction","target":["https:\/\/fries.iphos.at\/produits\/gastronomie\/vaisselle-reutilisable\/barquette-a-frites-et-assiette-a-snacks\/?lang=fr"]}]},{"@type":"BreadcrumbList","@id":"https:\/\/fries.iphos.at\/produits\/gastronomie\/vaisselle-reutilisable\/barquette-a-frites-et-assiette-a-snacks\/?lang=fr#breadcrumb","itemListElement":[{"@type":"ListItem","position":1,"name":"Home","item":"https:\/\/fries.iphos.at\/?lang=fr"},{"@type":"ListItem","position":2,"name":"Produits","item":"https:\/\/fries.iphos.at\/produits\/?lang=fr"},{"@type":"ListItem","position":3,"name":"Syst\u00e8mes de restauration","item":"https:\/\/fries.iphos.at\/produits\/gastronomie\/?lang=fr"},{"@type":"ListItem","position":4,"name":"Vaisselle r\u00e9utilisable","item":"https:\/\/fries.iphos.at\/produits\/gastronomie\/vaisselle-reutilisable\/?lang=fr"},{"@type":"ListItem","position":5,"name":"Barquette \u00e0 frites et assiette \u00e0 snacks"}]},{"@type":"WebSite","@id":"https:\/\/fries.iphos.at\/#website","url":"https:\/\/fries.iphos.at\/","name":"FRIES","description":"","publisher":{"@id":"https:\/\/fries.iphos.at\/#organization"},"potentialAction":[{"@type":"SearchAction","target":{"@type":"EntryPoint","urlTemplate":"https:\/\/fries.iphos.at\/?s={search_term_string}"},"query-input":{"@type":"PropertyValueSpecification","valueRequired":true,"valueName":"search_term_string"}}],"inLanguage":"fr-FR"},{"@type":"Organization","@id":"https:\/\/fries.iphos.at\/#organization","name":"FRIES Kunststofftechnik GmbH","url":"https:\/\/fries.iphos.at\/","logo":{"@type":"ImageObject","inLanguage":"fr-FR","@id":"https:\/\/fries.iphos.at\/#\/schema\/logo\/image\/","url":"https:\/\/fries.iphos.at\/wp-content\/uploads\/fries-logo.png","contentUrl":"https:\/\/fries.iphos.at\/wp-content\/uploads\/fries-logo.png","width":120,"height":60,"caption":"FRIES Kunststofftechnik GmbH"},"image":{"@id":"https:\/\/fries.iphos.at\/#\/schema\/logo\/image\/"},"sameAs":["https:\/\/www.facebook.com\/FRIESKunststofftechnik\/","https:\/\/www.youtube.com\/channel\/UCc2UgnWJ9Y_-pIXbDIek7wQ"]}]}},"_links":{"self":[{"href":"https:\/\/fries.iphos.at\/fr\/wp-json\/wp\/v2\/pages\/39813","targetHints":{"allow":["GET"]}}],"collection":[{"href":"https:\/\/fries.iphos.at\/fr\/wp-json\/wp\/v2\/pages"}],"about":[{"href":"https:\/\/fries.iphos.at\/fr\/wp-json\/wp\/v2\/types\/page"}],"author":[{"embeddable":true,"href":"https:\/\/fries.iphos.at\/fr\/wp-json\/wp\/v2\/users\/4"}],"replies":[{"embeddable":true,"href":"https:\/\/fries.iphos.at\/fr\/wp-json\/wp\/v2\/comments?post=39813"}],"version-history":[{"count":10,"href":"https:\/\/fries.iphos.at\/fr\/wp-json\/wp\/v2\/pages\/39813\/revisions"}],"predecessor-version":[{"id":39941,"href":"https:\/\/fries.iphos.at\/fr\/wp-json\/wp\/v2\/pages\/39813\/revisions\/39941"}],"up":[{"embeddable":true,"href":"https:\/\/fries.iphos.at\/fr\/wp-json\/wp\/v2\/pages\/39901"}],"wp:attachment":[{"href":"https:\/\/fries.iphos.at\/fr\/wp-json\/wp\/v2\/media?parent=39813"}],"curies":[{"name":"wp","href":"https:\/\/api.w.org\/{rel}","templated":true}]}}