{"id":39627,"date":"2022-12-20T12:31:43","date_gmt":"2022-12-20T10:31:43","guid":{"rendered":"https:\/\/fries.iphos.at\/mehrwegbowl\/"},"modified":"2024-10-15T08:43:36","modified_gmt":"2024-10-15T06:43:36","slug":"bols-reutilisables","status":"publish","type":"page","link":"https:\/\/fries.iphos.at\/fr\/produits\/gastronomie\/vaisselle-reutilisable\/bols-reutilisables\/","title":{"rendered":"Bols r\u00e9utilisables"},"content":{"rendered":"<p><div class=\"fusion-fullwidth fullwidth-box fusion-builder-row-1 nonhundred-percent-fullwidth non-hundred-percent-height-scrolling\" style=\"--awb-background-position:left top;--awb-border-radius-top-left:0px;--awb-border-radius-top-right:0px;--awb-border-radius-bottom-right:0px;--awb-border-radius-bottom-left:0px;--awb-padding-top:20px;--awb-padding-right:0px;--awb-padding-bottom:20px;--awb-padding-left:0px;--awb-border-sizes-top:0px;--awb-border-sizes-bottom:0px;--awb-flex-wrap:wrap;\" ><div class=\"fusion-builder-row fusion-row\"><div class=\"fusion-layout-column fusion_builder_column fusion-builder-column-0 fusion_builder_column_1_3 1_3 fusion-one-third fusion-column-first\" style=\"--awb-bg-size:cover;width:33.333333333333%;width:calc(33.333333333333% - ( ( 4% ) * 0.33333333333333 ) );margin-right: 4%;\"><div class=\"fusion-column-wrapper fusion-column-has-shadow fusion-flex-column-wrapper-legacy\"><div class=\"fusion-image-element in-legacy-container\" style=\"--awb-caption-title-font-family:var(--h2_typography-font-family);--awb-caption-title-font-weight:var(--h2_typography-font-weight);--awb-caption-title-font-style:var(--h2_typography-font-style);--awb-caption-title-size:var(--h2_typography-font-size);--awb-caption-title-transform:var(--h2_typography-text-transform);--awb-caption-title-line-height:var(--h2_typography-line-height);--awb-caption-title-letter-spacing:var(--h2_typography-letter-spacing);\"><span class=\" fusion-imageframe imageframe-none imageframe-1 hover-type-none\"><img decoding=\"async\" width=\"242\" height=\"150\" title=\"Fries rack Logo\" src=\"https:\/\/fries.iphos.at\/wp-content\/uploads\/Fries-rack-logo-website3.png\" alt class=\"img-responsive wp-image-39977\"\/><\/span><\/div><div class=\"fusion-clearfix\"><\/div><\/div><\/div><div class=\"fusion-layout-column fusion_builder_column fusion-builder-column-1 fusion_builder_column_2_3 2_3 fusion-two-third fusion-column-last\" style=\"--awb-bg-size:cover;width:66.666666666667%;width:calc(66.666666666667% - ( ( 4% ) * 0.66666666666667 ) );\"><div class=\"fusion-column-wrapper fusion-column-has-shadow fusion-flex-column-wrapper-legacy\"><div class=\"fusion-text fusion-text-1 color-gastro blau\" style=\"--awb-text-transform:none;\"><h1>Bol r\u00e9utilisable<\/h1>\n<p>Notre article polyvalent &#8211; \u00e0 usage universel.<br \/>\nContrairement au verre, le bol r\u00e9utilisable est tr\u00e8s l\u00e9ger, tout en \u00e9tant incassable, durable et absolument ind\u00e9formable. Le couvercle de la barquette en plastique permet de fermer les plats en toute s\u00e9curit\u00e9.<\/p>\n<\/div><div class=\"fusion-clearfix\"><\/div><\/div><\/div><\/div><\/div><div class=\"fusion-fullwidth fullwidth-box fusion-builder-row-2 fusion-flex-container nonhundred-percent-fullwidth non-hundred-percent-height-scrolling\" style=\"--awb-border-radius-top-left:0px;--awb-border-radius-top-right:0px;--awb-border-radius-bottom-right:0px;--awb-border-radius-bottom-left:0px;--awb-flex-wrap:wrap;\" ><div class=\"fusion-builder-row fusion-row fusion-flex-align-items-flex-start fusion-flex-content-wrap\" style=\"max-width:1144px;margin-left: calc(-4% \/ 2 );margin-right: calc(-4% \/ 2 );\"><div class=\"fusion-layout-column fusion_builder_column fusion-builder-column-2 fusion_builder_column_1_3 1_3 fusion-flex-column\" style=\"--awb-bg-size:cover;--awb-width-large:33.333333333333%;--awb-margin-top-large:0px;--awb-spacing-right-large:5.76%;--awb-margin-bottom-large:20px;--awb-spacing-left-large:5.76%;--awb-width-medium:100%;--awb-order-medium:0;--awb-spacing-right-medium:1.92%;--awb-spacing-left-medium:1.92%;--awb-width-small:100%;--awb-order-small:0;--awb-spacing-right-small:1.92%;--awb-spacing-left-small:1.92%;\"><div class=\"fusion-column-wrapper fusion-column-has-shadow fusion-flex-justify-content-flex-start fusion-content-layout-column\"><div class=\"fusion-image-element \" style=\"--awb-caption-title-font-family:var(--h2_typography-font-family);--awb-caption-title-font-weight:var(--h2_typography-font-weight);--awb-caption-title-font-style:var(--h2_typography-font-style);--awb-caption-title-size:var(--h2_typography-font-size);--awb-caption-title-transform:var(--h2_typography-text-transform);--awb-caption-title-line-height:var(--h2_typography-line-height);--awb-caption-title-letter-spacing:var(--h2_typography-letter-spacing);\"><span class=\" fusion-imageframe imageframe-none imageframe-2 hover-type-none\"><img decoding=\"async\" width=\"587\" height=\"567\" title=\"Mehrwegbowls_detail\" src=\"https:\/\/fries.iphos.at\/wp-content\/uploads\/Mehrwegbowls_detail.png\" alt class=\"img-responsive wp-image-39628\" srcset=\"https:\/\/fries.iphos.at\/wp-content\/uploads\/Mehrwegbowls_detail-200x193.png 200w, https:\/\/fries.iphos.at\/wp-content\/uploads\/Mehrwegbowls_detail-400x386.png 400w, https:\/\/fries.iphos.at\/wp-content\/uploads\/Mehrwegbowls_detail.png 587w\" sizes=\"(max-width: 1024px) 100vw, (max-width: 1455px) 100vw, 400px\" \/><\/span><\/div><div class=\"fusion-text fusion-text-2 color-gastro blau\" style=\"--awb-text-transform:none;\"><h4><a href=\"https:\/\/fries.iphos.at\/wp-content\/uploads\/FR_2024_Prospekt_Mehrweggeschirr_FRIES_web.pdf\" target=\"_blank\" rel=\"noopener\">T\u00e9l\u00e9charger la brochure<\/a><\/h4>\n<\/div><div style=\"text-align:left;\"><a class=\"fusion-button button-flat fusion-button-default-size button-custom fusion-button-default button-1 fusion-button-default-span fusion-button-default-type color-verpackung\" style=\"--button_accent_color:#ffffff;--button_border_color:#143a84;--button_accent_hover_color:#ffffff;--button_border_hover_color:#143a84;--button_gradient_top_color:#143a84;--button_gradient_bottom_color:#143a84;--button_gradient_top_color_hover:#143a84;--button_gradient_bottom_color_hover:#143a84;--button_text_transform:none;--button_margin-top:20px;--button_margin-bottom:20px;\" target=\"_self\" href=\"https:\/\/fries.iphos.at\/contact\/?lang=fr&amp;your-subject=Anfrage Mehrwegbowl\"><span class=\"fusion-button-text awb-button__text awb-button__text--default\">Demander maintenant<\/span><\/a><\/div><\/div><\/div><div class=\"fusion-layout-column fusion_builder_column fusion-builder-column-3 fusion_builder_column_2_3 2_3 fusion-flex-column\" style=\"--awb-bg-size:cover;--awb-width-large:66.666666666667%;--awb-margin-top-large:0px;--awb-spacing-right-large:2.88%;--awb-margin-bottom-large:20px;--awb-spacing-left-large:3.84%;--awb-width-medium:100%;--awb-spacing-right-medium:1.92%;--awb-spacing-left-medium:1.92%;--awb-width-small:100%;--awb-spacing-right-small:1.92%;--awb-spacing-left-small:1.92%;\"><div class=\"fusion-column-wrapper fusion-flex-justify-content-flex-start fusion-content-layout-column\"><div class=\"fusion-text fusion-text-3 color-gastro blau\" style=\"--awb-text-transform:none;\"><p><strong>Les avantages\u00a0:<\/strong><\/p>\n<ul>\n<li>Bol r\u00e9utilisable en polypropyl\u00e8ne<\/li>\n<li>Tailles : 0,6\u00a0l, 0,9l et 1,3\u00a0l<\/li>\n<li>en option avec un couvercle transparent r\u00e9sistant \u00e0 la fermeture<\/li>\n<li>faible poids<\/li>\n<li>ind\u00e9formable<\/li>\n<li>incassable<\/li>\n<li>empilable et peu encombrant<\/li>\n<li>disponible en vert clair et bleu fonc\u00e9<\/li>\n<li>autres couleurs sur demande<\/li>\n<li>sur demande avec tampographie<\/li>\n<\/ul>\n<\/div><\/div><\/div><\/div><\/div><\/p>\n","protected":false},"excerpt":{"rendered":"","protected":false},"author":4,"featured_media":0,"parent":39901,"menu_order":0,"comment_status":"closed","ping_status":"closed","template":"","meta":{"_acf_changed":false,"footnotes":""},"class_list":["post-39627","page","type-page","status-publish","hentry"],"acf":[],"yoast_head":"<!-- This site is optimized with the Yoast SEO plugin v26.8 - https:\/\/yoast.com\/product\/yoast-seo-wordpress\/ -->\n<title>Bol r\u00e9utilisable en plastique | Id\u00e9al pour votre \u00e9v\u00e9nement | FRIES Rack<\/title>\n<meta name=\"description\" content=\"D\u00e9couvrez le bol r\u00e9utilisable en plastique incassable \u2714lavable au lave-vaisselle \u2714personnalisation possible \u2714empilable\" \/>\n<meta name=\"robots\" content=\"noindex, follow, max-snippet:-1, max-image-preview:large, max-video-preview:-1\" \/>\n<meta name=\"twitter:label1\" content=\"Dur\u00e9e de lecture estim\u00e9e\" \/>\n\t<meta name=\"twitter:data1\" content=\"1 minute\" \/>\n<script type=\"application\/ld+json\" class=\"yoast-schema-graph\">{\"@context\":\"https:\/\/schema.org\",\"@graph\":[{\"@type\":\"WebPage\",\"@id\":\"https:\/\/fries.iphos.at\/produits\/gastronomie\/vaisselle-reutilisable\/bols-reutilisables\/?lang=fr\",\"url\":\"https:\/\/fries.iphos.at\/produits\/gastronomie\/vaisselle-reutilisable\/bols-reutilisables\/?lang=fr\",\"name\":\"Bol r\u00e9utilisable en plastique | Id\u00e9al pour votre \u00e9v\u00e9nement | FRIES Rack\",\"isPartOf\":{\"@id\":\"https:\/\/fries.iphos.at\/#website\"},\"datePublished\":\"2022-12-20T10:31:43+00:00\",\"dateModified\":\"2024-10-15T06:43:36+00:00\",\"description\":\"D\u00e9couvrez le bol r\u00e9utilisable en plastique incassable \u2714lavable au lave-vaisselle \u2714personnalisation possible \u2714empilable\",\"breadcrumb\":{\"@id\":\"https:\/\/fries.iphos.at\/produits\/gastronomie\/vaisselle-reutilisable\/bols-reutilisables\/?lang=fr#breadcrumb\"},\"inLanguage\":\"fr-FR\",\"potentialAction\":[{\"@type\":\"ReadAction\",\"target\":[\"https:\/\/fries.iphos.at\/produits\/gastronomie\/vaisselle-reutilisable\/bols-reutilisables\/?lang=fr\"]}]},{\"@type\":\"BreadcrumbList\",\"@id\":\"https:\/\/fries.iphos.at\/produits\/gastronomie\/vaisselle-reutilisable\/bols-reutilisables\/?lang=fr#breadcrumb\",\"itemListElement\":[{\"@type\":\"ListItem\",\"position\":1,\"name\":\"Home\",\"item\":\"https:\/\/fries.iphos.at\/?lang=fr\"},{\"@type\":\"ListItem\",\"position\":2,\"name\":\"Produits\",\"item\":\"https:\/\/fries.iphos.at\/produits\/?lang=fr\"},{\"@type\":\"ListItem\",\"position\":3,\"name\":\"Syst\u00e8mes de restauration\",\"item\":\"https:\/\/fries.iphos.at\/produits\/gastronomie\/?lang=fr\"},{\"@type\":\"ListItem\",\"position\":4,\"name\":\"Vaisselle r\u00e9utilisable\",\"item\":\"https:\/\/fries.iphos.at\/produits\/gastronomie\/vaisselle-reutilisable\/?lang=fr\"},{\"@type\":\"ListItem\",\"position\":5,\"name\":\"Bols r\u00e9utilisables\"}]},{\"@type\":\"WebSite\",\"@id\":\"https:\/\/fries.iphos.at\/#website\",\"url\":\"https:\/\/fries.iphos.at\/\",\"name\":\"FRIES\",\"description\":\"\",\"publisher\":{\"@id\":\"https:\/\/fries.iphos.at\/#organization\"},\"potentialAction\":[{\"@type\":\"SearchAction\",\"target\":{\"@type\":\"EntryPoint\",\"urlTemplate\":\"https:\/\/fries.iphos.at\/?s={search_term_string}\"},\"query-input\":{\"@type\":\"PropertyValueSpecification\",\"valueRequired\":true,\"valueName\":\"search_term_string\"}}],\"inLanguage\":\"fr-FR\"},{\"@type\":\"Organization\",\"@id\":\"https:\/\/fries.iphos.at\/#organization\",\"name\":\"FRIES Kunststofftechnik GmbH\",\"url\":\"https:\/\/fries.iphos.at\/\",\"logo\":{\"@type\":\"ImageObject\",\"inLanguage\":\"fr-FR\",\"@id\":\"https:\/\/fries.iphos.at\/#\/schema\/logo\/image\/\",\"url\":\"https:\/\/fries.iphos.at\/wp-content\/uploads\/fries-logo.png\",\"contentUrl\":\"https:\/\/fries.iphos.at\/wp-content\/uploads\/fries-logo.png\",\"width\":120,\"height\":60,\"caption\":\"FRIES Kunststofftechnik GmbH\"},\"image\":{\"@id\":\"https:\/\/fries.iphos.at\/#\/schema\/logo\/image\/\"},\"sameAs\":[\"https:\/\/www.facebook.com\/FRIESKunststofftechnik\/\",\"https:\/\/www.youtube.com\/channel\/UCc2UgnWJ9Y_-pIXbDIek7wQ\"]}]}<\/script>\n<!-- \/ Yoast SEO plugin. -->","yoast_head_json":{"title":"Bol r\u00e9utilisable en plastique | Id\u00e9al pour votre \u00e9v\u00e9nement | FRIES Rack","description":"D\u00e9couvrez le bol r\u00e9utilisable en plastique incassable \u2714lavable au lave-vaisselle \u2714personnalisation possible \u2714empilable","robots":{"index":"noindex","follow":"follow","max-snippet":"max-snippet:-1","max-image-preview":"max-image-preview:large","max-video-preview":"max-video-preview:-1"},"twitter_misc":{"Dur\u00e9e de lecture estim\u00e9e":"1 minute"},"schema":{"@context":"https:\/\/schema.org","@graph":[{"@type":"WebPage","@id":"https:\/\/fries.iphos.at\/produits\/gastronomie\/vaisselle-reutilisable\/bols-reutilisables\/?lang=fr","url":"https:\/\/fries.iphos.at\/produits\/gastronomie\/vaisselle-reutilisable\/bols-reutilisables\/?lang=fr","name":"Bol r\u00e9utilisable en plastique | Id\u00e9al pour votre \u00e9v\u00e9nement | FRIES Rack","isPartOf":{"@id":"https:\/\/fries.iphos.at\/#website"},"datePublished":"2022-12-20T10:31:43+00:00","dateModified":"2024-10-15T06:43:36+00:00","description":"D\u00e9couvrez le bol r\u00e9utilisable en plastique incassable \u2714lavable au lave-vaisselle \u2714personnalisation possible \u2714empilable","breadcrumb":{"@id":"https:\/\/fries.iphos.at\/produits\/gastronomie\/vaisselle-reutilisable\/bols-reutilisables\/?lang=fr#breadcrumb"},"inLanguage":"fr-FR","potentialAction":[{"@type":"ReadAction","target":["https:\/\/fries.iphos.at\/produits\/gastronomie\/vaisselle-reutilisable\/bols-reutilisables\/?lang=fr"]}]},{"@type":"BreadcrumbList","@id":"https:\/\/fries.iphos.at\/produits\/gastronomie\/vaisselle-reutilisable\/bols-reutilisables\/?lang=fr#breadcrumb","itemListElement":[{"@type":"ListItem","position":1,"name":"Home","item":"https:\/\/fries.iphos.at\/?lang=fr"},{"@type":"ListItem","position":2,"name":"Produits","item":"https:\/\/fries.iphos.at\/produits\/?lang=fr"},{"@type":"ListItem","position":3,"name":"Syst\u00e8mes de restauration","item":"https:\/\/fries.iphos.at\/produits\/gastronomie\/?lang=fr"},{"@type":"ListItem","position":4,"name":"Vaisselle r\u00e9utilisable","item":"https:\/\/fries.iphos.at\/produits\/gastronomie\/vaisselle-reutilisable\/?lang=fr"},{"@type":"ListItem","position":5,"name":"Bols r\u00e9utilisables"}]},{"@type":"WebSite","@id":"https:\/\/fries.iphos.at\/#website","url":"https:\/\/fries.iphos.at\/","name":"FRIES","description":"","publisher":{"@id":"https:\/\/fries.iphos.at\/#organization"},"potentialAction":[{"@type":"SearchAction","target":{"@type":"EntryPoint","urlTemplate":"https:\/\/fries.iphos.at\/?s={search_term_string}"},"query-input":{"@type":"PropertyValueSpecification","valueRequired":true,"valueName":"search_term_string"}}],"inLanguage":"fr-FR"},{"@type":"Organization","@id":"https:\/\/fries.iphos.at\/#organization","name":"FRIES Kunststofftechnik GmbH","url":"https:\/\/fries.iphos.at\/","logo":{"@type":"ImageObject","inLanguage":"fr-FR","@id":"https:\/\/fries.iphos.at\/#\/schema\/logo\/image\/","url":"https:\/\/fries.iphos.at\/wp-content\/uploads\/fries-logo.png","contentUrl":"https:\/\/fries.iphos.at\/wp-content\/uploads\/fries-logo.png","width":120,"height":60,"caption":"FRIES Kunststofftechnik GmbH"},"image":{"@id":"https:\/\/fries.iphos.at\/#\/schema\/logo\/image\/"},"sameAs":["https:\/\/www.facebook.com\/FRIESKunststofftechnik\/","https:\/\/www.youtube.com\/channel\/UCc2UgnWJ9Y_-pIXbDIek7wQ"]}]}},"_links":{"self":[{"href":"https:\/\/fries.iphos.at\/fr\/wp-json\/wp\/v2\/pages\/39627","targetHints":{"allow":["GET"]}}],"collection":[{"href":"https:\/\/fries.iphos.at\/fr\/wp-json\/wp\/v2\/pages"}],"about":[{"href":"https:\/\/fries.iphos.at\/fr\/wp-json\/wp\/v2\/types\/page"}],"author":[{"embeddable":true,"href":"https:\/\/fries.iphos.at\/fr\/wp-json\/wp\/v2\/users\/4"}],"replies":[{"embeddable":true,"href":"https:\/\/fries.iphos.at\/fr\/wp-json\/wp\/v2\/comments?post=39627"}],"version-history":[{"count":8,"href":"https:\/\/fries.iphos.at\/fr\/wp-json\/wp\/v2\/pages\/39627\/revisions"}],"predecessor-version":[{"id":53354,"href":"https:\/\/fries.iphos.at\/fr\/wp-json\/wp\/v2\/pages\/39627\/revisions\/53354"}],"up":[{"embeddable":true,"href":"https:\/\/fries.iphos.at\/fr\/wp-json\/wp\/v2\/pages\/39901"}],"wp:attachment":[{"href":"https:\/\/fries.iphos.at\/fr\/wp-json\/wp\/v2\/media?parent=39627"}],"curies":[{"name":"wp","href":"https:\/\/api.w.org\/{rel}","templated":true}]}}