{"id":29184,"date":"2020-02-18T10:27:33","date_gmt":"2020-02-18T08:27:33","guid":{"rendered":"https:\/\/fries.iphos.at\/?page_id=29184"},"modified":"2024-10-21T08:50:48","modified_gmt":"2024-10-21T06:50:48","slug":"esd-porte-piece-techtray-425-x-276","status":"publish","type":"page","link":"https:\/\/fries.iphos.at\/fr\/produits\/paniers-industriels\/esd-porte-piece-techtray-425-x-276\/","title":{"rendered":"ESD porte-pi\u00e8ce techtray 425 x 276"},"content":{"rendered":"<p><div class=\"fusion-fullwidth fullwidth-box fusion-builder-row-1 nonhundred-percent-fullwidth non-hundred-percent-height-scrolling\" style=\"--awb-background-position:left top;--awb-border-radius-top-left:0px;--awb-border-radius-top-right:0px;--awb-border-radius-bottom-right:0px;--awb-border-radius-bottom-left:0px;--awb-padding-top:20px;--awb-padding-right:0px;--awb-padding-bottom:20px;--awb-padding-left:0px;--awb-border-sizes-top:0px;--awb-border-sizes-bottom:0px;--awb-flex-wrap:wrap;\" ><div class=\"fusion-builder-row fusion-row\"><div class=\"fusion-layout-column fusion_builder_column fusion-builder-column-0 fusion_builder_column_1_3 1_3 fusion-one-third fusion-column-first\" style=\"--awb-bg-size:cover;width:30.6666%; margin-right: 4%;\"><div class=\"fusion-column-wrapper fusion-flex-column-wrapper-legacy\"><div class=\"fusion-image-element in-legacy-container\" style=\"--awb-caption-title-font-family:var(--h2_typography-font-family);--awb-caption-title-font-weight:var(--h2_typography-font-weight);--awb-caption-title-font-style:var(--h2_typography-font-style);--awb-caption-title-size:var(--h2_typography-font-size);--awb-caption-title-transform:var(--h2_typography-text-transform);--awb-caption-title-line-height:var(--h2_typography-line-height);--awb-caption-title-letter-spacing:var(--h2_typography-letter-spacing);\"><span class=\" fusion-imageframe imageframe-none imageframe-1 hover-type-none\"><img decoding=\"async\" width=\"242\" height=\"242\" alt=\"Porte-pi\u00e8ces techtray 425 x 276 \" title=\"ESD Werkst\u00fccktr\u00e4ger techtray_425x276\" src=\"https:\/\/fries.iphos.at\/wp-content\/uploads\/ESD_Werkst\u00fccktr\u00e4ger_techtray_1.png\" class=\"img-responsive wp-image-29186\" srcset=\"https:\/\/fries.iphos.at\/wp-content\/uploads\/ESD_Werkst\u00fccktr\u00e4ger_techtray_1-200x200.png 200w, https:\/\/fries.iphos.at\/wp-content\/uploads\/ESD_Werkst\u00fccktr\u00e4ger_techtray_1.png 242w\" sizes=\"(max-width: 0px) 100vw, 242px\" \/><\/span><\/div><div class=\"fusion-text fusion-text-1 color-industrie orange\"><h4><a href=\"https:\/\/fries.iphos.at\/wp-content\/uploads\/fries-werkstuecktraeger-industriekoerbe-fr.pdf\" target=\"_blank\" rel=\"noopener noreferrer\">T\u00e9l\u00e9charger la brochure<\/a><\/h4>\n<\/div><div class=\"fusion-alignleft\"><a class=\"fusion-button button-flat fusion-button-default-size button-custom fusion-button-default button-1 fusion-button-default-span fusion-button-default-type color-verpackung\" style=\"--button_accent_color:#ffffff;--button_border_color:#ef7c00;--button_accent_hover_color:#ffffff;--button_border_hover_color:#ef7c00;--button_gradient_top_color:#ef7c00;--button_gradient_bottom_color:#ef7c00;--button_gradient_top_color_hover:#ef7c00;--button_gradient_bottom_color_hover:#ef7c00;--button_text_transform:none;--button_margin-top:10px;--button_margin-bottom:20px;\" target=\"_self\" href=\"https:\/\/fries.iphos.at\/contact\/?lang=fr&amp;your-subject=ESD porte-pi\u00e8ce techtray 425 x 276\"><span class=\"fusion-button-text awb-button__text awb-button__text--default\">Demandez maintenant<\/span><\/a><\/div><div class=\"fusion-clearfix\"><\/div><\/div><\/div><div class=\"fusion-layout-column fusion_builder_column fusion-builder-column-1 fusion_builder_column_2_3 2_3 fusion-two-third fusion-column-last\" style=\"--awb-bg-size:cover;width:65.3333%;\"><div class=\"fusion-column-wrapper fusion-flex-column-wrapper-legacy\"><div class=\"fusion-text fusion-text-2 color-industrie orange\"><h1>ESD porte-pi\u00e8ce techtray<\/h1>\n<p><strong>Porte-pi\u00e8ces ESD flexible offrant une protection contre les d\u00e9charges \u00e9lectroniques<\/strong><\/p>\n<p>Le syst\u00e8me modulaire de porte-pi\u00e8ces ESD techtray offre une s\u00e9curit\u00e9 et une efficacit\u00e9 maximales en mati\u00e8re de nettoyage industriel des composants et de logistique de production interne \u00e0 l&#8217;entreprise.<\/p>\n<p>Le porte-pi\u00e8ces en plastique en forme de panier en maille m\u00e9tallique permet un rin\u00e7age optimal pendant le processus de nettoyage des composants \u00e9lectroniques et les prot\u00e8ge des d\u00e9charges \u00e9lectrostatiques ainsi que des rayures et des points d&#8217;impact. Le porte-pi\u00e8ces ESD techtray a depuis longtemps le statut de norme en mati\u00e8re de nettoyage industriel de pi\u00e8ces, de manutention de pi\u00e8ces et de logistique de pi\u00e8ces.<\/p>\n<p align=\"LEFT\"><img decoding=\"async\" class=\"alignleft\" title=\"ESD (Electro Static Discharge)\" src=\"https:\/\/fries.iphos.at\/wp-content\/uploads\/Elektrostatische-Entladung-1024x866.png\" alt=\"\" width=\"96\" height=\"81\" \/><strong>Les porte-pi\u00e8ces conducteurs et les paniers industriels prot\u00e8gent les composants sensibles.<br \/>\n<\/strong> Les composants \u00e9lectroniques peuvent \u00eatre d\u00e9truits suite \u00e0 une d\u00e9charge \u00e9lectrostatique. Pour les prot\u00e9ger de ce type de dommages, nous avons \u00e9galement d\u00e9velopp\u00e9 le porte-pi\u00e8ces \u00e9prouv\u00e9 techtray dans le mat\u00e9riau Comp 25 (mod\u00e8le ESD). Celui-ci agit de fa\u00e7on fiable pour emp\u00eacher l&#8217;apparition de d\u00e9charges \u00e9lectrostatiques et \u00e9vacue celles d\u00e9j\u00e0 pr\u00e9sentes. Vous pouvez ainsi \u00e9viter une augmentation de vos co\u00fbts de production et une diminution de votre rendement.<\/p>\n<p><strong>Protection des composants et flexibilit\u00e9 absolues<\/strong><\/p>\n<ul>\n<li>Prot\u00e8ge les composants \u00e9lectroniques des d\u00e9charges \u00e9lectrostatiques<\/li>\n<li>Avec le porte-pi\u00e8ces ESD techtray, les composants peuvent \u00eatre plac\u00e9s directement dans la zone ESD pour un montage sans reconditionnement.<\/li>\n<li>Flexibilit\u00e9 gr\u00e2ce aux compartiments universels et aux variantes de fiches<\/li>\n<li>Fonction multitray (sol = couvercle)<\/li>\n<li>Positionnement pr\u00e9cis pour une protection optimale des composants gr\u00e2ce \u00e0 une vari\u00e9t\u00e9 de broches rotatives et enfichables<\/li>\n<li>Dispositif empilable gr\u00e2ce \u00e0 ses boulons d&#8217;empilage et donc adaptable en hauteur<\/li>\n<li>Nettoyage de bonne qualit\u00e9 et faible blindage<\/li>\n<li>Utilisable aussi bien dans un panier standard ou une claie \u00e0 compartiments qu&#8217;en tant que porte-pi\u00e8ces ind\u00e9pendant<\/li>\n<li>Utilisable pour le transport, la logistique et le nettoyage<\/li>\n<li>Adapt\u00e9 \u00e0 l&#8217;automatisation compl\u00e8te et la manipulation du robot<\/li>\n<li>Poign\u00e9es encastr\u00e9es sur le plateau pour une meilleure utilisation de l&#8217;espace<\/li>\n<li>Combinable avec le dispositif tech-rack variogrid<\/li>\n<li>Les s\u00e9parateurs longitudinaux et transversaux sont enfich\u00e9s dans le sol, ce qui neutralise l&#8217;effet capillaire<\/li>\n<li>Les bords arrondis permettent un comportement d&#8217;\u00e9coulement optimal et r\u00e9duisent le risque de blessure<\/li>\n<\/ul>\n<h4><\/h4>\n<\/div><div class=\"fusion-clearfix\"><\/div><\/div><\/div><\/div><\/div><div class=\"fusion-fullwidth fullwidth-box fusion-builder-row-2 nonhundred-percent-fullwidth non-hundred-percent-height-scrolling\" style=\"--awb-border-radius-top-left:0px;--awb-border-radius-top-right:0px;--awb-border-radius-bottom-right:0px;--awb-border-radius-bottom-left:0px;--awb-flex-wrap:wrap;\" ><div class=\"fusion-builder-row fusion-row\"><div class=\"fusion-layout-column fusion_builder_column fusion-builder-column-2 fusion_builder_column_1_3 1_3 fusion-one-third fusion-column-first\" style=\"--awb-bg-size:cover;width:33.333333333333%;width:calc(33.333333333333% - ( ( 4% ) * 0.33333333333333 ) );margin-right: 4%;\"><div class=\"fusion-column-wrapper fusion-flex-column-wrapper-legacy\"><div class=\"fusion-clearfix\"><\/div><\/div><\/div><div class=\"fusion-layout-column fusion_builder_column fusion-builder-column-3 fusion_builder_column_2_3 2_3 fusion-two-third fusion-column-last\" style=\"--awb-bg-size:cover;width:66.666666666667%;width:calc(66.666666666667% - ( ( 4% ) * 0.66666666666667 ) );\"><div class=\"fusion-column-wrapper fusion-flex-column-wrapper-legacy\"><div class=\"fusion-text fusion-text-3\"><p><strong>Mat\u00e9riaux disponibles :<\/strong><\/p>\n<p>Le porte-pi\u00e8ce variogrid techtray est disponible dans les mat\u00e9riaux suivants, selon les exigences :<\/p>\n<\/div><div class=\"fusion-clearfix\"><\/div><\/div><\/div><div class=\"fusion-layout-column fusion_builder_column fusion-builder-column-4 fusion_builder_column_1_4 1_4 fusion-one-fourth fusion-column-first\" style=\"--awb-bg-size:cover;width:25%;width:calc(25% - ( ( 4% + 4% + 4% ) * 0.25 ) );margin-right: 4%;\"><div class=\"fusion-column-wrapper fusion-flex-column-wrapper-legacy\"><div class=\"fusion-clearfix\"><\/div><\/div><\/div><div class=\"fusion-layout-column fusion_builder_column fusion-builder-column-5 fusion_builder_column_1_4 1_4 fusion-one-fourth\" style=\"--awb-bg-size:cover;width:25%;width:calc(25% - ( ( 4% + 4% + 4% ) * 0.25 ) );margin-right: 4%;\"><div class=\"fusion-column-wrapper fusion-flex-column-wrapper-legacy\"><div class=\"fusion-image-element fusion-image-align-right in-legacy-container\" style=\"text-align:right;--awb-caption-title-font-family:var(--h2_typography-font-family);--awb-caption-title-font-weight:var(--h2_typography-font-weight);--awb-caption-title-font-style:var(--h2_typography-font-style);--awb-caption-title-size:var(--h2_typography-font-size);--awb-caption-title-transform:var(--h2_typography-text-transform);--awb-caption-title-line-height:var(--h2_typography-line-height);--awb-caption-title-letter-spacing:var(--h2_typography-letter-spacing);\"><span class=\" fusion-imageframe imageframe-none imageframe-2 hover-type-none\" style=\"margin-left:25px;float:right;\"><a class=\"fusion-no-lightbox\" href=\"https:\/\/fries.iphos.at\/produits\/paniers-industriels\/materiaux-fries\/?lang=fr\" target=\"_blank\" aria-label=\"Comp13\/14\" rel=\"noopener noreferrer\"><img decoding=\"async\" width=\"300\" height=\"300\" alt=\"Fries Industriek\u00f6rbe und Werkst\u00fccktr\u00e4ger Material Comp13\/14\" src=\"https:\/\/fries.iphos.at\/wp-content\/uploads\/Comp13_14-300x300.jpg\" class=\"img-responsive wp-image-28245\" srcset=\"https:\/\/fries.iphos.at\/wp-content\/uploads\/Comp13_14-200x200.jpg 200w, https:\/\/fries.iphos.at\/wp-content\/uploads\/Comp13_14-400x400.jpg 400w, https:\/\/fries.iphos.at\/wp-content\/uploads\/Comp13_14.jpg 591w\" sizes=\"(max-width: 0px) 100vw, 400px\" \/><\/a><\/span><\/div><div class=\"fusion-text fusion-text-4 color-industrie orange\"><p style=\"text-align: right;\"><a title=\"Mat\u00e9riaux FRIES\" href=\"https:\/\/fries.iphos.at\/produits\/paniers-industriels\/materiaux-fries\/?lang=fr\" target=\"_blank\" rel=\"noopener noreferrer\"><strong>FRIES Comp 13\/14<\/strong><\/a><\/p>\n<\/div><div class=\"fusion-clearfix\"><\/div><\/div><\/div><div class=\"fusion-layout-column fusion_builder_column fusion-builder-column-6 fusion_builder_column_1_4 1_4 fusion-one-fourth\" style=\"--awb-bg-size:cover;width:25%;width:calc(25% - ( ( 4% + 4% + 4% ) * 0.25 ) );margin-right: 4%;\"><div class=\"fusion-column-wrapper fusion-flex-column-wrapper-legacy\"><div class=\"fusion-image-element fusion-image-align-right in-legacy-container\" style=\"text-align:right;--awb-caption-title-font-family:var(--h2_typography-font-family);--awb-caption-title-font-weight:var(--h2_typography-font-weight);--awb-caption-title-font-style:var(--h2_typography-font-style);--awb-caption-title-size:var(--h2_typography-font-size);--awb-caption-title-transform:var(--h2_typography-text-transform);--awb-caption-title-line-height:var(--h2_typography-line-height);--awb-caption-title-letter-spacing:var(--h2_typography-letter-spacing);\"><span class=\" fusion-imageframe imageframe-none imageframe-3 hover-type-none\" style=\"margin-left:25px;float:right;\"><a class=\"fusion-no-lightbox\" href=\"https:\/\/fries.iphos.at\/produits\/paniers-industriels\/materiaux-fries\/?lang=fr\" target=\"_self\" aria-label=\"Comp21\/22\"><img decoding=\"async\" width=\"300\" height=\"300\" alt=\"Fries Industriek\u00f6rbe und Werkst\u00fccktr\u00e4ger Material Comp21\/22\" src=\"https:\/\/fries.iphos.at\/wp-content\/uploads\/Comp21_22-300x300.jpg\" class=\"img-responsive wp-image-28253\"\/><\/a><\/span><\/div><div class=\"fusion-text fusion-text-5 color-industrie orange\"><p style=\"text-align: right;\"><a title=\"Mat\u00e9riaux FRIES\" href=\"https:\/\/fries.iphos.at\/produits\/paniers-industriels\/materiaux-fries\/?lang=fr\" target=\"_blank\" rel=\"noopener noreferrer\"><strong>FRIES Comp 21\/22<\/strong><\/a><\/p>\n<\/div><div class=\"fusion-clearfix\"><\/div><\/div><\/div><div class=\"fusion-layout-column fusion_builder_column fusion-builder-column-7 fusion_builder_column_1_4 1_4 fusion-one-fourth fusion-column-last\" style=\"--awb-bg-size:cover;width:25%;width:calc(25% - ( ( 4% + 4% + 4% ) * 0.25 ) );\"><div class=\"fusion-column-wrapper fusion-flex-column-wrapper-legacy\"><div class=\"fusion-image-element fusion-image-align-right in-legacy-container\" style=\"text-align:right;--awb-caption-title-font-family:var(--h2_typography-font-family);--awb-caption-title-font-weight:var(--h2_typography-font-weight);--awb-caption-title-font-style:var(--h2_typography-font-style);--awb-caption-title-size:var(--h2_typography-font-size);--awb-caption-title-transform:var(--h2_typography-text-transform);--awb-caption-title-line-height:var(--h2_typography-line-height);--awb-caption-title-letter-spacing:var(--h2_typography-letter-spacing);\"><span class=\" fusion-imageframe imageframe-none imageframe-4 hover-type-none\" style=\"margin-left:25px;float:right;\"><a class=\"fusion-no-lightbox\" href=\"https:\/\/fries.iphos.at\/produits\/paniers-industriels\/materiaux-fries\/?lang=fr\" target=\"_self\" aria-label=\"Comp25\"><img decoding=\"async\" width=\"300\" height=\"300\" alt=\"Fries Industriek\u00f6rbe und Werkst\u00fccktr\u00e4ger Material Comp25\" src=\"https:\/\/fries.iphos.at\/wp-content\/uploads\/Comp25-300x300.jpg\" class=\"img-responsive wp-image-28254\" srcset=\"https:\/\/fries.iphos.at\/wp-content\/uploads\/Comp25-200x200.jpg 200w, https:\/\/fries.iphos.at\/wp-content\/uploads\/Comp25-400x400.jpg 400w, https:\/\/fries.iphos.at\/wp-content\/uploads\/Comp25.jpg 591w\" sizes=\"(max-width: 0px) 100vw, 400px\" \/><\/a><\/span><\/div><div class=\"fusion-text fusion-text-6 color-industrie orange\"><p style=\"text-align: right;\"><a title=\"Mat\u00e9riaux FRIES\" href=\"https:\/\/fries.iphos.at\/produits\/paniers-industriels\/materiaux-fries\/?lang=fr\" target=\"_blank\" rel=\"noopener noreferrer\"><strong>Fries Comp 25 (ESD)<\/strong><\/a><\/p>\n<\/div><div class=\"fusion-clearfix\"><\/div><\/div><\/div><\/div><\/div><div class=\"fusion-fullwidth fullwidth-box fusion-builder-row-3 nonhundred-percent-fullwidth non-hundred-percent-height-scrolling\" style=\"--awb-border-radius-top-left:0px;--awb-border-radius-top-right:0px;--awb-border-radius-bottom-right:0px;--awb-border-radius-bottom-left:0px;--awb-flex-wrap:wrap;\" ><div class=\"fusion-builder-row fusion-row\"><div class=\"fusion-layout-column fusion_builder_column fusion-builder-column-8 fusion_builder_column_1_3 1_3 fusion-one-third fusion-column-first\" style=\"--awb-bg-size:cover;width:33.333333333333%;width:calc(33.333333333333% - ( ( 4% ) * 0.33333333333333 ) );margin-right: 4%;\"><div class=\"fusion-column-wrapper fusion-flex-column-wrapper-legacy\"><div class=\"fusion-clearfix\"><\/div><\/div><\/div><\/div><\/div><\/p>\n","protected":false},"excerpt":{"rendered":"","protected":false},"author":4,"featured_media":0,"parent":61349,"menu_order":0,"comment_status":"closed","ping_status":"closed","template":"","meta":{"_acf_changed":false,"footnotes":""},"class_list":["post-29184","page","type-page","status-publish","hentry"],"acf":[],"yoast_head":"<!-- This site is optimized with the Yoast SEO plugin v26.8 - https:\/\/yoast.com\/product\/yoast-seo-wordpress\/ -->\n<title>Porte-pi\u00e8ce ESD techtray pour composants \u00e9lectronique | FRIES<\/title>\n<meta name=\"description\" content=\"Les porte-pi\u00e8ces ESD techtray offrent une s\u00e9curit\u00e9 maximale pour les pi\u00e8ces \u00e9lectroniques \u25b6Adaptez le syst\u00e8me \u00e0 vos besoins\u00a0!\" \/>\n<meta name=\"robots\" content=\"noindex, follow, max-snippet:-1, max-image-preview:large, max-video-preview:-1\" \/>\n<meta name=\"twitter:label1\" content=\"Dur\u00e9e de lecture estim\u00e9e\" \/>\n\t<meta name=\"twitter:data1\" content=\"4 minutes\" \/>\n<script type=\"application\/ld+json\" class=\"yoast-schema-graph\">{\"@context\":\"https:\/\/schema.org\",\"@graph\":[{\"@type\":\"WebPage\",\"@id\":\"https:\/\/fries.iphos.at\/produits\/paniers-industriels\/esd-porte-piece-techtray-425-x-276\/?lang=fr\",\"url\":\"https:\/\/fries.iphos.at\/produits\/paniers-industriels\/esd-porte-piece-techtray-425-x-276\/?lang=fr\",\"name\":\"Porte-pi\u00e8ce ESD techtray pour composants \u00e9lectronique | FRIES\",\"isPartOf\":{\"@id\":\"https:\/\/fries.iphos.at\/#website\"},\"primaryImageOfPage\":{\"@id\":\"https:\/\/fries.iphos.at\/produits\/paniers-industriels\/esd-porte-piece-techtray-425-x-276\/?lang=fr#primaryimage\"},\"image\":{\"@id\":\"https:\/\/fries.iphos.at\/produits\/paniers-industriels\/esd-porte-piece-techtray-425-x-276\/?lang=fr#primaryimage\"},\"thumbnailUrl\":\"https:\/\/fries.iphos.at\/wp-content\/uploads\/Elektrostatische-Entladung-1024x866.png\",\"datePublished\":\"2020-02-18T08:27:33+00:00\",\"dateModified\":\"2024-10-21T06:50:48+00:00\",\"description\":\"Les porte-pi\u00e8ces ESD techtray offrent une s\u00e9curit\u00e9 maximale pour les pi\u00e8ces \u00e9lectroniques \u25b6Adaptez le syst\u00e8me \u00e0 vos besoins\u00a0!\",\"breadcrumb\":{\"@id\":\"https:\/\/fries.iphos.at\/produits\/paniers-industriels\/esd-porte-piece-techtray-425-x-276\/?lang=fr#breadcrumb\"},\"inLanguage\":\"fr-FR\",\"potentialAction\":[{\"@type\":\"ReadAction\",\"target\":[\"https:\/\/fries.iphos.at\/produits\/paniers-industriels\/esd-porte-piece-techtray-425-x-276\/?lang=fr\"]}]},{\"@type\":\"ImageObject\",\"inLanguage\":\"fr-FR\",\"@id\":\"https:\/\/fries.iphos.at\/produits\/paniers-industriels\/esd-porte-piece-techtray-425-x-276\/?lang=fr#primaryimage\",\"url\":\"https:\/\/fries.iphos.at\/wp-content\/uploads\/Elektrostatische-Entladung-1024x866.png\",\"contentUrl\":\"https:\/\/fries.iphos.at\/wp-content\/uploads\/Elektrostatische-Entladung-1024x866.png\"},{\"@type\":\"BreadcrumbList\",\"@id\":\"https:\/\/fries.iphos.at\/produits\/paniers-industriels\/esd-porte-piece-techtray-425-x-276\/?lang=fr#breadcrumb\",\"itemListElement\":[{\"@type\":\"ListItem\",\"position\":1,\"name\":\"Home\",\"item\":\"https:\/\/fries.iphos.at\/?lang=fr\"},{\"@type\":\"ListItem\",\"position\":2,\"name\":\"Produits\",\"item\":\"https:\/\/fries.iphos.at\/produits\/?lang=fr\"},{\"@type\":\"ListItem\",\"position\":3,\"name\":\"Porte-pi\u00e8ces et paniers de nettoyage\",\"item\":\"https:\/\/fries.iphos.at\/produits\/paniers-industriels\/?lang=fr\"},{\"@type\":\"ListItem\",\"position\":4,\"name\":\"ESD porte-pi\u00e8ce techtray 425 x 276\"}]},{\"@type\":\"WebSite\",\"@id\":\"https:\/\/fries.iphos.at\/#website\",\"url\":\"https:\/\/fries.iphos.at\/\",\"name\":\"FRIES\",\"description\":\"\",\"publisher\":{\"@id\":\"https:\/\/fries.iphos.at\/#organization\"},\"potentialAction\":[{\"@type\":\"SearchAction\",\"target\":{\"@type\":\"EntryPoint\",\"urlTemplate\":\"https:\/\/fries.iphos.at\/?s={search_term_string}\"},\"query-input\":{\"@type\":\"PropertyValueSpecification\",\"valueRequired\":true,\"valueName\":\"search_term_string\"}}],\"inLanguage\":\"fr-FR\"},{\"@type\":\"Organization\",\"@id\":\"https:\/\/fries.iphos.at\/#organization\",\"name\":\"FRIES Kunststofftechnik GmbH\",\"url\":\"https:\/\/fries.iphos.at\/\",\"logo\":{\"@type\":\"ImageObject\",\"inLanguage\":\"fr-FR\",\"@id\":\"https:\/\/fries.iphos.at\/#\/schema\/logo\/image\/\",\"url\":\"https:\/\/fries.iphos.at\/wp-content\/uploads\/fries-logo.png\",\"contentUrl\":\"https:\/\/fries.iphos.at\/wp-content\/uploads\/fries-logo.png\",\"width\":120,\"height\":60,\"caption\":\"FRIES Kunststofftechnik GmbH\"},\"image\":{\"@id\":\"https:\/\/fries.iphos.at\/#\/schema\/logo\/image\/\"},\"sameAs\":[\"https:\/\/www.facebook.com\/FRIESKunststofftechnik\/\",\"https:\/\/www.youtube.com\/channel\/UCc2UgnWJ9Y_-pIXbDIek7wQ\"]}]}<\/script>\n<!-- \/ Yoast SEO plugin. -->","yoast_head_json":{"title":"Porte-pi\u00e8ce ESD techtray pour composants \u00e9lectronique | FRIES","description":"Les porte-pi\u00e8ces ESD techtray offrent une s\u00e9curit\u00e9 maximale pour les pi\u00e8ces \u00e9lectroniques \u25b6Adaptez le syst\u00e8me \u00e0 vos besoins\u00a0!","robots":{"index":"noindex","follow":"follow","max-snippet":"max-snippet:-1","max-image-preview":"max-image-preview:large","max-video-preview":"max-video-preview:-1"},"twitter_misc":{"Dur\u00e9e de lecture estim\u00e9e":"4 minutes"},"schema":{"@context":"https:\/\/schema.org","@graph":[{"@type":"WebPage","@id":"https:\/\/fries.iphos.at\/produits\/paniers-industriels\/esd-porte-piece-techtray-425-x-276\/?lang=fr","url":"https:\/\/fries.iphos.at\/produits\/paniers-industriels\/esd-porte-piece-techtray-425-x-276\/?lang=fr","name":"Porte-pi\u00e8ce ESD techtray pour composants \u00e9lectronique | FRIES","isPartOf":{"@id":"https:\/\/fries.iphos.at\/#website"},"primaryImageOfPage":{"@id":"https:\/\/fries.iphos.at\/produits\/paniers-industriels\/esd-porte-piece-techtray-425-x-276\/?lang=fr#primaryimage"},"image":{"@id":"https:\/\/fries.iphos.at\/produits\/paniers-industriels\/esd-porte-piece-techtray-425-x-276\/?lang=fr#primaryimage"},"thumbnailUrl":"https:\/\/fries.iphos.at\/wp-content\/uploads\/Elektrostatische-Entladung-1024x866.png","datePublished":"2020-02-18T08:27:33+00:00","dateModified":"2024-10-21T06:50:48+00:00","description":"Les porte-pi\u00e8ces ESD techtray offrent une s\u00e9curit\u00e9 maximale pour les pi\u00e8ces \u00e9lectroniques \u25b6Adaptez le syst\u00e8me \u00e0 vos besoins\u00a0!","breadcrumb":{"@id":"https:\/\/fries.iphos.at\/produits\/paniers-industriels\/esd-porte-piece-techtray-425-x-276\/?lang=fr#breadcrumb"},"inLanguage":"fr-FR","potentialAction":[{"@type":"ReadAction","target":["https:\/\/fries.iphos.at\/produits\/paniers-industriels\/esd-porte-piece-techtray-425-x-276\/?lang=fr"]}]},{"@type":"ImageObject","inLanguage":"fr-FR","@id":"https:\/\/fries.iphos.at\/produits\/paniers-industriels\/esd-porte-piece-techtray-425-x-276\/?lang=fr#primaryimage","url":"https:\/\/fries.iphos.at\/wp-content\/uploads\/Elektrostatische-Entladung-1024x866.png","contentUrl":"https:\/\/fries.iphos.at\/wp-content\/uploads\/Elektrostatische-Entladung-1024x866.png"},{"@type":"BreadcrumbList","@id":"https:\/\/fries.iphos.at\/produits\/paniers-industriels\/esd-porte-piece-techtray-425-x-276\/?lang=fr#breadcrumb","itemListElement":[{"@type":"ListItem","position":1,"name":"Home","item":"https:\/\/fries.iphos.at\/?lang=fr"},{"@type":"ListItem","position":2,"name":"Produits","item":"https:\/\/fries.iphos.at\/produits\/?lang=fr"},{"@type":"ListItem","position":3,"name":"Porte-pi\u00e8ces et paniers de nettoyage","item":"https:\/\/fries.iphos.at\/produits\/paniers-industriels\/?lang=fr"},{"@type":"ListItem","position":4,"name":"ESD porte-pi\u00e8ce techtray 425 x 276"}]},{"@type":"WebSite","@id":"https:\/\/fries.iphos.at\/#website","url":"https:\/\/fries.iphos.at\/","name":"FRIES","description":"","publisher":{"@id":"https:\/\/fries.iphos.at\/#organization"},"potentialAction":[{"@type":"SearchAction","target":{"@type":"EntryPoint","urlTemplate":"https:\/\/fries.iphos.at\/?s={search_term_string}"},"query-input":{"@type":"PropertyValueSpecification","valueRequired":true,"valueName":"search_term_string"}}],"inLanguage":"fr-FR"},{"@type":"Organization","@id":"https:\/\/fries.iphos.at\/#organization","name":"FRIES Kunststofftechnik GmbH","url":"https:\/\/fries.iphos.at\/","logo":{"@type":"ImageObject","inLanguage":"fr-FR","@id":"https:\/\/fries.iphos.at\/#\/schema\/logo\/image\/","url":"https:\/\/fries.iphos.at\/wp-content\/uploads\/fries-logo.png","contentUrl":"https:\/\/fries.iphos.at\/wp-content\/uploads\/fries-logo.png","width":120,"height":60,"caption":"FRIES Kunststofftechnik GmbH"},"image":{"@id":"https:\/\/fries.iphos.at\/#\/schema\/logo\/image\/"},"sameAs":["https:\/\/www.facebook.com\/FRIESKunststofftechnik\/","https:\/\/www.youtube.com\/channel\/UCc2UgnWJ9Y_-pIXbDIek7wQ"]}]}},"_links":{"self":[{"href":"https:\/\/fries.iphos.at\/fr\/wp-json\/wp\/v2\/pages\/29184","targetHints":{"allow":["GET"]}}],"collection":[{"href":"https:\/\/fries.iphos.at\/fr\/wp-json\/wp\/v2\/pages"}],"about":[{"href":"https:\/\/fries.iphos.at\/fr\/wp-json\/wp\/v2\/types\/page"}],"author":[{"embeddable":true,"href":"https:\/\/fries.iphos.at\/fr\/wp-json\/wp\/v2\/users\/4"}],"replies":[{"embeddable":true,"href":"https:\/\/fries.iphos.at\/fr\/wp-json\/wp\/v2\/comments?post=29184"}],"version-history":[{"count":14,"href":"https:\/\/fries.iphos.at\/fr\/wp-json\/wp\/v2\/pages\/29184\/revisions"}],"predecessor-version":[{"id":53720,"href":"https:\/\/fries.iphos.at\/fr\/wp-json\/wp\/v2\/pages\/29184\/revisions\/53720"}],"up":[{"embeddable":true,"href":"https:\/\/fries.iphos.at\/fr\/wp-json\/wp\/v2\/pages\/61349"}],"wp:attachment":[{"href":"https:\/\/fries.iphos.at\/fr\/wp-json\/wp\/v2\/media?parent=29184"}],"curies":[{"name":"wp","href":"https:\/\/api.w.org\/{rel}","templated":true}]}}