{"id":24571,"date":"2019-03-04T14:44:08","date_gmt":"2019-03-04T12:44:08","guid":{"rendered":"https:\/\/fries.iphos.at\/produits\/emballage\/bidons\/bidon-1-poignee-60-l\/"},"modified":"2025-06-24T11:37:18","modified_gmt":"2025-06-24T09:37:18","slug":"bidon-1-poignee-60-l-2","status":"publish","type":"page","link":"https:\/\/fries.iphos.at\/fr\/produits\/emballage\/bidons\/bidon-1-poignee-60-l-2\/","title":{"rendered":"Bidon 1 poign\u00e9e 60l"},"content":{"rendered":"<div class=\"fusion-fullwidth fullwidth-box fusion-builder-row-1 nonhundred-percent-fullwidth non-hundred-percent-height-scrolling\" style=\"--awb-background-position:left top;--awb-border-radius-top-left:0px;--awb-border-radius-top-right:0px;--awb-border-radius-bottom-right:0px;--awb-border-radius-bottom-left:0px;--awb-padding-top:20px;--awb-padding-right:0px;--awb-padding-bottom:20px;--awb-padding-left:0px;--awb-border-sizes-top:0px;--awb-border-sizes-bottom:0px;--awb-flex-wrap:wrap;\" ><div class=\"fusion-builder-row fusion-row\"><div class=\"fusion-layout-column fusion_builder_column fusion-builder-column-0 fusion_builder_column_1_3 1_3 fusion-one-third fusion-column-first\" style=\"--awb-bg-size:cover;width:30.6666%; margin-right: 4%;\"><div class=\"fusion-column-wrapper fusion-flex-column-wrapper-legacy\"><div class=\"fusion-image-element in-legacy-container\" style=\"--awb-caption-title-font-family:var(--h2_typography-font-family);--awb-caption-title-font-weight:var(--h2_typography-font-weight);--awb-caption-title-font-style:var(--h2_typography-font-style);--awb-caption-title-size:var(--h2_typography-font-size);--awb-caption-title-transform:var(--h2_typography-text-transform);--awb-caption-title-line-height:var(--h2_typography-line-height);--awb-caption-title-letter-spacing:var(--h2_typography-letter-spacing);\"><span class=\" fusion-imageframe imageframe-none imageframe-1 hover-type-none\"><a href=\"https:\/\/fries.iphos.at\/wp-content\/uploads\/Kanister-1-Griff-60-l.jpg\" class=\"fusion-lightbox\" data-rel=\"iLightbox[367b42b6bbe1565b122]\" data-caption=\"Kanister lebensmittelecht und UN 1-Griff 60 l\" data-title=\"Kanister lebensmittelecht und UN 1-Griff 60 l\" title=\"Kanister lebensmittelecht und UN 1-Griff 60 l\"><img decoding=\"async\" width=\"242\" height=\"242\" alt=\"Kanister lebensmittelecht und UN 1-Griff 60 l\" src=\"https:\/\/fries.iphos.at\/wp-content\/uploads\/Kanister-1-Griff-60-l.jpg\" class=\"img-responsive wp-image-24543\" srcset=\"https:\/\/fries.iphos.at\/wp-content\/uploads\/Kanister-1-Griff-60-l-66x66.jpg 66w, https:\/\/fries.iphos.at\/wp-content\/uploads\/Kanister-1-Griff-60-l-150x150.jpg 150w, https:\/\/fries.iphos.at\/wp-content\/uploads\/Kanister-1-Griff-60-l.jpg 242w\" sizes=\"(max-width: 242px) 100vw, 242px\" \/><\/a><\/span><\/div><div class=\"fusion-text fusion-text-1 color-verpackung gr\u00fcn\"><h4><a href=\"https:\/\/fries.iphos.at\/wp-content\/uploads\/Kanister-60l_1-Griff-1.pdf\" target=\"_blank\" rel=\"noopener noreferrer\">T\u00e9l\u00e9charger la brochure<\/a><\/h4>\n<\/div><div class=\"fusion-alignleft\"><a class=\"fusion-button button-flat fusion-button-default-size button-custom fusion-button-default button-1 fusion-button-default-span fusion-button-default-type color-verpackung\" style=\"--button_accent_color:#ffffff;--button_border_color:#00997c;--button_accent_hover_color:#ffffff;--button_border_hover_color:#00997c;--button_gradient_top_color:#00997c;--button_gradient_bottom_color:#00997c;--button_gradient_top_color_hover:#00997c;--button_gradient_bottom_color_hover:#00997c;--button_text_transform:none;--button_margin-top:10px;--button_margin-bottom:20px;\" target=\"_self\" href=\"https:\/\/fries.iphos.at\/contact\/?lang=fr&amp;your-subject=Bidon 1 poign\u00e9e 60l\"><span class=\"fusion-button-text awb-button__text awb-button__text--default\">Demandez maintenant<\/span><\/a><\/div><div class=\"fusion-clearfix\"><\/div><\/div><\/div><div class=\"fusion-layout-column fusion_builder_column fusion-builder-column-1 fusion_builder_column_2_3 2_3 fusion-two-third fusion-column-last\" style=\"--awb-bg-size:cover;width:65.3333%;\"><div class=\"fusion-column-wrapper fusion-flex-column-wrapper-legacy\"><div class=\"fusion-text fusion-text-2 color-verpackung gr\u00fcn\"><h1>Bidon 1 poign\u00e9e (PE) 60l<\/h1>\n<p><strong>Bidon en PE | 60l | Certifi\u00e9 halal | Fabrication contr\u00f4l\u00e9e | R\u00e9cipient pour substances dangereuses | Facile \u00e0 transporter | Vidangeable <\/strong><\/p>\n<ul>\n<li>Poign\u00e9e ergonomique facile \u00e0 tenir<\/li>\n<li>Excellent confort de pr\u00e9hension et de portage du bidon rempli<\/li>\n<li>\u00c9galement vidangeable dans une position de d\u00e9versement inclin\u00e9e<\/li>\n<li>Largeur de bande \u00e9lev\u00e9e<\/li>\n<li>Le bidon correspond \u00e0 la norme EN 12712-2000<\/li>\n<li>Utilisation universelle gr\u00e2ce aux agr\u00e9ments pour biens dangereux \u00e9tendus<\/li>\n<li>En option avec ou sans cames d&#8217;empilement<\/li>\n<li>Conforme aux normes alimentaires selon CE 1935\/2004, CE 2023\/2006<\/li>\n<li>et CE 10\/2011 disponible dans la version en vigueur actuellement<\/li>\n<li>R\u00e9alisation en mat\u00e9riau certifi\u00e9 usage pharmaceutique\/m\u00e9dical sur demande<\/li>\n<li>Disponible dans les couleurs &#8220;bleu&#8221; et &#8220;naturel&#8221; (autres couleurs disponibles sur demande)<\/li>\n<\/ul>\n<p><strong>Accessoires :<\/strong><\/p>\n<ul>\n<li>Bouchon \u00e0 vis SK60 ou SK70, selon la norme EN 12713-2000<\/li>\n<li>Ouverture de remplissage SK60x6 (diam\u00e8tre int\u00e9rieur 48 mm) ou<\/li>\n<li>SK70x6 (diam\u00e8tre int\u00e9rieur 57 mm), selon EN 12712-2000<\/li>\n<li>Valve de d\u00e9gazage disponible sur demande<\/li>\n<li>Bague d\u2019inviolabilit\u00e9<\/li>\n<\/ul>\n<\/div><div class=\"fusion-clearfix\"><\/div><\/div><\/div><\/div><\/div>\n","protected":false},"excerpt":{"rendered":"","protected":false},"author":4,"featured_media":0,"parent":20007,"menu_order":0,"comment_status":"closed","ping_status":"closed","template":"","meta":{"_acf_changed":false,"footnotes":""},"class_list":["post-24571","page","type-page","status-publish","hentry"],"acf":[],"yoast_head":"<!-- This site is optimized with the Yoast SEO plugin v26.8 - https:\/\/yoast.com\/product\/yoast-seo-wordpress\/ -->\n<title>Bidon en plastique 60 litres | 1 poign\u00e9e | Homologation UN<\/title>\n<meta name=\"description\" content=\"Bidon de 60l avec excellent confort de portage et bonne capacit\u00e9 \u00e0 enlever les restes \u2714Qualit\u00e9 alimentaire \u2714Homologation pour marchandises dangereuses\" \/>\n<meta name=\"robots\" content=\"noindex, follow, max-snippet:-1, max-image-preview:large, max-video-preview:-1\" \/>\n<meta name=\"twitter:label1\" content=\"Dur\u00e9e de lecture estim\u00e9e\" \/>\n\t<meta name=\"twitter:data1\" content=\"2 minutes\" \/>\n<script type=\"application\/ld+json\" class=\"yoast-schema-graph\">{\"@context\":\"https:\/\/schema.org\",\"@graph\":[{\"@type\":\"WebPage\",\"@id\":\"https:\/\/fries.iphos.at\/produits\/emballage\/bidons\/bidon-1-poignee-60-l-2\/?lang=fr\",\"url\":\"https:\/\/fries.iphos.at\/produits\/emballage\/bidons\/bidon-1-poignee-60-l-2\/?lang=fr\",\"name\":\"Bidon en plastique 60 litres | 1 poign\u00e9e | Homologation UN\",\"isPartOf\":{\"@id\":\"https:\/\/fries.iphos.at\/#website\"},\"primaryImageOfPage\":{\"@id\":\"https:\/\/fries.iphos.at\/produits\/emballage\/bidons\/bidon-1-poignee-60-l-2\/?lang=fr#primaryimage\"},\"image\":{\"@id\":\"https:\/\/fries.iphos.at\/produits\/emballage\/bidons\/bidon-1-poignee-60-l-2\/?lang=fr#primaryimage\"},\"thumbnailUrl\":\"https:\/\/fries.iphos.at\/wp-content\/uploads\/Kanister-1-Griff-60-l.jpg\",\"datePublished\":\"2019-03-04T12:44:08+00:00\",\"dateModified\":\"2025-06-24T09:37:18+00:00\",\"description\":\"Bidon de 60l avec excellent confort de portage et bonne capacit\u00e9 \u00e0 enlever les restes \u2714Qualit\u00e9 alimentaire \u2714Homologation pour marchandises dangereuses\",\"breadcrumb\":{\"@id\":\"https:\/\/fries.iphos.at\/produits\/emballage\/bidons\/bidon-1-poignee-60-l-2\/?lang=fr#breadcrumb\"},\"inLanguage\":\"fr-FR\",\"potentialAction\":[{\"@type\":\"ReadAction\",\"target\":[\"https:\/\/fries.iphos.at\/produits\/emballage\/bidons\/bidon-1-poignee-60-l-2\/?lang=fr\"]}]},{\"@type\":\"ImageObject\",\"inLanguage\":\"fr-FR\",\"@id\":\"https:\/\/fries.iphos.at\/produits\/emballage\/bidons\/bidon-1-poignee-60-l-2\/?lang=fr#primaryimage\",\"url\":\"https:\/\/fries.iphos.at\/wp-content\/uploads\/Kanister-1-Griff-60-l.jpg\",\"contentUrl\":\"https:\/\/fries.iphos.at\/wp-content\/uploads\/Kanister-1-Griff-60-l.jpg\"},{\"@type\":\"BreadcrumbList\",\"@id\":\"https:\/\/fries.iphos.at\/produits\/emballage\/bidons\/bidon-1-poignee-60-l-2\/?lang=fr#breadcrumb\",\"itemListElement\":[{\"@type\":\"ListItem\",\"position\":1,\"name\":\"Home\",\"item\":\"https:\/\/fries.iphos.at\/?lang=fr\"},{\"@type\":\"ListItem\",\"position\":2,\"name\":\"Produits\",\"item\":\"https:\/\/fries.iphos.at\/produits\/?lang=fr\"},{\"@type\":\"ListItem\",\"position\":3,\"name\":\"Emballage\",\"item\":\"https:\/\/fries.iphos.at\/produits\/emballage\/?lang=fr\"},{\"@type\":\"ListItem\",\"position\":4,\"name\":\"Bidons\",\"item\":\"https:\/\/fries.iphos.at\/produits\/emballage\/bidons\/?lang=fr\"},{\"@type\":\"ListItem\",\"position\":5,\"name\":\"Bidon 1 poign\u00e9e 60l\"}]},{\"@type\":\"WebSite\",\"@id\":\"https:\/\/fries.iphos.at\/#website\",\"url\":\"https:\/\/fries.iphos.at\/\",\"name\":\"FRIES\",\"description\":\"\",\"publisher\":{\"@id\":\"https:\/\/fries.iphos.at\/#organization\"},\"potentialAction\":[{\"@type\":\"SearchAction\",\"target\":{\"@type\":\"EntryPoint\",\"urlTemplate\":\"https:\/\/fries.iphos.at\/?s={search_term_string}\"},\"query-input\":{\"@type\":\"PropertyValueSpecification\",\"valueRequired\":true,\"valueName\":\"search_term_string\"}}],\"inLanguage\":\"fr-FR\"},{\"@type\":\"Organization\",\"@id\":\"https:\/\/fries.iphos.at\/#organization\",\"name\":\"FRIES Kunststofftechnik GmbH\",\"url\":\"https:\/\/fries.iphos.at\/\",\"logo\":{\"@type\":\"ImageObject\",\"inLanguage\":\"fr-FR\",\"@id\":\"https:\/\/fries.iphos.at\/#\/schema\/logo\/image\/\",\"url\":\"https:\/\/fries.iphos.at\/wp-content\/uploads\/fries-logo.png\",\"contentUrl\":\"https:\/\/fries.iphos.at\/wp-content\/uploads\/fries-logo.png\",\"width\":120,\"height\":60,\"caption\":\"FRIES Kunststofftechnik GmbH\"},\"image\":{\"@id\":\"https:\/\/fries.iphos.at\/#\/schema\/logo\/image\/\"},\"sameAs\":[\"https:\/\/www.facebook.com\/FRIESKunststofftechnik\/\",\"https:\/\/www.youtube.com\/channel\/UCc2UgnWJ9Y_-pIXbDIek7wQ\"]}]}<\/script>\n<!-- \/ Yoast SEO plugin. -->","yoast_head_json":{"title":"Bidon en plastique 60 litres | 1 poign\u00e9e | Homologation UN","description":"Bidon de 60l avec excellent confort de portage et bonne capacit\u00e9 \u00e0 enlever les restes \u2714Qualit\u00e9 alimentaire \u2714Homologation pour marchandises dangereuses","robots":{"index":"noindex","follow":"follow","max-snippet":"max-snippet:-1","max-image-preview":"max-image-preview:large","max-video-preview":"max-video-preview:-1"},"twitter_misc":{"Dur\u00e9e de lecture estim\u00e9e":"2 minutes"},"schema":{"@context":"https:\/\/schema.org","@graph":[{"@type":"WebPage","@id":"https:\/\/fries.iphos.at\/produits\/emballage\/bidons\/bidon-1-poignee-60-l-2\/?lang=fr","url":"https:\/\/fries.iphos.at\/produits\/emballage\/bidons\/bidon-1-poignee-60-l-2\/?lang=fr","name":"Bidon en plastique 60 litres | 1 poign\u00e9e | Homologation UN","isPartOf":{"@id":"https:\/\/fries.iphos.at\/#website"},"primaryImageOfPage":{"@id":"https:\/\/fries.iphos.at\/produits\/emballage\/bidons\/bidon-1-poignee-60-l-2\/?lang=fr#primaryimage"},"image":{"@id":"https:\/\/fries.iphos.at\/produits\/emballage\/bidons\/bidon-1-poignee-60-l-2\/?lang=fr#primaryimage"},"thumbnailUrl":"https:\/\/fries.iphos.at\/wp-content\/uploads\/Kanister-1-Griff-60-l.jpg","datePublished":"2019-03-04T12:44:08+00:00","dateModified":"2025-06-24T09:37:18+00:00","description":"Bidon de 60l avec excellent confort de portage et bonne capacit\u00e9 \u00e0 enlever les restes \u2714Qualit\u00e9 alimentaire \u2714Homologation pour marchandises dangereuses","breadcrumb":{"@id":"https:\/\/fries.iphos.at\/produits\/emballage\/bidons\/bidon-1-poignee-60-l-2\/?lang=fr#breadcrumb"},"inLanguage":"fr-FR","potentialAction":[{"@type":"ReadAction","target":["https:\/\/fries.iphos.at\/produits\/emballage\/bidons\/bidon-1-poignee-60-l-2\/?lang=fr"]}]},{"@type":"ImageObject","inLanguage":"fr-FR","@id":"https:\/\/fries.iphos.at\/produits\/emballage\/bidons\/bidon-1-poignee-60-l-2\/?lang=fr#primaryimage","url":"https:\/\/fries.iphos.at\/wp-content\/uploads\/Kanister-1-Griff-60-l.jpg","contentUrl":"https:\/\/fries.iphos.at\/wp-content\/uploads\/Kanister-1-Griff-60-l.jpg"},{"@type":"BreadcrumbList","@id":"https:\/\/fries.iphos.at\/produits\/emballage\/bidons\/bidon-1-poignee-60-l-2\/?lang=fr#breadcrumb","itemListElement":[{"@type":"ListItem","position":1,"name":"Home","item":"https:\/\/fries.iphos.at\/?lang=fr"},{"@type":"ListItem","position":2,"name":"Produits","item":"https:\/\/fries.iphos.at\/produits\/?lang=fr"},{"@type":"ListItem","position":3,"name":"Emballage","item":"https:\/\/fries.iphos.at\/produits\/emballage\/?lang=fr"},{"@type":"ListItem","position":4,"name":"Bidons","item":"https:\/\/fries.iphos.at\/produits\/emballage\/bidons\/?lang=fr"},{"@type":"ListItem","position":5,"name":"Bidon 1 poign\u00e9e 60l"}]},{"@type":"WebSite","@id":"https:\/\/fries.iphos.at\/#website","url":"https:\/\/fries.iphos.at\/","name":"FRIES","description":"","publisher":{"@id":"https:\/\/fries.iphos.at\/#organization"},"potentialAction":[{"@type":"SearchAction","target":{"@type":"EntryPoint","urlTemplate":"https:\/\/fries.iphos.at\/?s={search_term_string}"},"query-input":{"@type":"PropertyValueSpecification","valueRequired":true,"valueName":"search_term_string"}}],"inLanguage":"fr-FR"},{"@type":"Organization","@id":"https:\/\/fries.iphos.at\/#organization","name":"FRIES Kunststofftechnik GmbH","url":"https:\/\/fries.iphos.at\/","logo":{"@type":"ImageObject","inLanguage":"fr-FR","@id":"https:\/\/fries.iphos.at\/#\/schema\/logo\/image\/","url":"https:\/\/fries.iphos.at\/wp-content\/uploads\/fries-logo.png","contentUrl":"https:\/\/fries.iphos.at\/wp-content\/uploads\/fries-logo.png","width":120,"height":60,"caption":"FRIES Kunststofftechnik GmbH"},"image":{"@id":"https:\/\/fries.iphos.at\/#\/schema\/logo\/image\/"},"sameAs":["https:\/\/www.facebook.com\/FRIESKunststofftechnik\/","https:\/\/www.youtube.com\/channel\/UCc2UgnWJ9Y_-pIXbDIek7wQ"]}]}},"_links":{"self":[{"href":"https:\/\/fries.iphos.at\/fr\/wp-json\/wp\/v2\/pages\/24571","targetHints":{"allow":["GET"]}}],"collection":[{"href":"https:\/\/fries.iphos.at\/fr\/wp-json\/wp\/v2\/pages"}],"about":[{"href":"https:\/\/fries.iphos.at\/fr\/wp-json\/wp\/v2\/types\/page"}],"author":[{"embeddable":true,"href":"https:\/\/fries.iphos.at\/fr\/wp-json\/wp\/v2\/users\/4"}],"replies":[{"embeddable":true,"href":"https:\/\/fries.iphos.at\/fr\/wp-json\/wp\/v2\/comments?post=24571"}],"version-history":[{"count":14,"href":"https:\/\/fries.iphos.at\/fr\/wp-json\/wp\/v2\/pages\/24571\/revisions"}],"predecessor-version":[{"id":64795,"href":"https:\/\/fries.iphos.at\/fr\/wp-json\/wp\/v2\/pages\/24571\/revisions\/64795"}],"up":[{"embeddable":true,"href":"https:\/\/fries.iphos.at\/fr\/wp-json\/wp\/v2\/pages\/20007"}],"wp:attachment":[{"href":"https:\/\/fries.iphos.at\/fr\/wp-json\/wp\/v2\/media?parent=24571"}],"curies":[{"name":"wp","href":"https:\/\/api.w.org\/{rel}","templated":true}]}}