{"id":20743,"date":"2016-02-04T13:44:13","date_gmt":"2016-02-04T11:44:13","guid":{"rendered":"https:\/\/fries.iphos.at\/produits\/emballage\/seaux\/seaux-electriquement-conducteurs\/?lang=fr"},"modified":"2025-06-24T15:22:08","modified_gmt":"2025-06-24T13:22:08","slug":"seaux-electriquement-conducteurs","status":"publish","type":"page","link":"https:\/\/fries.iphos.at\/fr\/produits\/emballage\/seaux\/seaux-electriquement-conducteurs\/","title":{"rendered":"Seaux \u00e9lectriquement conducteurs"},"content":{"rendered":"<p><div class=\"fusion-fullwidth fullwidth-box fusion-builder-row-1 fusion-flex-container nonhundred-percent-fullwidth non-hundred-percent-height-scrolling\" style=\"--awb-border-radius-top-left:0px;--awb-border-radius-top-right:0px;--awb-border-radius-bottom-right:0px;--awb-border-radius-bottom-left:0px;--awb-flex-wrap:wrap;\" ><div class=\"fusion-builder-row fusion-row fusion-flex-align-items-flex-start fusion-flex-content-wrap\" style=\"max-width:1144px;margin-left: calc(-4% \/ 2 );margin-right: calc(-4% \/ 2 );\"><div class=\"fusion-layout-column fusion_builder_column fusion-builder-column-0 fusion_builder_column_1_1 1_1 fusion-flex-column\" style=\"--awb-bg-size:cover;--awb-width-large:100%;--awb-margin-top-large:0px;--awb-spacing-right-large:1.92%;--awb-margin-bottom-large:20px;--awb-spacing-left-large:1.92%;--awb-width-medium:100%;--awb-order-medium:0;--awb-spacing-right-medium:1.92%;--awb-spacing-left-medium:1.92%;--awb-width-small:100%;--awb-order-small:0;--awb-spacing-right-small:1.92%;--awb-spacing-left-small:1.92%;\"><div class=\"fusion-column-wrapper fusion-column-has-shadow fusion-flex-justify-content-flex-start fusion-content-layout-column\"><div class=\"fusion-text fusion-text-1 color-verpackung gr\u00fcn\"><h1>Seaux \u00e9lectriquement conducteurs<\/h1>\n<\/div><\/div><\/div><\/div><\/div><div class=\"fusion-fullwidth fullwidth-box fusion-builder-row-2 nonhundred-percent-fullwidth non-hundred-percent-height-scrolling\" style=\"--awb-background-position:left top;--awb-border-radius-top-left:0px;--awb-border-radius-top-right:0px;--awb-border-radius-bottom-right:0px;--awb-border-radius-bottom-left:0px;--awb-padding-top:20px;--awb-padding-right:0px;--awb-padding-bottom:20px;--awb-padding-left:0px;--awb-border-sizes-top:0px;--awb-border-sizes-bottom:0px;--awb-flex-wrap:wrap;\" ><div class=\"fusion-builder-row fusion-row\"><div class=\"fusion-layout-column fusion_builder_column fusion-builder-column-1 fusion_builder_column_1_3 1_3 fusion-one-third fusion-column-first\" style=\"--awb-bg-size:cover;width:30.6666%; margin-right: 4%;\"><div class=\"fusion-column-wrapper fusion-flex-column-wrapper-legacy\"><div class=\"fusion-image-element in-legacy-container\" style=\"--awb-caption-title-font-family:var(--h2_typography-font-family);--awb-caption-title-font-weight:var(--h2_typography-font-weight);--awb-caption-title-font-style:var(--h2_typography-font-style);--awb-caption-title-size:var(--h2_typography-font-size);--awb-caption-title-transform:var(--h2_typography-text-transform);--awb-caption-title-line-height:var(--h2_typography-line-height);--awb-caption-title-letter-spacing:var(--h2_typography-letter-spacing);\"><span class=\" fusion-imageframe imageframe-none imageframe-1 hover-type-none\"><a href=\"https:\/\/fries.iphos.at\/wp-content\/uploads\/Rundeimer-6L-EX.jpg\" class=\"fusion-lightbox\" data-rel=\"iLightbox[4a30c0618a46eba3257]\" data-caption=\"Eimer eletrisch ableitf\u00e4hig und UN PP 6 l\" data-title=\"Eimer eletrisch ableitf\u00e4hig und UN PP 6 l\" title=\"Eimer eletrisch ableitf\u00e4hig und UN PP 6 l\"><img decoding=\"async\" width=\"242\" height=\"242\" alt=\"Eimer eletrisch ableitf\u00e4hig und UN PP 6 l\" src=\"https:\/\/fries.iphos.at\/wp-content\/uploads\/Rundeimer-6L-EX.jpg\" class=\"img-responsive wp-image-18306\" srcset=\"https:\/\/fries.iphos.at\/wp-content\/uploads\/Rundeimer-6L-EX-66x66.jpg 66w, https:\/\/fries.iphos.at\/wp-content\/uploads\/Rundeimer-6L-EX-150x150.jpg 150w, https:\/\/fries.iphos.at\/wp-content\/uploads\/Rundeimer-6L-EX.jpg 242w\" sizes=\"(max-width: 242px) 100vw, 242px\" \/><\/a><\/span><\/div><div class=\"fusion-text fusion-text-2 color-verpackung gr\u00fcn\"><h4>T\u00e9l\u00e9charger la brochure<\/h4>\n<h4><a href=\"https:\/\/fries.iphos.at\/wp-content\/uploads\/Round-bucket_6l_PP_EX_EN.pdf\" target=\"_blank\" rel=\"noopener noreferrer\">Seaux 6 l<\/a><\/h4>\n<h4><a href=\"https:\/\/fries.iphos.at\/wp-content\/uploads\/Round-bucket_10l_PP_EX_EN.pdf\" target=\"_blank\" rel=\"noopener noreferrer\">Seaux 10 l<\/a><\/h4>\n<h4><a href=\"https:\/\/fries.iphos.at\/wp-content\/uploads\/Rundeimer_18Liter_PP_EX_EN-2.pdf\" target=\"_blank\" rel=\"noopener\">Seaux 18 l<\/a><\/h4>\n<\/div><div class=\"fusion-alignleft\"><a class=\"fusion-button button-flat fusion-button-default-size button-custom fusion-button-default button-1 fusion-button-default-span fusion-button-default-type color-verpackung\" style=\"--button_accent_color:#ffffff;--button_border_color:#00997c;--button_accent_hover_color:#ffffff;--button_border_hover_color:#00997c;--button_gradient_top_color:#00997c;--button_gradient_bottom_color:#00997c;--button_gradient_top_color_hover:#00997c;--button_gradient_bottom_color_hover:#00997c;--button_text_transform:none;--button_margin-top:10px;--button_margin-bottom:20px;\" target=\"_self\" href=\"https:\/\/fries.iphos.at\/contact\/?lang=fr&amp;your-subject=Seaux \u00e9lectriquement conducteurs 6l 10l\"><span class=\"fusion-button-text awb-button__text awb-button__text--default\">Demandez maintenant<\/span><\/a><\/div><div class=\"fusion-clearfix\"><\/div><\/div><\/div><div class=\"fusion-layout-column fusion_builder_column fusion-builder-column-2 fusion_builder_column_2_3 2_3 fusion-two-third fusion-column-last\" style=\"--awb-bg-size:cover;width:65.3333%;\"><div class=\"fusion-column-wrapper fusion-flex-column-wrapper-legacy\"><div class=\"fusion-text fusion-text-3 color-verpackung gr\u00fcn\"><h2>Seau \u00e9lectriquement conducteur<\/h2>\n<p><span style=\"color: #747474; font-family: 'Arial','sans-serif';\"><span style=\"font-size: small;\"><strong>Conductibilit\u00e9 \u00e9lectrique |\u00a0Possibilit\u00e9 de s\u00e9rigraphie\u00a0| Robuste | Certification UN<\/strong><\/span><\/span><\/p>\n<ul>\n<li>homologu\u00e9 UN ; certification conforme \u00e0 l&#8217;aper\u00e7u de certification actuel<\/li>\n<li>seau robuste : fabriqu\u00e9 \u00e0 partir de mat\u00e9riaux PP_sp\u00e9ciaux<\/li>\n<li>couvercle encliquetable serr\u00e9 pour un transport s\u00e9curis\u00e9<\/li>\n<li>anse m\u00e9tallique pour soulever \/ porter en toute s\u00e9curit\u00e9<\/li>\n<li>fa\u00e7onnable par s\u00e9rigraphie<\/li>\n<li>conductibilit\u00e9 \u00e9lectrique assur\u00e9e par la teneur en noir de carbone contenue dans le mat\u00e9riau de base<\/li>\n<li>r\u00e9sistance superficielle et transversale &lt; 1E08 ohm; typ. 1E06&#8230;1E07 ohm<\/li>\n<li>disponible dans la couleur &#8220;noir&#8221;<\/li>\n<li>certification halal sur demande<\/li>\n<\/ul>\n<h4>Disponible en 6 l, 10 l et 18 l<\/h4>\n<\/div><div class=\"fusion-clearfix\"><\/div><\/div><\/div><div class=\"fusion-layout-column fusion_builder_column fusion-builder-column-3 fusion_builder_column_1_1 1_1 fusion-one-full fusion-column-first fusion-column-last\" style=\"--awb-bg-size:cover;\"><div class=\"fusion-column-wrapper fusion-column-has-shadow fusion-flex-column-wrapper-legacy\"><div class=\"fusion-sep-clear\"><\/div><div class=\"fusion-separator fusion-full-width-sep\" style=\"margin-left: auto;margin-right: auto;margin-top:10px;margin-bottom:10px;width:100%;\"><\/div><div class=\"fusion-sep-clear\"><\/div><div class=\"fusion-clearfix\"><\/div><\/div><\/div><\/div><\/div><div class=\"fusion-fullwidth fullwidth-box fusion-builder-row-3 hundred-percent-fullwidth non-hundred-percent-height-scrolling\" style=\"--awb-border-radius-top-left:0px;--awb-border-radius-top-right:0px;--awb-border-radius-bottom-right:0px;--awb-border-radius-bottom-left:0px;--awb-overflow:visible;--awb-flex-wrap:wrap;\" ><div class=\"fusion-builder-row fusion-row\"><div class=\"fusion-layout-column fusion_builder_column fusion-builder-column-4 fusion_builder_column_1_3 1_3 fusion-one-third fusion-column-first\" style=\"--awb-bg-size:cover;width:30.6666%; margin-right: 4%;\"><div class=\"fusion-column-wrapper fusion-flex-column-wrapper-legacy\"><div class=\"fusion-image-element in-legacy-container\" style=\"--awb-caption-title-font-family:var(--h2_typography-font-family);--awb-caption-title-font-weight:var(--h2_typography-font-weight);--awb-caption-title-font-style:var(--h2_typography-font-style);--awb-caption-title-size:var(--h2_typography-font-size);--awb-caption-title-transform:var(--h2_typography-text-transform);--awb-caption-title-line-height:var(--h2_typography-line-height);--awb-caption-title-letter-spacing:var(--h2_typography-letter-spacing);\"><span class=\" fusion-imageframe imageframe-none imageframe-2 hover-type-none\"><a href=\"https:\/\/fries.iphos.at\/wp-content\/uploads\/Hobbock-30L-EX_web.jpg\" class=\"fusion-lightbox\" data-rel=\"iLightbox[4b65846c5662eca6bbd]\" data-caption=\"Hobbock Kunststoff elektrisch ableitf\u00e4hig und UN 30 l PP\" data-title=\"Hobbock Kunststoff elektrisch ableitf\u00e4hig und UN 30 l PP\" title=\"Hobbock Kunststoff elektrisch ableitf\u00e4hig und UN 30 l PP\"><img decoding=\"async\" width=\"242\" height=\"242\" alt=\"Hobbock Kunststoff elektrisch ableitf\u00e4hig und UN 30 l PP\" src=\"https:\/\/fries.iphos.at\/wp-content\/uploads\/Hobbock-30L-EX_web.jpg\" class=\"img-responsive wp-image-18307\" srcset=\"https:\/\/fries.iphos.at\/wp-content\/uploads\/Hobbock-30L-EX_web-66x66.jpg 66w, https:\/\/fries.iphos.at\/wp-content\/uploads\/Hobbock-30L-EX_web-150x150.jpg 150w, https:\/\/fries.iphos.at\/wp-content\/uploads\/Hobbock-30L-EX_web.jpg 242w\" sizes=\"(max-width: 242px) 100vw, 242px\" \/><\/a><\/span><\/div><div class=\"fusion-text fusion-text-4 color-verpackung gr\u00fcn\"><h4><a href=\"https:\/\/fries.iphos.at\/wp-content\/uploads\/Hobbock-30l_EX_EN.pdf\" target=\"_blank\" rel=\"noopener noreferrer\">T\u00e9l\u00e9charger la brochure<\/a><\/h4>\n<\/div><div class=\"fusion-alignleft\"><a class=\"fusion-button button-flat fusion-button-default-size button-custom fusion-button-default button-2 fusion-button-default-span fusion-button-default-type color-verpackung\" style=\"--button_accent_color:#ffffff;--button_border_color:#00997c;--button_accent_hover_color:#ffffff;--button_border_hover_color:#00997c;--button_gradient_top_color:#00997c;--button_gradient_bottom_color:#00997c;--button_gradient_top_color_hover:#00997c;--button_gradient_bottom_color_hover:#00997c;--button_text_transform:none;--button_margin-top:10px;--button_margin-bottom:20px;\" target=\"_self\" href=\"https:\/\/fries.iphos.at\/contact\/?lang=fr&amp;your-subject=Seaux \u00e9lectriquement conducteurs 30l\"><span class=\"fusion-button-text awb-button__text awb-button__text--default\">Demandez maintenant<\/span><\/a><\/div><div class=\"fusion-clearfix\"><\/div><\/div><\/div><div class=\"fusion-layout-column fusion_builder_column fusion-builder-column-5 fusion_builder_column_2_3 2_3 fusion-two-third fusion-column-last\" style=\"--awb-bg-size:cover;width:65.3333%;\"><div class=\"fusion-column-wrapper fusion-flex-column-wrapper-legacy\"><div class=\"fusion-text fusion-text-5 color-verpackung gr\u00fcn\"><h2>Seau tonnelet \u00e9lectriquement conducteur 30l<\/h2>\n<p><span style=\"color: #747474; font-family: 'Arial','sans-serif';\"><span style=\"font-size: small;\"><strong>Conductibilit\u00e9 \u00e9lectrique | Possibilit\u00e9 de s\u00e9rigraphie | Robuste | Certification UN<\/strong><\/span><\/span><\/p>\n<ul>\n<li>homologu\u00e9 UN ; certification conforme \u00e0 l&#8217;aper\u00e7u de certification actuel<\/li>\n<li>seau robuste : fabriqu\u00e9 \u00e0 partir de mat\u00e9riaux PP_sp\u00e9ciaux<\/li>\n<li>couvercle encliquetable serr\u00e9 pour un transport s\u00e9curis\u00e9<\/li>\n<li>poign\u00e9e coquille pour soulever, seul ou \u00e0 deux<\/li>\n<li>fa\u00e7onnable par s\u00e9rigraphie<\/li>\n<li>conductibilit\u00e9 \u00e9lectrique assur\u00e9e par la teneur en noir de carbone contenue dans le mat\u00e9riau de base<\/li>\n<li>r\u00e9sistance superficielle et transversale : &lt; 1E08 ohm; typ. 1E06&#8230;1E07 ohm<\/li>\n<li>disponible dans la couleur &#8220;noir&#8221;<\/li>\n<li>certification halal sur demande<\/li>\n<\/ul>\n<h4>Disponible en 30 l<\/h4>\n<\/div><div class=\"fusion-clearfix\"><\/div><\/div><\/div><\/div><\/div><div class=\"fusion-fullwidth fullwidth-box fusion-builder-row-4 nonhundred-percent-fullwidth non-hundred-percent-height-scrolling\" style=\"--awb-background-position:left top;--awb-border-radius-top-left:0px;--awb-border-radius-top-right:0px;--awb-border-radius-bottom-right:0px;--awb-border-radius-bottom-left:0px;--awb-padding-top:20px;--awb-padding-right:0px;--awb-padding-bottom:20px;--awb-padding-left:0px;--awb-border-sizes-top:0px;--awb-border-sizes-bottom:0px;--awb-flex-wrap:wrap;\" ><div class=\"fusion-builder-row fusion-row\"><div class=\"fusion-layout-column fusion_builder_column fusion-builder-column-6 fusion_builder_column_1_1 1_1 fusion-one-full fusion-column-first fusion-column-last fusion-column-no-min-height\" style=\"--awb-bg-size:cover;--awb-margin-bottom:0px;\"><div class=\"fusion-column-wrapper fusion-flex-column-wrapper-legacy\"><div class=\"fusion-sep-clear\"><\/div><div class=\"fusion-separator fusion-full-width-sep\" style=\"margin-left: auto;margin-right: auto;margin-top:12px;width:100%;\"><\/div><div class=\"fusion-sep-clear\"><\/div><div class=\"fusion-clearfix\"><\/div><\/div><\/div><\/div><\/div><\/p>\n","protected":false},"excerpt":{"rendered":"","protected":false},"author":4,"featured_media":0,"parent":20006,"menu_order":0,"comment_status":"closed","ping_status":"closed","template":"","meta":{"_acf_changed":false,"footnotes":""},"class_list":["post-20743","page","type-page","status-publish","hentry"],"acf":[],"yoast_head":"<!-- This site is optimized with the Yoast SEO plugin v26.8 - https:\/\/yoast.com\/product\/yoast-seo-wordpress\/ -->\n<title>Seau en mati\u00e8re plastique \u00e9lectriquement conducteur | FRIES<\/title>\n<meta name=\"description\" content=\"D\u00e9couvrez les seaux en plastique \u00e9lectriquement conducteur \u27146, 10 et 30 litres \u2714Homologation UN \u2714Couvercle encliquetable serr\u00e9 \u25b6Informations\" \/>\n<meta name=\"robots\" content=\"noindex, follow, max-snippet:-1, max-image-preview:large, max-video-preview:-1\" \/>\n<meta name=\"twitter:label1\" content=\"Dur\u00e9e de lecture estim\u00e9e\" \/>\n\t<meta name=\"twitter:data1\" content=\"2 minutes\" \/>\n<script type=\"application\/ld+json\" class=\"yoast-schema-graph\">{\"@context\":\"https:\/\/schema.org\",\"@graph\":[{\"@type\":\"WebPage\",\"@id\":\"https:\/\/fries.iphos.at\/produits\/emballage\/seaux\/seaux-electriquement-conducteurs\/?lang=fr\",\"url\":\"https:\/\/fries.iphos.at\/produits\/emballage\/seaux\/seaux-electriquement-conducteurs\/?lang=fr\",\"name\":\"Seau en mati\u00e8re plastique \u00e9lectriquement conducteur | FRIES\",\"isPartOf\":{\"@id\":\"https:\/\/fries.iphos.at\/#website\"},\"primaryImageOfPage\":{\"@id\":\"https:\/\/fries.iphos.at\/produits\/emballage\/seaux\/seaux-electriquement-conducteurs\/?lang=fr#primaryimage\"},\"image\":{\"@id\":\"https:\/\/fries.iphos.at\/produits\/emballage\/seaux\/seaux-electriquement-conducteurs\/?lang=fr#primaryimage\"},\"thumbnailUrl\":\"https:\/\/fries.iphos.at\/wp-content\/uploads\/Rundeimer-6L-EX.jpg\",\"datePublished\":\"2016-02-04T11:44:13+00:00\",\"dateModified\":\"2025-06-24T13:22:08+00:00\",\"description\":\"D\u00e9couvrez les seaux en plastique \u00e9lectriquement conducteur \u27146, 10 et 30 litres \u2714Homologation UN \u2714Couvercle encliquetable serr\u00e9 \u25b6Informations\",\"breadcrumb\":{\"@id\":\"https:\/\/fries.iphos.at\/produits\/emballage\/seaux\/seaux-electriquement-conducteurs\/?lang=fr#breadcrumb\"},\"inLanguage\":\"fr-FR\",\"potentialAction\":[{\"@type\":\"ReadAction\",\"target\":[\"https:\/\/fries.iphos.at\/produits\/emballage\/seaux\/seaux-electriquement-conducteurs\/?lang=fr\"]}]},{\"@type\":\"ImageObject\",\"inLanguage\":\"fr-FR\",\"@id\":\"https:\/\/fries.iphos.at\/produits\/emballage\/seaux\/seaux-electriquement-conducteurs\/?lang=fr#primaryimage\",\"url\":\"https:\/\/fries.iphos.at\/wp-content\/uploads\/Rundeimer-6L-EX.jpg\",\"contentUrl\":\"https:\/\/fries.iphos.at\/wp-content\/uploads\/Rundeimer-6L-EX.jpg\"},{\"@type\":\"BreadcrumbList\",\"@id\":\"https:\/\/fries.iphos.at\/produits\/emballage\/seaux\/seaux-electriquement-conducteurs\/?lang=fr#breadcrumb\",\"itemListElement\":[{\"@type\":\"ListItem\",\"position\":1,\"name\":\"Home\",\"item\":\"https:\/\/fries.iphos.at\/?lang=fr\"},{\"@type\":\"ListItem\",\"position\":2,\"name\":\"Produits\",\"item\":\"https:\/\/fries.iphos.at\/produits\/?lang=fr\"},{\"@type\":\"ListItem\",\"position\":3,\"name\":\"Emballage\",\"item\":\"https:\/\/fries.iphos.at\/produits\/emballage\/?lang=fr\"},{\"@type\":\"ListItem\",\"position\":4,\"name\":\"Seaux\",\"item\":\"https:\/\/fries.iphos.at\/produits\/emballage\/seaux\/?lang=fr\"},{\"@type\":\"ListItem\",\"position\":5,\"name\":\"Seaux \u00e9lectriquement conducteurs\"}]},{\"@type\":\"WebSite\",\"@id\":\"https:\/\/fries.iphos.at\/#website\",\"url\":\"https:\/\/fries.iphos.at\/\",\"name\":\"FRIES\",\"description\":\"\",\"publisher\":{\"@id\":\"https:\/\/fries.iphos.at\/#organization\"},\"potentialAction\":[{\"@type\":\"SearchAction\",\"target\":{\"@type\":\"EntryPoint\",\"urlTemplate\":\"https:\/\/fries.iphos.at\/?s={search_term_string}\"},\"query-input\":{\"@type\":\"PropertyValueSpecification\",\"valueRequired\":true,\"valueName\":\"search_term_string\"}}],\"inLanguage\":\"fr-FR\"},{\"@type\":\"Organization\",\"@id\":\"https:\/\/fries.iphos.at\/#organization\",\"name\":\"FRIES Kunststofftechnik GmbH\",\"url\":\"https:\/\/fries.iphos.at\/\",\"logo\":{\"@type\":\"ImageObject\",\"inLanguage\":\"fr-FR\",\"@id\":\"https:\/\/fries.iphos.at\/#\/schema\/logo\/image\/\",\"url\":\"https:\/\/fries.iphos.at\/wp-content\/uploads\/fries-logo.png\",\"contentUrl\":\"https:\/\/fries.iphos.at\/wp-content\/uploads\/fries-logo.png\",\"width\":120,\"height\":60,\"caption\":\"FRIES Kunststofftechnik GmbH\"},\"image\":{\"@id\":\"https:\/\/fries.iphos.at\/#\/schema\/logo\/image\/\"},\"sameAs\":[\"https:\/\/www.facebook.com\/FRIESKunststofftechnik\/\",\"https:\/\/www.youtube.com\/channel\/UCc2UgnWJ9Y_-pIXbDIek7wQ\"]}]}<\/script>\n<!-- \/ Yoast SEO plugin. -->","yoast_head_json":{"title":"Seau en mati\u00e8re plastique \u00e9lectriquement conducteur | FRIES","description":"D\u00e9couvrez les seaux en plastique \u00e9lectriquement conducteur \u27146, 10 et 30 litres \u2714Homologation UN \u2714Couvercle encliquetable serr\u00e9 \u25b6Informations","robots":{"index":"noindex","follow":"follow","max-snippet":"max-snippet:-1","max-image-preview":"max-image-preview:large","max-video-preview":"max-video-preview:-1"},"twitter_misc":{"Dur\u00e9e de lecture estim\u00e9e":"2 minutes"},"schema":{"@context":"https:\/\/schema.org","@graph":[{"@type":"WebPage","@id":"https:\/\/fries.iphos.at\/produits\/emballage\/seaux\/seaux-electriquement-conducteurs\/?lang=fr","url":"https:\/\/fries.iphos.at\/produits\/emballage\/seaux\/seaux-electriquement-conducteurs\/?lang=fr","name":"Seau en mati\u00e8re plastique \u00e9lectriquement conducteur | FRIES","isPartOf":{"@id":"https:\/\/fries.iphos.at\/#website"},"primaryImageOfPage":{"@id":"https:\/\/fries.iphos.at\/produits\/emballage\/seaux\/seaux-electriquement-conducteurs\/?lang=fr#primaryimage"},"image":{"@id":"https:\/\/fries.iphos.at\/produits\/emballage\/seaux\/seaux-electriquement-conducteurs\/?lang=fr#primaryimage"},"thumbnailUrl":"https:\/\/fries.iphos.at\/wp-content\/uploads\/Rundeimer-6L-EX.jpg","datePublished":"2016-02-04T11:44:13+00:00","dateModified":"2025-06-24T13:22:08+00:00","description":"D\u00e9couvrez les seaux en plastique \u00e9lectriquement conducteur \u27146, 10 et 30 litres \u2714Homologation UN \u2714Couvercle encliquetable serr\u00e9 \u25b6Informations","breadcrumb":{"@id":"https:\/\/fries.iphos.at\/produits\/emballage\/seaux\/seaux-electriquement-conducteurs\/?lang=fr#breadcrumb"},"inLanguage":"fr-FR","potentialAction":[{"@type":"ReadAction","target":["https:\/\/fries.iphos.at\/produits\/emballage\/seaux\/seaux-electriquement-conducteurs\/?lang=fr"]}]},{"@type":"ImageObject","inLanguage":"fr-FR","@id":"https:\/\/fries.iphos.at\/produits\/emballage\/seaux\/seaux-electriquement-conducteurs\/?lang=fr#primaryimage","url":"https:\/\/fries.iphos.at\/wp-content\/uploads\/Rundeimer-6L-EX.jpg","contentUrl":"https:\/\/fries.iphos.at\/wp-content\/uploads\/Rundeimer-6L-EX.jpg"},{"@type":"BreadcrumbList","@id":"https:\/\/fries.iphos.at\/produits\/emballage\/seaux\/seaux-electriquement-conducteurs\/?lang=fr#breadcrumb","itemListElement":[{"@type":"ListItem","position":1,"name":"Home","item":"https:\/\/fries.iphos.at\/?lang=fr"},{"@type":"ListItem","position":2,"name":"Produits","item":"https:\/\/fries.iphos.at\/produits\/?lang=fr"},{"@type":"ListItem","position":3,"name":"Emballage","item":"https:\/\/fries.iphos.at\/produits\/emballage\/?lang=fr"},{"@type":"ListItem","position":4,"name":"Seaux","item":"https:\/\/fries.iphos.at\/produits\/emballage\/seaux\/?lang=fr"},{"@type":"ListItem","position":5,"name":"Seaux \u00e9lectriquement conducteurs"}]},{"@type":"WebSite","@id":"https:\/\/fries.iphos.at\/#website","url":"https:\/\/fries.iphos.at\/","name":"FRIES","description":"","publisher":{"@id":"https:\/\/fries.iphos.at\/#organization"},"potentialAction":[{"@type":"SearchAction","target":{"@type":"EntryPoint","urlTemplate":"https:\/\/fries.iphos.at\/?s={search_term_string}"},"query-input":{"@type":"PropertyValueSpecification","valueRequired":true,"valueName":"search_term_string"}}],"inLanguage":"fr-FR"},{"@type":"Organization","@id":"https:\/\/fries.iphos.at\/#organization","name":"FRIES Kunststofftechnik GmbH","url":"https:\/\/fries.iphos.at\/","logo":{"@type":"ImageObject","inLanguage":"fr-FR","@id":"https:\/\/fries.iphos.at\/#\/schema\/logo\/image\/","url":"https:\/\/fries.iphos.at\/wp-content\/uploads\/fries-logo.png","contentUrl":"https:\/\/fries.iphos.at\/wp-content\/uploads\/fries-logo.png","width":120,"height":60,"caption":"FRIES Kunststofftechnik GmbH"},"image":{"@id":"https:\/\/fries.iphos.at\/#\/schema\/logo\/image\/"},"sameAs":["https:\/\/www.facebook.com\/FRIESKunststofftechnik\/","https:\/\/www.youtube.com\/channel\/UCc2UgnWJ9Y_-pIXbDIek7wQ"]}]}},"_links":{"self":[{"href":"https:\/\/fries.iphos.at\/fr\/wp-json\/wp\/v2\/pages\/20743","targetHints":{"allow":["GET"]}}],"collection":[{"href":"https:\/\/fries.iphos.at\/fr\/wp-json\/wp\/v2\/pages"}],"about":[{"href":"https:\/\/fries.iphos.at\/fr\/wp-json\/wp\/v2\/types\/page"}],"author":[{"embeddable":true,"href":"https:\/\/fries.iphos.at\/fr\/wp-json\/wp\/v2\/users\/4"}],"replies":[{"embeddable":true,"href":"https:\/\/fries.iphos.at\/fr\/wp-json\/wp\/v2\/comments?post=20743"}],"version-history":[{"count":19,"href":"https:\/\/fries.iphos.at\/fr\/wp-json\/wp\/v2\/pages\/20743\/revisions"}],"predecessor-version":[{"id":64815,"href":"https:\/\/fries.iphos.at\/fr\/wp-json\/wp\/v2\/pages\/20743\/revisions\/64815"}],"up":[{"embeddable":true,"href":"https:\/\/fries.iphos.at\/fr\/wp-json\/wp\/v2\/pages\/20006"}],"wp:attachment":[{"href":"https:\/\/fries.iphos.at\/fr\/wp-json\/wp\/v2\/media?parent=20743"}],"curies":[{"name":"wp","href":"https:\/\/api.w.org\/{rel}","templated":true}]}}