{"id":20728,"date":"2016-02-03T22:47:55","date_gmt":"2016-02-03T20:47:55","guid":{"rendered":"https:\/\/fries.iphos.at\/produits\/paniers-industriels\/paniers-industriels-a-rayonnage-technique-600-x-400\/?lang=fr"},"modified":"2024-10-21T09:14:22","modified_gmt":"2024-10-21T07:14:22","slug":"paniers-industriels-a-rayonnage-technique-600-x-400","status":"publish","type":"page","link":"https:\/\/fries.iphos.at\/fr\/produits\/paniers-industriels\/paniers-industriels-a-rayonnage-technique-600-x-400\/","title":{"rendered":"Paniers industriels \u00e0 rayonnage technique 600 x 400"},"content":{"rendered":"<div class=\"fusion-fullwidth fullwidth-box fusion-builder-row-1 nonhundred-percent-fullwidth non-hundred-percent-height-scrolling\" style=\"--awb-background-position:left top;--awb-border-radius-top-left:0px;--awb-border-radius-top-right:0px;--awb-border-radius-bottom-right:0px;--awb-border-radius-bottom-left:0px;--awb-padding-top:20px;--awb-padding-right:0px;--awb-padding-bottom:20px;--awb-padding-left:0px;--awb-border-sizes-top:0px;--awb-border-sizes-bottom:0px;--awb-flex-wrap:wrap;\" ><div class=\"fusion-builder-row fusion-row\"><div class=\"fusion-layout-column fusion_builder_column fusion-builder-column-0 fusion_builder_column_1_3 1_3 fusion-one-third fusion-column-first\" style=\"--awb-bg-size:cover;width:30.6666%; margin-right: 4%;\"><div class=\"fusion-column-wrapper fusion-flex-column-wrapper-legacy\"><div class=\"fusion-image-element in-legacy-container\" style=\"--awb-caption-title-font-family:var(--h2_typography-font-family);--awb-caption-title-font-weight:var(--h2_typography-font-weight);--awb-caption-title-font-style:var(--h2_typography-font-style);--awb-caption-title-size:var(--h2_typography-font-size);--awb-caption-title-transform:var(--h2_typography-text-transform);--awb-caption-title-line-height:var(--h2_typography-line-height);--awb-caption-title-letter-spacing:var(--h2_typography-letter-spacing);\"><span class=\" fusion-imageframe imageframe-none imageframe-1 hover-type-none\"><a href=\"https:\/\/fries.iphos.at\/wp-content\/uploads\/Reinigungskorb-tech-rack-600x400-4.png\" class=\"fusion-lightbox\" data-rel=\"iLightbox[04546157987789674ca]\" data-title=\"Reinigungskorb-tech-rack-600&#215;400\" title=\"Reinigungskorb-tech-rack-600&#215;400\"><img decoding=\"async\" width=\"242\" height=\"242\" alt=\"paniers industriels tech-rack 600x400\" src=\"https:\/\/fries.iphos.at\/wp-content\/uploads\/Reinigungskorb-tech-rack-600x400-4.png\" class=\"img-responsive wp-image-29122\" srcset=\"https:\/\/fries.iphos.at\/wp-content\/uploads\/Reinigungskorb-tech-rack-600x400-4-200x200.png 200w, https:\/\/fries.iphos.at\/wp-content\/uploads\/Reinigungskorb-tech-rack-600x400-4.png 242w\" sizes=\"(max-width: 0px) 100vw, 242px\" \/><\/a><\/span><\/div><div class=\"fusion-text fusion-text-1 color-industrie orange\"><h4><a href=\"https:\/\/fries.iphos.at\/wp-content\/uploads\/fries-werkstuecktraeger-industriekoerbe-fr.pdf\" target=\"_blank\" rel=\"noopener noreferrer\">T\u00e9l\u00e9charger la brochure<\/a><\/h4>\n<\/div><div class=\"fusion-alignleft\"><a class=\"fusion-button button-flat fusion-button-default-size button-custom fusion-button-default button-1 fusion-button-default-span fusion-button-default-type color-verpackung\" style=\"--button_accent_color:#ffffff;--button_border_color:#ef7c00;--button_accent_hover_color:#ffffff;--button_border_hover_color:#ef7c00;--button_gradient_top_color:#ef7c00;--button_gradient_bottom_color:#ef7c00;--button_gradient_top_color_hover:#ef7c00;--button_gradient_bottom_color_hover:#ef7c00;--button_text_transform:none;--button_margin-top:10px;--button_margin-bottom:20px;\" target=\"_self\" href=\"https:\/\/fries.iphos.at\/contact\/?lang=fr&amp;your-subject=Paniers industriels \u00e0 rayonnage technique 600 x 400\"><span class=\"fusion-button-text awb-button__text awb-button__text--default\">Demandez maintenant<\/span><\/a><\/div><div class=\"fusion-clearfix\"><\/div><\/div><\/div><div class=\"fusion-layout-column fusion_builder_column fusion-builder-column-1 fusion_builder_column_2_3 2_3 fusion-two-third fusion-column-last\" style=\"--awb-bg-size:cover;width:65.3333%;\"><div class=\"fusion-column-wrapper fusion-flex-column-wrapper-legacy\"><div class=\"fusion-text fusion-text-2 color-industrie orange\"><h1>Panier de nettoyage tech-rack<\/h1>\n<p><strong>rayonnage technique 600 x 400 : un syst\u00e8me tout-en-un efficace pour le secteur industriel. Un produit d&#8217;avenir convaincant con\u00e7u par FRIES pour la logistique et le nettoyage<\/strong><\/p>\n<p>Les pi\u00e8ces \u00e0 usiner sont des pi\u00e8ces devant \u00eatre usin\u00e9es simultan\u00e9ment. Une qualit\u00e9 et une s\u00e9curit\u00e9 maximales entrent dans les composants de construction destin\u00e9s \u00e0 l&#8217;industrie technique. Particuli\u00e8rement pour les processus de production complexes allant des pi\u00e8ces brutes aux composants de pr\u00e9cision et pi\u00e8ces finies.\u00a0Le syst\u00e8me de rayonnage technique de FRIES assure une efficacit\u00e9 et un confort d&#8217;utilisation \u00e0 chaque \u00e9tape du processus : r\u00e9sultat de nettoyage optimal,\u00a0protection \u00e9lev\u00e9e pour les surfaces fragiles, transport sans incident, parfait entreposage. Le panier\u00a0industriel est, selon l&#8217;utilisation pr\u00e9vue, disponible dans des mat\u00e9riaux en polypropyl\u00e8ne (PP) et en polyamide renforc\u00e9s de fibres de verre (PA-GV).<\/p>\n<p><strong>Le rayonnage technique de FRIES en un coup d&#8217;\u0153il<\/strong><\/p>\n<ul>\n<li>tout-en-un : nettoyage, transport\u00a0et entreposage<\/li>\n<li>nettoyage efficace avec accessibilit\u00e9 optimis\u00e9e<\/li>\n<li>nombreuses possibilit\u00e9s de configuration individuelles<\/li>\n<li>r\u00e9glage en hauteur individuel gr\u00e2ce \u00e0 des tubes ou \u00e0 &#8220;Clix Extender&#8221;<\/li>\n<li>modulable : adaptable \u00e0 d&#8217;autres dimensions\u00a0et hauteurs de compartiment.<\/li>\n<li>l\u00e9ger : le rayonnage technique est plus l\u00e9ger que les paniers m\u00e9talliques du m\u00eame type<\/li>\n<li>manipulation s\u00e9curis\u00e9e : principes ergonomiques conviviaux\u00a0mis en forme.\u00a0Risque de blessure r\u00e9duit\u00a0gr\u00e2ce aux bords arrondis.<\/li>\n<li>empilable : les paniers s&#8217;empilent les uns sur les autres.<\/li>\n<li>cadre de support de couleur (fabriqu\u00e9 en PP uniquement) permettant d&#8217;identifier le contenu plus rapidement.<\/li>\n<li>dimensions adapt\u00e9es aux palettes :\u00a0convient aussi bien aux palettes europ\u00e9ennes (1200 x\u00a0800 mm) qu&#8217;aux palettes industrielles (1200 x 1000 mm).<\/li>\n<li>estampage \u00e0 chaud possible sur demande<\/li>\n<\/ul>\n<h4><\/h4>\n<\/div><div class=\"fusion-clearfix\"><\/div><\/div><\/div><div class=\"fusion-layout-column fusion_builder_column fusion-builder-column-2 fusion_builder_column_1_3 1_3 fusion-one-third fusion-column-first\" style=\"--awb-bg-size:cover;width:30.6666%; margin-right: 4%;\"><div class=\"fusion-column-wrapper fusion-flex-column-wrapper-legacy\"><div class=\"fusion-clearfix\"><\/div><\/div><\/div><div class=\"fusion-layout-column fusion_builder_column fusion-builder-column-3 fusion_builder_column_2_3 2_3 fusion-two-third fusion-column-last\" style=\"--awb-bg-size:cover;width:65.3333%;\"><div class=\"fusion-column-wrapper fusion-flex-column-wrapper-legacy\"><div class=\"fusion-text fusion-text-3\"><p><strong>Mat\u00e9riaux disponibles :<\/strong><\/p>\n<p>Le porte-pi\u00e8ce variogrid techtray est disponible dans les mat\u00e9riaux suivants, selon les exigences :<\/p>\n<\/div><div class=\"fusion-clearfix\"><\/div><\/div><\/div><div class=\"fusion-layout-column fusion_builder_column fusion-builder-column-4 fusion_builder_column_1_3 1_3 fusion-one-third fusion-column-first\" style=\"--awb-bg-size:cover;width:30.6666%; margin-right: 4%;\"><div class=\"fusion-column-wrapper fusion-flex-column-wrapper-legacy\"><div class=\"fusion-clearfix\"><\/div><\/div><\/div><div class=\"fusion-layout-column fusion_builder_column fusion-builder-column-5 fusion_builder_column_1_3 1_3 fusion-one-third\" style=\"--awb-bg-size:cover;width:30.6666%; margin-right: 4%;\"><div class=\"fusion-column-wrapper fusion-flex-column-wrapper-legacy\"><div class=\"fusion-image-element fusion-image-align-right in-legacy-container\" style=\"text-align:right;--awb-max-width:200px;--awb-caption-title-font-family:var(--h2_typography-font-family);--awb-caption-title-font-weight:var(--h2_typography-font-weight);--awb-caption-title-font-style:var(--h2_typography-font-style);--awb-caption-title-size:var(--h2_typography-font-size);--awb-caption-title-transform:var(--h2_typography-text-transform);--awb-caption-title-line-height:var(--h2_typography-line-height);--awb-caption-title-letter-spacing:var(--h2_typography-letter-spacing);\"><span class=\" fusion-imageframe imageframe-none imageframe-2 hover-type-none\" style=\"margin-left:25px;float:right;\"><a class=\"fusion-no-lightbox\" href=\"https:\/\/fries.iphos.at\/produits\/paniers-industriels\/materiaux-fries\/?lang=fr\" target=\"_self\" aria-label=\"Comp13_14\"><img decoding=\"async\" width=\"591\" height=\"591\" alt=\"Mat\u00e9riel Comp13\/14\" src=\"https:\/\/fries.iphos.at\/wp-content\/uploads\/Comp13_14-2.jpg\" class=\"img-responsive wp-image-30221\" srcset=\"https:\/\/fries.iphos.at\/wp-content\/uploads\/Comp13_14-2-200x200.jpg 200w, https:\/\/fries.iphos.at\/wp-content\/uploads\/Comp13_14-2-400x400.jpg 400w, https:\/\/fries.iphos.at\/wp-content\/uploads\/Comp13_14-2.jpg 591w\" sizes=\"(max-width: 0px) 100vw, 400px\" \/><\/a><\/span><\/div><div class=\"fusion-text fusion-text-4 color-industrie orange\"><p style=\"text-align: center;\"><a href=\"https:\/\/fries.iphos.at\/produits\/paniers-industriels\/materiaux-fries\/?lang=fr\" target=\"_blank\" rel=\"noopener noreferrer\">FRIES Comp 13\/14<\/a><\/p>\n<\/div><div class=\"fusion-clearfix\"><\/div><\/div><\/div><div class=\"fusion-layout-column fusion_builder_column fusion-builder-column-6 fusion_builder_column_1_3 1_3 fusion-one-third fusion-column-last\" style=\"--awb-bg-size:cover;width:30.6666%;\"><div class=\"fusion-column-wrapper fusion-flex-column-wrapper-legacy\"><div class=\"fusion-image-element in-legacy-container\" style=\"--awb-max-width:200px;--awb-caption-title-font-family:var(--h2_typography-font-family);--awb-caption-title-font-weight:var(--h2_typography-font-weight);--awb-caption-title-font-style:var(--h2_typography-font-style);--awb-caption-title-size:var(--h2_typography-font-size);--awb-caption-title-transform:var(--h2_typography-text-transform);--awb-caption-title-line-height:var(--h2_typography-line-height);--awb-caption-title-letter-spacing:var(--h2_typography-letter-spacing);\"><span class=\" fusion-imageframe imageframe-none imageframe-3 hover-type-none\"><a class=\"fusion-no-lightbox\" href=\"https:\/\/fries.iphos.at\/produits\/paniers-industriels\/materiaux-fries\/?lang=fr\" target=\"_self\" aria-label=\"Comp21_22\"><img decoding=\"async\" width=\"591\" height=\"591\" alt=\"Mat\u00e9riel Comp21\/22\" src=\"https:\/\/fries.iphos.at\/wp-content\/uploads\/Comp21_22-2.jpg\" class=\"img-responsive wp-image-30222\" srcset=\"https:\/\/fries.iphos.at\/wp-content\/uploads\/Comp21_22-2-200x200.jpg 200w, https:\/\/fries.iphos.at\/wp-content\/uploads\/Comp21_22-2-400x400.jpg 400w, https:\/\/fries.iphos.at\/wp-content\/uploads\/Comp21_22-2.jpg 591w\" sizes=\"(max-width: 0px) 100vw, 400px\" \/><\/a><\/span><\/div><div class=\"fusion-text fusion-text-5 color-industrie orange\"><p style=\"text-align: center;\"><a href=\"https:\/\/fries.iphos.at\/produits\/paniers-industriels\/materiaux-fries\/?lang=fr\" target=\"_blank\" rel=\"noopener noreferrer\">FRIES Comp 21\/22<\/a><\/p>\n<\/div><div class=\"fusion-clearfix\"><\/div><\/div><\/div><\/div><\/div>\n","protected":false},"excerpt":{"rendered":"","protected":false},"author":4,"featured_media":0,"parent":61349,"menu_order":0,"comment_status":"closed","ping_status":"closed","template":"","meta":{"_acf_changed":false,"footnotes":""},"class_list":["post-20728","page","type-page","status-publish","hentry"],"acf":[],"yoast_head":"<!-- This site is optimized with the Yoast SEO plugin v26.8 - https:\/\/yoast.com\/product\/yoast-seo-wordpress\/ -->\n<title>Panier de nettoyage tech-rack pour l\u2019industrie | 600x400 | FRIES<\/title>\n<meta name=\"description\" content=\"Le panier industriel tech-rack est id\u00e9al pour le nettoyage de pi\u00e8ces industriel, le transport et le stockage \u25b6D\u00e9couvrez les paniers de nettoyage modulaires\" \/>\n<meta name=\"robots\" content=\"noindex, follow, max-snippet:-1, max-image-preview:large, max-video-preview:-1\" \/>\n<meta name=\"twitter:label1\" content=\"Dur\u00e9e de lecture estim\u00e9e\" \/>\n\t<meta name=\"twitter:data1\" content=\"3 minutes\" \/>\n<script type=\"application\/ld+json\" class=\"yoast-schema-graph\">{\"@context\":\"https:\/\/schema.org\",\"@graph\":[{\"@type\":\"WebPage\",\"@id\":\"https:\/\/fries.iphos.at\/produits\/paniers-industriels\/paniers-industriels-a-rayonnage-technique-600-x-400\/?lang=fr\",\"url\":\"https:\/\/fries.iphos.at\/produits\/paniers-industriels\/paniers-industriels-a-rayonnage-technique-600-x-400\/?lang=fr\",\"name\":\"Panier de nettoyage tech-rack pour l\u2019industrie | 600x400 | FRIES\",\"isPartOf\":{\"@id\":\"https:\/\/fries.iphos.at\/#website\"},\"datePublished\":\"2016-02-03T20:47:55+00:00\",\"dateModified\":\"2024-10-21T07:14:22+00:00\",\"description\":\"Le panier industriel tech-rack est id\u00e9al pour le nettoyage de pi\u00e8ces industriel, le transport et le stockage \u25b6D\u00e9couvrez les paniers de nettoyage modulaires\",\"breadcrumb\":{\"@id\":\"https:\/\/fries.iphos.at\/produits\/paniers-industriels\/paniers-industriels-a-rayonnage-technique-600-x-400\/?lang=fr#breadcrumb\"},\"inLanguage\":\"fr-FR\",\"potentialAction\":[{\"@type\":\"ReadAction\",\"target\":[\"https:\/\/fries.iphos.at\/produits\/paniers-industriels\/paniers-industriels-a-rayonnage-technique-600-x-400\/?lang=fr\"]}]},{\"@type\":\"BreadcrumbList\",\"@id\":\"https:\/\/fries.iphos.at\/produits\/paniers-industriels\/paniers-industriels-a-rayonnage-technique-600-x-400\/?lang=fr#breadcrumb\",\"itemListElement\":[{\"@type\":\"ListItem\",\"position\":1,\"name\":\"Home\",\"item\":\"https:\/\/fries.iphos.at\/?lang=fr\"},{\"@type\":\"ListItem\",\"position\":2,\"name\":\"Produits\",\"item\":\"https:\/\/fries.iphos.at\/produits\/?lang=fr\"},{\"@type\":\"ListItem\",\"position\":3,\"name\":\"Porte-pi\u00e8ces et paniers de nettoyage\",\"item\":\"https:\/\/fries.iphos.at\/produits\/paniers-industriels\/?lang=fr\"},{\"@type\":\"ListItem\",\"position\":4,\"name\":\"Paniers industriels \u00e0 rayonnage technique 600 x 400\"}]},{\"@type\":\"WebSite\",\"@id\":\"https:\/\/fries.iphos.at\/#website\",\"url\":\"https:\/\/fries.iphos.at\/\",\"name\":\"FRIES\",\"description\":\"\",\"publisher\":{\"@id\":\"https:\/\/fries.iphos.at\/#organization\"},\"potentialAction\":[{\"@type\":\"SearchAction\",\"target\":{\"@type\":\"EntryPoint\",\"urlTemplate\":\"https:\/\/fries.iphos.at\/?s={search_term_string}\"},\"query-input\":{\"@type\":\"PropertyValueSpecification\",\"valueRequired\":true,\"valueName\":\"search_term_string\"}}],\"inLanguage\":\"fr-FR\"},{\"@type\":\"Organization\",\"@id\":\"https:\/\/fries.iphos.at\/#organization\",\"name\":\"FRIES Kunststofftechnik GmbH\",\"url\":\"https:\/\/fries.iphos.at\/\",\"logo\":{\"@type\":\"ImageObject\",\"inLanguage\":\"fr-FR\",\"@id\":\"https:\/\/fries.iphos.at\/#\/schema\/logo\/image\/\",\"url\":\"https:\/\/fries.iphos.at\/wp-content\/uploads\/fries-logo.png\",\"contentUrl\":\"https:\/\/fries.iphos.at\/wp-content\/uploads\/fries-logo.png\",\"width\":120,\"height\":60,\"caption\":\"FRIES Kunststofftechnik GmbH\"},\"image\":{\"@id\":\"https:\/\/fries.iphos.at\/#\/schema\/logo\/image\/\"},\"sameAs\":[\"https:\/\/www.facebook.com\/FRIESKunststofftechnik\/\",\"https:\/\/www.youtube.com\/channel\/UCc2UgnWJ9Y_-pIXbDIek7wQ\"]}]}<\/script>\n<!-- \/ Yoast SEO plugin. -->","yoast_head_json":{"title":"Panier de nettoyage tech-rack pour l\u2019industrie | 600x400 | FRIES","description":"Le panier industriel tech-rack est id\u00e9al pour le nettoyage de pi\u00e8ces industriel, le transport et le stockage \u25b6D\u00e9couvrez les paniers de nettoyage modulaires","robots":{"index":"noindex","follow":"follow","max-snippet":"max-snippet:-1","max-image-preview":"max-image-preview:large","max-video-preview":"max-video-preview:-1"},"twitter_misc":{"Dur\u00e9e de lecture estim\u00e9e":"3 minutes"},"schema":{"@context":"https:\/\/schema.org","@graph":[{"@type":"WebPage","@id":"https:\/\/fries.iphos.at\/produits\/paniers-industriels\/paniers-industriels-a-rayonnage-technique-600-x-400\/?lang=fr","url":"https:\/\/fries.iphos.at\/produits\/paniers-industriels\/paniers-industriels-a-rayonnage-technique-600-x-400\/?lang=fr","name":"Panier de nettoyage tech-rack pour l\u2019industrie | 600x400 | FRIES","isPartOf":{"@id":"https:\/\/fries.iphos.at\/#website"},"datePublished":"2016-02-03T20:47:55+00:00","dateModified":"2024-10-21T07:14:22+00:00","description":"Le panier industriel tech-rack est id\u00e9al pour le nettoyage de pi\u00e8ces industriel, le transport et le stockage \u25b6D\u00e9couvrez les paniers de nettoyage modulaires","breadcrumb":{"@id":"https:\/\/fries.iphos.at\/produits\/paniers-industriels\/paniers-industriels-a-rayonnage-technique-600-x-400\/?lang=fr#breadcrumb"},"inLanguage":"fr-FR","potentialAction":[{"@type":"ReadAction","target":["https:\/\/fries.iphos.at\/produits\/paniers-industriels\/paniers-industriels-a-rayonnage-technique-600-x-400\/?lang=fr"]}]},{"@type":"BreadcrumbList","@id":"https:\/\/fries.iphos.at\/produits\/paniers-industriels\/paniers-industriels-a-rayonnage-technique-600-x-400\/?lang=fr#breadcrumb","itemListElement":[{"@type":"ListItem","position":1,"name":"Home","item":"https:\/\/fries.iphos.at\/?lang=fr"},{"@type":"ListItem","position":2,"name":"Produits","item":"https:\/\/fries.iphos.at\/produits\/?lang=fr"},{"@type":"ListItem","position":3,"name":"Porte-pi\u00e8ces et paniers de nettoyage","item":"https:\/\/fries.iphos.at\/produits\/paniers-industriels\/?lang=fr"},{"@type":"ListItem","position":4,"name":"Paniers industriels \u00e0 rayonnage technique 600 x 400"}]},{"@type":"WebSite","@id":"https:\/\/fries.iphos.at\/#website","url":"https:\/\/fries.iphos.at\/","name":"FRIES","description":"","publisher":{"@id":"https:\/\/fries.iphos.at\/#organization"},"potentialAction":[{"@type":"SearchAction","target":{"@type":"EntryPoint","urlTemplate":"https:\/\/fries.iphos.at\/?s={search_term_string}"},"query-input":{"@type":"PropertyValueSpecification","valueRequired":true,"valueName":"search_term_string"}}],"inLanguage":"fr-FR"},{"@type":"Organization","@id":"https:\/\/fries.iphos.at\/#organization","name":"FRIES Kunststofftechnik GmbH","url":"https:\/\/fries.iphos.at\/","logo":{"@type":"ImageObject","inLanguage":"fr-FR","@id":"https:\/\/fries.iphos.at\/#\/schema\/logo\/image\/","url":"https:\/\/fries.iphos.at\/wp-content\/uploads\/fries-logo.png","contentUrl":"https:\/\/fries.iphos.at\/wp-content\/uploads\/fries-logo.png","width":120,"height":60,"caption":"FRIES Kunststofftechnik GmbH"},"image":{"@id":"https:\/\/fries.iphos.at\/#\/schema\/logo\/image\/"},"sameAs":["https:\/\/www.facebook.com\/FRIESKunststofftechnik\/","https:\/\/www.youtube.com\/channel\/UCc2UgnWJ9Y_-pIXbDIek7wQ"]}]}},"_links":{"self":[{"href":"https:\/\/fries.iphos.at\/fr\/wp-json\/wp\/v2\/pages\/20728","targetHints":{"allow":["GET"]}}],"collection":[{"href":"https:\/\/fries.iphos.at\/fr\/wp-json\/wp\/v2\/pages"}],"about":[{"href":"https:\/\/fries.iphos.at\/fr\/wp-json\/wp\/v2\/types\/page"}],"author":[{"embeddable":true,"href":"https:\/\/fries.iphos.at\/fr\/wp-json\/wp\/v2\/users\/4"}],"replies":[{"embeddable":true,"href":"https:\/\/fries.iphos.at\/fr\/wp-json\/wp\/v2\/comments?post=20728"}],"version-history":[{"count":20,"href":"https:\/\/fries.iphos.at\/fr\/wp-json\/wp\/v2\/pages\/20728\/revisions"}],"predecessor-version":[{"id":53723,"href":"https:\/\/fries.iphos.at\/fr\/wp-json\/wp\/v2\/pages\/20728\/revisions\/53723"}],"up":[{"embeddable":true,"href":"https:\/\/fries.iphos.at\/fr\/wp-json\/wp\/v2\/pages\/61349"}],"wp:attachment":[{"href":"https:\/\/fries.iphos.at\/fr\/wp-json\/wp\/v2\/media?parent=20728"}],"curies":[{"name":"wp","href":"https:\/\/api.w.org\/{rel}","templated":true}]}}