{"id":20717,"date":"2016-02-03T18:39:57","date_gmt":"2016-02-03T16:39:57","guid":{"rendered":"https:\/\/fries.iphos.at\/produits\/emballage\/seaux\/seaux-a-peinture\/?lang=fr"},"modified":"2025-06-24T15:21:01","modified_gmt":"2025-06-24T13:21:01","slug":"seaux-a-peinture","status":"publish","type":"page","link":"https:\/\/fries.iphos.at\/fr\/produits\/emballage\/seaux\/seaux-a-peinture\/","title":{"rendered":"Seaux \u00e0 peinture"},"content":{"rendered":"<div class=\"fusion-fullwidth fullwidth-box fusion-builder-row-1 nonhundred-percent-fullwidth non-hundred-percent-height-scrolling\" style=\"--awb-background-position:left top;--awb-border-radius-top-left:0px;--awb-border-radius-top-right:0px;--awb-border-radius-bottom-right:0px;--awb-border-radius-bottom-left:0px;--awb-padding-top:20px;--awb-padding-right:0px;--awb-padding-bottom:20px;--awb-padding-left:0px;--awb-border-sizes-top:0px;--awb-border-sizes-bottom:0px;--awb-flex-wrap:wrap;\" ><div class=\"fusion-builder-row fusion-row\"><div class=\"fusion-layout-column fusion_builder_column fusion-builder-column-0 fusion_builder_column_1_3 1_3 fusion-one-third fusion-column-first\" style=\"--awb-bg-size:cover;width:30.6666%; margin-right: 4%;\"><div class=\"fusion-column-wrapper fusion-flex-column-wrapper-legacy\"><div class=\"fusion-image-element in-legacy-container\" style=\"--awb-caption-title-font-family:var(--h2_typography-font-family);--awb-caption-title-font-weight:var(--h2_typography-font-weight);--awb-caption-title-font-style:var(--h2_typography-font-style);--awb-caption-title-size:var(--h2_typography-font-size);--awb-caption-title-transform:var(--h2_typography-text-transform);--awb-caption-title-line-height:var(--h2_typography-line-height);--awb-caption-title-letter-spacing:var(--h2_typography-letter-spacing);\"><span class=\" fusion-imageframe imageframe-none imageframe-1 hover-type-none\"><a href=\"https:\/\/fries.iphos.at\/wp-content\/uploads\/Malereimer_web1.jpg\" class=\"fusion-lightbox\" data-rel=\"iLightbox[91df6a3e6f01094241b]\" data-caption=\"Malereimer Kunststoff mit Henkel halbrund\" data-title=\"Malereimer Kunststoff mit Henkel halbrund\" title=\"Malereimer Kunststoff mit Henkel halbrund\"><img decoding=\"async\" width=\"242\" height=\"242\" alt=\"Malereimer Kunststoff mit Henkel halbrund\" src=\"https:\/\/fries.iphos.at\/wp-content\/uploads\/Malereimer_web1.jpg\" class=\"img-responsive wp-image-18350\" srcset=\"https:\/\/fries.iphos.at\/wp-content\/uploads\/Malereimer_web1-66x66.jpg 66w, https:\/\/fries.iphos.at\/wp-content\/uploads\/Malereimer_web1-150x150.jpg 150w, https:\/\/fries.iphos.at\/wp-content\/uploads\/Malereimer_web1.jpg 242w\" sizes=\"(max-width: 242px) 100vw, 242px\" \/><\/a><\/span><\/div><div class=\"fusion-text fusion-text-1 color-verpackung gr\u00fcn\"><h4><a href=\"https:\/\/fries.iphos.at\/wp-content\/uploads\/Painters-bucket_13l_PE_EN.pdf\" target=\"_blank\" rel=\"noopener noreferrer\">T\u00e9l\u00e9charger la brochure<\/a><\/h4>\n<\/div><div class=\"fusion-alignleft\"><a class=\"fusion-button button-flat fusion-button-default-size button-custom fusion-button-default button-1 fusion-button-default-span fusion-button-default-type color-verpackung\" style=\"--button_accent_color:#ffffff;--button_border_color:#00997c;--button_accent_hover_color:#ffffff;--button_border_hover_color:#00997c;--button_gradient_top_color:#00997c;--button_gradient_bottom_color:#00997c;--button_gradient_top_color_hover:#00997c;--button_gradient_bottom_color_hover:#00997c;--button_text_transform:none;--button_margin-top:10px;--button_margin-bottom:20px;\" target=\"_self\" href=\"https:\/\/fries.iphos.at\/contact\/?lang=fr&amp;your-subject=Seaux \u00e0 peinture 13l\"><span class=\"fusion-button-text awb-button__text awb-button__text--default\">Demandez maintenant<\/span><\/a><\/div><div class=\"fusion-clearfix\"><\/div><\/div><\/div><div class=\"fusion-layout-column fusion_builder_column fusion-builder-column-1 fusion_builder_column_2_3 2_3 fusion-two-third fusion-column-last\" style=\"--awb-bg-size:cover;width:65.3333%;\"><div class=\"fusion-column-wrapper fusion-flex-column-wrapper-legacy\"><div class=\"fusion-text fusion-text-2 color-verpackung gr\u00fcn\"><h1>Seau \u00e0 peinture (PE) 13l<\/h1>\n<p><span style=\"color: #747474; font-family: 'Arial','sans-serif';\"><span style=\"font-size: small;\"><strong>Peu encombrant |\u00a0R\u00e9sistant au froid<\/strong><\/span><\/span><\/p>\n<ul>\n<li>forme semi-circulaire, sp\u00e9cialement con\u00e7u pour r\u00e9pondre aux besoins du peintre<\/li>\n<li>peu encombrant, montage mural \u00e9galement possible<\/li>\n<li>anse avec poign\u00e9e cylindrique<\/li>\n<li>destin\u00e9 au tri des divers mat\u00e9riaux p\u00e9rim\u00e9s<\/li>\n<li>r\u00e9sistant au froid jusqu&#8217;\u00e0 -30\u00b0C<\/li>\n<li>certification halal sur demande<\/li>\n<li>disponible dans la couleur &#8220;blanc&#8221;<\/li>\n<\/ul>\n<\/div><div class=\"fusion-clearfix\"><\/div><\/div><\/div><\/div><\/div>\n","protected":false},"excerpt":{"rendered":"","protected":false},"author":4,"featured_media":0,"parent":20006,"menu_order":0,"comment_status":"closed","ping_status":"closed","template":"","meta":{"_acf_changed":false,"footnotes":""},"class_list":["post-20717","page","type-page","status-publish","hentry"],"acf":[],"yoast_head":"<!-- This site is optimized with the Yoast SEO plugin v26.8 - https:\/\/yoast.com\/product\/yoast-seo-wordpress\/ -->\n<title>Seau \u00e0 peinture d\u2019un volume de 13\u00a0litres | Seau \u00e0 peinture en PE<\/title>\n<meta name=\"description\" content=\"Le seau \u00e0 peinture de FRIES avec sa forme semi-circulaire est id\u00e9al pour r\u00e9pondre aux besoins du peintre \u2714Peu encombrant \u2714R\u00e9sistant au froid jusqu\u2019\u00e0 -30\u00b0\" \/>\n<meta name=\"robots\" content=\"noindex, follow, max-snippet:-1, max-image-preview:large, max-video-preview:-1\" \/>\n<meta name=\"twitter:label1\" content=\"Dur\u00e9e de lecture estim\u00e9e\" \/>\n\t<meta name=\"twitter:data1\" content=\"1 minute\" \/>\n<script type=\"application\/ld+json\" class=\"yoast-schema-graph\">{\"@context\":\"https:\/\/schema.org\",\"@graph\":[{\"@type\":\"WebPage\",\"@id\":\"https:\/\/fries.iphos.at\/produits\/emballage\/seaux\/seaux-a-peinture\/?lang=fr\",\"url\":\"https:\/\/fries.iphos.at\/produits\/emballage\/seaux\/seaux-a-peinture\/?lang=fr\",\"name\":\"Seau \u00e0 peinture d\u2019un volume de 13\u00a0litres | Seau \u00e0 peinture en PE\",\"isPartOf\":{\"@id\":\"https:\/\/fries.iphos.at\/#website\"},\"primaryImageOfPage\":{\"@id\":\"https:\/\/fries.iphos.at\/produits\/emballage\/seaux\/seaux-a-peinture\/?lang=fr#primaryimage\"},\"image\":{\"@id\":\"https:\/\/fries.iphos.at\/produits\/emballage\/seaux\/seaux-a-peinture\/?lang=fr#primaryimage\"},\"thumbnailUrl\":\"https:\/\/fries.iphos.at\/wp-content\/uploads\/Malereimer_web1.jpg\",\"datePublished\":\"2016-02-03T16:39:57+00:00\",\"dateModified\":\"2025-06-24T13:21:01+00:00\",\"description\":\"Le seau \u00e0 peinture de FRIES avec sa forme semi-circulaire est id\u00e9al pour r\u00e9pondre aux besoins du peintre \u2714Peu encombrant \u2714R\u00e9sistant au froid jusqu\u2019\u00e0 -30\u00b0\",\"breadcrumb\":{\"@id\":\"https:\/\/fries.iphos.at\/produits\/emballage\/seaux\/seaux-a-peinture\/?lang=fr#breadcrumb\"},\"inLanguage\":\"fr-FR\",\"potentialAction\":[{\"@type\":\"ReadAction\",\"target\":[\"https:\/\/fries.iphos.at\/produits\/emballage\/seaux\/seaux-a-peinture\/?lang=fr\"]}]},{\"@type\":\"ImageObject\",\"inLanguage\":\"fr-FR\",\"@id\":\"https:\/\/fries.iphos.at\/produits\/emballage\/seaux\/seaux-a-peinture\/?lang=fr#primaryimage\",\"url\":\"https:\/\/fries.iphos.at\/wp-content\/uploads\/Malereimer_web1.jpg\",\"contentUrl\":\"https:\/\/fries.iphos.at\/wp-content\/uploads\/Malereimer_web1.jpg\"},{\"@type\":\"BreadcrumbList\",\"@id\":\"https:\/\/fries.iphos.at\/produits\/emballage\/seaux\/seaux-a-peinture\/?lang=fr#breadcrumb\",\"itemListElement\":[{\"@type\":\"ListItem\",\"position\":1,\"name\":\"Home\",\"item\":\"https:\/\/fries.iphos.at\/?lang=fr\"},{\"@type\":\"ListItem\",\"position\":2,\"name\":\"Produits\",\"item\":\"https:\/\/fries.iphos.at\/produits\/?lang=fr\"},{\"@type\":\"ListItem\",\"position\":3,\"name\":\"Emballage\",\"item\":\"https:\/\/fries.iphos.at\/produits\/emballage\/?lang=fr\"},{\"@type\":\"ListItem\",\"position\":4,\"name\":\"Seaux\",\"item\":\"https:\/\/fries.iphos.at\/produits\/emballage\/seaux\/?lang=fr\"},{\"@type\":\"ListItem\",\"position\":5,\"name\":\"Seaux \u00e0 peinture\"}]},{\"@type\":\"WebSite\",\"@id\":\"https:\/\/fries.iphos.at\/#website\",\"url\":\"https:\/\/fries.iphos.at\/\",\"name\":\"FRIES\",\"description\":\"\",\"publisher\":{\"@id\":\"https:\/\/fries.iphos.at\/#organization\"},\"potentialAction\":[{\"@type\":\"SearchAction\",\"target\":{\"@type\":\"EntryPoint\",\"urlTemplate\":\"https:\/\/fries.iphos.at\/?s={search_term_string}\"},\"query-input\":{\"@type\":\"PropertyValueSpecification\",\"valueRequired\":true,\"valueName\":\"search_term_string\"}}],\"inLanguage\":\"fr-FR\"},{\"@type\":\"Organization\",\"@id\":\"https:\/\/fries.iphos.at\/#organization\",\"name\":\"FRIES Kunststofftechnik GmbH\",\"url\":\"https:\/\/fries.iphos.at\/\",\"logo\":{\"@type\":\"ImageObject\",\"inLanguage\":\"fr-FR\",\"@id\":\"https:\/\/fries.iphos.at\/#\/schema\/logo\/image\/\",\"url\":\"https:\/\/fries.iphos.at\/wp-content\/uploads\/fries-logo.png\",\"contentUrl\":\"https:\/\/fries.iphos.at\/wp-content\/uploads\/fries-logo.png\",\"width\":120,\"height\":60,\"caption\":\"FRIES Kunststofftechnik GmbH\"},\"image\":{\"@id\":\"https:\/\/fries.iphos.at\/#\/schema\/logo\/image\/\"},\"sameAs\":[\"https:\/\/www.facebook.com\/FRIESKunststofftechnik\/\",\"https:\/\/www.youtube.com\/channel\/UCc2UgnWJ9Y_-pIXbDIek7wQ\"]}]}<\/script>\n<!-- \/ Yoast SEO plugin. -->","yoast_head_json":{"title":"Seau \u00e0 peinture d\u2019un volume de 13\u00a0litres | Seau \u00e0 peinture en PE","description":"Le seau \u00e0 peinture de FRIES avec sa forme semi-circulaire est id\u00e9al pour r\u00e9pondre aux besoins du peintre \u2714Peu encombrant \u2714R\u00e9sistant au froid jusqu\u2019\u00e0 -30\u00b0","robots":{"index":"noindex","follow":"follow","max-snippet":"max-snippet:-1","max-image-preview":"max-image-preview:large","max-video-preview":"max-video-preview:-1"},"twitter_misc":{"Dur\u00e9e de lecture estim\u00e9e":"1 minute"},"schema":{"@context":"https:\/\/schema.org","@graph":[{"@type":"WebPage","@id":"https:\/\/fries.iphos.at\/produits\/emballage\/seaux\/seaux-a-peinture\/?lang=fr","url":"https:\/\/fries.iphos.at\/produits\/emballage\/seaux\/seaux-a-peinture\/?lang=fr","name":"Seau \u00e0 peinture d\u2019un volume de 13\u00a0litres | Seau \u00e0 peinture en PE","isPartOf":{"@id":"https:\/\/fries.iphos.at\/#website"},"primaryImageOfPage":{"@id":"https:\/\/fries.iphos.at\/produits\/emballage\/seaux\/seaux-a-peinture\/?lang=fr#primaryimage"},"image":{"@id":"https:\/\/fries.iphos.at\/produits\/emballage\/seaux\/seaux-a-peinture\/?lang=fr#primaryimage"},"thumbnailUrl":"https:\/\/fries.iphos.at\/wp-content\/uploads\/Malereimer_web1.jpg","datePublished":"2016-02-03T16:39:57+00:00","dateModified":"2025-06-24T13:21:01+00:00","description":"Le seau \u00e0 peinture de FRIES avec sa forme semi-circulaire est id\u00e9al pour r\u00e9pondre aux besoins du peintre \u2714Peu encombrant \u2714R\u00e9sistant au froid jusqu\u2019\u00e0 -30\u00b0","breadcrumb":{"@id":"https:\/\/fries.iphos.at\/produits\/emballage\/seaux\/seaux-a-peinture\/?lang=fr#breadcrumb"},"inLanguage":"fr-FR","potentialAction":[{"@type":"ReadAction","target":["https:\/\/fries.iphos.at\/produits\/emballage\/seaux\/seaux-a-peinture\/?lang=fr"]}]},{"@type":"ImageObject","inLanguage":"fr-FR","@id":"https:\/\/fries.iphos.at\/produits\/emballage\/seaux\/seaux-a-peinture\/?lang=fr#primaryimage","url":"https:\/\/fries.iphos.at\/wp-content\/uploads\/Malereimer_web1.jpg","contentUrl":"https:\/\/fries.iphos.at\/wp-content\/uploads\/Malereimer_web1.jpg"},{"@type":"BreadcrumbList","@id":"https:\/\/fries.iphos.at\/produits\/emballage\/seaux\/seaux-a-peinture\/?lang=fr#breadcrumb","itemListElement":[{"@type":"ListItem","position":1,"name":"Home","item":"https:\/\/fries.iphos.at\/?lang=fr"},{"@type":"ListItem","position":2,"name":"Produits","item":"https:\/\/fries.iphos.at\/produits\/?lang=fr"},{"@type":"ListItem","position":3,"name":"Emballage","item":"https:\/\/fries.iphos.at\/produits\/emballage\/?lang=fr"},{"@type":"ListItem","position":4,"name":"Seaux","item":"https:\/\/fries.iphos.at\/produits\/emballage\/seaux\/?lang=fr"},{"@type":"ListItem","position":5,"name":"Seaux \u00e0 peinture"}]},{"@type":"WebSite","@id":"https:\/\/fries.iphos.at\/#website","url":"https:\/\/fries.iphos.at\/","name":"FRIES","description":"","publisher":{"@id":"https:\/\/fries.iphos.at\/#organization"},"potentialAction":[{"@type":"SearchAction","target":{"@type":"EntryPoint","urlTemplate":"https:\/\/fries.iphos.at\/?s={search_term_string}"},"query-input":{"@type":"PropertyValueSpecification","valueRequired":true,"valueName":"search_term_string"}}],"inLanguage":"fr-FR"},{"@type":"Organization","@id":"https:\/\/fries.iphos.at\/#organization","name":"FRIES Kunststofftechnik GmbH","url":"https:\/\/fries.iphos.at\/","logo":{"@type":"ImageObject","inLanguage":"fr-FR","@id":"https:\/\/fries.iphos.at\/#\/schema\/logo\/image\/","url":"https:\/\/fries.iphos.at\/wp-content\/uploads\/fries-logo.png","contentUrl":"https:\/\/fries.iphos.at\/wp-content\/uploads\/fries-logo.png","width":120,"height":60,"caption":"FRIES Kunststofftechnik GmbH"},"image":{"@id":"https:\/\/fries.iphos.at\/#\/schema\/logo\/image\/"},"sameAs":["https:\/\/www.facebook.com\/FRIESKunststofftechnik\/","https:\/\/www.youtube.com\/channel\/UCc2UgnWJ9Y_-pIXbDIek7wQ"]}]}},"_links":{"self":[{"href":"https:\/\/fries.iphos.at\/fr\/wp-json\/wp\/v2\/pages\/20717","targetHints":{"allow":["GET"]}}],"collection":[{"href":"https:\/\/fries.iphos.at\/fr\/wp-json\/wp\/v2\/pages"}],"about":[{"href":"https:\/\/fries.iphos.at\/fr\/wp-json\/wp\/v2\/types\/page"}],"author":[{"embeddable":true,"href":"https:\/\/fries.iphos.at\/fr\/wp-json\/wp\/v2\/users\/4"}],"replies":[{"embeddable":true,"href":"https:\/\/fries.iphos.at\/fr\/wp-json\/wp\/v2\/comments?post=20717"}],"version-history":[{"count":14,"href":"https:\/\/fries.iphos.at\/fr\/wp-json\/wp\/v2\/pages\/20717\/revisions"}],"predecessor-version":[{"id":64814,"href":"https:\/\/fries.iphos.at\/fr\/wp-json\/wp\/v2\/pages\/20717\/revisions\/64814"}],"up":[{"embeddable":true,"href":"https:\/\/fries.iphos.at\/fr\/wp-json\/wp\/v2\/pages\/20006"}],"wp:attachment":[{"href":"https:\/\/fries.iphos.at\/fr\/wp-json\/wp\/v2\/media?parent=20717"}],"curies":[{"name":"wp","href":"https:\/\/api.w.org\/{rel}","templated":true}]}}