{"id":19990,"date":"2015-10-24T17:40:33","date_gmt":"2015-10-24T15:40:33","guid":{"rendered":"https:\/\/fries.iphos.at\/produits\/gastronomie\/paniers-a-tasses\/?lang=fr"},"modified":"2023-03-06T11:15:55","modified_gmt":"2023-03-06T09:15:55","slug":"paniers-a-tasses","status":"publish","type":"page","link":"https:\/\/fries.iphos.at\/fr\/produits\/gastronomie\/paniers-a-tasses\/","title":{"rendered":"Paniers \u00e0 tasses"},"content":{"rendered":"<p><div class=\"fusion-fullwidth fullwidth-box fusion-builder-row-1 nonhundred-percent-fullwidth non-hundred-percent-height-scrolling\" style=\"--awb-border-radius-top-left:0px;--awb-border-radius-top-right:0px;--awb-border-radius-bottom-right:0px;--awb-border-radius-bottom-left:0px;--awb-margin-top:4px;--awb-flex-wrap:wrap;\" ><div class=\"fusion-builder-row fusion-row\"><div class=\"fusion-layout-column fusion_builder_column fusion-builder-column-0 fusion_builder_column_1_3 1_3 fusion-one-third fusion-column-first\" style=\"--awb-bg-size:cover;width:33.333333333333%;width:calc(33.333333333333% - ( ( 4% ) * 0.33333333333333 ) );margin-right: 4%;\"><div class=\"fusion-column-wrapper fusion-column-has-shadow fusion-flex-column-wrapper-legacy\"><div class=\"fusion-image-element in-legacy-container\" style=\"--awb-caption-title-font-family:var(--h2_typography-font-family);--awb-caption-title-font-weight:var(--h2_typography-font-weight);--awb-caption-title-font-style:var(--h2_typography-font-style);--awb-caption-title-size:var(--h2_typography-font-size);--awb-caption-title-transform:var(--h2_typography-text-transform);--awb-caption-title-line-height:var(--h2_typography-line-height);--awb-caption-title-letter-spacing:var(--h2_typography-letter-spacing);\"><span class=\" fusion-imageframe imageframe-none imageframe-1 hover-type-none\"><img decoding=\"async\" width=\"242\" height=\"150\" title=\"Fries rack Logo\" src=\"https:\/\/fries.iphos.at\/wp-content\/uploads\/Fries-rack-logo-website3.png\" alt class=\"img-responsive wp-image-39977\"\/><\/span><\/div><div class=\"fusion-clearfix\"><\/div><\/div><\/div><div class=\"fusion-layout-column fusion_builder_column fusion-builder-column-1 fusion_builder_column_2_3 2_3 fusion-two-third fusion-column-last\" style=\"--awb-bg-size:cover;width:66.666666666667%;width:calc(66.666666666667% - ( ( 4% ) * 0.66666666666667 ) );\"><div class=\"fusion-column-wrapper fusion-column-has-shadow fusion-flex-column-wrapper-legacy\"><div class=\"fusion-text fusion-text-1 color-gastro blau\"><h1>Paniers \u00e0 tasses<\/h1>\n<p><strong style=\"color: #808080;\">Les paniers pratiques pour un r\u00e9sultat de lavage parfait<\/strong><\/p>\n<p>Le design ouvert des paniers assure un r\u00e9sultat de lavage impeccable gr\u00e2ce \u00e0 la circulation id\u00e9ale de l&#8217;eau et de l&#8217;air. Les tasses s\u00e8chent plus rapidement, et il y a moins de points d&#8217;accumulation d&#8217;eau.<\/p>\n<\/div><div class=\"fusion-clearfix\"><\/div><\/div><\/div><\/div><\/div><div class=\"fusion-fullwidth fullwidth-box fusion-builder-row-2 nonhundred-percent-fullwidth non-hundred-percent-height-scrolling\" style=\"--awb-background-position:left top;--awb-border-radius-top-left:0px;--awb-border-radius-top-right:0px;--awb-border-radius-bottom-right:0px;--awb-border-radius-bottom-left:0px;--awb-padding-top:20px;--awb-padding-right:0px;--awb-padding-bottom:20px;--awb-padding-left:0px;--awb-border-sizes-top:0px;--awb-border-sizes-bottom:0px;--awb-flex-wrap:wrap;\" ><div class=\"fusion-builder-row fusion-row\"><div class=\"fusion-layout-column fusion_builder_column fusion-builder-column-2 fusion_builder_column_1_1 1_1 fusion-one-full fusion-column-first fusion-column-last fusion-column-no-min-height\" style=\"--awb-bg-size:cover;--awb-margin-bottom:0px;\"><div class=\"fusion-column-wrapper fusion-flex-column-wrapper-legacy\"><div class=\"fusion-sep-clear\"><\/div><div class=\"fusion-separator fusion-full-width-sep\" style=\"margin-left: auto;margin-right: auto;margin-top:10px;width:100%;\"><\/div><div class=\"fusion-sep-clear\"><\/div><div class=\"fusion-clearfix\"><\/div><\/div><\/div><div class=\"fusion-layout-column fusion_builder_column fusion-builder-column-3 fusion_builder_column_1_3 1_3 fusion-one-third fusion-column-first\" style=\"--awb-bg-size:cover;width:30.6666%; margin-right: 4%;\"><div class=\"fusion-column-wrapper fusion-flex-column-wrapper-legacy\"><div class=\"fusion-clearfix\"><\/div><\/div><\/div><div class=\"fusion-layout-column fusion_builder_column fusion-builder-column-4 fusion_builder_column_1_3 1_3 fusion-one-third\" style=\"--awb-bg-size:cover;width:30.6666%; margin-right: 4%;\"><div class=\"fusion-column-wrapper fusion-flex-column-wrapper-legacy\"><div class=\"fusion-image-element in-legacy-container\" style=\"--awb-max-width:242px;--awb-caption-title-font-family:var(--h2_typography-font-family);--awb-caption-title-font-weight:var(--h2_typography-font-weight);--awb-caption-title-font-style:var(--h2_typography-font-style);--awb-caption-title-size:var(--h2_typography-font-size);--awb-caption-title-transform:var(--h2_typography-text-transform);--awb-caption-title-line-height:var(--h2_typography-line-height);--awb-caption-title-letter-spacing:var(--h2_typography-letter-spacing);\"><span class=\" fusion-imageframe imageframe-none imageframe-2 hover-type-none\"><a class=\"fusion-no-lightbox\" href=\"https:\/\/fries.iphos.at\/produits\/gastronomie\/paniers-a-tasses\/paniers-a-tasses-500-x-500\/?lang=fr\" target=\"_self\" aria-label=\"Tassenkorb\"><img decoding=\"async\" width=\"400\" height=\"400\" alt=\"Tassenkorb 500x500\" src=\"https:\/\/fries.iphos.at\/wp-content\/uploads\/Tassenkorb-400x400.jpg\" class=\"img-responsive wp-image-31226\" srcset=\"https:\/\/fries.iphos.at\/wp-content\/uploads\/Tassenkorb-200x200.jpg 200w, https:\/\/fries.iphos.at\/wp-content\/uploads\/Tassenkorb-400x400.jpg 400w, https:\/\/fries.iphos.at\/wp-content\/uploads\/Tassenkorb-600x600.jpg 600w, https:\/\/fries.iphos.at\/wp-content\/uploads\/Tassenkorb-800x800.jpg 800w, https:\/\/fries.iphos.at\/wp-content\/uploads\/Tassenkorb.jpg 1008w\" sizes=\"(max-width: 0px) 100vw, 400px\" \/><\/a><\/span><\/div><div class=\"fusion-text fusion-text-2 color-gastro blau\"><h4><a href=\"https:\/\/fries.iphos.at\/produits\/gastronomie\/paniers-a-tasses\/paniers-a-tasses-500-x-500\/?lang=fr\">Paniers \u00e0 tasses 500 x 500<\/a><\/h4>\n<\/div><div class=\"fusion-clearfix\"><\/div><\/div><\/div><div class=\"fusion-layout-column fusion_builder_column fusion-builder-column-5 fusion_builder_column_1_3 1_3 fusion-one-third fusion-column-last\" style=\"--awb-bg-size:cover;width:30.6666%;\"><div class=\"fusion-column-wrapper fusion-flex-column-wrapper-legacy\"><div class=\"fusion-image-element in-legacy-container\" style=\"--awb-caption-title-font-family:var(--h2_typography-font-family);--awb-caption-title-font-weight:var(--h2_typography-font-weight);--awb-caption-title-font-style:var(--h2_typography-font-style);--awb-caption-title-size:var(--h2_typography-font-size);--awb-caption-title-transform:var(--h2_typography-text-transform);--awb-caption-title-line-height:var(--h2_typography-line-height);--awb-caption-title-letter-spacing:var(--h2_typography-letter-spacing);\"><span class=\" fusion-imageframe imageframe-none imageframe-3 hover-type-none\"><a class=\"fusion-no-lightbox\" href=\"https:\/\/fries.iphos.at\/produits\/gastronomie\/paniers-a-tasses\/paniers-a-tasse-600-x-400\/?lang=fr\" target=\"_self\" aria-label=\"Tassenkorb Kombikorb Teller-Tasse TT12-12 600&#215;400 mm\"><img decoding=\"async\" width=\"242\" height=\"242\" alt=\"Tassenkorb Kombikorb Teller-Tasse TT12-12 600x400 mm\" src=\"https:\/\/fries.iphos.at\/wp-content\/uploads\/tassenkorb_web.jpg\" class=\"img-responsive wp-image-18903\" srcset=\"https:\/\/fries.iphos.at\/wp-content\/uploads\/tassenkorb_web-66x66.jpg 66w, https:\/\/fries.iphos.at\/wp-content\/uploads\/tassenkorb_web-150x150.jpg 150w, https:\/\/fries.iphos.at\/wp-content\/uploads\/tassenkorb_web.jpg 242w\" sizes=\"(max-width: 242px) 100vw, 242px\" \/><\/a><\/span><\/div><div class=\"fusion-text fusion-text-3 color-gastro blau\"><h4><a href=\"https:\/\/fries.iphos.at\/produits\/gastronomie\/paniers-a-tasses\/paniers-a-tasse-600-x-400\/?lang=fr\">Paniers \u00e0 tasses 600 x 400<\/a><\/h4>\n<\/div><div class=\"fusion-clearfix\"><\/div><\/div><\/div><\/div><\/div><\/p>\n","protected":false},"excerpt":{"rendered":"","protected":false},"author":4,"featured_media":0,"parent":19854,"menu_order":0,"comment_status":"closed","ping_status":"closed","template":"","meta":{"_acf_changed":false,"footnotes":""},"class_list":["post-19990","page","type-page","status-publish","hentry"],"acf":[],"yoast_head":"<!-- This site is optimized with the Yoast SEO plugin v26.8 - https:\/\/yoast.com\/product\/yoast-seo-wordpress\/ -->\n<title>Paniers \u00e0 tasses en plastique pour la restauration | Rack FRIES<\/title>\n<meta name=\"description\" content=\"D\u00e9couvrez nos paniers de rin\u00e7age pour tasses. Disponible dans diff\u00e9rentes tailles \u2714R\u00e9sultat de lavage parfait gr\u00e2ce au design ouvert \u2714Circulation id\u00e9ale de l&#039;eau et de l&#039;air\" \/>\n<meta name=\"robots\" content=\"noindex, follow, max-snippet:-1, max-image-preview:large, max-video-preview:-1\" \/>\n<meta name=\"twitter:label1\" content=\"Dur\u00e9e de lecture estim\u00e9e\" \/>\n\t<meta name=\"twitter:data1\" content=\"4 minutes\" \/>\n<script type=\"application\/ld+json\" class=\"yoast-schema-graph\">{\"@context\":\"https:\/\/schema.org\",\"@graph\":[{\"@type\":\"WebPage\",\"@id\":\"https:\/\/fries.iphos.at\/produits\/gastronomie\/paniers-a-tasses\/?lang=fr\",\"url\":\"https:\/\/fries.iphos.at\/produits\/gastronomie\/paniers-a-tasses\/?lang=fr\",\"name\":\"Paniers \u00e0 tasses en plastique pour la restauration | Rack FRIES\",\"isPartOf\":{\"@id\":\"https:\/\/fries.iphos.at\/#website\"},\"primaryImageOfPage\":{\"@id\":\"https:\/\/fries.iphos.at\/produits\/gastronomie\/paniers-a-tasses\/?lang=fr#primaryimage\"},\"image\":{\"@id\":\"https:\/\/fries.iphos.at\/produits\/gastronomie\/paniers-a-tasses\/?lang=fr#primaryimage\"},\"thumbnailUrl\":\"https:\/\/fries.iphos.at\/wp-content\/uploads\/tassenkorb_web.jpg\",\"datePublished\":\"2015-10-24T15:40:33+00:00\",\"dateModified\":\"2023-03-06T09:15:55+00:00\",\"description\":\"D\u00e9couvrez nos paniers de rin\u00e7age pour tasses. Disponible dans diff\u00e9rentes tailles \u2714R\u00e9sultat de lavage parfait gr\u00e2ce au design ouvert \u2714Circulation id\u00e9ale de l'eau et de l'air\",\"breadcrumb\":{\"@id\":\"https:\/\/fries.iphos.at\/produits\/gastronomie\/paniers-a-tasses\/?lang=fr#breadcrumb\"},\"inLanguage\":\"fr-FR\",\"potentialAction\":[{\"@type\":\"ReadAction\",\"target\":[\"https:\/\/fries.iphos.at\/produits\/gastronomie\/paniers-a-tasses\/?lang=fr\"]}]},{\"@type\":\"ImageObject\",\"inLanguage\":\"fr-FR\",\"@id\":\"https:\/\/fries.iphos.at\/produits\/gastronomie\/paniers-a-tasses\/?lang=fr#primaryimage\",\"url\":\"https:\/\/fries.iphos.at\/wp-content\/uploads\/tassenkorb_web.jpg\",\"contentUrl\":\"https:\/\/fries.iphos.at\/wp-content\/uploads\/tassenkorb_web.jpg\"},{\"@type\":\"BreadcrumbList\",\"@id\":\"https:\/\/fries.iphos.at\/produits\/gastronomie\/paniers-a-tasses\/?lang=fr#breadcrumb\",\"itemListElement\":[{\"@type\":\"ListItem\",\"position\":1,\"name\":\"Home\",\"item\":\"https:\/\/fries.iphos.at\/?lang=fr\"},{\"@type\":\"ListItem\",\"position\":2,\"name\":\"Produits\",\"item\":\"https:\/\/fries.iphos.at\/produits\/?lang=fr\"},{\"@type\":\"ListItem\",\"position\":3,\"name\":\"Syst\u00e8mes de restauration\",\"item\":\"https:\/\/fries.iphos.at\/produits\/gastronomie\/?lang=fr\"},{\"@type\":\"ListItem\",\"position\":4,\"name\":\"Paniers \u00e0 tasses\"}]},{\"@type\":\"WebSite\",\"@id\":\"https:\/\/fries.iphos.at\/#website\",\"url\":\"https:\/\/fries.iphos.at\/\",\"name\":\"FRIES\",\"description\":\"\",\"publisher\":{\"@id\":\"https:\/\/fries.iphos.at\/#organization\"},\"potentialAction\":[{\"@type\":\"SearchAction\",\"target\":{\"@type\":\"EntryPoint\",\"urlTemplate\":\"https:\/\/fries.iphos.at\/?s={search_term_string}\"},\"query-input\":{\"@type\":\"PropertyValueSpecification\",\"valueRequired\":true,\"valueName\":\"search_term_string\"}}],\"inLanguage\":\"fr-FR\"},{\"@type\":\"Organization\",\"@id\":\"https:\/\/fries.iphos.at\/#organization\",\"name\":\"FRIES Kunststofftechnik GmbH\",\"url\":\"https:\/\/fries.iphos.at\/\",\"logo\":{\"@type\":\"ImageObject\",\"inLanguage\":\"fr-FR\",\"@id\":\"https:\/\/fries.iphos.at\/#\/schema\/logo\/image\/\",\"url\":\"https:\/\/fries.iphos.at\/wp-content\/uploads\/fries-logo.png\",\"contentUrl\":\"https:\/\/fries.iphos.at\/wp-content\/uploads\/fries-logo.png\",\"width\":120,\"height\":60,\"caption\":\"FRIES Kunststofftechnik GmbH\"},\"image\":{\"@id\":\"https:\/\/fries.iphos.at\/#\/schema\/logo\/image\/\"},\"sameAs\":[\"https:\/\/www.facebook.com\/FRIESKunststofftechnik\/\",\"https:\/\/www.youtube.com\/channel\/UCc2UgnWJ9Y_-pIXbDIek7wQ\"]}]}<\/script>\n<!-- \/ Yoast SEO plugin. -->","yoast_head_json":{"title":"Paniers \u00e0 tasses en plastique pour la restauration | Rack FRIES","description":"D\u00e9couvrez nos paniers de rin\u00e7age pour tasses. Disponible dans diff\u00e9rentes tailles \u2714R\u00e9sultat de lavage parfait gr\u00e2ce au design ouvert \u2714Circulation id\u00e9ale de l'eau et de l'air","robots":{"index":"noindex","follow":"follow","max-snippet":"max-snippet:-1","max-image-preview":"max-image-preview:large","max-video-preview":"max-video-preview:-1"},"twitter_misc":{"Dur\u00e9e de lecture estim\u00e9e":"4 minutes"},"schema":{"@context":"https:\/\/schema.org","@graph":[{"@type":"WebPage","@id":"https:\/\/fries.iphos.at\/produits\/gastronomie\/paniers-a-tasses\/?lang=fr","url":"https:\/\/fries.iphos.at\/produits\/gastronomie\/paniers-a-tasses\/?lang=fr","name":"Paniers \u00e0 tasses en plastique pour la restauration | Rack FRIES","isPartOf":{"@id":"https:\/\/fries.iphos.at\/#website"},"primaryImageOfPage":{"@id":"https:\/\/fries.iphos.at\/produits\/gastronomie\/paniers-a-tasses\/?lang=fr#primaryimage"},"image":{"@id":"https:\/\/fries.iphos.at\/produits\/gastronomie\/paniers-a-tasses\/?lang=fr#primaryimage"},"thumbnailUrl":"https:\/\/fries.iphos.at\/wp-content\/uploads\/tassenkorb_web.jpg","datePublished":"2015-10-24T15:40:33+00:00","dateModified":"2023-03-06T09:15:55+00:00","description":"D\u00e9couvrez nos paniers de rin\u00e7age pour tasses. Disponible dans diff\u00e9rentes tailles \u2714R\u00e9sultat de lavage parfait gr\u00e2ce au design ouvert \u2714Circulation id\u00e9ale de l'eau et de l'air","breadcrumb":{"@id":"https:\/\/fries.iphos.at\/produits\/gastronomie\/paniers-a-tasses\/?lang=fr#breadcrumb"},"inLanguage":"fr-FR","potentialAction":[{"@type":"ReadAction","target":["https:\/\/fries.iphos.at\/produits\/gastronomie\/paniers-a-tasses\/?lang=fr"]}]},{"@type":"ImageObject","inLanguage":"fr-FR","@id":"https:\/\/fries.iphos.at\/produits\/gastronomie\/paniers-a-tasses\/?lang=fr#primaryimage","url":"https:\/\/fries.iphos.at\/wp-content\/uploads\/tassenkorb_web.jpg","contentUrl":"https:\/\/fries.iphos.at\/wp-content\/uploads\/tassenkorb_web.jpg"},{"@type":"BreadcrumbList","@id":"https:\/\/fries.iphos.at\/produits\/gastronomie\/paniers-a-tasses\/?lang=fr#breadcrumb","itemListElement":[{"@type":"ListItem","position":1,"name":"Home","item":"https:\/\/fries.iphos.at\/?lang=fr"},{"@type":"ListItem","position":2,"name":"Produits","item":"https:\/\/fries.iphos.at\/produits\/?lang=fr"},{"@type":"ListItem","position":3,"name":"Syst\u00e8mes de restauration","item":"https:\/\/fries.iphos.at\/produits\/gastronomie\/?lang=fr"},{"@type":"ListItem","position":4,"name":"Paniers \u00e0 tasses"}]},{"@type":"WebSite","@id":"https:\/\/fries.iphos.at\/#website","url":"https:\/\/fries.iphos.at\/","name":"FRIES","description":"","publisher":{"@id":"https:\/\/fries.iphos.at\/#organization"},"potentialAction":[{"@type":"SearchAction","target":{"@type":"EntryPoint","urlTemplate":"https:\/\/fries.iphos.at\/?s={search_term_string}"},"query-input":{"@type":"PropertyValueSpecification","valueRequired":true,"valueName":"search_term_string"}}],"inLanguage":"fr-FR"},{"@type":"Organization","@id":"https:\/\/fries.iphos.at\/#organization","name":"FRIES Kunststofftechnik GmbH","url":"https:\/\/fries.iphos.at\/","logo":{"@type":"ImageObject","inLanguage":"fr-FR","@id":"https:\/\/fries.iphos.at\/#\/schema\/logo\/image\/","url":"https:\/\/fries.iphos.at\/wp-content\/uploads\/fries-logo.png","contentUrl":"https:\/\/fries.iphos.at\/wp-content\/uploads\/fries-logo.png","width":120,"height":60,"caption":"FRIES Kunststofftechnik GmbH"},"image":{"@id":"https:\/\/fries.iphos.at\/#\/schema\/logo\/image\/"},"sameAs":["https:\/\/www.facebook.com\/FRIESKunststofftechnik\/","https:\/\/www.youtube.com\/channel\/UCc2UgnWJ9Y_-pIXbDIek7wQ"]}]}},"_links":{"self":[{"href":"https:\/\/fries.iphos.at\/fr\/wp-json\/wp\/v2\/pages\/19990","targetHints":{"allow":["GET"]}}],"collection":[{"href":"https:\/\/fries.iphos.at\/fr\/wp-json\/wp\/v2\/pages"}],"about":[{"href":"https:\/\/fries.iphos.at\/fr\/wp-json\/wp\/v2\/types\/page"}],"author":[{"embeddable":true,"href":"https:\/\/fries.iphos.at\/fr\/wp-json\/wp\/v2\/users\/4"}],"replies":[{"embeddable":true,"href":"https:\/\/fries.iphos.at\/fr\/wp-json\/wp\/v2\/comments?post=19990"}],"version-history":[{"count":14,"href":"https:\/\/fries.iphos.at\/fr\/wp-json\/wp\/v2\/pages\/19990\/revisions"}],"predecessor-version":[{"id":41156,"href":"https:\/\/fries.iphos.at\/fr\/wp-json\/wp\/v2\/pages\/19990\/revisions\/41156"}],"up":[{"embeddable":true,"href":"https:\/\/fries.iphos.at\/fr\/wp-json\/wp\/v2\/pages\/19854"}],"wp:attachment":[{"href":"https:\/\/fries.iphos.at\/fr\/wp-json\/wp\/v2\/media?parent=19990"}],"curies":[{"name":"wp","href":"https:\/\/api.w.org\/{rel}","templated":true}]}}