{"id":19848,"date":"2015-10-20T16:10:22","date_gmt":"2015-10-20T14:10:22","guid":{"rendered":"https:\/\/fries.iphos.at\/mentions-legales\/?lang=fr"},"modified":"2024-11-19T15:44:43","modified_gmt":"2024-11-19T13:44:43","slug":"mentions-legales","status":"publish","type":"page","link":"https:\/\/fries.iphos.at\/fr\/qui-sommes-nous\/mentions-legales\/","title":{"rendered":"Mentions l\u00e9gales"},"content":{"rendered":"<div class=\"fusion-fullwidth fullwidth-box fusion-builder-row-1 nonhundred-percent-fullwidth non-hundred-percent-height-scrolling\" style=\"--awb-background-position:left top;--awb-border-radius-top-left:0px;--awb-border-radius-top-right:0px;--awb-border-radius-bottom-right:0px;--awb-border-radius-bottom-left:0px;--awb-padding-top:20px;--awb-padding-right:0px;--awb-padding-bottom:20px;--awb-padding-left:0px;--awb-border-sizes-top:0px;--awb-border-sizes-bottom:0px;--awb-flex-wrap:wrap;\" ><div class=\"fusion-builder-row fusion-row\"><div class=\"fusion-layout-column fusion_builder_column fusion-builder-column-0 fusion_builder_column_1_2 1_2 fusion-one-half fusion-column-first\" style=\"--awb-bg-size:cover;width:48%; margin-right: 4%;\"><div class=\"fusion-column-wrapper fusion-flex-column-wrapper-legacy\"><div class=\"fusion-text fusion-text-1\"><h2><span id=\"parent-fieldname-title\">Mentions l\u00e9gales <\/span><\/h2>\n<div class=\"documentDescription\"><strong>Responsable du contenu:<\/strong><\/div>\n<div>\n<div id=\"parent-fieldname-text\">\n<p><strong>FRIES Kunststofftechnik GmbH<br \/>\n<\/strong>[Mag. (FH) Dr. Gerhard Bertsch]\nSch\u00fctzenstra\u00dfe 19 | AT 6832 Sulz | Autriche<br \/>\n<a href=\"tel:+43552249350\">T + 43 (0)5522 4935 -0<\/a> | F +43 (0)5522 4935 -209 | <span class=\"link-\"><a href=\"mailto:office@fries.at\">office@fries.at<\/a><\/span><span class=\"link-\"><a href=\"mailto:info@fries.at\"><br \/>\n<\/a><\/span>Num\u00e9ro de registre des soci\u00e9t\u00e9s : FN403024 h | Chambre de commerce du Vorarlberg<br \/>\nIDE : AT U68 081 639<br \/>\nJuridiction : AT 6800 Feldkirch, Autriche<\/p>\n<\/div>\n<\/div>\n<p><!-- Internet Explorer CSS Fixes --> <!-- &#091;if IE&#093;>--><\/p>\n<p>Conform\u00e9ment \u00e0 l&#8217;art. 5 paragraphe 1 de la r\u00e9glementation autrichienne sur l&#8217;e-commerce (ECG) :<\/p>\n<div id=\"visual-portal-wrapper\">\n<p><strong>D\u00e9gagement de responsabilit\u00e9:<br \/>\n<\/strong>FRIES Kunststofftechnik GmbH fournit sur ce site des informations qui, de bonne foi, sont exactes et \u00e0 jour.<\/p>\n<\/div>\n<p>FRIES Kunststofftechnik GmbH ne se porte nullement garant de l\u2019exactitude, de la pr\u00e9cision, de l\u2019actualit\u00e9, de la fiabilit\u00e9 ni de l\u2019exhaustivit\u00e9 du contenu et d\u00e9cline express\u00e9ment toute obligation \u00e0 cet \u00e9gard. Tous les visiteurs de ce site consentent \u00e0 l&#8217;utiliser \u00e0 leurs propres risques.<\/p>\n<p><strong>Liens:<br \/>\n<\/strong>Nous attirons l&#8217;attention sur le fait que nous n&#8217;avons aucune influence sur la conception et le contenu des pages li\u00e9es. Par cons\u00e9quent, nous nous dissocions de tous les contenus de toutes les pages li\u00e9es sur ce site Web, y compris toutes les sous-pages.<\/p>\n<p>Cette d\u00e9claration est valable pour tous les liens pr\u00e9sents sur la page d&#8217;accueil et pour tous les contenus des pages acc\u00e9d\u00e9es au moyen de liens ou de banni\u00e8res.<\/p>\n<\/div><div class=\"fusion-clearfix\"><\/div><\/div><\/div><\/div><\/div>\n","protected":false},"excerpt":{"rendered":"","protected":false},"author":4,"featured_media":0,"parent":19852,"menu_order":0,"comment_status":"closed","ping_status":"closed","template":"","meta":{"_acf_changed":false,"footnotes":""},"class_list":["post-19848","page","type-page","status-publish","hentry"],"acf":[],"yoast_head":"<!-- This site is optimized with the Yoast SEO plugin v26.8 - https:\/\/yoast.com\/product\/yoast-seo-wordpress\/ -->\n<title>Mentions l\u00e9gales | FRIES Kunststofftechnik GmbH<\/title>\n<meta name=\"description\" content=\"Vous trouverez ici les mentions l\u00e9gales de FRIES Kunststofftechnik GmbH. \u25b6Informer maintenant!\" \/>\n<meta name=\"robots\" content=\"noindex, follow, max-snippet:-1, max-image-preview:large, max-video-preview:-1\" \/>\n<meta name=\"twitter:label1\" content=\"Dur\u00e9e de lecture estim\u00e9e\" \/>\n\t<meta name=\"twitter:data1\" content=\"2 minutes\" \/>\n<script type=\"application\/ld+json\" class=\"yoast-schema-graph\">{\"@context\":\"https:\/\/schema.org\",\"@graph\":[{\"@type\":\"WebPage\",\"@id\":\"https:\/\/fries.iphos.at\/qui-sommes-nous\/mentions-legales\/?lang=fr\",\"url\":\"https:\/\/fries.iphos.at\/qui-sommes-nous\/mentions-legales\/?lang=fr\",\"name\":\"Mentions l\u00e9gales | FRIES Kunststofftechnik GmbH\",\"isPartOf\":{\"@id\":\"https:\/\/fries.iphos.at\/#website\"},\"datePublished\":\"2015-10-20T14:10:22+00:00\",\"dateModified\":\"2024-11-19T13:44:43+00:00\",\"description\":\"Vous trouverez ici les mentions l\u00e9gales de FRIES Kunststofftechnik GmbH. \u25b6Informer maintenant!\",\"breadcrumb\":{\"@id\":\"https:\/\/fries.iphos.at\/qui-sommes-nous\/mentions-legales\/?lang=fr#breadcrumb\"},\"inLanguage\":\"fr-FR\",\"potentialAction\":[{\"@type\":\"ReadAction\",\"target\":[\"https:\/\/fries.iphos.at\/qui-sommes-nous\/mentions-legales\/?lang=fr\"]}]},{\"@type\":\"BreadcrumbList\",\"@id\":\"https:\/\/fries.iphos.at\/qui-sommes-nous\/mentions-legales\/?lang=fr#breadcrumb\",\"itemListElement\":[{\"@type\":\"ListItem\",\"position\":1,\"name\":\"Home\",\"item\":\"https:\/\/fries.iphos.at\/?lang=fr\"},{\"@type\":\"ListItem\",\"position\":2,\"name\":\"Qui sommes nous ?\",\"item\":\"https:\/\/fries.iphos.at\/qui-sommes-nous\/?lang=fr\"},{\"@type\":\"ListItem\",\"position\":3,\"name\":\"Mentions l\u00e9gales\"}]},{\"@type\":\"WebSite\",\"@id\":\"https:\/\/fries.iphos.at\/#website\",\"url\":\"https:\/\/fries.iphos.at\/\",\"name\":\"FRIES\",\"description\":\"\",\"publisher\":{\"@id\":\"https:\/\/fries.iphos.at\/#organization\"},\"potentialAction\":[{\"@type\":\"SearchAction\",\"target\":{\"@type\":\"EntryPoint\",\"urlTemplate\":\"https:\/\/fries.iphos.at\/?s={search_term_string}\"},\"query-input\":{\"@type\":\"PropertyValueSpecification\",\"valueRequired\":true,\"valueName\":\"search_term_string\"}}],\"inLanguage\":\"fr-FR\"},{\"@type\":\"Organization\",\"@id\":\"https:\/\/fries.iphos.at\/#organization\",\"name\":\"FRIES Kunststofftechnik GmbH\",\"url\":\"https:\/\/fries.iphos.at\/\",\"logo\":{\"@type\":\"ImageObject\",\"inLanguage\":\"fr-FR\",\"@id\":\"https:\/\/fries.iphos.at\/#\/schema\/logo\/image\/\",\"url\":\"https:\/\/fries.iphos.at\/wp-content\/uploads\/fries-logo.png\",\"contentUrl\":\"https:\/\/fries.iphos.at\/wp-content\/uploads\/fries-logo.png\",\"width\":120,\"height\":60,\"caption\":\"FRIES Kunststofftechnik GmbH\"},\"image\":{\"@id\":\"https:\/\/fries.iphos.at\/#\/schema\/logo\/image\/\"},\"sameAs\":[\"https:\/\/www.facebook.com\/FRIESKunststofftechnik\/\",\"https:\/\/www.youtube.com\/channel\/UCc2UgnWJ9Y_-pIXbDIek7wQ\"]}]}<\/script>\n<!-- \/ Yoast SEO plugin. -->","yoast_head_json":{"title":"Mentions l\u00e9gales | FRIES Kunststofftechnik GmbH","description":"Vous trouverez ici les mentions l\u00e9gales de FRIES Kunststofftechnik GmbH. \u25b6Informer maintenant!","robots":{"index":"noindex","follow":"follow","max-snippet":"max-snippet:-1","max-image-preview":"max-image-preview:large","max-video-preview":"max-video-preview:-1"},"twitter_misc":{"Dur\u00e9e de lecture estim\u00e9e":"2 minutes"},"schema":{"@context":"https:\/\/schema.org","@graph":[{"@type":"WebPage","@id":"https:\/\/fries.iphos.at\/qui-sommes-nous\/mentions-legales\/?lang=fr","url":"https:\/\/fries.iphos.at\/qui-sommes-nous\/mentions-legales\/?lang=fr","name":"Mentions l\u00e9gales | FRIES Kunststofftechnik GmbH","isPartOf":{"@id":"https:\/\/fries.iphos.at\/#website"},"datePublished":"2015-10-20T14:10:22+00:00","dateModified":"2024-11-19T13:44:43+00:00","description":"Vous trouverez ici les mentions l\u00e9gales de FRIES Kunststofftechnik GmbH. \u25b6Informer maintenant!","breadcrumb":{"@id":"https:\/\/fries.iphos.at\/qui-sommes-nous\/mentions-legales\/?lang=fr#breadcrumb"},"inLanguage":"fr-FR","potentialAction":[{"@type":"ReadAction","target":["https:\/\/fries.iphos.at\/qui-sommes-nous\/mentions-legales\/?lang=fr"]}]},{"@type":"BreadcrumbList","@id":"https:\/\/fries.iphos.at\/qui-sommes-nous\/mentions-legales\/?lang=fr#breadcrumb","itemListElement":[{"@type":"ListItem","position":1,"name":"Home","item":"https:\/\/fries.iphos.at\/?lang=fr"},{"@type":"ListItem","position":2,"name":"Qui sommes nous ?","item":"https:\/\/fries.iphos.at\/qui-sommes-nous\/?lang=fr"},{"@type":"ListItem","position":3,"name":"Mentions l\u00e9gales"}]},{"@type":"WebSite","@id":"https:\/\/fries.iphos.at\/#website","url":"https:\/\/fries.iphos.at\/","name":"FRIES","description":"","publisher":{"@id":"https:\/\/fries.iphos.at\/#organization"},"potentialAction":[{"@type":"SearchAction","target":{"@type":"EntryPoint","urlTemplate":"https:\/\/fries.iphos.at\/?s={search_term_string}"},"query-input":{"@type":"PropertyValueSpecification","valueRequired":true,"valueName":"search_term_string"}}],"inLanguage":"fr-FR"},{"@type":"Organization","@id":"https:\/\/fries.iphos.at\/#organization","name":"FRIES Kunststofftechnik GmbH","url":"https:\/\/fries.iphos.at\/","logo":{"@type":"ImageObject","inLanguage":"fr-FR","@id":"https:\/\/fries.iphos.at\/#\/schema\/logo\/image\/","url":"https:\/\/fries.iphos.at\/wp-content\/uploads\/fries-logo.png","contentUrl":"https:\/\/fries.iphos.at\/wp-content\/uploads\/fries-logo.png","width":120,"height":60,"caption":"FRIES Kunststofftechnik GmbH"},"image":{"@id":"https:\/\/fries.iphos.at\/#\/schema\/logo\/image\/"},"sameAs":["https:\/\/www.facebook.com\/FRIESKunststofftechnik\/","https:\/\/www.youtube.com\/channel\/UCc2UgnWJ9Y_-pIXbDIek7wQ"]}]}},"_links":{"self":[{"href":"https:\/\/fries.iphos.at\/fr\/wp-json\/wp\/v2\/pages\/19848","targetHints":{"allow":["GET"]}}],"collection":[{"href":"https:\/\/fries.iphos.at\/fr\/wp-json\/wp\/v2\/pages"}],"about":[{"href":"https:\/\/fries.iphos.at\/fr\/wp-json\/wp\/v2\/types\/page"}],"author":[{"embeddable":true,"href":"https:\/\/fries.iphos.at\/fr\/wp-json\/wp\/v2\/users\/4"}],"replies":[{"embeddable":true,"href":"https:\/\/fries.iphos.at\/fr\/wp-json\/wp\/v2\/comments?post=19848"}],"version-history":[{"count":6,"href":"https:\/\/fries.iphos.at\/fr\/wp-json\/wp\/v2\/pages\/19848\/revisions"}],"predecessor-version":[{"id":31111,"href":"https:\/\/fries.iphos.at\/fr\/wp-json\/wp\/v2\/pages\/19848\/revisions\/31111"}],"up":[{"embeddable":true,"href":"https:\/\/fries.iphos.at\/fr\/wp-json\/wp\/v2\/pages\/19852"}],"wp:attachment":[{"href":"https:\/\/fries.iphos.at\/fr\/wp-json\/wp\/v2\/media?parent=19848"}],"curies":[{"name":"wp","href":"https:\/\/api.w.org\/{rel}","templated":true}]}}