{"id":24567,"date":"2019-03-04T14:44:00","date_gmt":"2019-03-04T12:44:00","guid":{"rendered":"https:\/\/fries.iphos.at\/productos\/envases\/garrafas\/garrafa-de-1-mango-60-l\/"},"modified":"2025-06-25T09:10:02","modified_gmt":"2025-06-25T07:10:02","slug":"garrafa-de-1-mango-60-l-2","status":"publish","type":"page","link":"https:\/\/fries.iphos.at\/es\/productos\/envases\/bidones-de-plastico\/garrafa-de-1-mango-60-l-2\/","title":{"rendered":"Bidon de 1 asa 60 l"},"content":{"rendered":"<div class=\"fusion-fullwidth fullwidth-box fusion-builder-row-1 nonhundred-percent-fullwidth non-hundred-percent-height-scrolling\" style=\"--awb-background-position:left top;--awb-border-radius-top-left:0px;--awb-border-radius-top-right:0px;--awb-border-radius-bottom-right:0px;--awb-border-radius-bottom-left:0px;--awb-padding-top:20px;--awb-padding-right:0px;--awb-padding-bottom:20px;--awb-padding-left:0px;--awb-border-sizes-top:0px;--awb-border-sizes-bottom:0px;--awb-flex-wrap:wrap;\" ><div class=\"fusion-builder-row fusion-row\"><div class=\"fusion-layout-column fusion_builder_column fusion-builder-column-0 fusion_builder_column_1_3 1_3 fusion-one-third fusion-column-first\" style=\"--awb-bg-size:cover;width:30.6666%; margin-right: 4%;\"><div class=\"fusion-column-wrapper fusion-flex-column-wrapper-legacy\"><div class=\"fusion-image-element in-legacy-container\" style=\"--awb-caption-title-font-family:var(--h2_typography-font-family);--awb-caption-title-font-weight:var(--h2_typography-font-weight);--awb-caption-title-font-style:var(--h2_typography-font-style);--awb-caption-title-size:var(--h2_typography-font-size);--awb-caption-title-transform:var(--h2_typography-text-transform);--awb-caption-title-line-height:var(--h2_typography-line-height);--awb-caption-title-letter-spacing:var(--h2_typography-letter-spacing);\"><span class=\" fusion-imageframe imageframe-none imageframe-1 hover-type-none\"><a href=\"https:\/\/fries.iphos.at\/wp-content\/uploads\/Kanister-1-Griff-60-l-1.jpg\" class=\"fusion-lightbox\" data-rel=\"iLightbox[7f340c23c7f6d92df5b]\" data-title=\"Kanister-1-Griff 60 l\" title=\"Kanister-1-Griff 60 l\"><img decoding=\"async\" width=\"242\" height=\"242\" alt=\"bidon de 1 asa 60l\" src=\"https:\/\/fries.iphos.at\/wp-content\/uploads\/Kanister-1-Griff-60-l-1.jpg\" class=\"img-responsive wp-image-29758\" srcset=\"https:\/\/fries.iphos.at\/wp-content\/uploads\/Kanister-1-Griff-60-l-1-200x200.jpg 200w, https:\/\/fries.iphos.at\/wp-content\/uploads\/Kanister-1-Griff-60-l-1.jpg 242w\" sizes=\"(max-width: 0px) 100vw, 242px\" \/><\/a><\/span><\/div><div class=\"fusion-text fusion-text-1 color-verpackung gr\u00fcn\"><h4><a href=\"https:\/\/fries.iphos.at\/wp-content\/uploads\/Kanister-60l_1-Griff-1.pdf\" target=\"_blank\" rel=\"noopener noreferrer\">Descargar prospecto<\/a><\/h4>\n<\/div><div class=\"fusion-alignleft\"><a class=\"fusion-button button-flat fusion-button-default-size button-custom fusion-button-default button-1 fusion-button-default-span fusion-button-default-type color-verpackung\" style=\"--button_accent_color:#ffffff;--button_border_color:#00a890;--button_accent_hover_color:#ffffff;--button_border_hover_color:#00a890;--button_gradient_top_color:#00a890;--button_gradient_bottom_color:#00a890;--button_gradient_top_color_hover:#00a890;--button_gradient_bottom_color_hover:#00a890;--button_text_transform:none;--button_margin-top:10px;--button_margin-bottom:20px;\" target=\"_self\" href=\"https:\/\/fries.iphos.at\/contacto\/?lang=es&amp;your-subject=Bidon de 1 asa 60 l\"><span class=\"fusion-button-text awb-button__text awb-button__text--default\">Solicitar ahora<\/span><\/a><\/div><div class=\"fusion-clearfix\"><\/div><\/div><\/div><div class=\"fusion-layout-column fusion_builder_column fusion-builder-column-1 fusion_builder_column_2_3 2_3 fusion-two-third fusion-column-last\" style=\"--awb-bg-size:cover;width:65.3333%;\"><div class=\"fusion-column-wrapper fusion-flex-column-wrapper-legacy\"><div class=\"fusion-text fusion-text-2 color-verpackung gr\u00fcn\"><h1>Bidon de 1 asa (PE) 60 l<\/h1>\n<p><strong>Bidon de PE | 60 l | Con homologaci\u00f3n de la ONU | Certificado Halal | Contenedor para mercanc\u00edas peligrosas | Gran comodidad de uso | Vaciado total <\/strong><\/p>\n<ul>\n<li>Ergon\u00f3micamente c\u00f3modo de manejar<\/li>\n<li>Excelente agarre y comodidad de transporte del envase lleno<\/li>\n<li>Tambi\u00e9n se puede vaciar completamente mediante inclinaci\u00f3n lateral<\/li>\n<li>Soporta diferentes pesos<\/li>\n<li>Los bidones cumplen la normativa EN 12712-2000<\/li>\n<li>Uso universal gracias a la amplia gama de homologaciones de productos peligrosos<\/li>\n<li>Opcionalmente con o sin levas de apilado<\/li>\n<li>Dise\u00f1o conforme a las normas alimentarias seg\u00fan EG 1935\/2004, EG 2023\/2006 y EG 10\/2011 en las medidas v\u00e1lidas actualmente<\/li>\n<li>Versi\u00f3n en material aprobado farmac\u00e9utico\/m\u00e9dico bajo pedido<\/li>\n<li>Disponible en &#8220;azul&#8221; y &#8220;natural&#8221; (otros colores a petici\u00f3n)<\/li>\n<\/ul>\n<p><strong>Accesorios:<\/strong><\/p>\n<ul>\n<li>Tapa roscada SK60 o SK70, conforme a EN 12713-2000<\/li>\n<li>Orificio de llenado SK60x6 (di\u00e1metro interior 48 mm) o<\/li>\n<li>SK70x6 (di\u00e1metro interior 57 mm), seg\u00fan EN 12712-2000<\/li>\n<li>V\u00e1lvula de desgasificaci\u00f3n disponible bajo pedido<\/li>\n<li>Protecci\u00f3n de la originalidad<\/li>\n<\/ul>\n<\/div><div class=\"fusion-clearfix\"><\/div><\/div><\/div><\/div><\/div>\n","protected":false},"excerpt":{"rendered":"","protected":false},"author":4,"featured_media":0,"parent":20501,"menu_order":0,"comment_status":"closed","ping_status":"closed","template":"","meta":{"_acf_changed":false,"footnotes":""},"class_list":["post-24567","page","type-page","status-publish","hentry"],"acf":[],"yoast_head":"<!-- This site is optimized with the Yoast SEO plugin v26.8 - https:\/\/yoast.com\/product\/yoast-seo-wordpress\/ -->\n<title>Bid\u00f3n de pl\u00e1stico de 60 litros | 1 asa | Homologaci\u00f3n de la ONU<\/title>\n<meta name=\"description\" content=\"Bid\u00f3nes de 60l con gran comodidad y buen vaciado de restos \u2714Apta para alimentos \u2714Apta para mercanc\u00edas peligrosas \u2714Protecci\u00f3n de la originalidad\" \/>\n<meta name=\"robots\" content=\"noindex, follow, max-snippet:-1, max-image-preview:large, max-video-preview:-1\" \/>\n<meta name=\"twitter:label1\" content=\"Tiempo de lectura\" \/>\n\t<meta name=\"twitter:data1\" content=\"2 minutos\" \/>\n<script type=\"application\/ld+json\" class=\"yoast-schema-graph\">{\"@context\":\"https:\/\/schema.org\",\"@graph\":[{\"@type\":\"WebPage\",\"@id\":\"https:\/\/fries.iphos.at\/productos\/envases\/bidones-de-plastico\/garrafa-de-1-mango-60-l-2\/?lang=es\",\"url\":\"https:\/\/fries.iphos.at\/productos\/envases\/bidones-de-plastico\/garrafa-de-1-mango-60-l-2\/?lang=es\",\"name\":\"Bid\u00f3n de pl\u00e1stico de 60 litros | 1 asa | Homologaci\u00f3n de la ONU\",\"isPartOf\":{\"@id\":\"https:\/\/fries.iphos.at\/#website\"},\"datePublished\":\"2019-03-04T12:44:00+00:00\",\"dateModified\":\"2025-06-25T07:10:02+00:00\",\"description\":\"Bid\u00f3nes de 60l con gran comodidad y buen vaciado de restos \u2714Apta para alimentos \u2714Apta para mercanc\u00edas peligrosas \u2714Protecci\u00f3n de la originalidad\",\"breadcrumb\":{\"@id\":\"https:\/\/fries.iphos.at\/productos\/envases\/bidones-de-plastico\/garrafa-de-1-mango-60-l-2\/?lang=es#breadcrumb\"},\"inLanguage\":\"es\",\"potentialAction\":[{\"@type\":\"ReadAction\",\"target\":[\"https:\/\/fries.iphos.at\/productos\/envases\/bidones-de-plastico\/garrafa-de-1-mango-60-l-2\/?lang=es\"]}]},{\"@type\":\"BreadcrumbList\",\"@id\":\"https:\/\/fries.iphos.at\/productos\/envases\/bidones-de-plastico\/garrafa-de-1-mango-60-l-2\/?lang=es#breadcrumb\",\"itemListElement\":[{\"@type\":\"ListItem\",\"position\":1,\"name\":\"Home\",\"item\":\"https:\/\/fries.iphos.at\/?lang=es\"},{\"@type\":\"ListItem\",\"position\":2,\"name\":\"Productos\",\"item\":\"https:\/\/fries.iphos.at\/productos\/?lang=es\"},{\"@type\":\"ListItem\",\"position\":3,\"name\":\"Embalaje\",\"item\":\"https:\/\/fries.iphos.at\/productos\/envases\/?lang=es\"},{\"@type\":\"ListItem\",\"position\":4,\"name\":\"Bidones\",\"item\":\"https:\/\/fries.iphos.at\/productos\/envases\/bidones-de-plastico\/?lang=es\"},{\"@type\":\"ListItem\",\"position\":5,\"name\":\"Bidon de 1 asa 60 l\"}]},{\"@type\":\"WebSite\",\"@id\":\"https:\/\/fries.iphos.at\/#website\",\"url\":\"https:\/\/fries.iphos.at\/\",\"name\":\"FRIES\",\"description\":\"\",\"publisher\":{\"@id\":\"https:\/\/fries.iphos.at\/#organization\"},\"potentialAction\":[{\"@type\":\"SearchAction\",\"target\":{\"@type\":\"EntryPoint\",\"urlTemplate\":\"https:\/\/fries.iphos.at\/?s={search_term_string}\"},\"query-input\":{\"@type\":\"PropertyValueSpecification\",\"valueRequired\":true,\"valueName\":\"search_term_string\"}}],\"inLanguage\":\"es\"},{\"@type\":\"Organization\",\"@id\":\"https:\/\/fries.iphos.at\/#organization\",\"name\":\"FRIES Kunststofftechnik GmbH\",\"url\":\"https:\/\/fries.iphos.at\/\",\"logo\":{\"@type\":\"ImageObject\",\"inLanguage\":\"es\",\"@id\":\"https:\/\/fries.iphos.at\/#\/schema\/logo\/image\/\",\"url\":\"https:\/\/fries.iphos.at\/wp-content\/uploads\/fries-logo.png\",\"contentUrl\":\"https:\/\/fries.iphos.at\/wp-content\/uploads\/fries-logo.png\",\"width\":120,\"height\":60,\"caption\":\"FRIES Kunststofftechnik GmbH\"},\"image\":{\"@id\":\"https:\/\/fries.iphos.at\/#\/schema\/logo\/image\/\"},\"sameAs\":[\"https:\/\/www.facebook.com\/FRIESKunststofftechnik\/\",\"https:\/\/www.youtube.com\/channel\/UCc2UgnWJ9Y_-pIXbDIek7wQ\"]}]}<\/script>\n<!-- \/ Yoast SEO plugin. -->","yoast_head_json":{"title":"Bid\u00f3n de pl\u00e1stico de 60 litros | 1 asa | Homologaci\u00f3n de la ONU","description":"Bid\u00f3nes de 60l con gran comodidad y buen vaciado de restos \u2714Apta para alimentos \u2714Apta para mercanc\u00edas peligrosas \u2714Protecci\u00f3n de la originalidad","robots":{"index":"noindex","follow":"follow","max-snippet":"max-snippet:-1","max-image-preview":"max-image-preview:large","max-video-preview":"max-video-preview:-1"},"twitter_misc":{"Tiempo de lectura":"2 minutos"},"schema":{"@context":"https:\/\/schema.org","@graph":[{"@type":"WebPage","@id":"https:\/\/fries.iphos.at\/productos\/envases\/bidones-de-plastico\/garrafa-de-1-mango-60-l-2\/?lang=es","url":"https:\/\/fries.iphos.at\/productos\/envases\/bidones-de-plastico\/garrafa-de-1-mango-60-l-2\/?lang=es","name":"Bid\u00f3n de pl\u00e1stico de 60 litros | 1 asa | Homologaci\u00f3n de la ONU","isPartOf":{"@id":"https:\/\/fries.iphos.at\/#website"},"datePublished":"2019-03-04T12:44:00+00:00","dateModified":"2025-06-25T07:10:02+00:00","description":"Bid\u00f3nes de 60l con gran comodidad y buen vaciado de restos \u2714Apta para alimentos \u2714Apta para mercanc\u00edas peligrosas \u2714Protecci\u00f3n de la originalidad","breadcrumb":{"@id":"https:\/\/fries.iphos.at\/productos\/envases\/bidones-de-plastico\/garrafa-de-1-mango-60-l-2\/?lang=es#breadcrumb"},"inLanguage":"es","potentialAction":[{"@type":"ReadAction","target":["https:\/\/fries.iphos.at\/productos\/envases\/bidones-de-plastico\/garrafa-de-1-mango-60-l-2\/?lang=es"]}]},{"@type":"BreadcrumbList","@id":"https:\/\/fries.iphos.at\/productos\/envases\/bidones-de-plastico\/garrafa-de-1-mango-60-l-2\/?lang=es#breadcrumb","itemListElement":[{"@type":"ListItem","position":1,"name":"Home","item":"https:\/\/fries.iphos.at\/?lang=es"},{"@type":"ListItem","position":2,"name":"Productos","item":"https:\/\/fries.iphos.at\/productos\/?lang=es"},{"@type":"ListItem","position":3,"name":"Embalaje","item":"https:\/\/fries.iphos.at\/productos\/envases\/?lang=es"},{"@type":"ListItem","position":4,"name":"Bidones","item":"https:\/\/fries.iphos.at\/productos\/envases\/bidones-de-plastico\/?lang=es"},{"@type":"ListItem","position":5,"name":"Bidon de 1 asa 60 l"}]},{"@type":"WebSite","@id":"https:\/\/fries.iphos.at\/#website","url":"https:\/\/fries.iphos.at\/","name":"FRIES","description":"","publisher":{"@id":"https:\/\/fries.iphos.at\/#organization"},"potentialAction":[{"@type":"SearchAction","target":{"@type":"EntryPoint","urlTemplate":"https:\/\/fries.iphos.at\/?s={search_term_string}"},"query-input":{"@type":"PropertyValueSpecification","valueRequired":true,"valueName":"search_term_string"}}],"inLanguage":"es"},{"@type":"Organization","@id":"https:\/\/fries.iphos.at\/#organization","name":"FRIES Kunststofftechnik GmbH","url":"https:\/\/fries.iphos.at\/","logo":{"@type":"ImageObject","inLanguage":"es","@id":"https:\/\/fries.iphos.at\/#\/schema\/logo\/image\/","url":"https:\/\/fries.iphos.at\/wp-content\/uploads\/fries-logo.png","contentUrl":"https:\/\/fries.iphos.at\/wp-content\/uploads\/fries-logo.png","width":120,"height":60,"caption":"FRIES Kunststofftechnik GmbH"},"image":{"@id":"https:\/\/fries.iphos.at\/#\/schema\/logo\/image\/"},"sameAs":["https:\/\/www.facebook.com\/FRIESKunststofftechnik\/","https:\/\/www.youtube.com\/channel\/UCc2UgnWJ9Y_-pIXbDIek7wQ"]}]}},"_links":{"self":[{"href":"https:\/\/fries.iphos.at\/es\/wp-json\/wp\/v2\/pages\/24567","targetHints":{"allow":["GET"]}}],"collection":[{"href":"https:\/\/fries.iphos.at\/es\/wp-json\/wp\/v2\/pages"}],"about":[{"href":"https:\/\/fries.iphos.at\/es\/wp-json\/wp\/v2\/types\/page"}],"author":[{"embeddable":true,"href":"https:\/\/fries.iphos.at\/es\/wp-json\/wp\/v2\/users\/4"}],"replies":[{"embeddable":true,"href":"https:\/\/fries.iphos.at\/es\/wp-json\/wp\/v2\/comments?post=24567"}],"version-history":[{"count":17,"href":"https:\/\/fries.iphos.at\/es\/wp-json\/wp\/v2\/pages\/24567\/revisions"}],"predecessor-version":[{"id":64865,"href":"https:\/\/fries.iphos.at\/es\/wp-json\/wp\/v2\/pages\/24567\/revisions\/64865"}],"up":[{"embeddable":true,"href":"https:\/\/fries.iphos.at\/es\/wp-json\/wp\/v2\/pages\/20501"}],"wp:attachment":[{"href":"https:\/\/fries.iphos.at\/es\/wp-json\/wp\/v2\/media?parent=24567"}],"curies":[{"name":"wp","href":"https:\/\/api.w.org\/{rel}","templated":true}]}}