{"id":24463,"date":"2019-02-06T13:20:55","date_gmt":"2019-02-06T11:20:55","guid":{"rendered":"https:\/\/fries.iphos.at\/productos\/cestas-industriales\/portaherramientas-esd-tech-rack-variogrid\/"},"modified":"2024-10-18T11:08:49","modified_gmt":"2024-10-18T09:08:49","slug":"portaherramientas-esd-tech-rack-variogrid","status":"publish","type":"page","link":"https:\/\/fries.iphos.at\/es\/productos\/cestas-industriales\/portaherramientas-esd-tech-rack-variogrid\/","title":{"rendered":"Portaherramientas ESD tech-rack variogrid"},"content":{"rendered":"<p><div class=\"fusion-fullwidth fullwidth-box fusion-builder-row-1 nonhundred-percent-fullwidth non-hundred-percent-height-scrolling\" style=\"--awb-background-position:left top;--awb-border-radius-top-left:0px;--awb-border-radius-top-right:0px;--awb-border-radius-bottom-right:0px;--awb-border-radius-bottom-left:0px;--awb-padding-top:20px;--awb-padding-right:0px;--awb-padding-bottom:20px;--awb-padding-left:0px;--awb-border-sizes-top:0px;--awb-border-sizes-bottom:0px;--awb-flex-wrap:wrap;\" ><div class=\"fusion-builder-row fusion-row\"><div class=\"fusion-layout-column fusion_builder_column fusion-builder-column-0 fusion_builder_column_1_3 1_3 fusion-one-third fusion-column-first\" style=\"--awb-bg-size:cover;width:30.6666%; margin-right: 4%;\"><div class=\"fusion-column-wrapper fusion-flex-column-wrapper-legacy\"><div class=\"fusion-image-element in-legacy-container\" style=\"--awb-caption-title-font-family:var(--h2_typography-font-family);--awb-caption-title-font-weight:var(--h2_typography-font-weight);--awb-caption-title-font-style:var(--h2_typography-font-style);--awb-caption-title-size:var(--h2_typography-font-size);--awb-caption-title-transform:var(--h2_typography-text-transform);--awb-caption-title-line-height:var(--h2_typography-line-height);--awb-caption-title-letter-spacing:var(--h2_typography-letter-spacing);\"><span class=\" fusion-imageframe imageframe-none imageframe-1 hover-type-none\"><a href=\"https:\/\/fries.iphos.at\/wp-content\/uploads\/ESD-techrack_variogrid_2-4.png\" class=\"fusion-lightbox\" data-rel=\"iLightbox[bdd4227cf8acd6bf20a]\" data-title=\"ESD portaherramientas conductor techrack variogrid 600&#215;400\" title=\"ESD portaherramientas conductor techrack variogrid 600&#215;400\"><img decoding=\"async\" width=\"242\" height=\"242\" alt=\"ESD portaherramientas conductor techrack variogrid 600x400\" src=\"https:\/\/fries.iphos.at\/wp-content\/uploads\/ESD-techrack_variogrid_2-4.png\" class=\"img-responsive wp-image-29207\" srcset=\"https:\/\/fries.iphos.at\/wp-content\/uploads\/ESD-techrack_variogrid_2-4-200x200.png 200w, https:\/\/fries.iphos.at\/wp-content\/uploads\/ESD-techrack_variogrid_2-4.png 242w\" sizes=\"(max-width: 0px) 100vw, 242px\" \/><\/a><\/span><\/div><div class=\"fusion-text fusion-text-1 color-industrie orange\"><p><a href=\"https:\/\/fries.iphos.at\/wp-content\/uploads\/fries-werkstuecktraeger-industriekoerbe-es.pdf\">Descargar folleto<\/a><\/p>\n<\/div><div class=\"fusion-alignleft\"><a class=\"fusion-button button-flat fusion-button-default-size button-custom fusion-button-default button-1 fusion-button-default-span fusion-button-default-type color-verpackung\" style=\"--button_accent_color:#ffffff;--button_border_color:#ef7c00;--button_accent_hover_color:#ffffff;--button_border_hover_color:#ef7c00;--button_gradient_top_color:#ef7c00;--button_gradient_bottom_color:#ef7c00;--button_gradient_top_color_hover:#ef7c00;--button_gradient_bottom_color_hover:#ef7c00;--button_text_transform:none;--button_margin-top:10px;--button_margin-bottom:20px;\" target=\"_self\" href=\"https:\/\/fries.iphos.at\/contacto\/?lang=es&amp;your-subject=portaherramientas-esd-tech-rack-variogrid\"><span class=\"fusion-button-text awb-button__text awb-button__text--default\">Solicitar ahora<\/span><\/a><\/div><div class=\"fusion-clearfix\"><\/div><\/div><\/div><div class=\"fusion-layout-column fusion_builder_column fusion-builder-column-1 fusion_builder_column_2_3 2_3 fusion-two-third fusion-column-last\" style=\"--awb-bg-size:cover;width:65.3333%;\"><div class=\"fusion-column-wrapper fusion-flex-column-wrapper-legacy\"><div class=\"fusion-text fusion-text-2 color-industrie orange\"><h1>Portaherramientas ESD tech-rack variogrid<\/h1>\n<p><strong>Portaherramientas variable en versi\u00f3n ESD que protege los componentes electr\u00f3nicos sensibles de descargas electrost\u00e1ticas durante todo el proceso de fabricaci\u00f3n.<\/strong><\/p>\n<p>ESD tech-rack variogrid es un sistema modular portaherramientas, usado como inserto en la cesta est\u00e1ndar o en el estante de la estanter\u00eda, o como portaherramientas independiente. La placa puede cortarse a medida para adaptarse a las condiciones de la m\u00e1quina de limpieza, o al almacenamiento en peque\u00f1os portadores de carga (KLT). Los pasadores giratorios de apilamiento se pueden colocar donde se quiera en la placa de rejilla, para garantizar la apilabilidad con el tama\u00f1o deseado.<\/p>\n<p align=\"LEFT\"><img decoding=\"async\" class=\"alignleft\" title=\"ESD (Electro Static Discharge)\" src=\"https:\/\/fries.iphos.at\/wp-content\/uploads\/Elektrostatische-Entladung-1024x866.png\" alt=\"\" width=\"96\" height=\"81\" \/><\/p>\n<p><strong>Las cestas industriales conductoras protegen los componentes sensibles<br \/>\n<\/strong>Los componentes electr\u00f3nicos pueden ser destruidos por descargas electrost\u00e1ticas. Para protegerse de estos da\u00f1os, tambi\u00e9n hemos desarrollado el acreditado portaherramientas tech-rack variogrid en material Comp 25 (versi\u00f3n ESD). Este evita de forma fiable la generaci\u00f3n de cargas electrost\u00e1ticas y descarga las cargas ya existentes de forma controlada. De esta forma se evitan costes de fabricaci\u00f3n m\u00e1s elevados y rendimientos de producci\u00f3n m\u00e1s bajos.<\/p>\n<p><strong>Una adaptaci\u00f3n \u00f3ptima a los componentes industriales<\/strong><\/p>\n<ul>\n<li>Protege los componentes electr\u00f3nicos de descargas electrost\u00e1ticas<\/li>\n<li>Con el portaherramientas ESD tech-rack variogrid se pueden llevar directamente los componentes a la zona ESD para su ensamblaje, sin necesidad de volver a empaquetarlos.<\/li>\n<li>Se puede cortar la placa al tama\u00f1o que se desee<\/li>\n<li>Protecci\u00f3n \u00f3ptima de superficies y frente a ara\u00f1azos, con las clavijas ancladas giratorias y conectables o divisores transversales y longitudinales<\/li>\n<li>La flexibilidad gracias a los compartimentos y variantes de inserci\u00f3n universales permite una variaci\u00f3n m\u00e1xima para alojar piezas<\/li>\n<li>Posicionamiento preciso para protecci\u00f3n \u00f3ptima de componentes, con distintas clavijas giratorias y conectables<\/li>\n<li>Montaje f\u00e1cil y r\u00e1pido<\/li>\n<li>Apilable gracias a los pasadores de apilamiento, por ello variable en altura<\/li>\n<li>Aclarado f\u00e1cil y escaso apantallamiento<\/li>\n<li>Se pueden colocar asas de forma modular, para usar el espacio de forma \u00f3ptima en la placa portaherramientas<\/li>\n<li>Utilizable para transporte, log\u00edstica y limpieza<\/li>\n<li>Apto para automatizaci\u00f3n total y manejo con robot<\/li>\n<li>Los divisores longitudinales y transversales se insertan en la base, impidiendo el efecto capilar<\/li>\n<\/ul>\n<\/div><div class=\"fusion-clearfix\"><\/div><\/div><\/div><\/div><\/div><div class=\"fusion-fullwidth fullwidth-box fusion-builder-row-2 nonhundred-percent-fullwidth non-hundred-percent-height-scrolling\" style=\"--awb-border-radius-top-left:0px;--awb-border-radius-top-right:0px;--awb-border-radius-bottom-right:0px;--awb-border-radius-bottom-left:0px;--awb-flex-wrap:wrap;\" ><div class=\"fusion-builder-row fusion-row\"><div class=\"fusion-layout-column fusion_builder_column fusion-builder-column-2 fusion_builder_column_1_3 1_3 fusion-one-third fusion-column-first\" style=\"--awb-bg-size:cover;width:33.333333333333%;width:calc(33.333333333333% - ( ( 4% ) * 0.33333333333333 ) );margin-right: 4%;\"><div class=\"fusion-column-wrapper fusion-flex-column-wrapper-legacy\"><div class=\"fusion-clearfix\"><\/div><\/div><\/div><div class=\"fusion-layout-column fusion_builder_column fusion-builder-column-3 fusion_builder_column_2_3 2_3 fusion-two-third fusion-column-last\" style=\"--awb-bg-size:cover;width:66.666666666667%;width:calc(66.666666666667% - ( ( 4% ) * 0.66666666666667 ) );\"><div class=\"fusion-column-wrapper fusion-flex-column-wrapper-legacy\"><div class=\"fusion-text fusion-text-3\"><p><strong>Materiales disponibles:<\/strong><\/p>\n<p>En funci\u00f3n de los requisitos, el portaherramientas tech-rack variogrid est\u00e1 disponible en los siguientes materiales:<\/p>\n<\/div><div class=\"fusion-clearfix\"><\/div><\/div><\/div><div class=\"fusion-layout-column fusion_builder_column fusion-builder-column-4 fusion_builder_column_1_4 1_4 fusion-one-fourth fusion-column-first\" style=\"--awb-bg-size:cover;width:25%;width:calc(25% - ( ( 4% + 4% + 4% ) * 0.25 ) );margin-right: 4%;\"><div class=\"fusion-column-wrapper fusion-flex-column-wrapper-legacy\"><div class=\"fusion-clearfix\"><\/div><\/div><\/div><div class=\"fusion-layout-column fusion_builder_column fusion-builder-column-5 fusion_builder_column_1_4 1_4 fusion-one-fourth\" style=\"--awb-bg-size:cover;width:25%;width:calc(25% - ( ( 4% + 4% + 4% ) * 0.25 ) );margin-right: 4%;\"><div class=\"fusion-column-wrapper fusion-flex-column-wrapper-legacy\"><div class=\"fusion-image-element fusion-image-align-right in-legacy-container\" style=\"text-align:right;--awb-caption-title-font-family:var(--h2_typography-font-family);--awb-caption-title-font-weight:var(--h2_typography-font-weight);--awb-caption-title-font-style:var(--h2_typography-font-style);--awb-caption-title-size:var(--h2_typography-font-size);--awb-caption-title-transform:var(--h2_typography-text-transform);--awb-caption-title-line-height:var(--h2_typography-line-height);--awb-caption-title-letter-spacing:var(--h2_typography-letter-spacing);\"><span class=\" fusion-imageframe imageframe-none imageframe-2 hover-type-none\" style=\"margin-left:25px;float:right;\"><a class=\"fusion-no-lightbox\" href=\"https:\/\/fries.iphos.at\/productos\/cestas-industriales\/materiales-fries\/?lang=es\" target=\"_blank\" aria-label=\"Comp13\/14\" rel=\"noopener noreferrer\"><img decoding=\"async\" width=\"300\" height=\"300\" alt=\"Fries Industriek\u00f6rbe und Werkst\u00fccktr\u00e4ger Material Comp13\/14\" src=\"https:\/\/fries.iphos.at\/wp-content\/uploads\/Comp13_14-300x300.jpg\" class=\"img-responsive wp-image-28245\" srcset=\"https:\/\/fries.iphos.at\/wp-content\/uploads\/Comp13_14-200x200.jpg 200w, https:\/\/fries.iphos.at\/wp-content\/uploads\/Comp13_14-400x400.jpg 400w, https:\/\/fries.iphos.at\/wp-content\/uploads\/Comp13_14.jpg 591w\" sizes=\"(max-width: 0px) 100vw, 400px\" \/><\/a><\/span><\/div><div class=\"fusion-text fusion-text-4 color-industrie orange\"><p style=\"text-align: right;\"><a title=\"FRIES Materiales\" href=\"https:\/\/fries.iphos.at\/productos\/cestas-industriales\/materiales-fries\/?lang=es\" target=\"_blank\" rel=\"noopener noreferrer\"><strong>FRIES Comp 13\/14<\/strong><\/a><\/p>\n<\/div><div class=\"fusion-clearfix\"><\/div><\/div><\/div><div class=\"fusion-layout-column fusion_builder_column fusion-builder-column-6 fusion_builder_column_1_4 1_4 fusion-one-fourth\" style=\"--awb-bg-size:cover;width:25%;width:calc(25% - ( ( 4% + 4% + 4% ) * 0.25 ) );margin-right: 4%;\"><div class=\"fusion-column-wrapper fusion-flex-column-wrapper-legacy\"><div class=\"fusion-image-element fusion-image-align-right in-legacy-container\" style=\"text-align:right;--awb-caption-title-font-family:var(--h2_typography-font-family);--awb-caption-title-font-weight:var(--h2_typography-font-weight);--awb-caption-title-font-style:var(--h2_typography-font-style);--awb-caption-title-size:var(--h2_typography-font-size);--awb-caption-title-transform:var(--h2_typography-text-transform);--awb-caption-title-line-height:var(--h2_typography-line-height);--awb-caption-title-letter-spacing:var(--h2_typography-letter-spacing);\"><span class=\" fusion-imageframe imageframe-none imageframe-3 hover-type-none\" style=\"margin-left:25px;float:right;\"><a class=\"fusion-no-lightbox\" href=\"https:\/\/fries.iphos.at\/productos\/cestas-industriales\/materiales-fries\/?lang=es\" target=\"_self\" aria-label=\"Comp21\/22\"><img decoding=\"async\" width=\"300\" height=\"300\" alt=\"Fries Industriek\u00f6rbe und Werkst\u00fccktr\u00e4ger Material Comp21\/22\" src=\"https:\/\/fries.iphos.at\/wp-content\/uploads\/Comp21_22-300x300.jpg\" class=\"img-responsive wp-image-28253\"\/><\/a><\/span><\/div><div class=\"fusion-text fusion-text-5 color-industrie orange\"><p style=\"text-align: right;\"><a title=\"FRIES Materiales\" href=\"https:\/\/fries.iphos.at\/productos\/cestas-industriales\/materiales-fries\/?lang=es\" target=\"_blank\" rel=\"noopener noreferrer\"><strong>FRIES Comp 21\/22<\/strong><\/a><\/p>\n<\/div><div class=\"fusion-clearfix\"><\/div><\/div><\/div><div class=\"fusion-layout-column fusion_builder_column fusion-builder-column-7 fusion_builder_column_1_4 1_4 fusion-one-fourth fusion-column-last\" style=\"--awb-bg-size:cover;width:25%;width:calc(25% - ( ( 4% + 4% + 4% ) * 0.25 ) );\"><div class=\"fusion-column-wrapper fusion-flex-column-wrapper-legacy\"><div class=\"fusion-image-element fusion-image-align-right in-legacy-container\" style=\"text-align:right;--awb-caption-title-font-family:var(--h2_typography-font-family);--awb-caption-title-font-weight:var(--h2_typography-font-weight);--awb-caption-title-font-style:var(--h2_typography-font-style);--awb-caption-title-size:var(--h2_typography-font-size);--awb-caption-title-transform:var(--h2_typography-text-transform);--awb-caption-title-line-height:var(--h2_typography-line-height);--awb-caption-title-letter-spacing:var(--h2_typography-letter-spacing);\"><span class=\" fusion-imageframe imageframe-none imageframe-4 hover-type-none\" style=\"margin-left:25px;float:right;\"><a class=\"fusion-no-lightbox\" href=\"https:\/\/fries.iphos.at\/productos\/cestas-industriales\/materiales-fries\/?lang=es\" target=\"_self\" aria-label=\"Comp25\"><img decoding=\"async\" width=\"300\" height=\"300\" alt=\"Fries Industriek\u00f6rbe und Werkst\u00fccktr\u00e4ger Material Comp25\" src=\"https:\/\/fries.iphos.at\/wp-content\/uploads\/Comp25-300x300.jpg\" class=\"img-responsive wp-image-28254\" srcset=\"https:\/\/fries.iphos.at\/wp-content\/uploads\/Comp25-200x200.jpg 200w, https:\/\/fries.iphos.at\/wp-content\/uploads\/Comp25-400x400.jpg 400w, https:\/\/fries.iphos.at\/wp-content\/uploads\/Comp25.jpg 591w\" sizes=\"(max-width: 0px) 100vw, 400px\" \/><\/a><\/span><\/div><div class=\"fusion-text fusion-text-6 color-industrie orange\"><p style=\"text-align: right;\"><a title=\"FRIES Materiales\" href=\"https:\/\/fries.iphos.at\/productos\/cestas-industriales\/materiales-fries\/?lang=es\" target=\"_blank\" rel=\"noopener noreferrer\"><strong>Fries Comp 25 (ESD)<\/strong><\/a><\/p>\n<\/div><div class=\"fusion-clearfix\"><\/div><\/div><\/div><\/div><\/div><\/p>\n","protected":false},"excerpt":{"rendered":"","protected":false},"author":4,"featured_media":0,"parent":61348,"menu_order":0,"comment_status":"closed","ping_status":"closed","template":"","meta":{"_acf_changed":false,"footnotes":""},"class_list":["post-24463","page","type-page","status-publish","hentry"],"acf":[],"yoast_head":"<!-- This site is optimized with the Yoast SEO plugin v26.8 - https:\/\/yoast.com\/product\/yoast-seo-wordpress\/ -->\n<title>Portaherramientas ESD | tech-rack variogrid ESD | FRIES<\/title>\n<meta name=\"description\" content=\"Portaherramientas ESD puede adaptarse individualmente a los componentes \u25b6Para limpieza, transporte y almacenamiento de piezas electr\u00f3nicas\" \/>\n<meta name=\"robots\" content=\"noindex, follow, max-snippet:-1, max-image-preview:large, max-video-preview:-1\" \/>\n<meta name=\"twitter:label1\" content=\"Tiempo de lectura\" \/>\n\t<meta name=\"twitter:data1\" content=\"4 minutos\" \/>\n<script type=\"application\/ld+json\" class=\"yoast-schema-graph\">{\"@context\":\"https:\/\/schema.org\",\"@graph\":[{\"@type\":\"WebPage\",\"@id\":\"https:\/\/fries.iphos.at\/productos\/cestas-industriales\/portaherramientas-esd-tech-rack-variogrid\/?lang=es\",\"url\":\"https:\/\/fries.iphos.at\/productos\/cestas-industriales\/portaherramientas-esd-tech-rack-variogrid\/?lang=es\",\"name\":\"Portaherramientas ESD | tech-rack variogrid ESD | FRIES\",\"isPartOf\":{\"@id\":\"https:\/\/fries.iphos.at\/#website\"},\"primaryImageOfPage\":{\"@id\":\"https:\/\/fries.iphos.at\/productos\/cestas-industriales\/portaherramientas-esd-tech-rack-variogrid\/?lang=es#primaryimage\"},\"image\":{\"@id\":\"https:\/\/fries.iphos.at\/productos\/cestas-industriales\/portaherramientas-esd-tech-rack-variogrid\/?lang=es#primaryimage\"},\"thumbnailUrl\":\"https:\/\/fries.iphos.at\/wp-content\/uploads\/Elektrostatische-Entladung-1024x866.png\",\"datePublished\":\"2019-02-06T11:20:55+00:00\",\"dateModified\":\"2024-10-18T09:08:49+00:00\",\"description\":\"Portaherramientas ESD puede adaptarse individualmente a los componentes \u25b6Para limpieza, transporte y almacenamiento de piezas electr\u00f3nicas\",\"breadcrumb\":{\"@id\":\"https:\/\/fries.iphos.at\/productos\/cestas-industriales\/portaherramientas-esd-tech-rack-variogrid\/?lang=es#breadcrumb\"},\"inLanguage\":\"es\",\"potentialAction\":[{\"@type\":\"ReadAction\",\"target\":[\"https:\/\/fries.iphos.at\/productos\/cestas-industriales\/portaherramientas-esd-tech-rack-variogrid\/?lang=es\"]}]},{\"@type\":\"ImageObject\",\"inLanguage\":\"es\",\"@id\":\"https:\/\/fries.iphos.at\/productos\/cestas-industriales\/portaherramientas-esd-tech-rack-variogrid\/?lang=es#primaryimage\",\"url\":\"https:\/\/fries.iphos.at\/wp-content\/uploads\/Elektrostatische-Entladung-1024x866.png\",\"contentUrl\":\"https:\/\/fries.iphos.at\/wp-content\/uploads\/Elektrostatische-Entladung-1024x866.png\"},{\"@type\":\"BreadcrumbList\",\"@id\":\"https:\/\/fries.iphos.at\/productos\/cestas-industriales\/portaherramientas-esd-tech-rack-variogrid\/?lang=es#breadcrumb\",\"itemListElement\":[{\"@type\":\"ListItem\",\"position\":1,\"name\":\"Home\",\"item\":\"https:\/\/fries.iphos.at\/?lang=es\"},{\"@type\":\"ListItem\",\"position\":2,\"name\":\"Productos\",\"item\":\"https:\/\/fries.iphos.at\/productos\/?lang=es\"},{\"@type\":\"ListItem\",\"position\":3,\"name\":\"Portapiezas y cestas de limpieza\",\"item\":\"https:\/\/fries.iphos.at\/productos\/cestas-industriales\/?lang=es\"},{\"@type\":\"ListItem\",\"position\":4,\"name\":\"Portaherramientas ESD tech-rack variogrid\"}]},{\"@type\":\"WebSite\",\"@id\":\"https:\/\/fries.iphos.at\/#website\",\"url\":\"https:\/\/fries.iphos.at\/\",\"name\":\"FRIES\",\"description\":\"\",\"publisher\":{\"@id\":\"https:\/\/fries.iphos.at\/#organization\"},\"potentialAction\":[{\"@type\":\"SearchAction\",\"target\":{\"@type\":\"EntryPoint\",\"urlTemplate\":\"https:\/\/fries.iphos.at\/?s={search_term_string}\"},\"query-input\":{\"@type\":\"PropertyValueSpecification\",\"valueRequired\":true,\"valueName\":\"search_term_string\"}}],\"inLanguage\":\"es\"},{\"@type\":\"Organization\",\"@id\":\"https:\/\/fries.iphos.at\/#organization\",\"name\":\"FRIES Kunststofftechnik GmbH\",\"url\":\"https:\/\/fries.iphos.at\/\",\"logo\":{\"@type\":\"ImageObject\",\"inLanguage\":\"es\",\"@id\":\"https:\/\/fries.iphos.at\/#\/schema\/logo\/image\/\",\"url\":\"https:\/\/fries.iphos.at\/wp-content\/uploads\/fries-logo.png\",\"contentUrl\":\"https:\/\/fries.iphos.at\/wp-content\/uploads\/fries-logo.png\",\"width\":120,\"height\":60,\"caption\":\"FRIES Kunststofftechnik GmbH\"},\"image\":{\"@id\":\"https:\/\/fries.iphos.at\/#\/schema\/logo\/image\/\"},\"sameAs\":[\"https:\/\/www.facebook.com\/FRIESKunststofftechnik\/\",\"https:\/\/www.youtube.com\/channel\/UCc2UgnWJ9Y_-pIXbDIek7wQ\"]}]}<\/script>\n<!-- \/ Yoast SEO plugin. -->","yoast_head_json":{"title":"Portaherramientas ESD | tech-rack variogrid ESD | FRIES","description":"Portaherramientas ESD puede adaptarse individualmente a los componentes \u25b6Para limpieza, transporte y almacenamiento de piezas electr\u00f3nicas","robots":{"index":"noindex","follow":"follow","max-snippet":"max-snippet:-1","max-image-preview":"max-image-preview:large","max-video-preview":"max-video-preview:-1"},"twitter_misc":{"Tiempo de lectura":"4 minutos"},"schema":{"@context":"https:\/\/schema.org","@graph":[{"@type":"WebPage","@id":"https:\/\/fries.iphos.at\/productos\/cestas-industriales\/portaherramientas-esd-tech-rack-variogrid\/?lang=es","url":"https:\/\/fries.iphos.at\/productos\/cestas-industriales\/portaherramientas-esd-tech-rack-variogrid\/?lang=es","name":"Portaherramientas ESD | tech-rack variogrid ESD | FRIES","isPartOf":{"@id":"https:\/\/fries.iphos.at\/#website"},"primaryImageOfPage":{"@id":"https:\/\/fries.iphos.at\/productos\/cestas-industriales\/portaherramientas-esd-tech-rack-variogrid\/?lang=es#primaryimage"},"image":{"@id":"https:\/\/fries.iphos.at\/productos\/cestas-industriales\/portaherramientas-esd-tech-rack-variogrid\/?lang=es#primaryimage"},"thumbnailUrl":"https:\/\/fries.iphos.at\/wp-content\/uploads\/Elektrostatische-Entladung-1024x866.png","datePublished":"2019-02-06T11:20:55+00:00","dateModified":"2024-10-18T09:08:49+00:00","description":"Portaherramientas ESD puede adaptarse individualmente a los componentes \u25b6Para limpieza, transporte y almacenamiento de piezas electr\u00f3nicas","breadcrumb":{"@id":"https:\/\/fries.iphos.at\/productos\/cestas-industriales\/portaherramientas-esd-tech-rack-variogrid\/?lang=es#breadcrumb"},"inLanguage":"es","potentialAction":[{"@type":"ReadAction","target":["https:\/\/fries.iphos.at\/productos\/cestas-industriales\/portaherramientas-esd-tech-rack-variogrid\/?lang=es"]}]},{"@type":"ImageObject","inLanguage":"es","@id":"https:\/\/fries.iphos.at\/productos\/cestas-industriales\/portaherramientas-esd-tech-rack-variogrid\/?lang=es#primaryimage","url":"https:\/\/fries.iphos.at\/wp-content\/uploads\/Elektrostatische-Entladung-1024x866.png","contentUrl":"https:\/\/fries.iphos.at\/wp-content\/uploads\/Elektrostatische-Entladung-1024x866.png"},{"@type":"BreadcrumbList","@id":"https:\/\/fries.iphos.at\/productos\/cestas-industriales\/portaherramientas-esd-tech-rack-variogrid\/?lang=es#breadcrumb","itemListElement":[{"@type":"ListItem","position":1,"name":"Home","item":"https:\/\/fries.iphos.at\/?lang=es"},{"@type":"ListItem","position":2,"name":"Productos","item":"https:\/\/fries.iphos.at\/productos\/?lang=es"},{"@type":"ListItem","position":3,"name":"Portapiezas y cestas de limpieza","item":"https:\/\/fries.iphos.at\/productos\/cestas-industriales\/?lang=es"},{"@type":"ListItem","position":4,"name":"Portaherramientas ESD tech-rack variogrid"}]},{"@type":"WebSite","@id":"https:\/\/fries.iphos.at\/#website","url":"https:\/\/fries.iphos.at\/","name":"FRIES","description":"","publisher":{"@id":"https:\/\/fries.iphos.at\/#organization"},"potentialAction":[{"@type":"SearchAction","target":{"@type":"EntryPoint","urlTemplate":"https:\/\/fries.iphos.at\/?s={search_term_string}"},"query-input":{"@type":"PropertyValueSpecification","valueRequired":true,"valueName":"search_term_string"}}],"inLanguage":"es"},{"@type":"Organization","@id":"https:\/\/fries.iphos.at\/#organization","name":"FRIES Kunststofftechnik GmbH","url":"https:\/\/fries.iphos.at\/","logo":{"@type":"ImageObject","inLanguage":"es","@id":"https:\/\/fries.iphos.at\/#\/schema\/logo\/image\/","url":"https:\/\/fries.iphos.at\/wp-content\/uploads\/fries-logo.png","contentUrl":"https:\/\/fries.iphos.at\/wp-content\/uploads\/fries-logo.png","width":120,"height":60,"caption":"FRIES Kunststofftechnik GmbH"},"image":{"@id":"https:\/\/fries.iphos.at\/#\/schema\/logo\/image\/"},"sameAs":["https:\/\/www.facebook.com\/FRIESKunststofftechnik\/","https:\/\/www.youtube.com\/channel\/UCc2UgnWJ9Y_-pIXbDIek7wQ"]}]}},"_links":{"self":[{"href":"https:\/\/fries.iphos.at\/es\/wp-json\/wp\/v2\/pages\/24463","targetHints":{"allow":["GET"]}}],"collection":[{"href":"https:\/\/fries.iphos.at\/es\/wp-json\/wp\/v2\/pages"}],"about":[{"href":"https:\/\/fries.iphos.at\/es\/wp-json\/wp\/v2\/types\/page"}],"author":[{"embeddable":true,"href":"https:\/\/fries.iphos.at\/es\/wp-json\/wp\/v2\/users\/4"}],"replies":[{"embeddable":true,"href":"https:\/\/fries.iphos.at\/es\/wp-json\/wp\/v2\/comments?post=24463"}],"version-history":[{"count":19,"href":"https:\/\/fries.iphos.at\/es\/wp-json\/wp\/v2\/pages\/24463\/revisions"}],"predecessor-version":[{"id":53619,"href":"https:\/\/fries.iphos.at\/es\/wp-json\/wp\/v2\/pages\/24463\/revisions\/53619"}],"up":[{"embeddable":true,"href":"https:\/\/fries.iphos.at\/es\/wp-json\/wp\/v2\/pages\/61348"}],"wp:attachment":[{"href":"https:\/\/fries.iphos.at\/es\/wp-json\/wp\/v2\/media?parent=24463"}],"curies":[{"name":"wp","href":"https:\/\/api.w.org\/{rel}","templated":true}]}}