{"id":21175,"date":"2016-03-10T19:41:58","date_gmt":"2016-03-10T17:41:58","guid":{"rendered":"https:\/\/fries.iphos.at\/productos\/restauracion\/cesta-para-tazas\/cesta-para-tazas-de-500-x-500\/?lang=es"},"modified":"2024-05-28T07:59:10","modified_gmt":"2024-05-28T05:59:10","slug":"cesta-para-tazas-de-500-x-500","status":"publish","type":"page","link":"https:\/\/fries.iphos.at\/es\/productos\/restauracion\/cesta-para-tazas\/cesta-para-tazas-de-500-x-500\/","title":{"rendered":"Cesta para tazas de 500 x 500"},"content":{"rendered":"<p><div class=\"fusion-fullwidth fullwidth-box fusion-builder-row-1 nonhundred-percent-fullwidth non-hundred-percent-height-scrolling\" style=\"--awb-border-radius-top-left:0px;--awb-border-radius-top-right:0px;--awb-border-radius-bottom-right:0px;--awb-border-radius-bottom-left:0px;--awb-flex-wrap:wrap;\" ><div class=\"fusion-builder-row fusion-row\"><div class=\"fusion-layout-column fusion_builder_column fusion-builder-column-0 fusion_builder_column_1_3 1_3 fusion-one-third fusion-column-first\" style=\"--awb-bg-size:cover;width:33.333333333333%;width:calc(33.333333333333% - ( ( 4% ) * 0.33333333333333 ) );margin-right: 4%;\"><div class=\"fusion-column-wrapper fusion-column-has-shadow fusion-flex-column-wrapper-legacy\"><div class=\"fusion-image-element in-legacy-container\" style=\"--awb-caption-title-font-family:var(--h2_typography-font-family);--awb-caption-title-font-weight:var(--h2_typography-font-weight);--awb-caption-title-font-style:var(--h2_typography-font-style);--awb-caption-title-size:var(--h2_typography-font-size);--awb-caption-title-transform:var(--h2_typography-text-transform);--awb-caption-title-line-height:var(--h2_typography-line-height);--awb-caption-title-letter-spacing:var(--h2_typography-letter-spacing);\"><span class=\" fusion-imageframe imageframe-none imageframe-1 hover-type-none\"><img decoding=\"async\" width=\"242\" height=\"150\" alt=\"fries rack system logo\" title=\"Fries-rack-logo-website3\" src=\"https:\/\/fries.iphos.at\/wp-content\/uploads\/Fries-rack-logo-website3-1.png\" class=\"img-responsive wp-image-29786\" srcset=\"https:\/\/fries.iphos.at\/wp-content\/uploads\/Fries-rack-logo-website3-1-200x124.png 200w, https:\/\/fries.iphos.at\/wp-content\/uploads\/Fries-rack-logo-website3-1.png 242w\" sizes=\"(max-width: 0px) 100vw, 242px\" \/><\/span><\/div><div class=\"fusion-clearfix\"><\/div><\/div><\/div><div class=\"fusion-layout-column fusion_builder_column fusion-builder-column-1 fusion_builder_column_2_3 2_3 fusion-two-third fusion-column-last\" style=\"--awb-bg-size:cover;width:66.666666666667%;width:calc(66.666666666667% - ( ( 4% ) * 0.66666666666667 ) );\"><div class=\"fusion-column-wrapper fusion-column-has-shadow fusion-flex-column-wrapper-legacy\"><div class=\"fusion-text fusion-text-1 color-gastro blau\"><h1>Cestas para tazas 500&#215;500 mm<\/h1>\n<\/div><div class=\"fusion-clearfix\"><\/div><\/div><\/div><\/div><\/div><div class=\"fusion-fullwidth fullwidth-box fusion-builder-row-2 nonhundred-percent-fullwidth non-hundred-percent-height-scrolling\" style=\"--awb-background-position:left top;--awb-border-radius-top-left:0px;--awb-border-radius-top-right:0px;--awb-border-radius-bottom-right:0px;--awb-border-radius-bottom-left:0px;--awb-padding-top:20px;--awb-padding-right:0px;--awb-padding-bottom:20px;--awb-padding-left:0px;--awb-border-sizes-top:0px;--awb-border-sizes-bottom:0px;--awb-flex-wrap:wrap;\" ><div class=\"fusion-builder-row fusion-row\"><div class=\"fusion-layout-column fusion_builder_column fusion-builder-column-2 fusion_builder_column_1_3 1_3 fusion-one-third fusion-column-first\" style=\"--awb-bg-size:cover;width:30.6666%; margin-right: 4%;\"><div class=\"fusion-column-wrapper fusion-flex-column-wrapper-legacy\"><div class=\"fusion-image-element in-legacy-container\" style=\"--awb-max-width:242px;--awb-caption-title-font-family:var(--h2_typography-font-family);--awb-caption-title-font-weight:var(--h2_typography-font-weight);--awb-caption-title-font-style:var(--h2_typography-font-style);--awb-caption-title-size:var(--h2_typography-font-size);--awb-caption-title-transform:var(--h2_typography-text-transform);--awb-caption-title-line-height:var(--h2_typography-line-height);--awb-caption-title-letter-spacing:var(--h2_typography-letter-spacing);\"><span class=\" fusion-imageframe imageframe-none imageframe-2 hover-type-none\"><a href=\"https:\/\/fries.iphos.at\/wp-content\/uploads\/Cesta-para-tazas-400x400.jpg\" class=\"fusion-lightbox\" data-rel=\"iLightbox[c1e77ac8b6529766b64]\" data-title=\"Cesta-para-tazas\" title=\"Cesta-para-tazas\"><img decoding=\"async\" width=\"400\" height=\"400\" alt=\"Cesta-para-tazas\" src=\"https:\/\/fries.iphos.at\/wp-content\/uploads\/Cesta-para-tazas-400x400.jpg\" class=\"img-responsive wp-image-31373\" srcset=\"https:\/\/fries.iphos.at\/wp-content\/uploads\/Cesta-para-tazas-200x200.jpg 200w, https:\/\/fries.iphos.at\/wp-content\/uploads\/Cesta-para-tazas-400x400.jpg 400w, https:\/\/fries.iphos.at\/wp-content\/uploads\/Cesta-para-tazas-600x600.jpg 600w, https:\/\/fries.iphos.at\/wp-content\/uploads\/Cesta-para-tazas-800x800.jpg 800w, https:\/\/fries.iphos.at\/wp-content\/uploads\/Cesta-para-tazas.jpg 1008w\" sizes=\"(max-width: 0px) 100vw, 400px\" \/><\/a><\/span><\/div><div class=\"fusion-text fusion-text-2 color-gastro blau\"><h4 style=\"text-align: left;\"><a href=\"https:\/\/fries.iphos.at\/wp-content\/uploads\/FRIES-Sistema-de-cestas-500x500_ES.pdf\" target=\"_blank\" rel=\"noopener noreferrer\">Descargar folleto<\/a><\/h4>\n<\/div><div class=\"fusion-alignleft\"><a class=\"fusion-button button-flat fusion-button-default-size button-custom fusion-button-default button-1 fusion-button-default-span fusion-button-default-type color-verpackung\" style=\"--button_accent_color:#ffffff;--button_border_color:#143a84;--button_accent_hover_color:#ffffff;--button_border_hover_color:#143a84;--button_gradient_top_color:#143a84;--button_gradient_bottom_color:#143a84;--button_gradient_top_color_hover:#143a84;--button_gradient_bottom_color_hover:#143a84;--button_text_transform:none;--button_margin-top:10px;--button_margin-bottom:20px;\" target=\"_self\" href=\"https:\/\/fries.iphos.at\/contacto\/?lang=es&amp;your-subject=Cesta para tazas de 500 x 500 E 4x5\"><span class=\"fusion-button-text awb-button__text awb-button__text--default\">Solicitar ahora<\/span><\/a><\/div><div class=\"fusion-clearfix\"><\/div><\/div><\/div><div class=\"fusion-layout-column fusion_builder_column fusion-builder-column-3 fusion_builder_column_2_3 2_3 fusion-two-third fusion-column-last\" style=\"--awb-bg-size:cover;width:65.3333%;\"><div class=\"fusion-column-wrapper fusion-flex-column-wrapper-legacy\"><div class=\"fusion-text fusion-text-3 color-gastro blau\"><h2>Cesta para tazas (Modelo E 4&#215;5\/65)<\/h2>\n<p>Para 20 tazas en posici\u00f3n inclinada.<\/p>\n<p>Tama\u00f1o de los compartimentos: 88 x 113 mm<\/p>\n<\/div><div class=\"fusion-clearfix\"><\/div><\/div><\/div><div class=\"fusion-layout-column fusion_builder_column fusion-builder-column-4 fusion_builder_column_1_3 1_3 fusion-one-third fusion-column-first\" style=\"--awb-bg-size:cover;width:30.6666%; margin-right: 4%;\"><div class=\"fusion-column-wrapper fusion-flex-column-wrapper-legacy\"><div class=\"fusion-image-element in-legacy-container\" style=\"--awb-max-width:242px;--awb-caption-title-font-family:var(--h2_typography-font-family);--awb-caption-title-font-weight:var(--h2_typography-font-weight);--awb-caption-title-font-style:var(--h2_typography-font-style);--awb-caption-title-size:var(--h2_typography-font-size);--awb-caption-title-transform:var(--h2_typography-text-transform);--awb-caption-title-line-height:var(--h2_typography-line-height);--awb-caption-title-letter-spacing:var(--h2_typography-letter-spacing);\"><span class=\" fusion-imageframe imageframe-none imageframe-3 hover-type-none\"><a href=\"https:\/\/fries.iphos.at\/wp-content\/uploads\/Tassenkorb_Niederhaltegitter_500x500_1008pxl-4-300x300.png\" class=\"fusion-lightbox\" data-rel=\"iLightbox[33dcc116851a12ae9ff]\" data-title=\"Tassenkorb_Niederhaltegitter_500x500_1008pxl\" title=\"Tassenkorb_Niederhaltegitter_500x500_1008pxl\"><img decoding=\"async\" width=\"300\" height=\"300\" src=\"https:\/\/fries.iphos.at\/wp-content\/uploads\/Tassenkorb_Niederhaltegitter_500x500_1008pxl-4-300x300.png\" alt class=\"img-responsive wp-image-49337\" srcset=\"https:\/\/fries.iphos.at\/wp-content\/uploads\/Tassenkorb_Niederhaltegitter_500x500_1008pxl-4-200x200.png 200w, https:\/\/fries.iphos.at\/wp-content\/uploads\/Tassenkorb_Niederhaltegitter_500x500_1008pxl-4-400x400.png 400w, https:\/\/fries.iphos.at\/wp-content\/uploads\/Tassenkorb_Niederhaltegitter_500x500_1008pxl-4-600x600.png 600w, https:\/\/fries.iphos.at\/wp-content\/uploads\/Tassenkorb_Niederhaltegitter_500x500_1008pxl-4-800x800.png 800w, https:\/\/fries.iphos.at\/wp-content\/uploads\/Tassenkorb_Niederhaltegitter_500x500_1008pxl-4.png 1008w\" sizes=\"(max-width: 0px) 100vw, 400px\" \/><\/a><\/span><\/div><div class=\"fusion-alignleft\"><a class=\"fusion-button button-flat fusion-button-default-size button-custom fusion-button-default button-2 fusion-button-default-span fusion-button-default-type color-verpackung\" style=\"--button_accent_color:#ffffff;--button_border_color:#143a84;--button_accent_hover_color:#ffffff;--button_border_hover_color:#143a84;--button_gradient_top_color:#143a84;--button_gradient_bottom_color:#143a84;--button_gradient_top_color_hover:#143a84;--button_gradient_bottom_color_hover:#143a84;--button_text_transform:none;--button_margin-top:10px;--button_margin-bottom:20px;\" target=\"_self\" href=\"https:\/\/fries.iphos.at\/contacto\/?lang=es&amp;your-subject=Cesta para tazas de 500 x 500 Rejilla de soporte 500\"><span class=\"fusion-button-text awb-button__text awb-button__text--default\">Solicitar ahora<\/span><\/a><\/div><div class=\"fusion-clearfix\"><\/div><\/div><\/div><div class=\"fusion-layout-column fusion_builder_column fusion-builder-column-5 fusion_builder_column_2_3 2_3 fusion-two-third fusion-column-last\" style=\"--awb-bg-size:cover;width:65.3333%;\"><div class=\"fusion-column-wrapper fusion-flex-column-wrapper-legacy\"><div class=\"fusion-text fusion-text-4 color-gastro blau\"><h2>Rejilla de soporte 500 (Modelo NHG 500\/NHG 460)<\/h2>\n<p>se coloca sobre la cesta, rejilla de soporte 460 para colocar sobre la vajilla.<\/p>\n<\/div><div class=\"fusion-clearfix\"><\/div><\/div><\/div><div class=\"fusion-layout-column fusion_builder_column fusion-builder-column-6 fusion_builder_column_1_3 1_3 fusion-one-third fusion-column-first\" style=\"--awb-bg-size:cover;width:30.6666%; margin-right: 4%;\"><div class=\"fusion-column-wrapper fusion-flex-column-wrapper-legacy\"><div class=\"fusion-image-element in-legacy-container\" style=\"--awb-max-width:242px;--awb-caption-title-font-family:var(--h2_typography-font-family);--awb-caption-title-font-weight:var(--h2_typography-font-weight);--awb-caption-title-font-style:var(--h2_typography-font-style);--awb-caption-title-size:var(--h2_typography-font-size);--awb-caption-title-transform:var(--h2_typography-text-transform);--awb-caption-title-line-height:var(--h2_typography-line-height);--awb-caption-title-letter-spacing:var(--h2_typography-letter-spacing);\"><span class=\" fusion-imageframe imageframe-none imageframe-4 hover-type-none\"><a href=\"https:\/\/fries.iphos.at\/wp-content\/uploads\/Inserto-para-tazas-TE-400x400.jpg\" class=\"fusion-lightbox\" data-rel=\"iLightbox[92706b82649693849d0]\" data-title=\"Inserto-para-tazas-TE\" title=\"Inserto-para-tazas-TE\"><img decoding=\"async\" width=\"400\" height=\"400\" alt=\"Inserto-para-tazas-TE\" src=\"https:\/\/fries.iphos.at\/wp-content\/uploads\/Inserto-para-tazas-TE-400x400.jpg\" class=\"img-responsive wp-image-31376\" srcset=\"https:\/\/fries.iphos.at\/wp-content\/uploads\/Inserto-para-tazas-TE-200x200.jpg 200w, https:\/\/fries.iphos.at\/wp-content\/uploads\/Inserto-para-tazas-TE-400x400.jpg 400w, https:\/\/fries.iphos.at\/wp-content\/uploads\/Inserto-para-tazas-TE-600x600.jpg 600w, https:\/\/fries.iphos.at\/wp-content\/uploads\/Inserto-para-tazas-TE-800x800.jpg 800w, https:\/\/fries.iphos.at\/wp-content\/uploads\/Inserto-para-tazas-TE.jpg 1008w\" sizes=\"(max-width: 0px) 100vw, 400px\" \/><\/a><\/span><\/div><div class=\"fusion-alignleft\"><a class=\"fusion-button button-flat fusion-button-default-size button-custom fusion-button-default button-3 fusion-button-default-span fusion-button-default-type color-verpackung\" style=\"--button_accent_color:#ffffff;--button_border_color:#143a84;--button_accent_hover_color:#ffffff;--button_border_hover_color:#143a84;--button_gradient_top_color:#143a84;--button_gradient_bottom_color:#143a84;--button_gradient_top_color_hover:#143a84;--button_gradient_bottom_color_hover:#143a84;--button_text_transform:none;--button_margin-top:10px;--button_margin-bottom:20px;\" target=\"_self\" href=\"https:\/\/fries.iphos.at\/contacto\/?lang=es&amp;your-subject=Cesta para tazas de 500 x 500 Soporte\"><span class=\"fusion-button-text awb-button__text awb-button__text--default\">Solicitar ahora<\/span><\/a><\/div><div class=\"fusion-clearfix\"><\/div><\/div><\/div><div class=\"fusion-layout-column fusion_builder_column fusion-builder-column-7 fusion_builder_column_2_3 2_3 fusion-two-third fusion-column-last\" style=\"--awb-bg-size:cover;width:65.3333%;\"><div class=\"fusion-column-wrapper fusion-flex-column-wrapper-legacy\"><div class=\"fusion-text fusion-text-5\"><h2>Soporte de tazas<\/h2>\n<p>De hilo met\u00e1lico con revestimiento de Rilsan para varias piezas de vajilla<\/p>\n<p>3 filas &#8211; <strong>TE 3<\/strong> &#8211; 16 cm de superficie<\/p>\n<p>4 filas &#8211; <strong>TE 4<\/strong> &#8211; 10 cm de superficie<\/p>\n<p>5 filas &#8211; <strong>TE 5<\/strong> &#8211; 8 cm de superficie<\/p>\n<\/div><div class=\"fusion-clearfix\"><\/div><\/div><\/div><div class=\"fusion-layout-column fusion_builder_column fusion-builder-column-8 fusion_builder_column_1_3 1_3 fusion-one-third fusion-column-first\" style=\"--awb-bg-size:cover;width:30.6666%; margin-right: 4%;\"><div class=\"fusion-column-wrapper fusion-flex-column-wrapper-legacy\"><div class=\"fusion-clearfix\"><\/div><\/div><\/div><div class=\"fusion-layout-column fusion_builder_column fusion-builder-column-9 fusion_builder_column_2_3 2_3 fusion-two-third fusion-column-last\" style=\"--awb-bg-size:cover;width:65.3333%;\"><div class=\"fusion-column-wrapper fusion-flex-column-wrapper-legacy\"><div class=\"fusion-text fusion-text-6 color-gastro blau\"><h4 style=\"text-align: left;\"><a href=\"https:\/\/fries.iphos.at\/wp-content\/uploads\/fries-rack-system-500x500-es-1.pdf\" target=\"_blank\" rel=\"noopener\">Descargar folleto del FRIES Rack-Sistema de Cestas 500<\/a><\/h4>\n<\/div><div class=\"fusion-clearfix\"><\/div><\/div><\/div><\/div><\/div><\/p>\n","protected":false},"excerpt":{"rendered":"","protected":false},"author":4,"featured_media":0,"parent":20009,"menu_order":0,"comment_status":"closed","ping_status":"closed","template":"","meta":{"_acf_changed":false,"footnotes":""},"class_list":["post-21175","page","type-page","status-publish","hentry"],"acf":[],"yoast_head":"<!-- This site is optimized with the Yoast SEO plugin v26.8 - https:\/\/yoast.com\/product\/yoast-seo-wordpress\/ -->\n<title>Cestas para tazas de 500x500 | Cestas de lavado de pl\u00e1stico<\/title>\n<meta name=\"description\" content=\"Cestas para tazas de pl\u00e1stico del tama\u00f1o 500x500, disponibles con distintos apliques \u2714Rejilla de soporte \u2714Aplique para tazas \u2714Posici\u00f3n inclinada\" \/>\n<meta name=\"robots\" content=\"noindex, follow, max-snippet:-1, max-image-preview:large, max-video-preview:-1\" \/>\n<meta name=\"twitter:label1\" content=\"Tiempo de lectura\" \/>\n\t<meta name=\"twitter:data1\" content=\"2 minutos\" \/>\n<script type=\"application\/ld+json\" class=\"yoast-schema-graph\">{\"@context\":\"https:\/\/schema.org\",\"@graph\":[{\"@type\":\"WebPage\",\"@id\":\"https:\/\/fries.iphos.at\/productos\/restauracion\/cesta-para-tazas\/cesta-para-tazas-de-500-x-500\/?lang=es\",\"url\":\"https:\/\/fries.iphos.at\/productos\/restauracion\/cesta-para-tazas\/cesta-para-tazas-de-500-x-500\/?lang=es\",\"name\":\"Cestas para tazas de 500x500 | Cestas de lavado de pl\u00e1stico\",\"isPartOf\":{\"@id\":\"https:\/\/fries.iphos.at\/#website\"},\"datePublished\":\"2016-03-10T17:41:58+00:00\",\"dateModified\":\"2024-05-28T05:59:10+00:00\",\"description\":\"Cestas para tazas de pl\u00e1stico del tama\u00f1o 500x500, disponibles con distintos apliques \u2714Rejilla de soporte \u2714Aplique para tazas \u2714Posici\u00f3n inclinada\",\"breadcrumb\":{\"@id\":\"https:\/\/fries.iphos.at\/productos\/restauracion\/cesta-para-tazas\/cesta-para-tazas-de-500-x-500\/?lang=es#breadcrumb\"},\"inLanguage\":\"es\",\"potentialAction\":[{\"@type\":\"ReadAction\",\"target\":[\"https:\/\/fries.iphos.at\/productos\/restauracion\/cesta-para-tazas\/cesta-para-tazas-de-500-x-500\/?lang=es\"]}]},{\"@type\":\"BreadcrumbList\",\"@id\":\"https:\/\/fries.iphos.at\/productos\/restauracion\/cesta-para-tazas\/cesta-para-tazas-de-500-x-500\/?lang=es#breadcrumb\",\"itemListElement\":[{\"@type\":\"ListItem\",\"position\":1,\"name\":\"Home\",\"item\":\"https:\/\/fries.iphos.at\/?lang=es\"},{\"@type\":\"ListItem\",\"position\":2,\"name\":\"Productos\",\"item\":\"https:\/\/fries.iphos.at\/productos\/?lang=es\"},{\"@type\":\"ListItem\",\"position\":3,\"name\":\"Sistemas de restauraci\u00f3n\",\"item\":\"https:\/\/fries.iphos.at\/productos\/restauracion\/?lang=es\"},{\"@type\":\"ListItem\",\"position\":4,\"name\":\"Cestas para tazas\",\"item\":\"https:\/\/fries.iphos.at\/productos\/restauracion\/cesta-para-tazas\/?lang=es\"},{\"@type\":\"ListItem\",\"position\":5,\"name\":\"Cesta para tazas de 500 x 500\"}]},{\"@type\":\"WebSite\",\"@id\":\"https:\/\/fries.iphos.at\/#website\",\"url\":\"https:\/\/fries.iphos.at\/\",\"name\":\"FRIES\",\"description\":\"\",\"publisher\":{\"@id\":\"https:\/\/fries.iphos.at\/#organization\"},\"potentialAction\":[{\"@type\":\"SearchAction\",\"target\":{\"@type\":\"EntryPoint\",\"urlTemplate\":\"https:\/\/fries.iphos.at\/?s={search_term_string}\"},\"query-input\":{\"@type\":\"PropertyValueSpecification\",\"valueRequired\":true,\"valueName\":\"search_term_string\"}}],\"inLanguage\":\"es\"},{\"@type\":\"Organization\",\"@id\":\"https:\/\/fries.iphos.at\/#organization\",\"name\":\"FRIES Kunststofftechnik GmbH\",\"url\":\"https:\/\/fries.iphos.at\/\",\"logo\":{\"@type\":\"ImageObject\",\"inLanguage\":\"es\",\"@id\":\"https:\/\/fries.iphos.at\/#\/schema\/logo\/image\/\",\"url\":\"https:\/\/fries.iphos.at\/wp-content\/uploads\/fries-logo.png\",\"contentUrl\":\"https:\/\/fries.iphos.at\/wp-content\/uploads\/fries-logo.png\",\"width\":120,\"height\":60,\"caption\":\"FRIES Kunststofftechnik GmbH\"},\"image\":{\"@id\":\"https:\/\/fries.iphos.at\/#\/schema\/logo\/image\/\"},\"sameAs\":[\"https:\/\/www.facebook.com\/FRIESKunststofftechnik\/\",\"https:\/\/www.youtube.com\/channel\/UCc2UgnWJ9Y_-pIXbDIek7wQ\"]}]}<\/script>\n<!-- \/ Yoast SEO plugin. -->","yoast_head_json":{"title":"Cestas para tazas de 500x500 | Cestas de lavado de pl\u00e1stico","description":"Cestas para tazas de pl\u00e1stico del tama\u00f1o 500x500, disponibles con distintos apliques \u2714Rejilla de soporte \u2714Aplique para tazas \u2714Posici\u00f3n inclinada","robots":{"index":"noindex","follow":"follow","max-snippet":"max-snippet:-1","max-image-preview":"max-image-preview:large","max-video-preview":"max-video-preview:-1"},"twitter_misc":{"Tiempo de lectura":"2 minutos"},"schema":{"@context":"https:\/\/schema.org","@graph":[{"@type":"WebPage","@id":"https:\/\/fries.iphos.at\/productos\/restauracion\/cesta-para-tazas\/cesta-para-tazas-de-500-x-500\/?lang=es","url":"https:\/\/fries.iphos.at\/productos\/restauracion\/cesta-para-tazas\/cesta-para-tazas-de-500-x-500\/?lang=es","name":"Cestas para tazas de 500x500 | Cestas de lavado de pl\u00e1stico","isPartOf":{"@id":"https:\/\/fries.iphos.at\/#website"},"datePublished":"2016-03-10T17:41:58+00:00","dateModified":"2024-05-28T05:59:10+00:00","description":"Cestas para tazas de pl\u00e1stico del tama\u00f1o 500x500, disponibles con distintos apliques \u2714Rejilla de soporte \u2714Aplique para tazas \u2714Posici\u00f3n inclinada","breadcrumb":{"@id":"https:\/\/fries.iphos.at\/productos\/restauracion\/cesta-para-tazas\/cesta-para-tazas-de-500-x-500\/?lang=es#breadcrumb"},"inLanguage":"es","potentialAction":[{"@type":"ReadAction","target":["https:\/\/fries.iphos.at\/productos\/restauracion\/cesta-para-tazas\/cesta-para-tazas-de-500-x-500\/?lang=es"]}]},{"@type":"BreadcrumbList","@id":"https:\/\/fries.iphos.at\/productos\/restauracion\/cesta-para-tazas\/cesta-para-tazas-de-500-x-500\/?lang=es#breadcrumb","itemListElement":[{"@type":"ListItem","position":1,"name":"Home","item":"https:\/\/fries.iphos.at\/?lang=es"},{"@type":"ListItem","position":2,"name":"Productos","item":"https:\/\/fries.iphos.at\/productos\/?lang=es"},{"@type":"ListItem","position":3,"name":"Sistemas de restauraci\u00f3n","item":"https:\/\/fries.iphos.at\/productos\/restauracion\/?lang=es"},{"@type":"ListItem","position":4,"name":"Cestas para tazas","item":"https:\/\/fries.iphos.at\/productos\/restauracion\/cesta-para-tazas\/?lang=es"},{"@type":"ListItem","position":5,"name":"Cesta para tazas de 500 x 500"}]},{"@type":"WebSite","@id":"https:\/\/fries.iphos.at\/#website","url":"https:\/\/fries.iphos.at\/","name":"FRIES","description":"","publisher":{"@id":"https:\/\/fries.iphos.at\/#organization"},"potentialAction":[{"@type":"SearchAction","target":{"@type":"EntryPoint","urlTemplate":"https:\/\/fries.iphos.at\/?s={search_term_string}"},"query-input":{"@type":"PropertyValueSpecification","valueRequired":true,"valueName":"search_term_string"}}],"inLanguage":"es"},{"@type":"Organization","@id":"https:\/\/fries.iphos.at\/#organization","name":"FRIES Kunststofftechnik GmbH","url":"https:\/\/fries.iphos.at\/","logo":{"@type":"ImageObject","inLanguage":"es","@id":"https:\/\/fries.iphos.at\/#\/schema\/logo\/image\/","url":"https:\/\/fries.iphos.at\/wp-content\/uploads\/fries-logo.png","contentUrl":"https:\/\/fries.iphos.at\/wp-content\/uploads\/fries-logo.png","width":120,"height":60,"caption":"FRIES Kunststofftechnik GmbH"},"image":{"@id":"https:\/\/fries.iphos.at\/#\/schema\/logo\/image\/"},"sameAs":["https:\/\/www.facebook.com\/FRIESKunststofftechnik\/","https:\/\/www.youtube.com\/channel\/UCc2UgnWJ9Y_-pIXbDIek7wQ"]}]}},"_links":{"self":[{"href":"https:\/\/fries.iphos.at\/es\/wp-json\/wp\/v2\/pages\/21175","targetHints":{"allow":["GET"]}}],"collection":[{"href":"https:\/\/fries.iphos.at\/es\/wp-json\/wp\/v2\/pages"}],"about":[{"href":"https:\/\/fries.iphos.at\/es\/wp-json\/wp\/v2\/types\/page"}],"author":[{"embeddable":true,"href":"https:\/\/fries.iphos.at\/es\/wp-json\/wp\/v2\/users\/4"}],"replies":[{"embeddable":true,"href":"https:\/\/fries.iphos.at\/es\/wp-json\/wp\/v2\/comments?post=21175"}],"version-history":[{"count":22,"href":"https:\/\/fries.iphos.at\/es\/wp-json\/wp\/v2\/pages\/21175\/revisions"}],"predecessor-version":[{"id":49445,"href":"https:\/\/fries.iphos.at\/es\/wp-json\/wp\/v2\/pages\/21175\/revisions\/49445"}],"up":[{"embeddable":true,"href":"https:\/\/fries.iphos.at\/es\/wp-json\/wp\/v2\/pages\/20009"}],"wp:attachment":[{"href":"https:\/\/fries.iphos.at\/es\/wp-json\/wp\/v2\/media?parent=21175"}],"curies":[{"name":"wp","href":"https:\/\/api.w.org\/{rel}","templated":true}]}}