{"id":21144,"date":"2016-03-04T18:17:36","date_gmt":"2016-03-04T16:17:36","guid":{"rendered":"https:\/\/fries.iphos.at\/productos\/envases\/cubos\/cubo-con-capacidad-de-desvio-de-carga-electrica\/?lang=es"},"modified":"2025-06-25T09:30:16","modified_gmt":"2025-06-25T07:30:16","slug":"cubo-con-capacidad-de-desvio-de-carga-electrica","status":"publish","type":"page","link":"https:\/\/fries.iphos.at\/es\/productos\/envases\/cubos\/cubo-con-capacidad-de-desvio-de-carga-electrica\/","title":{"rendered":"Cubo con capacidad de desv\u00edo de carga el\u00e9ctrica"},"content":{"rendered":"<p><div class=\"fusion-fullwidth fullwidth-box fusion-builder-row-1 nonhundred-percent-fullwidth non-hundred-percent-height-scrolling\" style=\"--awb-background-position:left top;--awb-border-radius-top-left:0px;--awb-border-radius-top-right:0px;--awb-border-radius-bottom-right:0px;--awb-border-radius-bottom-left:0px;--awb-padding-top:20px;--awb-padding-right:0px;--awb-padding-bottom:20px;--awb-padding-left:0px;--awb-border-sizes-top:0px;--awb-border-sizes-bottom:0px;--awb-flex-wrap:wrap;\" ><div class=\"fusion-builder-row fusion-row\"><div class=\"fusion-layout-column fusion_builder_column fusion-builder-column-0 fusion_builder_column_1_1 1_1 fusion-one-full fusion-column-first fusion-column-last fusion-column-no-min-height\" style=\"--awb-bg-size:cover;--awb-margin-bottom:0px;\"><div class=\"fusion-column-wrapper fusion-flex-column-wrapper-legacy\"><div class=\"fusion-text fusion-text-1 color-verpackung gr\u00fcn\"><h1>Cubos con capacidad de desv\u00edo de carga el\u00e9ctrica<\/h1>\n<\/div><div class=\"fusion-clearfix\"><\/div><\/div><\/div><\/div><\/div><div class=\"fusion-fullwidth fullwidth-box fusion-builder-row-2 nonhundred-percent-fullwidth non-hundred-percent-height-scrolling\" style=\"--awb-background-position:left top;--awb-border-radius-top-left:0px;--awb-border-radius-top-right:0px;--awb-border-radius-bottom-right:0px;--awb-border-radius-bottom-left:0px;--awb-padding-top:20px;--awb-padding-right:0px;--awb-padding-bottom:20px;--awb-padding-left:0px;--awb-border-sizes-top:0px;--awb-border-sizes-bottom:0px;--awb-flex-wrap:wrap;\" ><div class=\"fusion-builder-row fusion-row\"><div class=\"fusion-layout-column fusion_builder_column fusion-builder-column-1 fusion_builder_column_1_3 1_3 fusion-one-third fusion-column-first\" style=\"--awb-bg-size:cover;width:30.6666%; margin-right: 4%;\"><div class=\"fusion-column-wrapper fusion-flex-column-wrapper-legacy\"><div class=\"fusion-image-element in-legacy-container\" style=\"--awb-caption-title-font-family:var(--h2_typography-font-family);--awb-caption-title-font-weight:var(--h2_typography-font-weight);--awb-caption-title-font-style:var(--h2_typography-font-style);--awb-caption-title-size:var(--h2_typography-font-size);--awb-caption-title-transform:var(--h2_typography-text-transform);--awb-caption-title-line-height:var(--h2_typography-line-height);--awb-caption-title-letter-spacing:var(--h2_typography-letter-spacing);\"><span class=\" fusion-imageframe imageframe-none imageframe-1 hover-type-none\"><a href=\"https:\/\/fries.iphos.at\/wp-content\/uploads\/Rundeimer-6L-EX.jpg\" class=\"fusion-lightbox\" data-rel=\"iLightbox[4a30c0618a46eba3257]\" data-caption=\"Eimer eletrisch ableitf\u00e4hig und UN PP 6 l\" data-title=\"Eimer eletrisch ableitf\u00e4hig und UN PP 6 l\" title=\"Eimer eletrisch ableitf\u00e4hig und UN PP 6 l\"><img decoding=\"async\" width=\"242\" height=\"242\" alt=\"Eimer eletrisch ableitf\u00e4hig und UN PP 6 l\" src=\"https:\/\/fries.iphos.at\/wp-content\/uploads\/Rundeimer-6L-EX.jpg\" class=\"img-responsive wp-image-18306\" srcset=\"https:\/\/fries.iphos.at\/wp-content\/uploads\/Rundeimer-6L-EX-66x66.jpg 66w, https:\/\/fries.iphos.at\/wp-content\/uploads\/Rundeimer-6L-EX-150x150.jpg 150w, https:\/\/fries.iphos.at\/wp-content\/uploads\/Rundeimer-6L-EX.jpg 242w\" sizes=\"(max-width: 242px) 100vw, 242px\" \/><\/a><\/span><\/div><div class=\"fusion-text fusion-text-2 color-verpackung gr\u00fcn\"><h4>Descargar folleto:<\/h4>\n<h4><a href=\"https:\/\/fries.iphos.at\/wp-content\/uploads\/Round-bucket_6l_PP_EX_EN.pdf\" target=\"_blank\" rel=\"noopener noreferrer\">Cubo 6 l<\/a><\/h4>\n<h4><a href=\"https:\/\/fries.iphos.at\/wp-content\/uploads\/Round-bucket_10l_PP_EX_EN.pdf\" target=\"_blank\" rel=\"noopener noreferrer\">Cubo 10 l<\/a><\/h4>\n<h4><a href=\"https:\/\/fries.iphos.at\/wp-content\/uploads\/Rundeimer_18Liter_PP_EX_EN-4.pdf\" target=\"_blank\" rel=\"noopener\">Cubo 18 l<\/a><\/h4>\n<\/div><div class=\"fusion-alignleft\"><a class=\"fusion-button button-flat fusion-button-default-size button-custom fusion-button-default button-1 fusion-button-default-span fusion-button-default-type color-verpackung\" style=\"--button_accent_color:#ffffff;--button_border_color:#00a890;--button_accent_hover_color:#ffffff;--button_border_hover_color:#00a890;--button_gradient_top_color:#00a890;--button_gradient_bottom_color:#00a890;--button_gradient_top_color_hover:#00a890;--button_gradient_bottom_color_hover:#00a890;--button_text_transform:none;--button_margin-top:10px;--button_margin-bottom:20px;\" target=\"_self\" href=\"https:\/\/fries.iphos.at\/contacto\/?lang=es&amp;your-subject=Cubo con capacidad de desv\u00edo de carga el\u00e9ctrica 6l 10l\"><span class=\"fusion-button-text awb-button__text awb-button__text--default\">Solicitar ahora<\/span><\/a><\/div><div class=\"fusion-clearfix\"><\/div><\/div><\/div><div class=\"fusion-layout-column fusion_builder_column fusion-builder-column-2 fusion_builder_column_2_3 2_3 fusion-two-third fusion-column-last\" style=\"--awb-bg-size:cover;width:65.3333%;\"><div class=\"fusion-column-wrapper fusion-flex-column-wrapper-legacy\"><div class=\"fusion-text fusion-text-3 color-verpackung gr\u00fcn\"><h2>Cubo redondo con capacidad de desv\u00edo de carga el\u00e9ctrica<\/h2>\n<p><span style=\"color: #747474; font-family: 'Arial','sans-serif';\"><span style=\"font-size: small;\"><strong> capacidad de desv\u00edo de carga el\u00e9ctrica |\u00a0serigrafiable\u00a0| robusto | homologado por la ONU<\/strong><\/span><\/span><\/p>\n<ul>\n<li>Homologado por la ONU; certificado conforme a requisitos de homologaci\u00f3n actual<\/li>\n<li>Cubo robusto: fabricado con materiales de polipropileno especiales<\/li>\n<li>Tapa de cierre por presi\u00f3n para garantizar la seguridad durante el transporte<\/li>\n<li>Asa met\u00e1lica para levantar\/llevar con fiabilidad<\/li>\n<li>Personalizable mediante serigraf\u00eda<\/li>\n<li>La capacidad de desv\u00edo de carga el\u00e9ctrica se garantiza mediante una pieza de negro de carb\u00f3n en el material de la base<\/li>\n<li>Resistencia superficial y transversal &lt; 1E08 Ohm; tipo 1E06&#8230;1E07 Ohm<\/li>\n<li>Disponible en color &#8220;negro&#8221;<\/li>\n<li>Certificaci\u00f3n Halal a solicitud<\/li>\n<\/ul>\n<h4>Disponible en 6 l, 10 l y 18 l<\/h4>\n<\/div><div class=\"fusion-clearfix\"><\/div><\/div><\/div><\/div><\/div><div class=\"fusion-fullwidth fullwidth-box fusion-builder-row-3 hundred-percent-fullwidth non-hundred-percent-height-scrolling\" style=\"--awb-border-radius-top-left:0px;--awb-border-radius-top-right:0px;--awb-border-radius-bottom-right:0px;--awb-border-radius-bottom-left:0px;--awb-overflow:visible;--awb-flex-wrap:wrap;\" ><div class=\"fusion-builder-row fusion-row\"><div class=\"fusion-layout-column fusion_builder_column fusion-builder-column-3 fusion_builder_column_1_3 1_3 fusion-one-third fusion-column-first\" style=\"--awb-bg-size:cover;width:30.6666%; margin-right: 4%;\"><div class=\"fusion-column-wrapper fusion-flex-column-wrapper-legacy\"><div class=\"fusion-image-element in-legacy-container\" style=\"--awb-caption-title-font-family:var(--h2_typography-font-family);--awb-caption-title-font-weight:var(--h2_typography-font-weight);--awb-caption-title-font-style:var(--h2_typography-font-style);--awb-caption-title-size:var(--h2_typography-font-size);--awb-caption-title-transform:var(--h2_typography-text-transform);--awb-caption-title-line-height:var(--h2_typography-line-height);--awb-caption-title-letter-spacing:var(--h2_typography-letter-spacing);\"><span class=\" fusion-imageframe imageframe-none imageframe-2 hover-type-none\"><a href=\"https:\/\/fries.iphos.at\/wp-content\/uploads\/Hobbock-30L-EX_web.jpg\" class=\"fusion-lightbox\" data-rel=\"iLightbox[4b65846c5662eca6bbd]\" data-caption=\"Hobbock Kunststoff elektrisch ableitf\u00e4hig und UN 30 l PP\" data-title=\"Hobbock Kunststoff elektrisch ableitf\u00e4hig und UN 30 l PP\" title=\"Hobbock Kunststoff elektrisch ableitf\u00e4hig und UN 30 l PP\"><img decoding=\"async\" width=\"242\" height=\"242\" alt=\"Hobbock Kunststoff elektrisch ableitf\u00e4hig und UN 30 l PP\" src=\"https:\/\/fries.iphos.at\/wp-content\/uploads\/Hobbock-30L-EX_web.jpg\" class=\"img-responsive wp-image-18307\" srcset=\"https:\/\/fries.iphos.at\/wp-content\/uploads\/Hobbock-30L-EX_web-66x66.jpg 66w, https:\/\/fries.iphos.at\/wp-content\/uploads\/Hobbock-30L-EX_web-150x150.jpg 150w, https:\/\/fries.iphos.at\/wp-content\/uploads\/Hobbock-30L-EX_web.jpg 242w\" sizes=\"(max-width: 242px) 100vw, 242px\" \/><\/a><\/span><\/div><div class=\"fusion-text fusion-text-4 color-verpackung gr\u00fcn\"><h4><a href=\"https:\/\/fries.iphos.at\/wp-content\/uploads\/Hobbock-30l_EX_EN.pdf\" target=\"_blank\" rel=\"noopener noreferrer\">Descargar folleto<\/a><\/h4>\n<\/div><div class=\"fusion-alignleft\"><a class=\"fusion-button button-flat fusion-button-default-size button-custom fusion-button-default button-2 fusion-button-default-span fusion-button-default-type color-verpackung\" style=\"--button_accent_color:#ffffff;--button_border_color:#00a890;--button_accent_hover_color:#ffffff;--button_border_hover_color:#00a890;--button_gradient_top_color:#00a890;--button_gradient_bottom_color:#00a890;--button_gradient_top_color_hover:#00a890;--button_gradient_bottom_color_hover:#00a890;--button_text_transform:none;--button_margin-top:10px;--button_margin-bottom:20px;\" target=\"_self\" href=\"https:\/\/fries.iphos.at\/contacto\/?lang=es&amp;your-subject=Cubo con capacidad de desv\u00edo de carga el\u00e9ctrica 30l\"><span class=\"fusion-button-text awb-button__text awb-button__text--default\">Solicitar ahora<\/span><\/a><\/div><div class=\"fusion-clearfix\"><\/div><\/div><\/div><div class=\"fusion-layout-column fusion_builder_column fusion-builder-column-4 fusion_builder_column_2_3 2_3 fusion-two-third fusion-column-last\" style=\"--awb-bg-size:cover;width:65.3333%;\"><div class=\"fusion-column-wrapper fusion-flex-column-wrapper-legacy\"><div class=\"fusion-text fusion-text-5 color-verpackung gr\u00fcn\"><h2>Cubo Hobbock con capacidad de desv\u00edo de carga el\u00e9ctrica de 30 l<\/h2>\n<p><span style=\"color: #747474; font-family: 'Arial','sans-serif';\"><span style=\"font-size: small;\"><strong>capacidad de desv\u00edo de carga el\u00e9ctrica | serigrafiable | robusto | homologado por la ONU<\/strong><\/span><\/span><\/p>\n<ul>\n<li>Homologado por la ONU; certificado conforme a requisitos de homologaci\u00f3n actual<\/li>\n<li>Cubo robusto: fabricado con materiales de polipropileno especiales<\/li>\n<li>Tapa de cierre por presi\u00f3n para garantizar la seguridad durante el transporte<\/li>\n<li>Asas para levantarlo individualmente o en pareja<\/li>\n<li>Personalizable mediante serigraf\u00eda<\/li>\n<li>La capacidad de desv\u00edo de carga el\u00e9ctrica se garantiza mediante una pieza de negro de carb\u00f3n en el material de la base<\/li>\n<li>Resistencia superficial y transversal: &lt; 1E08 Ohm; tipo. 1E06&#8230;1E07 Ohm<\/li>\n<li>Disponible en color &#8220;negro&#8221;<\/li>\n<li>Certificaci\u00f3n Halal a solicitud<\/li>\n<\/ul>\n<h4>Disponible en 30 l<\/h4>\n<\/div><div class=\"fusion-clearfix\"><\/div><\/div><\/div><\/div><\/div><\/p>\n","protected":false},"excerpt":{"rendered":"","protected":false},"author":4,"featured_media":0,"parent":20502,"menu_order":0,"comment_status":"closed","ping_status":"closed","template":"","meta":{"_acf_changed":false,"footnotes":""},"class_list":["post-21144","page","type-page","status-publish","hentry"],"acf":[],"yoast_head":"<!-- This site is optimized with the Yoast SEO plugin v26.8 - https:\/\/yoast.com\/product\/yoast-seo-wordpress\/ -->\n<title>Cubos y hobbock con capacidad de desv\u00edo de carga el\u00e9ctrica<\/title>\n<meta name=\"description\" content=\"Descubra los cubos de pl\u00e1stico con capacidad de desv\u00edo de la carga el\u00e9ctrica \u27146, 10 &amp; 30 litros \u2714Homologaci\u00f3n de la ONU \u2714Tapa a presi\u00f3n tensada\" \/>\n<meta name=\"robots\" content=\"noindex, follow, max-snippet:-1, max-image-preview:large, max-video-preview:-1\" \/>\n<meta name=\"twitter:label1\" content=\"Tiempo de lectura\" \/>\n\t<meta name=\"twitter:data1\" content=\"2 minutos\" \/>\n<script type=\"application\/ld+json\" class=\"yoast-schema-graph\">{\"@context\":\"https:\/\/schema.org\",\"@graph\":[{\"@type\":\"WebPage\",\"@id\":\"https:\/\/fries.iphos.at\/productos\/envases\/cubos\/cubo-con-capacidad-de-desvio-de-carga-electrica\/?lang=es\",\"url\":\"https:\/\/fries.iphos.at\/productos\/envases\/cubos\/cubo-con-capacidad-de-desvio-de-carga-electrica\/?lang=es\",\"name\":\"Cubos y hobbock con capacidad de desv\u00edo de carga el\u00e9ctrica\",\"isPartOf\":{\"@id\":\"https:\/\/fries.iphos.at\/#website\"},\"primaryImageOfPage\":{\"@id\":\"https:\/\/fries.iphos.at\/productos\/envases\/cubos\/cubo-con-capacidad-de-desvio-de-carga-electrica\/?lang=es#primaryimage\"},\"image\":{\"@id\":\"https:\/\/fries.iphos.at\/productos\/envases\/cubos\/cubo-con-capacidad-de-desvio-de-carga-electrica\/?lang=es#primaryimage\"},\"thumbnailUrl\":\"https:\/\/fries.iphos.at\/wp-content\/uploads\/Rundeimer-6L-EX.jpg\",\"datePublished\":\"2016-03-04T16:17:36+00:00\",\"dateModified\":\"2025-06-25T07:30:16+00:00\",\"description\":\"Descubra los cubos de pl\u00e1stico con capacidad de desv\u00edo de la carga el\u00e9ctrica \u27146, 10 & 30 litros \u2714Homologaci\u00f3n de la ONU \u2714Tapa a presi\u00f3n tensada\",\"breadcrumb\":{\"@id\":\"https:\/\/fries.iphos.at\/productos\/envases\/cubos\/cubo-con-capacidad-de-desvio-de-carga-electrica\/?lang=es#breadcrumb\"},\"inLanguage\":\"es\",\"potentialAction\":[{\"@type\":\"ReadAction\",\"target\":[\"https:\/\/fries.iphos.at\/productos\/envases\/cubos\/cubo-con-capacidad-de-desvio-de-carga-electrica\/?lang=es\"]}]},{\"@type\":\"ImageObject\",\"inLanguage\":\"es\",\"@id\":\"https:\/\/fries.iphos.at\/productos\/envases\/cubos\/cubo-con-capacidad-de-desvio-de-carga-electrica\/?lang=es#primaryimage\",\"url\":\"https:\/\/fries.iphos.at\/wp-content\/uploads\/Rundeimer-6L-EX.jpg\",\"contentUrl\":\"https:\/\/fries.iphos.at\/wp-content\/uploads\/Rundeimer-6L-EX.jpg\"},{\"@type\":\"BreadcrumbList\",\"@id\":\"https:\/\/fries.iphos.at\/productos\/envases\/cubos\/cubo-con-capacidad-de-desvio-de-carga-electrica\/?lang=es#breadcrumb\",\"itemListElement\":[{\"@type\":\"ListItem\",\"position\":1,\"name\":\"Home\",\"item\":\"https:\/\/fries.iphos.at\/?lang=es\"},{\"@type\":\"ListItem\",\"position\":2,\"name\":\"Productos\",\"item\":\"https:\/\/fries.iphos.at\/productos\/?lang=es\"},{\"@type\":\"ListItem\",\"position\":3,\"name\":\"Embalaje\",\"item\":\"https:\/\/fries.iphos.at\/productos\/envases\/?lang=es\"},{\"@type\":\"ListItem\",\"position\":4,\"name\":\"Cubos\",\"item\":\"https:\/\/fries.iphos.at\/productos\/envases\/cubos\/?lang=es\"},{\"@type\":\"ListItem\",\"position\":5,\"name\":\"Cubo con capacidad de desv\u00edo de carga el\u00e9ctrica\"}]},{\"@type\":\"WebSite\",\"@id\":\"https:\/\/fries.iphos.at\/#website\",\"url\":\"https:\/\/fries.iphos.at\/\",\"name\":\"FRIES\",\"description\":\"\",\"publisher\":{\"@id\":\"https:\/\/fries.iphos.at\/#organization\"},\"potentialAction\":[{\"@type\":\"SearchAction\",\"target\":{\"@type\":\"EntryPoint\",\"urlTemplate\":\"https:\/\/fries.iphos.at\/?s={search_term_string}\"},\"query-input\":{\"@type\":\"PropertyValueSpecification\",\"valueRequired\":true,\"valueName\":\"search_term_string\"}}],\"inLanguage\":\"es\"},{\"@type\":\"Organization\",\"@id\":\"https:\/\/fries.iphos.at\/#organization\",\"name\":\"FRIES Kunststofftechnik GmbH\",\"url\":\"https:\/\/fries.iphos.at\/\",\"logo\":{\"@type\":\"ImageObject\",\"inLanguage\":\"es\",\"@id\":\"https:\/\/fries.iphos.at\/#\/schema\/logo\/image\/\",\"url\":\"https:\/\/fries.iphos.at\/wp-content\/uploads\/fries-logo.png\",\"contentUrl\":\"https:\/\/fries.iphos.at\/wp-content\/uploads\/fries-logo.png\",\"width\":120,\"height\":60,\"caption\":\"FRIES Kunststofftechnik GmbH\"},\"image\":{\"@id\":\"https:\/\/fries.iphos.at\/#\/schema\/logo\/image\/\"},\"sameAs\":[\"https:\/\/www.facebook.com\/FRIESKunststofftechnik\/\",\"https:\/\/www.youtube.com\/channel\/UCc2UgnWJ9Y_-pIXbDIek7wQ\"]}]}<\/script>\n<!-- \/ Yoast SEO plugin. -->","yoast_head_json":{"title":"Cubos y hobbock con capacidad de desv\u00edo de carga el\u00e9ctrica","description":"Descubra los cubos de pl\u00e1stico con capacidad de desv\u00edo de la carga el\u00e9ctrica \u27146, 10 & 30 litros \u2714Homologaci\u00f3n de la ONU \u2714Tapa a presi\u00f3n tensada","robots":{"index":"noindex","follow":"follow","max-snippet":"max-snippet:-1","max-image-preview":"max-image-preview:large","max-video-preview":"max-video-preview:-1"},"twitter_misc":{"Tiempo de lectura":"2 minutos"},"schema":{"@context":"https:\/\/schema.org","@graph":[{"@type":"WebPage","@id":"https:\/\/fries.iphos.at\/productos\/envases\/cubos\/cubo-con-capacidad-de-desvio-de-carga-electrica\/?lang=es","url":"https:\/\/fries.iphos.at\/productos\/envases\/cubos\/cubo-con-capacidad-de-desvio-de-carga-electrica\/?lang=es","name":"Cubos y hobbock con capacidad de desv\u00edo de carga el\u00e9ctrica","isPartOf":{"@id":"https:\/\/fries.iphos.at\/#website"},"primaryImageOfPage":{"@id":"https:\/\/fries.iphos.at\/productos\/envases\/cubos\/cubo-con-capacidad-de-desvio-de-carga-electrica\/?lang=es#primaryimage"},"image":{"@id":"https:\/\/fries.iphos.at\/productos\/envases\/cubos\/cubo-con-capacidad-de-desvio-de-carga-electrica\/?lang=es#primaryimage"},"thumbnailUrl":"https:\/\/fries.iphos.at\/wp-content\/uploads\/Rundeimer-6L-EX.jpg","datePublished":"2016-03-04T16:17:36+00:00","dateModified":"2025-06-25T07:30:16+00:00","description":"Descubra los cubos de pl\u00e1stico con capacidad de desv\u00edo de la carga el\u00e9ctrica \u27146, 10 & 30 litros \u2714Homologaci\u00f3n de la ONU \u2714Tapa a presi\u00f3n tensada","breadcrumb":{"@id":"https:\/\/fries.iphos.at\/productos\/envases\/cubos\/cubo-con-capacidad-de-desvio-de-carga-electrica\/?lang=es#breadcrumb"},"inLanguage":"es","potentialAction":[{"@type":"ReadAction","target":["https:\/\/fries.iphos.at\/productos\/envases\/cubos\/cubo-con-capacidad-de-desvio-de-carga-electrica\/?lang=es"]}]},{"@type":"ImageObject","inLanguage":"es","@id":"https:\/\/fries.iphos.at\/productos\/envases\/cubos\/cubo-con-capacidad-de-desvio-de-carga-electrica\/?lang=es#primaryimage","url":"https:\/\/fries.iphos.at\/wp-content\/uploads\/Rundeimer-6L-EX.jpg","contentUrl":"https:\/\/fries.iphos.at\/wp-content\/uploads\/Rundeimer-6L-EX.jpg"},{"@type":"BreadcrumbList","@id":"https:\/\/fries.iphos.at\/productos\/envases\/cubos\/cubo-con-capacidad-de-desvio-de-carga-electrica\/?lang=es#breadcrumb","itemListElement":[{"@type":"ListItem","position":1,"name":"Home","item":"https:\/\/fries.iphos.at\/?lang=es"},{"@type":"ListItem","position":2,"name":"Productos","item":"https:\/\/fries.iphos.at\/productos\/?lang=es"},{"@type":"ListItem","position":3,"name":"Embalaje","item":"https:\/\/fries.iphos.at\/productos\/envases\/?lang=es"},{"@type":"ListItem","position":4,"name":"Cubos","item":"https:\/\/fries.iphos.at\/productos\/envases\/cubos\/?lang=es"},{"@type":"ListItem","position":5,"name":"Cubo con capacidad de desv\u00edo de carga el\u00e9ctrica"}]},{"@type":"WebSite","@id":"https:\/\/fries.iphos.at\/#website","url":"https:\/\/fries.iphos.at\/","name":"FRIES","description":"","publisher":{"@id":"https:\/\/fries.iphos.at\/#organization"},"potentialAction":[{"@type":"SearchAction","target":{"@type":"EntryPoint","urlTemplate":"https:\/\/fries.iphos.at\/?s={search_term_string}"},"query-input":{"@type":"PropertyValueSpecification","valueRequired":true,"valueName":"search_term_string"}}],"inLanguage":"es"},{"@type":"Organization","@id":"https:\/\/fries.iphos.at\/#organization","name":"FRIES Kunststofftechnik GmbH","url":"https:\/\/fries.iphos.at\/","logo":{"@type":"ImageObject","inLanguage":"es","@id":"https:\/\/fries.iphos.at\/#\/schema\/logo\/image\/","url":"https:\/\/fries.iphos.at\/wp-content\/uploads\/fries-logo.png","contentUrl":"https:\/\/fries.iphos.at\/wp-content\/uploads\/fries-logo.png","width":120,"height":60,"caption":"FRIES Kunststofftechnik GmbH"},"image":{"@id":"https:\/\/fries.iphos.at\/#\/schema\/logo\/image\/"},"sameAs":["https:\/\/www.facebook.com\/FRIESKunststofftechnik\/","https:\/\/www.youtube.com\/channel\/UCc2UgnWJ9Y_-pIXbDIek7wQ"]}]}},"_links":{"self":[{"href":"https:\/\/fries.iphos.at\/es\/wp-json\/wp\/v2\/pages\/21144","targetHints":{"allow":["GET"]}}],"collection":[{"href":"https:\/\/fries.iphos.at\/es\/wp-json\/wp\/v2\/pages"}],"about":[{"href":"https:\/\/fries.iphos.at\/es\/wp-json\/wp\/v2\/types\/page"}],"author":[{"embeddable":true,"href":"https:\/\/fries.iphos.at\/es\/wp-json\/wp\/v2\/users\/4"}],"replies":[{"embeddable":true,"href":"https:\/\/fries.iphos.at\/es\/wp-json\/wp\/v2\/comments?post=21144"}],"version-history":[{"count":15,"href":"https:\/\/fries.iphos.at\/es\/wp-json\/wp\/v2\/pages\/21144\/revisions"}],"predecessor-version":[{"id":64879,"href":"https:\/\/fries.iphos.at\/es\/wp-json\/wp\/v2\/pages\/21144\/revisions\/64879"}],"up":[{"embeddable":true,"href":"https:\/\/fries.iphos.at\/es\/wp-json\/wp\/v2\/pages\/20502"}],"wp:attachment":[{"href":"https:\/\/fries.iphos.at\/es\/wp-json\/wp\/v2\/media?parent=21144"}],"curies":[{"name":"wp","href":"https:\/\/api.w.org\/{rel}","templated":true}]}}