{"id":21141,"date":"2016-03-04T17:49:22","date_gmt":"2016-03-04T15:49:22","guid":{"rendered":"https:\/\/fries.iphos.at\/productos\/envases\/botes\/bote-redondo-impermeable-de-1100-ml-polipropileno\/?lang=es"},"modified":"2025-06-25T09:02:48","modified_gmt":"2025-06-25T07:02:48","slug":"bote-redondo-impermeable-de-1100-ml-polipropileno","status":"publish","type":"page","link":"https:\/\/fries.iphos.at\/es\/productos\/envases\/botes\/bote-redondo-impermeable-de-1100-ml-polipropileno\/","title":{"rendered":"Bote redondo impermeable de 1100 ml (polipropileno)"},"content":{"rendered":"<div class=\"fusion-fullwidth fullwidth-box fusion-builder-row-1 nonhundred-percent-fullwidth non-hundred-percent-height-scrolling\" style=\"--awb-background-position:left top;--awb-border-radius-top-left:0px;--awb-border-radius-top-right:0px;--awb-border-radius-bottom-right:0px;--awb-border-radius-bottom-left:0px;--awb-padding-top:20px;--awb-padding-right:0px;--awb-padding-bottom:20px;--awb-padding-left:0px;--awb-border-sizes-top:0px;--awb-border-sizes-bottom:0px;--awb-flex-wrap:wrap;\" ><div class=\"fusion-builder-row fusion-row\"><div class=\"fusion-layout-column fusion_builder_column fusion-builder-column-0 fusion_builder_column_1_3 1_3 fusion-one-third fusion-column-first\" style=\"--awb-bg-size:cover;width:30.6666%; margin-right: 4%;\"><div class=\"fusion-column-wrapper fusion-flex-column-wrapper-legacy\"><div class=\"fusion-image-element in-legacy-container\" style=\"--awb-caption-title-font-family:var(--h2_typography-font-family);--awb-caption-title-font-weight:var(--h2_typography-font-weight);--awb-caption-title-font-style:var(--h2_typography-font-style);--awb-caption-title-size:var(--h2_typography-font-size);--awb-caption-title-transform:var(--h2_typography-text-transform);--awb-caption-title-line-height:var(--h2_typography-line-height);--awb-caption-title-letter-spacing:var(--h2_typography-letter-spacing);\"><span class=\" fusion-imageframe imageframe-none imageframe-1 hover-type-none\"><a href=\"https:\/\/fries.iphos.at\/wp-content\/uploads\/Runddose-110ml-PP.gif\" class=\"fusion-lightbox\" data-rel=\"iLightbox[0d2a60a8250e7a4368f]\" data-caption=\"Dose wasserdicht lebensmittelecht und UN PP 1100 ml\" data-title=\"Dose wasserdicht lebensmittelecht und UN PP 1100 ml\" title=\"Dose wasserdicht lebensmittelecht und UN PP 1100 ml\"><img decoding=\"async\" width=\"242\" height=\"242\" alt=\"Dose wasserdicht lebensmittelecht und UN PP 1100 ml\" src=\"https:\/\/fries.iphos.at\/wp-content\/uploads\/Runddose-110ml-PP.gif\" class=\"img-responsive wp-image-18091\"\/><\/a><\/span><\/div><div class=\"fusion-text fusion-text-1 color-verpackung gr\u00fcn\"><h4><a href=\"https:\/\/fries.iphos.at\/wp-content\/uploads\/Round-can_1100ml_PP_EN.pdf\" target=\"_blank\" rel=\"noopener noreferrer\">Descargar folleto<\/a><\/h4>\n<\/div><div class=\"fusion-alignleft\"><a class=\"fusion-button button-flat fusion-button-default-size button-custom fusion-button-default button-1 fusion-button-default-span fusion-button-default-type color-verpackung\" style=\"--button_accent_color:#ffffff;--button_border_color:#00a890;--button_accent_hover_color:#ffffff;--button_border_hover_color:#00a890;--button_gradient_top_color:#00a890;--button_gradient_bottom_color:#00a890;--button_gradient_top_color_hover:#00a890;--button_gradient_bottom_color_hover:#00a890;--button_text_transform:none;--button_margin-top:10px;--button_margin-bottom:20px;\" target=\"_self\" href=\"https:\/\/fries.iphos.at\/contacto\/?lang=es&amp;your-subject=Bote redondo impermeable de 1100 ml (polipropileno)\"><span class=\"fusion-button-text awb-button__text awb-button__text--default\">Solicitar ahora<\/span><\/a><\/div><div class=\"fusion-clearfix\"><\/div><\/div><\/div><div class=\"fusion-layout-column fusion_builder_column fusion-builder-column-1 fusion_builder_column_2_3 2_3 fusion-two-third fusion-column-last\" style=\"--awb-bg-size:cover;width:65.3333%;\"><div class=\"fusion-column-wrapper fusion-flex-column-wrapper-legacy\"><div class=\"fusion-text fusion-text-2 color-verpackung gr\u00fcn\"><h1>Bote redondo (polipropileno) de 1100 ml<\/h1>\n<p><strong>impermeable |\u00a0apto para uso alimentario\u00a0| homologado por la ONU<\/strong><\/p>\n<ul>\n<li>Tapa a presi\u00f3n, f\u00e1cil de cerrar (procesos autom\u00e1ticos)<\/li>\n<li>Anillo de protecci\u00f3n circular, protecci\u00f3n eficaz en los bordes<\/li>\n<li>Precinto de garant\u00eda<\/li>\n<li>Tapa de cierre a presi\u00f3n: impermeable 1) hasta 20 kP (200 mbar) de presi\u00f3n diferencial<\/li>\n<li>Tapa impermeable conforme a la norma ADR 6.1.5.2.6. p\u00e1rrafo 2<\/li>\n<li>Cara interior lisa para facilitar el vaciado<\/li>\n<li>Apto para uso alimentario conforme a los reglamentos europeos EU 1935\/2004, EU 2023\/2006 y EU 10\/2011 en la versi\u00f3n vigente actualmente para simuladores A, B, C, D1, D2, E de los modelos est\u00e1ndar BLANCO y NATURAL (otros colores disponibles por encargo)<\/li>\n<li>Versi\u00f3n homologada por la ONU para materiales s\u00f3lidos: bajo demanda<\/li>\n<li>Certificaci\u00f3n Halal a solicitud<\/li>\n<li>Disponible en color &#8220;negro&#8221; y &#8220;blanco&#8221;<\/li>\n<\/ul>\n<p align=\"LEFT\"><span style=\"color: #231f20; font-family: Frutiger-Roman; font-size: small;\"><span style=\"color: #231f20; font-family: Frutiger-Roman; font-size: small;\"><span style=\"color: #231f20; font-family: Frutiger-Roman; font-size: small;\">\u00a0<\/span><\/span><\/span><\/p>\n<\/div><div class=\"fusion-clearfix\"><\/div><\/div><\/div><\/div><\/div>\n","protected":false},"excerpt":{"rendered":"","protected":false},"author":4,"featured_media":0,"parent":20509,"menu_order":0,"comment_status":"closed","ping_status":"closed","template":"","meta":{"_acf_changed":false,"footnotes":""},"class_list":["post-21141","page","type-page","status-publish","hentry"],"acf":[],"yoast_head":"<!-- This site is optimized with the Yoast SEO plugin v26.8 - https:\/\/yoast.com\/product\/yoast-seo-wordpress\/ -->\n<title>Latas redondo de pl\u00e1stico de PP | Latas con tapa de 1110 ml<\/title>\n<meta name=\"description\" content=\"Robustos latas con tapa a presi\u00f3n de PP con un volumen de 1,1l \u2714Con homologaci\u00f3n ONU de forma opcional \u2714Aptos para alimentos \u2714Sellado de originalidad\" \/>\n<meta name=\"robots\" content=\"noindex, follow, max-snippet:-1, max-image-preview:large, max-video-preview:-1\" \/>\n<meta name=\"twitter:label1\" content=\"Tiempo de lectura\" \/>\n\t<meta name=\"twitter:data1\" content=\"1 minuto\" \/>\n<script type=\"application\/ld+json\" class=\"yoast-schema-graph\">{\"@context\":\"https:\/\/schema.org\",\"@graph\":[{\"@type\":\"WebPage\",\"@id\":\"https:\/\/fries.iphos.at\/productos\/envases\/botes\/bote-redondo-impermeable-de-1100-ml-polipropileno\/?lang=es\",\"url\":\"https:\/\/fries.iphos.at\/productos\/envases\/botes\/bote-redondo-impermeable-de-1100-ml-polipropileno\/?lang=es\",\"name\":\"Latas redondo de pl\u00e1stico de PP | Latas con tapa de 1110 ml\",\"isPartOf\":{\"@id\":\"https:\/\/fries.iphos.at\/#website\"},\"primaryImageOfPage\":{\"@id\":\"https:\/\/fries.iphos.at\/productos\/envases\/botes\/bote-redondo-impermeable-de-1100-ml-polipropileno\/?lang=es#primaryimage\"},\"image\":{\"@id\":\"https:\/\/fries.iphos.at\/productos\/envases\/botes\/bote-redondo-impermeable-de-1100-ml-polipropileno\/?lang=es#primaryimage\"},\"thumbnailUrl\":\"https:\/\/fries.iphos.at\/wp-content\/uploads\/Runddose-110ml-PP.gif\",\"datePublished\":\"2016-03-04T15:49:22+00:00\",\"dateModified\":\"2025-06-25T07:02:48+00:00\",\"description\":\"Robustos latas con tapa a presi\u00f3n de PP con un volumen de 1,1l \u2714Con homologaci\u00f3n ONU de forma opcional \u2714Aptos para alimentos \u2714Sellado de originalidad\",\"breadcrumb\":{\"@id\":\"https:\/\/fries.iphos.at\/productos\/envases\/botes\/bote-redondo-impermeable-de-1100-ml-polipropileno\/?lang=es#breadcrumb\"},\"inLanguage\":\"es\",\"potentialAction\":[{\"@type\":\"ReadAction\",\"target\":[\"https:\/\/fries.iphos.at\/productos\/envases\/botes\/bote-redondo-impermeable-de-1100-ml-polipropileno\/?lang=es\"]}]},{\"@type\":\"ImageObject\",\"inLanguage\":\"es\",\"@id\":\"https:\/\/fries.iphos.at\/productos\/envases\/botes\/bote-redondo-impermeable-de-1100-ml-polipropileno\/?lang=es#primaryimage\",\"url\":\"https:\/\/fries.iphos.at\/wp-content\/uploads\/Runddose-110ml-PP.gif\",\"contentUrl\":\"https:\/\/fries.iphos.at\/wp-content\/uploads\/Runddose-110ml-PP.gif\"},{\"@type\":\"BreadcrumbList\",\"@id\":\"https:\/\/fries.iphos.at\/productos\/envases\/botes\/bote-redondo-impermeable-de-1100-ml-polipropileno\/?lang=es#breadcrumb\",\"itemListElement\":[{\"@type\":\"ListItem\",\"position\":1,\"name\":\"Home\",\"item\":\"https:\/\/fries.iphos.at\/?lang=es\"},{\"@type\":\"ListItem\",\"position\":2,\"name\":\"Productos\",\"item\":\"https:\/\/fries.iphos.at\/productos\/?lang=es\"},{\"@type\":\"ListItem\",\"position\":3,\"name\":\"Embalaje\",\"item\":\"https:\/\/fries.iphos.at\/productos\/envases\/?lang=es\"},{\"@type\":\"ListItem\",\"position\":4,\"name\":\"Tarros\",\"item\":\"https:\/\/fries.iphos.at\/productos\/envases\/botes\/?lang=es\"},{\"@type\":\"ListItem\",\"position\":5,\"name\":\"Bote redondo impermeable de 1100 ml (polipropileno)\"}]},{\"@type\":\"WebSite\",\"@id\":\"https:\/\/fries.iphos.at\/#website\",\"url\":\"https:\/\/fries.iphos.at\/\",\"name\":\"FRIES\",\"description\":\"\",\"publisher\":{\"@id\":\"https:\/\/fries.iphos.at\/#organization\"},\"potentialAction\":[{\"@type\":\"SearchAction\",\"target\":{\"@type\":\"EntryPoint\",\"urlTemplate\":\"https:\/\/fries.iphos.at\/?s={search_term_string}\"},\"query-input\":{\"@type\":\"PropertyValueSpecification\",\"valueRequired\":true,\"valueName\":\"search_term_string\"}}],\"inLanguage\":\"es\"},{\"@type\":\"Organization\",\"@id\":\"https:\/\/fries.iphos.at\/#organization\",\"name\":\"FRIES Kunststofftechnik GmbH\",\"url\":\"https:\/\/fries.iphos.at\/\",\"logo\":{\"@type\":\"ImageObject\",\"inLanguage\":\"es\",\"@id\":\"https:\/\/fries.iphos.at\/#\/schema\/logo\/image\/\",\"url\":\"https:\/\/fries.iphos.at\/wp-content\/uploads\/fries-logo.png\",\"contentUrl\":\"https:\/\/fries.iphos.at\/wp-content\/uploads\/fries-logo.png\",\"width\":120,\"height\":60,\"caption\":\"FRIES Kunststofftechnik GmbH\"},\"image\":{\"@id\":\"https:\/\/fries.iphos.at\/#\/schema\/logo\/image\/\"},\"sameAs\":[\"https:\/\/www.facebook.com\/FRIESKunststofftechnik\/\",\"https:\/\/www.youtube.com\/channel\/UCc2UgnWJ9Y_-pIXbDIek7wQ\"]}]}<\/script>\n<!-- \/ Yoast SEO plugin. -->","yoast_head_json":{"title":"Latas redondo de pl\u00e1stico de PP | Latas con tapa de 1110 ml","description":"Robustos latas con tapa a presi\u00f3n de PP con un volumen de 1,1l \u2714Con homologaci\u00f3n ONU de forma opcional \u2714Aptos para alimentos \u2714Sellado de originalidad","robots":{"index":"noindex","follow":"follow","max-snippet":"max-snippet:-1","max-image-preview":"max-image-preview:large","max-video-preview":"max-video-preview:-1"},"twitter_misc":{"Tiempo de lectura":"1 minuto"},"schema":{"@context":"https:\/\/schema.org","@graph":[{"@type":"WebPage","@id":"https:\/\/fries.iphos.at\/productos\/envases\/botes\/bote-redondo-impermeable-de-1100-ml-polipropileno\/?lang=es","url":"https:\/\/fries.iphos.at\/productos\/envases\/botes\/bote-redondo-impermeable-de-1100-ml-polipropileno\/?lang=es","name":"Latas redondo de pl\u00e1stico de PP | Latas con tapa de 1110 ml","isPartOf":{"@id":"https:\/\/fries.iphos.at\/#website"},"primaryImageOfPage":{"@id":"https:\/\/fries.iphos.at\/productos\/envases\/botes\/bote-redondo-impermeable-de-1100-ml-polipropileno\/?lang=es#primaryimage"},"image":{"@id":"https:\/\/fries.iphos.at\/productos\/envases\/botes\/bote-redondo-impermeable-de-1100-ml-polipropileno\/?lang=es#primaryimage"},"thumbnailUrl":"https:\/\/fries.iphos.at\/wp-content\/uploads\/Runddose-110ml-PP.gif","datePublished":"2016-03-04T15:49:22+00:00","dateModified":"2025-06-25T07:02:48+00:00","description":"Robustos latas con tapa a presi\u00f3n de PP con un volumen de 1,1l \u2714Con homologaci\u00f3n ONU de forma opcional \u2714Aptos para alimentos \u2714Sellado de originalidad","breadcrumb":{"@id":"https:\/\/fries.iphos.at\/productos\/envases\/botes\/bote-redondo-impermeable-de-1100-ml-polipropileno\/?lang=es#breadcrumb"},"inLanguage":"es","potentialAction":[{"@type":"ReadAction","target":["https:\/\/fries.iphos.at\/productos\/envases\/botes\/bote-redondo-impermeable-de-1100-ml-polipropileno\/?lang=es"]}]},{"@type":"ImageObject","inLanguage":"es","@id":"https:\/\/fries.iphos.at\/productos\/envases\/botes\/bote-redondo-impermeable-de-1100-ml-polipropileno\/?lang=es#primaryimage","url":"https:\/\/fries.iphos.at\/wp-content\/uploads\/Runddose-110ml-PP.gif","contentUrl":"https:\/\/fries.iphos.at\/wp-content\/uploads\/Runddose-110ml-PP.gif"},{"@type":"BreadcrumbList","@id":"https:\/\/fries.iphos.at\/productos\/envases\/botes\/bote-redondo-impermeable-de-1100-ml-polipropileno\/?lang=es#breadcrumb","itemListElement":[{"@type":"ListItem","position":1,"name":"Home","item":"https:\/\/fries.iphos.at\/?lang=es"},{"@type":"ListItem","position":2,"name":"Productos","item":"https:\/\/fries.iphos.at\/productos\/?lang=es"},{"@type":"ListItem","position":3,"name":"Embalaje","item":"https:\/\/fries.iphos.at\/productos\/envases\/?lang=es"},{"@type":"ListItem","position":4,"name":"Tarros","item":"https:\/\/fries.iphos.at\/productos\/envases\/botes\/?lang=es"},{"@type":"ListItem","position":5,"name":"Bote redondo impermeable de 1100 ml (polipropileno)"}]},{"@type":"WebSite","@id":"https:\/\/fries.iphos.at\/#website","url":"https:\/\/fries.iphos.at\/","name":"FRIES","description":"","publisher":{"@id":"https:\/\/fries.iphos.at\/#organization"},"potentialAction":[{"@type":"SearchAction","target":{"@type":"EntryPoint","urlTemplate":"https:\/\/fries.iphos.at\/?s={search_term_string}"},"query-input":{"@type":"PropertyValueSpecification","valueRequired":true,"valueName":"search_term_string"}}],"inLanguage":"es"},{"@type":"Organization","@id":"https:\/\/fries.iphos.at\/#organization","name":"FRIES Kunststofftechnik GmbH","url":"https:\/\/fries.iphos.at\/","logo":{"@type":"ImageObject","inLanguage":"es","@id":"https:\/\/fries.iphos.at\/#\/schema\/logo\/image\/","url":"https:\/\/fries.iphos.at\/wp-content\/uploads\/fries-logo.png","contentUrl":"https:\/\/fries.iphos.at\/wp-content\/uploads\/fries-logo.png","width":120,"height":60,"caption":"FRIES Kunststofftechnik GmbH"},"image":{"@id":"https:\/\/fries.iphos.at\/#\/schema\/logo\/image\/"},"sameAs":["https:\/\/www.facebook.com\/FRIESKunststofftechnik\/","https:\/\/www.youtube.com\/channel\/UCc2UgnWJ9Y_-pIXbDIek7wQ"]}]}},"_links":{"self":[{"href":"https:\/\/fries.iphos.at\/es\/wp-json\/wp\/v2\/pages\/21141","targetHints":{"allow":["GET"]}}],"collection":[{"href":"https:\/\/fries.iphos.at\/es\/wp-json\/wp\/v2\/pages"}],"about":[{"href":"https:\/\/fries.iphos.at\/es\/wp-json\/wp\/v2\/types\/page"}],"author":[{"embeddable":true,"href":"https:\/\/fries.iphos.at\/es\/wp-json\/wp\/v2\/users\/4"}],"replies":[{"embeddable":true,"href":"https:\/\/fries.iphos.at\/es\/wp-json\/wp\/v2\/comments?post=21141"}],"version-history":[{"count":11,"href":"https:\/\/fries.iphos.at\/es\/wp-json\/wp\/v2\/pages\/21141\/revisions"}],"predecessor-version":[{"id":64860,"href":"https:\/\/fries.iphos.at\/es\/wp-json\/wp\/v2\/pages\/21141\/revisions\/64860"}],"up":[{"embeddable":true,"href":"https:\/\/fries.iphos.at\/es\/wp-json\/wp\/v2\/pages\/20509"}],"wp:attachment":[{"href":"https:\/\/fries.iphos.at\/es\/wp-json\/wp\/v2\/media?parent=21141"}],"curies":[{"name":"wp","href":"https:\/\/api.w.org\/{rel}","templated":true}]}}