{"id":20510,"date":"2016-01-14T23:59:24","date_gmt":"2016-01-14T21:59:24","guid":{"rendered":"https:\/\/fries.iphos.at\/productos\/envases\/bidones\/?lang=es"},"modified":"2023-06-01T09:30:08","modified_gmt":"2023-06-01T07:30:08","slug":"barriles","status":"publish","type":"page","link":"https:\/\/fries.iphos.at\/es\/productos\/envases\/barriles\/","title":{"rendered":"Barriles"},"content":{"rendered":"<p><div class=\"fusion-fullwidth fullwidth-box fusion-builder-row-1 nonhundred-percent-fullwidth non-hundred-percent-height-scrolling\" style=\"--awb-border-radius-top-left:0px;--awb-border-radius-top-right:0px;--awb-border-radius-bottom-right:0px;--awb-border-radius-bottom-left:0px;--awb-flex-wrap:wrap;\" ><div class=\"fusion-builder-row fusion-row\"><div class=\"fusion-layout-column fusion_builder_column fusion-builder-column-0 fusion_builder_column_1_1 1_1 fusion-one-full fusion-column-first fusion-column-last\" style=\"--awb-bg-size:cover;\"><div class=\"fusion-column-wrapper fusion-column-has-shadow fusion-flex-column-wrapper-legacy\"><div class=\"fusion-text fusion-text-1 color-verpackung gr\u00fcn\"><h1>Barriles de pl\u00e1stico<\/h1>\n<p>Los bidones son uno de los mayores envases para productos alimentarios y qu\u00edmicos con homologaci\u00f3n para mercanc\u00edas peligrosas. Los bidones de pl\u00e1stico est\u00e1n fabricados con PE-HD de alto peso molecular. El bid\u00f3n de tap\u00f3n, tambi\u00e9n llamado bid\u00f3n de anillo en L, es ideal para el llenado de l\u00edquidos y s\u00f3lidos. La tapa est\u00e1 firmemente sujeta al barril y el llenado o la extracci\u00f3n de los l\u00edquidos es posible a trav\u00e9s de dos aberturas en la parte superior.<\/p>\n<\/div><div class=\"fusion-clearfix\"><\/div><\/div><\/div><\/div><\/div><div class=\"fusion-fullwidth fullwidth-box fusion-builder-row-2 nonhundred-percent-fullwidth non-hundred-percent-height-scrolling\" style=\"--awb-background-position:left top;--awb-border-radius-top-left:0px;--awb-border-radius-top-right:0px;--awb-border-radius-bottom-right:0px;--awb-border-radius-bottom-left:0px;--awb-padding-top:20px;--awb-padding-right:0px;--awb-padding-bottom:20px;--awb-padding-left:0px;--awb-border-sizes-top:0px;--awb-border-sizes-bottom:0px;--awb-flex-wrap:wrap;\" ><div class=\"fusion-builder-row fusion-row\"><div class=\"fusion-layout-column fusion_builder_column fusion-builder-column-1 fusion_builder_column_1_3 1_3 fusion-one-third fusion-column-first\" style=\"--awb-bg-size:cover;width:30.6666%; margin-right: 4%;\"><div class=\"fusion-column-wrapper fusion-flex-column-wrapper-legacy\"><div class=\"fusion-image-element in-legacy-container\" style=\"--awb-caption-title-font-family:var(--h2_typography-font-family);--awb-caption-title-font-weight:var(--h2_typography-font-weight);--awb-caption-title-font-style:var(--h2_typography-font-style);--awb-caption-title-size:var(--h2_typography-font-size);--awb-caption-title-transform:var(--h2_typography-text-transform);--awb-caption-title-line-height:var(--h2_typography-line-height);--awb-caption-title-letter-spacing:var(--h2_typography-letter-spacing);\"><span class=\" fusion-imageframe imageframe-none imageframe-1 hover-type-none\"><a class=\"fusion-no-lightbox\" href=\"https:\/\/fries.iphos.at\/productos\/envases\/barriles\/bidon-plus-de-220-l\/?lang=es\" target=\"_self\" aria-label=\"L-Ringfass lebensmittelecht und UN PLUS 220l\"><img decoding=\"async\" width=\"242\" height=\"242\" alt=\"L-Ringfass lebensmittelecht und UN PLUS 220l\" src=\"https:\/\/fries.iphos.at\/wp-content\/uploads\/L-Ringfass-PLUS-220l_web.jpg\" class=\"img-responsive wp-image-18145\" srcset=\"https:\/\/fries.iphos.at\/wp-content\/uploads\/L-Ringfass-PLUS-220l_web-66x66.jpg 66w, https:\/\/fries.iphos.at\/wp-content\/uploads\/L-Ringfass-PLUS-220l_web-150x150.jpg 150w, https:\/\/fries.iphos.at\/wp-content\/uploads\/L-Ringfass-PLUS-220l_web.jpg 242w\" sizes=\"(max-width: 242px) 100vw, 242px\" \/><\/a><\/span><\/div><div class=\"fusion-text fusion-text-2\"><h4><a href=\"https:\/\/fries.iphos.at\/productos\/envases\/barriles\/bidon-plus-de-220-l\/?lang=es\">Bid\u00f3n de anillo en L PLUS 220 l<\/a><\/h4>\n<\/div><div class=\"fusion-clearfix\"><\/div><\/div><\/div><div class=\"fusion-layout-column fusion_builder_column fusion-builder-column-2 fusion_builder_column_1_3 1_3 fusion-one-third\" style=\"--awb-bg-size:cover;width:30.6666%; margin-right: 4%;\"><div class=\"fusion-column-wrapper fusion-flex-column-wrapper-legacy\"><div class=\"fusion-image-element in-legacy-container\" style=\"--awb-caption-title-font-family:var(--h2_typography-font-family);--awb-caption-title-font-weight:var(--h2_typography-font-weight);--awb-caption-title-font-style:var(--h2_typography-font-style);--awb-caption-title-size:var(--h2_typography-font-size);--awb-caption-title-transform:var(--h2_typography-text-transform);--awb-caption-title-line-height:var(--h2_typography-line-height);--awb-caption-title-letter-spacing:var(--h2_typography-letter-spacing);\"><span class=\" fusion-imageframe imageframe-none imageframe-2 hover-type-none\"><a class=\"fusion-no-lightbox\" href=\"https:\/\/fries.iphos.at\/productos\/envases\/barriles\/barril-megatop-de-220-l\/?lang=es\" target=\"_self\" aria-label=\"Rollringfass lebensmittelecht und UN MEGATOP 220l\"><img decoding=\"async\" width=\"242\" height=\"242\" alt=\"Rollringfass lebensmittelecht und UN MEGATOP 220l\" src=\"https:\/\/fries.iphos.at\/wp-content\/uploads\/Rollringfass-220-L_web.jpg\" class=\"img-responsive wp-image-18146\" srcset=\"https:\/\/fries.iphos.at\/wp-content\/uploads\/Rollringfass-220-L_web-66x66.jpg 66w, https:\/\/fries.iphos.at\/wp-content\/uploads\/Rollringfass-220-L_web-150x150.jpg 150w, https:\/\/fries.iphos.at\/wp-content\/uploads\/Rollringfass-220-L_web.jpg 242w\" sizes=\"(max-width: 242px) 100vw, 242px\" \/><\/a><\/span><\/div><div class=\"fusion-text fusion-text-3\"><h4><a href=\"https:\/\/fries.iphos.at\/productos\/envases\/barriles\/barril-megatop-de-220-l\/?lang=es\">Bidon rodante MEGATOP 220 l<\/a><\/h4>\n<\/div><div class=\"fusion-clearfix\"><\/div><\/div><\/div><\/div><\/div><div class=\"fusion-fullwidth fullwidth-box fusion-builder-row-3 fusion-flex-container nonhundred-percent-fullwidth non-hundred-percent-height-scrolling\" style=\"--awb-border-radius-top-left:0px;--awb-border-radius-top-right:0px;--awb-border-radius-bottom-right:0px;--awb-border-radius-bottom-left:0px;--awb-flex-wrap:wrap;\" ><div class=\"fusion-builder-row fusion-row fusion-flex-align-items-flex-start fusion-flex-content-wrap\" style=\"max-width:1144px;margin-left: calc(-4% \/ 2 );margin-right: calc(-4% \/ 2 );\"><div class=\"fusion-layout-column fusion_builder_column fusion-builder-column-3 fusion_builder_column_1_1 1_1 fusion-flex-column\" style=\"--awb-bg-size:cover;--awb-width-large:100%;--awb-margin-top-large:0px;--awb-spacing-right-large:1.92%;--awb-margin-bottom-large:20px;--awb-spacing-left-large:1.92%;--awb-width-medium:100%;--awb-order-medium:0;--awb-spacing-right-medium:1.92%;--awb-spacing-left-medium:1.92%;--awb-width-small:100%;--awb-order-small:0;--awb-spacing-right-small:1.92%;--awb-spacing-left-small:1.92%;\"><div class=\"fusion-column-wrapper fusion-column-has-shadow fusion-flex-justify-content-flex-start fusion-content-layout-column\"><div class=\"fusion-separator fusion-full-width-sep\" style=\"align-self: center;margin-left: auto;margin-right: auto;margin-top:10px;margin-bottom:20px;width:100%;\"><div class=\"fusion-separator-border sep-single sep-solid\" style=\"--awb-height:20px;--awb-amount:20px;border-color:#e0dede;border-top-width:1px;\"><\/div><\/div><div class=\"fusion-text fusion-text-4 color-verpackung gr\u00fcn\"><h2>Gu\u00eda para bidones de pl\u00e1stico<\/h2>\n<\/div><\/div><\/div><div class=\"fusion-layout-column fusion_builder_column fusion-builder-column-4 fusion_builder_column_1_3 1_3 fusion-flex-column\" style=\"--awb-bg-size:cover;--awb-width-large:33.333333333333%;--awb-margin-top-large:0px;--awb-spacing-right-large:5.76%;--awb-margin-bottom-large:20px;--awb-spacing-left-large:5.76%;--awb-width-medium:100%;--awb-order-medium:0;--awb-spacing-right-medium:1.92%;--awb-spacing-left-medium:1.92%;--awb-width-small:100%;--awb-order-small:0;--awb-spacing-right-small:1.92%;--awb-spacing-left-small:1.92%;\"><div class=\"fusion-column-wrapper fusion-column-has-shadow fusion-flex-justify-content-flex-start fusion-content-layout-column\"><div class=\"fusion-image-element \" style=\"text-align:center;--awb-max-width:100px;--awb-caption-title-font-family:var(--h2_typography-font-family);--awb-caption-title-font-weight:var(--h2_typography-font-weight);--awb-caption-title-font-style:var(--h2_typography-font-style);--awb-caption-title-size:var(--h2_typography-font-size);--awb-caption-title-transform:var(--h2_typography-text-transform);--awb-caption-title-line-height:var(--h2_typography-line-height);--awb-caption-title-letter-spacing:var(--h2_typography-letter-spacing);\"><span class=\" fusion-imageframe imageframe-none imageframe-3 hover-type-none\"><a class=\"fusion-no-lightbox\" href=\"https:\/\/fries.iphos.at\/productos\/envases\/guia-de-envases-industriales\/envases-con-homologacion-un\/?lang=es\" target=\"_self\" aria-label=\"un-zulassung-symbol\"><img decoding=\"async\" width=\"591\" height=\"591\" alt=\"UN Kennzeichnung Symbol\" src=\"https:\/\/fries.iphos.at\/wp-content\/uploads\/un-zulassung-symbol.jpg\" class=\"img-responsive wp-image-33055\" srcset=\"https:\/\/fries.iphos.at\/wp-content\/uploads\/un-zulassung-symbol-200x200.jpg 200w, https:\/\/fries.iphos.at\/wp-content\/uploads\/un-zulassung-symbol-400x400.jpg 400w, https:\/\/fries.iphos.at\/wp-content\/uploads\/un-zulassung-symbol.jpg 591w\" sizes=\"(max-width: 1024px) 100vw, (max-width: 1455px) 100vw, 400px\" \/><\/a><\/span><\/div><\/div><\/div><div class=\"fusion-layout-column fusion_builder_column fusion-builder-column-5 fusion_builder_column_2_3 2_3 fusion-flex-column\" style=\"--awb-bg-size:cover;--awb-width-large:66.666666666667%;--awb-margin-top-large:0px;--awb-spacing-right-large:2.88%;--awb-margin-bottom-large:20px;--awb-spacing-left-large:2.88%;--awb-width-medium:100%;--awb-order-medium:0;--awb-spacing-right-medium:1.92%;--awb-spacing-left-medium:1.92%;--awb-width-small:100%;--awb-order-small:0;--awb-spacing-right-small:1.92%;--awb-spacing-left-small:1.92%;\"><div class=\"fusion-column-wrapper fusion-column-has-shadow fusion-flex-justify-content-flex-start fusion-content-layout-column\"><div class=\"fusion-text fusion-text-5\"><h4><a href=\"https:\/\/fries.iphos.at\/productos\/envases\/guia-de-envases-industriales\/envases-con-homologacion-un\/?lang=es\">Bidones homologados por la ONU para mercanc\u00edas peligrosas<\/a><\/h4>\n<p>Si se utilizan bidones de pl\u00e1stico para el envasado de mercanc\u00edas peligrosas, los bidones deben someterse a pruebas y llevar una marca ONU. Dependiendo de la ruta de transporte y del tipo de transporte, los bidones de mercanc\u00edas peligrosas deben cumplir diferentes normativas. Descubra nuestra gu\u00eda con todas las preguntas y respuestas importantes sobre el embalaje de mercanc\u00edas peligrosas y las homologaciones de la ONU.<\/p>\n<p style=\"text-align: right;\"><a href=\"https:\/\/fries.iphos.at\/productos\/envases\/guia-de-envases-industriales\/envases-con-homologacion-un\/?lang=es\">Leer m\u00e1s &gt;&gt;<\/a><\/p>\n<\/div><\/div><\/div><div class=\"fusion-layout-column fusion_builder_column fusion-builder-column-6 fusion_builder_column_1_3 1_3 fusion-flex-column\" style=\"--awb-bg-size:cover;--awb-width-large:33.333333333333%;--awb-margin-top-large:0px;--awb-spacing-right-large:5.76%;--awb-margin-bottom-large:20px;--awb-spacing-left-large:5.76%;--awb-width-medium:100%;--awb-order-medium:0;--awb-spacing-right-medium:1.92%;--awb-spacing-left-medium:1.92%;--awb-width-small:100%;--awb-order-small:0;--awb-spacing-right-small:1.92%;--awb-spacing-left-small:1.92%;\"><div class=\"fusion-column-wrapper fusion-column-has-shadow fusion-flex-justify-content-flex-start fusion-content-layout-column\"><div class=\"fusion-image-element \" style=\"text-align:center;--awb-max-width:100px;--awb-caption-title-font-family:var(--h2_typography-font-family);--awb-caption-title-font-weight:var(--h2_typography-font-weight);--awb-caption-title-font-style:var(--h2_typography-font-style);--awb-caption-title-size:var(--h2_typography-font-size);--awb-caption-title-transform:var(--h2_typography-text-transform);--awb-caption-title-line-height:var(--h2_typography-line-height);--awb-caption-title-letter-spacing:var(--h2_typography-letter-spacing);\"><span class=\" fusion-imageframe imageframe-none imageframe-4 hover-type-none\"><a class=\"fusion-no-lightbox\" href=\"https:\/\/fries.iphos.at\/productos\/envases\/guia-de-envases-industriales\/envases-con-conformidad-alimentaria\/?lang=es\" target=\"_self\" aria-label=\"lebensmittelecht\"><img decoding=\"async\" width=\"452\" height=\"452\" alt=\"Symbol Lebensmittelkonformit\u00e4t Lebensmittelecht\" src=\"https:\/\/fries.iphos.at\/wp-content\/uploads\/lebensmittelecht.jpg\" class=\"img-responsive wp-image-33094\" srcset=\"https:\/\/fries.iphos.at\/wp-content\/uploads\/lebensmittelecht-200x200.jpg 200w, https:\/\/fries.iphos.at\/wp-content\/uploads\/lebensmittelecht-400x400.jpg 400w, https:\/\/fries.iphos.at\/wp-content\/uploads\/lebensmittelecht.jpg 452w\" sizes=\"(max-width: 1024px) 100vw, (max-width: 1455px) 100vw, 400px\" \/><\/a><\/span><\/div><\/div><\/div><div class=\"fusion-layout-column fusion_builder_column fusion-builder-column-7 fusion_builder_column_2_3 2_3 fusion-flex-column\" style=\"--awb-bg-size:cover;--awb-width-large:66.666666666667%;--awb-margin-top-large:0px;--awb-spacing-right-large:2.88%;--awb-margin-bottom-large:20px;--awb-spacing-left-large:2.88%;--awb-width-medium:100%;--awb-order-medium:0;--awb-spacing-right-medium:1.92%;--awb-spacing-left-medium:1.92%;--awb-width-small:100%;--awb-order-small:0;--awb-spacing-right-small:1.92%;--awb-spacing-left-small:1.92%;\"><div class=\"fusion-column-wrapper fusion-column-has-shadow fusion-flex-justify-content-flex-start fusion-content-layout-column\"><div class=\"fusion-text fusion-text-6 color-verpackung gr\u00fcn\"><h4><a href=\"https:\/\/fries.iphos.at\/productos\/envases\/guia-de-envases-industriales\/envases-con-conformidad-alimentaria\/?lang=es\">Bidones de pl\u00e1stico aptos para alimentos<\/a><\/h4>\n<p>Los recipientes de pl\u00e1stico utilizados como envase alimentario deben ser seguros para los alimentos y cumplir la normativa alimentaria. Los barriles deben cumplir ciertos requisitos legales para garantizar que no son perjudiciales para la salud. Descubra nuestra gu\u00eda con todas las preguntas y respuestas importantes sobre los envases aptos para alimentos.<\/p>\n<p style=\"text-align: right;\"><a href=\"https:\/\/fries.iphos.at\/productos\/envases\/guia-de-envases-industriales\/envases-con-conformidad-alimentaria\/?lang=es\">Leer m\u00e1s &gt;&gt;<\/a><\/p>\n<\/div><\/div><\/div><\/div><\/div><\/p>\n","protected":false},"excerpt":{"rendered":"","protected":false},"author":4,"featured_media":0,"parent":19830,"menu_order":0,"comment_status":"closed","ping_status":"closed","template":"","meta":{"_acf_changed":false,"footnotes":""},"class_list":["post-20510","page","type-page","status-publish","hentry"],"acf":[],"yoast_head":"<!-- This site is optimized with the Yoast SEO plugin v26.8 - https:\/\/yoast.com\/product\/yoast-seo-wordpress\/ -->\n<title>Bidones de pl\u00e1stico con tapa | 220 litros | Tecnolog\u00eda de pl\u00e1sticos FRIES<\/title>\n<meta name=\"description\" content=\"Descubra los robustos bidones de pl\u00e1stico fabricados con PE de alto peso molecular \u2714Seguros para alimentos \u2714Homologados para mercanc\u00edas peligrosas \u2714Compatibles con contenedores ISO \u25b6M\u00e1s informaci\u00f3n\" \/>\n<meta name=\"robots\" content=\"noindex, follow, max-snippet:-1, max-image-preview:large, max-video-preview:-1\" \/>\n<meta name=\"twitter:label1\" content=\"Tiempo de lectura\" \/>\n\t<meta name=\"twitter:data1\" content=\"9 minutos\" \/>\n<script type=\"application\/ld+json\" class=\"yoast-schema-graph\">{\"@context\":\"https:\/\/schema.org\",\"@graph\":[{\"@type\":\"WebPage\",\"@id\":\"https:\/\/fries.iphos.at\/productos\/envases\/barriles\/?lang=es\",\"url\":\"https:\/\/fries.iphos.at\/productos\/envases\/barriles\/?lang=es\",\"name\":\"Bidones de pl\u00e1stico con tapa | 220 litros | Tecnolog\u00eda de pl\u00e1sticos FRIES\",\"isPartOf\":{\"@id\":\"https:\/\/fries.iphos.at\/#website\"},\"primaryImageOfPage\":{\"@id\":\"https:\/\/fries.iphos.at\/productos\/envases\/barriles\/?lang=es#primaryimage\"},\"image\":{\"@id\":\"https:\/\/fries.iphos.at\/productos\/envases\/barriles\/?lang=es#primaryimage\"},\"thumbnailUrl\":\"https:\/\/fries.iphos.at\/wp-content\/uploads\/L-Ringfass-PLUS-220l_web.jpg\",\"datePublished\":\"2016-01-14T21:59:24+00:00\",\"dateModified\":\"2023-06-01T07:30:08+00:00\",\"description\":\"Descubra los robustos bidones de pl\u00e1stico fabricados con PE de alto peso molecular \u2714Seguros para alimentos \u2714Homologados para mercanc\u00edas peligrosas \u2714Compatibles con contenedores ISO \u25b6M\u00e1s informaci\u00f3n\",\"breadcrumb\":{\"@id\":\"https:\/\/fries.iphos.at\/productos\/envases\/barriles\/?lang=es#breadcrumb\"},\"inLanguage\":\"es\",\"potentialAction\":[{\"@type\":\"ReadAction\",\"target\":[\"https:\/\/fries.iphos.at\/productos\/envases\/barriles\/?lang=es\"]}]},{\"@type\":\"ImageObject\",\"inLanguage\":\"es\",\"@id\":\"https:\/\/fries.iphos.at\/productos\/envases\/barriles\/?lang=es#primaryimage\",\"url\":\"https:\/\/fries.iphos.at\/wp-content\/uploads\/L-Ringfass-PLUS-220l_web.jpg\",\"contentUrl\":\"https:\/\/fries.iphos.at\/wp-content\/uploads\/L-Ringfass-PLUS-220l_web.jpg\"},{\"@type\":\"BreadcrumbList\",\"@id\":\"https:\/\/fries.iphos.at\/productos\/envases\/barriles\/?lang=es#breadcrumb\",\"itemListElement\":[{\"@type\":\"ListItem\",\"position\":1,\"name\":\"Home\",\"item\":\"https:\/\/fries.iphos.at\/?lang=es\"},{\"@type\":\"ListItem\",\"position\":2,\"name\":\"Productos\",\"item\":\"https:\/\/fries.iphos.at\/productos\/?lang=es\"},{\"@type\":\"ListItem\",\"position\":3,\"name\":\"Embalaje\",\"item\":\"https:\/\/fries.iphos.at\/productos\/envases\/?lang=es\"},{\"@type\":\"ListItem\",\"position\":4,\"name\":\"Barriles\"}]},{\"@type\":\"WebSite\",\"@id\":\"https:\/\/fries.iphos.at\/#website\",\"url\":\"https:\/\/fries.iphos.at\/\",\"name\":\"FRIES\",\"description\":\"\",\"publisher\":{\"@id\":\"https:\/\/fries.iphos.at\/#organization\"},\"potentialAction\":[{\"@type\":\"SearchAction\",\"target\":{\"@type\":\"EntryPoint\",\"urlTemplate\":\"https:\/\/fries.iphos.at\/?s={search_term_string}\"},\"query-input\":{\"@type\":\"PropertyValueSpecification\",\"valueRequired\":true,\"valueName\":\"search_term_string\"}}],\"inLanguage\":\"es\"},{\"@type\":\"Organization\",\"@id\":\"https:\/\/fries.iphos.at\/#organization\",\"name\":\"FRIES Kunststofftechnik GmbH\",\"url\":\"https:\/\/fries.iphos.at\/\",\"logo\":{\"@type\":\"ImageObject\",\"inLanguage\":\"es\",\"@id\":\"https:\/\/fries.iphos.at\/#\/schema\/logo\/image\/\",\"url\":\"https:\/\/fries.iphos.at\/wp-content\/uploads\/fries-logo.png\",\"contentUrl\":\"https:\/\/fries.iphos.at\/wp-content\/uploads\/fries-logo.png\",\"width\":120,\"height\":60,\"caption\":\"FRIES Kunststofftechnik GmbH\"},\"image\":{\"@id\":\"https:\/\/fries.iphos.at\/#\/schema\/logo\/image\/\"},\"sameAs\":[\"https:\/\/www.facebook.com\/FRIESKunststofftechnik\/\",\"https:\/\/www.youtube.com\/channel\/UCc2UgnWJ9Y_-pIXbDIek7wQ\"]}]}<\/script>\n<!-- \/ Yoast SEO plugin. -->","yoast_head_json":{"title":"Bidones de pl\u00e1stico con tapa | 220 litros | Tecnolog\u00eda de pl\u00e1sticos FRIES","description":"Descubra los robustos bidones de pl\u00e1stico fabricados con PE de alto peso molecular \u2714Seguros para alimentos \u2714Homologados para mercanc\u00edas peligrosas \u2714Compatibles con contenedores ISO \u25b6M\u00e1s informaci\u00f3n","robots":{"index":"noindex","follow":"follow","max-snippet":"max-snippet:-1","max-image-preview":"max-image-preview:large","max-video-preview":"max-video-preview:-1"},"twitter_misc":{"Tiempo de lectura":"9 minutos"},"schema":{"@context":"https:\/\/schema.org","@graph":[{"@type":"WebPage","@id":"https:\/\/fries.iphos.at\/productos\/envases\/barriles\/?lang=es","url":"https:\/\/fries.iphos.at\/productos\/envases\/barriles\/?lang=es","name":"Bidones de pl\u00e1stico con tapa | 220 litros | Tecnolog\u00eda de pl\u00e1sticos FRIES","isPartOf":{"@id":"https:\/\/fries.iphos.at\/#website"},"primaryImageOfPage":{"@id":"https:\/\/fries.iphos.at\/productos\/envases\/barriles\/?lang=es#primaryimage"},"image":{"@id":"https:\/\/fries.iphos.at\/productos\/envases\/barriles\/?lang=es#primaryimage"},"thumbnailUrl":"https:\/\/fries.iphos.at\/wp-content\/uploads\/L-Ringfass-PLUS-220l_web.jpg","datePublished":"2016-01-14T21:59:24+00:00","dateModified":"2023-06-01T07:30:08+00:00","description":"Descubra los robustos bidones de pl\u00e1stico fabricados con PE de alto peso molecular \u2714Seguros para alimentos \u2714Homologados para mercanc\u00edas peligrosas \u2714Compatibles con contenedores ISO \u25b6M\u00e1s informaci\u00f3n","breadcrumb":{"@id":"https:\/\/fries.iphos.at\/productos\/envases\/barriles\/?lang=es#breadcrumb"},"inLanguage":"es","potentialAction":[{"@type":"ReadAction","target":["https:\/\/fries.iphos.at\/productos\/envases\/barriles\/?lang=es"]}]},{"@type":"ImageObject","inLanguage":"es","@id":"https:\/\/fries.iphos.at\/productos\/envases\/barriles\/?lang=es#primaryimage","url":"https:\/\/fries.iphos.at\/wp-content\/uploads\/L-Ringfass-PLUS-220l_web.jpg","contentUrl":"https:\/\/fries.iphos.at\/wp-content\/uploads\/L-Ringfass-PLUS-220l_web.jpg"},{"@type":"BreadcrumbList","@id":"https:\/\/fries.iphos.at\/productos\/envases\/barriles\/?lang=es#breadcrumb","itemListElement":[{"@type":"ListItem","position":1,"name":"Home","item":"https:\/\/fries.iphos.at\/?lang=es"},{"@type":"ListItem","position":2,"name":"Productos","item":"https:\/\/fries.iphos.at\/productos\/?lang=es"},{"@type":"ListItem","position":3,"name":"Embalaje","item":"https:\/\/fries.iphos.at\/productos\/envases\/?lang=es"},{"@type":"ListItem","position":4,"name":"Barriles"}]},{"@type":"WebSite","@id":"https:\/\/fries.iphos.at\/#website","url":"https:\/\/fries.iphos.at\/","name":"FRIES","description":"","publisher":{"@id":"https:\/\/fries.iphos.at\/#organization"},"potentialAction":[{"@type":"SearchAction","target":{"@type":"EntryPoint","urlTemplate":"https:\/\/fries.iphos.at\/?s={search_term_string}"},"query-input":{"@type":"PropertyValueSpecification","valueRequired":true,"valueName":"search_term_string"}}],"inLanguage":"es"},{"@type":"Organization","@id":"https:\/\/fries.iphos.at\/#organization","name":"FRIES Kunststofftechnik GmbH","url":"https:\/\/fries.iphos.at\/","logo":{"@type":"ImageObject","inLanguage":"es","@id":"https:\/\/fries.iphos.at\/#\/schema\/logo\/image\/","url":"https:\/\/fries.iphos.at\/wp-content\/uploads\/fries-logo.png","contentUrl":"https:\/\/fries.iphos.at\/wp-content\/uploads\/fries-logo.png","width":120,"height":60,"caption":"FRIES Kunststofftechnik GmbH"},"image":{"@id":"https:\/\/fries.iphos.at\/#\/schema\/logo\/image\/"},"sameAs":["https:\/\/www.facebook.com\/FRIESKunststofftechnik\/","https:\/\/www.youtube.com\/channel\/UCc2UgnWJ9Y_-pIXbDIek7wQ"]}]}},"_links":{"self":[{"href":"https:\/\/fries.iphos.at\/es\/wp-json\/wp\/v2\/pages\/20510","targetHints":{"allow":["GET"]}}],"collection":[{"href":"https:\/\/fries.iphos.at\/es\/wp-json\/wp\/v2\/pages"}],"about":[{"href":"https:\/\/fries.iphos.at\/es\/wp-json\/wp\/v2\/types\/page"}],"author":[{"embeddable":true,"href":"https:\/\/fries.iphos.at\/es\/wp-json\/wp\/v2\/users\/4"}],"replies":[{"embeddable":true,"href":"https:\/\/fries.iphos.at\/es\/wp-json\/wp\/v2\/comments?post=20510"}],"version-history":[{"count":28,"href":"https:\/\/fries.iphos.at\/es\/wp-json\/wp\/v2\/pages\/20510\/revisions"}],"predecessor-version":[{"id":42130,"href":"https:\/\/fries.iphos.at\/es\/wp-json\/wp\/v2\/pages\/20510\/revisions\/42130"}],"up":[{"embeddable":true,"href":"https:\/\/fries.iphos.at\/es\/wp-json\/wp\/v2\/pages\/19830"}],"wp:attachment":[{"href":"https:\/\/fries.iphos.at\/es\/wp-json\/wp\/v2\/media?parent=20510"}],"curies":[{"name":"wp","href":"https:\/\/api.w.org\/{rel}","templated":true}]}}