{"id":20500,"date":"2016-01-14T23:19:08","date_gmt":"2016-01-14T21:19:08","guid":{"rendered":"https:\/\/fries.iphos.at\/productos\/cestas-industriales\/sistema-portapiezas-techtray-425-x-276\/?lang=es"},"modified":"2024-10-18T11:12:16","modified_gmt":"2024-10-18T09:12:16","slug":"sistema-portaherramientas-techtray-425-x-276","status":"publish","type":"page","link":"https:\/\/fries.iphos.at\/es\/productos\/cestas-industriales\/sistema-portaherramientas-techtray-425-x-276\/","title":{"rendered":"Portapiezas techtray"},"content":{"rendered":"<p><div class=\"fusion-fullwidth fullwidth-box fusion-builder-row-1 nonhundred-percent-fullwidth non-hundred-percent-height-scrolling\" style=\"--awb-background-position:left top;--awb-border-radius-top-left:0px;--awb-border-radius-top-right:0px;--awb-border-radius-bottom-right:0px;--awb-border-radius-bottom-left:0px;--awb-padding-top:20px;--awb-padding-right:0px;--awb-padding-bottom:20px;--awb-padding-left:0px;--awb-border-sizes-top:0px;--awb-border-sizes-bottom:0px;--awb-flex-wrap:wrap;\" ><div class=\"fusion-builder-row fusion-row\"><div class=\"fusion-layout-column fusion_builder_column fusion-builder-column-0 fusion_builder_column_1_3 1_3 fusion-one-third fusion-column-first\" style=\"--awb-bg-size:cover;width:30.6666%; margin-right: 4%;\"><div class=\"fusion-column-wrapper fusion-flex-column-wrapper-legacy\"><div class=\"fusion-image-element in-legacy-container\" style=\"--awb-caption-title-font-family:var(--h2_typography-font-family);--awb-caption-title-font-weight:var(--h2_typography-font-weight);--awb-caption-title-font-style:var(--h2_typography-font-style);--awb-caption-title-size:var(--h2_typography-font-size);--awb-caption-title-transform:var(--h2_typography-text-transform);--awb-caption-title-line-height:var(--h2_typography-line-height);--awb-caption-title-letter-spacing:var(--h2_typography-letter-spacing);\"><span class=\" fusion-imageframe imageframe-none imageframe-1 hover-type-none\"><a href=\"https:\/\/fries.iphos.at\/wp-content\/uploads\/Werkst\u00fccktr\u00e4ger_techtray_425x276-2.png\" class=\"fusion-lightbox\" data-rel=\"iLightbox[f665bbb791b4b63435f]\" data-title=\"Werkst\u00fccktr\u00e4ger_techtray_425x276\" title=\"Werkst\u00fccktr\u00e4ger_techtray_425x276\"><img decoding=\"async\" width=\"242\" height=\"242\" alt=\"portaherramientas techtray 425x276\" src=\"https:\/\/fries.iphos.at\/wp-content\/uploads\/Werkst\u00fccktr\u00e4ger_techtray_425x276-2.png\" class=\"img-responsive wp-image-29096\" srcset=\"https:\/\/fries.iphos.at\/wp-content\/uploads\/Werkst\u00fccktr\u00e4ger_techtray_425x276-2-200x200.png 200w, https:\/\/fries.iphos.at\/wp-content\/uploads\/Werkst\u00fccktr\u00e4ger_techtray_425x276-2.png 242w\" sizes=\"(max-width: 0px) 100vw, 242px\" \/><\/a><\/span><\/div><div class=\"fusion-text fusion-text-1 color-industrie orange\"><h4><a href=\"https:\/\/fries.iphos.at\/wp-content\/uploads\/fries-werkstuecktraeger-industriekoerbe-es.pdf\" target=\"_blank\" rel=\"noopener noreferrer\">Descargar folleto<\/a><\/h4>\n<\/div><div class=\"fusion-alignleft\"><a class=\"fusion-button button-flat fusion-button-default-size button-custom fusion-button-default button-1 fusion-button-default-span fusion-button-default-type color-verpackung\" style=\"--button_accent_color:#ffffff;--button_border_color:#ef7c00;--button_accent_hover_color:#ffffff;--button_border_hover_color:#ef7c00;--button_gradient_top_color:#ef7c00;--button_gradient_bottom_color:#ef7c00;--button_gradient_top_color_hover:#ef7c00;--button_gradient_bottom_color_hover:#ef7c00;--button_text_transform:none;--button_margin-top:10px;--button_margin-bottom:20px;\" target=\"_self\" href=\"https:\/\/fries.iphos.at\/contacto\/?lang=es&amp;your-subject=sistema-portaherramientas-techtray-425-x-276\"><span class=\"fusion-button-text awb-button__text awb-button__text--default\">Solicitar ahora<\/span><\/a><\/div><div class=\"fusion-clearfix\"><\/div><\/div><\/div><div class=\"fusion-layout-column fusion_builder_column fusion-builder-column-1 fusion_builder_column_2_3 2_3 fusion-two-third fusion-column-last\" style=\"--awb-bg-size:cover;width:65.3333%;\"><div class=\"fusion-column-wrapper fusion-flex-column-wrapper-legacy\"><div class=\"fusion-text fusion-text-2 color-industrie orange\"><h1>Portaherramienta techtray<\/h1>\n<p><strong>Sistema portapiezas inteligente <\/strong><\/p>\n<p><strong>Seguro &#8211; Limpio &#8211; Flexible<\/strong><\/p>\n<p>techtray es un sistema portapiezas modular que ofrece m\u00e1s seguridad y eficiencia en la limpieza de piezas industriales y log\u00edstica de producci\u00f3n interna. El sistema techtray combina las ventajas de los portapiezas de pl\u00e1stico con un modelado de suelo de cesta de rejilla met\u00e1lica.\u00a0Techtray es el nuevo referente en la limpieza de piezas industriales, manejo de piezas y log\u00edstica de piezas gracias a su alto nivel de protecci\u00f3n contra da\u00f1os y un aclarado \u00f3ptimo en el proceso de limpieza.<\/p>\n<p><strong>Protecci\u00f3n de piezas y flexibilidad absoluta<\/strong><\/p>\n<ul>\n<li>Flexibilidad gracias a compartimentos y formas de montaje universales<\/li>\n<li>Funci\u00f3n multibandeja\u00a0(suelo=tapa)<\/li>\n<li>Apta para transporte, log\u00edstica y limpieza<\/li>\n<li>Se puede apilar con pasadores y variar la altura<\/li>\n<li>Aclarado adecuado y escaso apantallamiento<\/li>\n<li>Se puede utilizar como cesta est\u00e1ndar o marco portante modular y tambi\u00e9n como portapiezas individual<\/li>\n<\/ul>\n<h4><\/h4>\n<\/div><div class=\"fusion-clearfix\"><\/div><\/div><\/div><\/div><\/div><div class=\"fusion-fullwidth fullwidth-box fusion-builder-row-2 nonhundred-percent-fullwidth non-hundred-percent-height-scrolling\" style=\"--awb-border-radius-top-left:0px;--awb-border-radius-top-right:0px;--awb-border-radius-bottom-right:0px;--awb-border-radius-bottom-left:0px;--awb-flex-wrap:wrap;\" ><div class=\"fusion-builder-row fusion-row\"><div class=\"fusion-layout-column fusion_builder_column fusion-builder-column-2 fusion_builder_column_1_3 1_3 fusion-one-third fusion-column-first\" style=\"--awb-bg-size:cover;width:33.333333333333%;width:calc(33.333333333333% - ( ( 4% ) * 0.33333333333333 ) );margin-right: 4%;\"><div class=\"fusion-column-wrapper fusion-flex-column-wrapper-legacy\"><div class=\"fusion-clearfix\"><\/div><\/div><\/div><div class=\"fusion-layout-column fusion_builder_column fusion-builder-column-3 fusion_builder_column_2_3 2_3 fusion-two-third fusion-column-last\" style=\"--awb-bg-size:cover;width:66.666666666667%;width:calc(66.666666666667% - ( ( 4% ) * 0.66666666666667 ) );\"><div class=\"fusion-column-wrapper fusion-flex-column-wrapper-legacy\"><div class=\"fusion-text fusion-text-3\"><p><strong>Materiales disponibles:<\/strong><\/p>\n<p>En funci\u00f3n de los requisitos, el portaherramientas techtray est\u00e1 disponible en los siguientes materiales:<\/p>\n<\/div><div class=\"fusion-clearfix\"><\/div><\/div><\/div><div class=\"fusion-layout-column fusion_builder_column fusion-builder-column-4 fusion_builder_column_1_4 1_4 fusion-one-fourth fusion-column-first\" style=\"--awb-bg-size:cover;width:25%;width:calc(25% - ( ( 4% + 4% + 4% ) * 0.25 ) );margin-right: 4%;\"><div class=\"fusion-column-wrapper fusion-flex-column-wrapper-legacy\"><div class=\"fusion-clearfix\"><\/div><\/div><\/div><div class=\"fusion-layout-column fusion_builder_column fusion-builder-column-5 fusion_builder_column_1_4 1_4 fusion-one-fourth\" style=\"--awb-bg-size:cover;width:25%;width:calc(25% - ( ( 4% + 4% + 4% ) * 0.25 ) );margin-right: 4%;\"><div class=\"fusion-column-wrapper fusion-flex-column-wrapper-legacy\"><div class=\"fusion-image-element fusion-image-align-right in-legacy-container\" style=\"text-align:right;--awb-caption-title-font-family:var(--h2_typography-font-family);--awb-caption-title-font-weight:var(--h2_typography-font-weight);--awb-caption-title-font-style:var(--h2_typography-font-style);--awb-caption-title-size:var(--h2_typography-font-size);--awb-caption-title-transform:var(--h2_typography-text-transform);--awb-caption-title-line-height:var(--h2_typography-line-height);--awb-caption-title-letter-spacing:var(--h2_typography-letter-spacing);\"><span class=\" fusion-imageframe imageframe-none imageframe-2 hover-type-none\" style=\"margin-left:25px;float:right;\"><a class=\"fusion-no-lightbox\" href=\"https:\/\/fries.iphos.at\/productos\/cestas-industriales\/materiales-fries\/?lang=es\" target=\"_blank\" aria-label=\"Comp13\/14\" rel=\"noopener noreferrer\"><img decoding=\"async\" width=\"300\" height=\"300\" alt=\"Fries Industriek\u00f6rbe und Werkst\u00fccktr\u00e4ger Material Comp13\/14\" src=\"https:\/\/fries.iphos.at\/wp-content\/uploads\/Comp13_14-300x300.jpg\" class=\"img-responsive wp-image-28245\" srcset=\"https:\/\/fries.iphos.at\/wp-content\/uploads\/Comp13_14-200x200.jpg 200w, https:\/\/fries.iphos.at\/wp-content\/uploads\/Comp13_14-400x400.jpg 400w, https:\/\/fries.iphos.at\/wp-content\/uploads\/Comp13_14.jpg 591w\" sizes=\"(max-width: 0px) 100vw, 400px\" \/><\/a><\/span><\/div><div class=\"fusion-text fusion-text-4 color-industrie orange\"><p style=\"text-align: right;\"><a title=\"FRIES Materiales\" href=\"https:\/\/fries.iphos.at\/productos\/cestas-industriales\/materiales-fries\/?lang=es\" target=\"_blank\" rel=\"noopener noreferrer\"><strong>FRIES Comp 13\/14<\/strong><\/a><\/p>\n<\/div><div class=\"fusion-clearfix\"><\/div><\/div><\/div><div class=\"fusion-layout-column fusion_builder_column fusion-builder-column-6 fusion_builder_column_1_4 1_4 fusion-one-fourth\" style=\"--awb-bg-size:cover;width:25%;width:calc(25% - ( ( 4% + 4% + 4% ) * 0.25 ) );margin-right: 4%;\"><div class=\"fusion-column-wrapper fusion-flex-column-wrapper-legacy\"><div class=\"fusion-image-element fusion-image-align-right in-legacy-container\" style=\"text-align:right;--awb-caption-title-font-family:var(--h2_typography-font-family);--awb-caption-title-font-weight:var(--h2_typography-font-weight);--awb-caption-title-font-style:var(--h2_typography-font-style);--awb-caption-title-size:var(--h2_typography-font-size);--awb-caption-title-transform:var(--h2_typography-text-transform);--awb-caption-title-line-height:var(--h2_typography-line-height);--awb-caption-title-letter-spacing:var(--h2_typography-letter-spacing);\"><span class=\" fusion-imageframe imageframe-none imageframe-3 hover-type-none\" style=\"margin-left:25px;float:right;\"><a class=\"fusion-no-lightbox\" href=\"https:\/\/fries.iphos.at\/productos\/cestas-industriales\/materiales-fries\/?lang=es\" target=\"_self\" aria-label=\"Comp21\/22\"><img decoding=\"async\" width=\"300\" height=\"300\" alt=\"Fries Industriek\u00f6rbe und Werkst\u00fccktr\u00e4ger Material Comp21\/22\" src=\"https:\/\/fries.iphos.at\/wp-content\/uploads\/Comp21_22-300x300.jpg\" class=\"img-responsive wp-image-28253\"\/><\/a><\/span><\/div><div class=\"fusion-text fusion-text-5 color-industrie orange\"><p style=\"text-align: right;\"><a title=\"FRIES Materiales\" href=\"https:\/\/fries.iphos.at\/productos\/cestas-industriales\/materiales-fries\/?lang=es\" target=\"_blank\" rel=\"noopener noreferrer\"><strong>FRIES Comp 21\/22<\/strong><\/a><\/p>\n<\/div><div class=\"fusion-clearfix\"><\/div><\/div><\/div><div class=\"fusion-layout-column fusion_builder_column fusion-builder-column-7 fusion_builder_column_1_4 1_4 fusion-one-fourth fusion-column-last\" style=\"--awb-bg-size:cover;width:25%;width:calc(25% - ( ( 4% + 4% + 4% ) * 0.25 ) );\"><div class=\"fusion-column-wrapper fusion-flex-column-wrapper-legacy\"><div class=\"fusion-image-element fusion-image-align-right in-legacy-container\" style=\"text-align:right;--awb-caption-title-font-family:var(--h2_typography-font-family);--awb-caption-title-font-weight:var(--h2_typography-font-weight);--awb-caption-title-font-style:var(--h2_typography-font-style);--awb-caption-title-size:var(--h2_typography-font-size);--awb-caption-title-transform:var(--h2_typography-text-transform);--awb-caption-title-line-height:var(--h2_typography-line-height);--awb-caption-title-letter-spacing:var(--h2_typography-letter-spacing);\"><span class=\" fusion-imageframe imageframe-none imageframe-4 hover-type-none\" style=\"margin-left:25px;float:right;\"><a class=\"fusion-no-lightbox\" href=\"https:\/\/fries.iphos.at\/productos\/cestas-industriales\/materiales-fries\/?lang=es\" target=\"_self\" aria-label=\"Comp25\"><img decoding=\"async\" width=\"300\" height=\"300\" alt=\"Fries Industriek\u00f6rbe und Werkst\u00fccktr\u00e4ger Material Comp25\" src=\"https:\/\/fries.iphos.at\/wp-content\/uploads\/Comp25-300x300.jpg\" class=\"img-responsive wp-image-28254\" srcset=\"https:\/\/fries.iphos.at\/wp-content\/uploads\/Comp25-200x200.jpg 200w, https:\/\/fries.iphos.at\/wp-content\/uploads\/Comp25-400x400.jpg 400w, https:\/\/fries.iphos.at\/wp-content\/uploads\/Comp25.jpg 591w\" sizes=\"(max-width: 0px) 100vw, 400px\" \/><\/a><\/span><\/div><div class=\"fusion-text fusion-text-6 color-industrie orange\"><p style=\"text-align: right;\"><a title=\"FRIES Materiales\" href=\"https:\/\/fries.iphos.at\/productos\/cestas-industriales\/materiales-fries\/?lang=es\" target=\"_blank\" rel=\"noopener noreferrer\"><strong>Fries Comp 25 (ESD)<\/strong><\/a><\/p>\n<\/div><div class=\"fusion-clearfix\"><\/div><\/div><\/div><\/div><\/div><\/p>\n","protected":false},"excerpt":{"rendered":"","protected":false},"author":4,"featured_media":0,"parent":61348,"menu_order":0,"comment_status":"closed","ping_status":"closed","template":"","meta":{"_acf_changed":false,"footnotes":""},"class_list":["post-20500","page","type-page","status-publish","hentry"],"acf":[],"yoast_head":"<!-- This site is optimized with the Yoast SEO plugin v26.8 - https:\/\/yoast.com\/product\/yoast-seo-wordpress\/ -->\n<title>Portaherramientas techtray para una protecci\u00f3n de componentes<\/title>\n<meta name=\"description\" content=\"Portaherramientas modular techtray garantiza una protecci\u00f3n ideal de los componentes \u25b6\u00a1Apto para la limpieza industrial de piezas, el manejo y la log\u00edstica!\" \/>\n<meta name=\"robots\" content=\"noindex, follow, max-snippet:-1, max-image-preview:large, max-video-preview:-1\" \/>\n<meta name=\"twitter:label1\" content=\"Tiempo de lectura\" \/>\n\t<meta name=\"twitter:data1\" content=\"2 minutos\" \/>\n<script type=\"application\/ld+json\" class=\"yoast-schema-graph\">{\"@context\":\"https:\/\/schema.org\",\"@graph\":[{\"@type\":\"WebPage\",\"@id\":\"https:\/\/fries.iphos.at\/productos\/cestas-industriales\/sistema-portaherramientas-techtray-425-x-276\/?lang=es\",\"url\":\"https:\/\/fries.iphos.at\/productos\/cestas-industriales\/sistema-portaherramientas-techtray-425-x-276\/?lang=es\",\"name\":\"Portaherramientas techtray para una protecci\u00f3n de componentes\",\"isPartOf\":{\"@id\":\"https:\/\/fries.iphos.at\/#website\"},\"datePublished\":\"2016-01-14T21:19:08+00:00\",\"dateModified\":\"2024-10-18T09:12:16+00:00\",\"description\":\"Portaherramientas modular techtray garantiza una protecci\u00f3n ideal de los componentes \u25b6\u00a1Apto para la limpieza industrial de piezas, el manejo y la log\u00edstica!\",\"breadcrumb\":{\"@id\":\"https:\/\/fries.iphos.at\/productos\/cestas-industriales\/sistema-portaherramientas-techtray-425-x-276\/?lang=es#breadcrumb\"},\"inLanguage\":\"es\",\"potentialAction\":[{\"@type\":\"ReadAction\",\"target\":[\"https:\/\/fries.iphos.at\/productos\/cestas-industriales\/sistema-portaherramientas-techtray-425-x-276\/?lang=es\"]}]},{\"@type\":\"BreadcrumbList\",\"@id\":\"https:\/\/fries.iphos.at\/productos\/cestas-industriales\/sistema-portaherramientas-techtray-425-x-276\/?lang=es#breadcrumb\",\"itemListElement\":[{\"@type\":\"ListItem\",\"position\":1,\"name\":\"Home\",\"item\":\"https:\/\/fries.iphos.at\/?lang=es\"},{\"@type\":\"ListItem\",\"position\":2,\"name\":\"Productos\",\"item\":\"https:\/\/fries.iphos.at\/productos\/?lang=es\"},{\"@type\":\"ListItem\",\"position\":3,\"name\":\"Portapiezas y cestas de limpieza\",\"item\":\"https:\/\/fries.iphos.at\/productos\/cestas-industriales\/?lang=es\"},{\"@type\":\"ListItem\",\"position\":4,\"name\":\"Portapiezas techtray\"}]},{\"@type\":\"WebSite\",\"@id\":\"https:\/\/fries.iphos.at\/#website\",\"url\":\"https:\/\/fries.iphos.at\/\",\"name\":\"FRIES\",\"description\":\"\",\"publisher\":{\"@id\":\"https:\/\/fries.iphos.at\/#organization\"},\"potentialAction\":[{\"@type\":\"SearchAction\",\"target\":{\"@type\":\"EntryPoint\",\"urlTemplate\":\"https:\/\/fries.iphos.at\/?s={search_term_string}\"},\"query-input\":{\"@type\":\"PropertyValueSpecification\",\"valueRequired\":true,\"valueName\":\"search_term_string\"}}],\"inLanguage\":\"es\"},{\"@type\":\"Organization\",\"@id\":\"https:\/\/fries.iphos.at\/#organization\",\"name\":\"FRIES Kunststofftechnik GmbH\",\"url\":\"https:\/\/fries.iphos.at\/\",\"logo\":{\"@type\":\"ImageObject\",\"inLanguage\":\"es\",\"@id\":\"https:\/\/fries.iphos.at\/#\/schema\/logo\/image\/\",\"url\":\"https:\/\/fries.iphos.at\/wp-content\/uploads\/fries-logo.png\",\"contentUrl\":\"https:\/\/fries.iphos.at\/wp-content\/uploads\/fries-logo.png\",\"width\":120,\"height\":60,\"caption\":\"FRIES Kunststofftechnik GmbH\"},\"image\":{\"@id\":\"https:\/\/fries.iphos.at\/#\/schema\/logo\/image\/\"},\"sameAs\":[\"https:\/\/www.facebook.com\/FRIESKunststofftechnik\/\",\"https:\/\/www.youtube.com\/channel\/UCc2UgnWJ9Y_-pIXbDIek7wQ\"]}]}<\/script>\n<!-- \/ Yoast SEO plugin. -->","yoast_head_json":{"title":"Portaherramientas techtray para una protecci\u00f3n de componentes","description":"Portaherramientas modular techtray garantiza una protecci\u00f3n ideal de los componentes \u25b6\u00a1Apto para la limpieza industrial de piezas, el manejo y la log\u00edstica!","robots":{"index":"noindex","follow":"follow","max-snippet":"max-snippet:-1","max-image-preview":"max-image-preview:large","max-video-preview":"max-video-preview:-1"},"twitter_misc":{"Tiempo de lectura":"2 minutos"},"schema":{"@context":"https:\/\/schema.org","@graph":[{"@type":"WebPage","@id":"https:\/\/fries.iphos.at\/productos\/cestas-industriales\/sistema-portaherramientas-techtray-425-x-276\/?lang=es","url":"https:\/\/fries.iphos.at\/productos\/cestas-industriales\/sistema-portaherramientas-techtray-425-x-276\/?lang=es","name":"Portaherramientas techtray para una protecci\u00f3n de componentes","isPartOf":{"@id":"https:\/\/fries.iphos.at\/#website"},"datePublished":"2016-01-14T21:19:08+00:00","dateModified":"2024-10-18T09:12:16+00:00","description":"Portaherramientas modular techtray garantiza una protecci\u00f3n ideal de los componentes \u25b6\u00a1Apto para la limpieza industrial de piezas, el manejo y la log\u00edstica!","breadcrumb":{"@id":"https:\/\/fries.iphos.at\/productos\/cestas-industriales\/sistema-portaherramientas-techtray-425-x-276\/?lang=es#breadcrumb"},"inLanguage":"es","potentialAction":[{"@type":"ReadAction","target":["https:\/\/fries.iphos.at\/productos\/cestas-industriales\/sistema-portaherramientas-techtray-425-x-276\/?lang=es"]}]},{"@type":"BreadcrumbList","@id":"https:\/\/fries.iphos.at\/productos\/cestas-industriales\/sistema-portaherramientas-techtray-425-x-276\/?lang=es#breadcrumb","itemListElement":[{"@type":"ListItem","position":1,"name":"Home","item":"https:\/\/fries.iphos.at\/?lang=es"},{"@type":"ListItem","position":2,"name":"Productos","item":"https:\/\/fries.iphos.at\/productos\/?lang=es"},{"@type":"ListItem","position":3,"name":"Portapiezas y cestas de limpieza","item":"https:\/\/fries.iphos.at\/productos\/cestas-industriales\/?lang=es"},{"@type":"ListItem","position":4,"name":"Portapiezas techtray"}]},{"@type":"WebSite","@id":"https:\/\/fries.iphos.at\/#website","url":"https:\/\/fries.iphos.at\/","name":"FRIES","description":"","publisher":{"@id":"https:\/\/fries.iphos.at\/#organization"},"potentialAction":[{"@type":"SearchAction","target":{"@type":"EntryPoint","urlTemplate":"https:\/\/fries.iphos.at\/?s={search_term_string}"},"query-input":{"@type":"PropertyValueSpecification","valueRequired":true,"valueName":"search_term_string"}}],"inLanguage":"es"},{"@type":"Organization","@id":"https:\/\/fries.iphos.at\/#organization","name":"FRIES Kunststofftechnik GmbH","url":"https:\/\/fries.iphos.at\/","logo":{"@type":"ImageObject","inLanguage":"es","@id":"https:\/\/fries.iphos.at\/#\/schema\/logo\/image\/","url":"https:\/\/fries.iphos.at\/wp-content\/uploads\/fries-logo.png","contentUrl":"https:\/\/fries.iphos.at\/wp-content\/uploads\/fries-logo.png","width":120,"height":60,"caption":"FRIES Kunststofftechnik GmbH"},"image":{"@id":"https:\/\/fries.iphos.at\/#\/schema\/logo\/image\/"},"sameAs":["https:\/\/www.facebook.com\/FRIESKunststofftechnik\/","https:\/\/www.youtube.com\/channel\/UCc2UgnWJ9Y_-pIXbDIek7wQ"]}]}},"_links":{"self":[{"href":"https:\/\/fries.iphos.at\/es\/wp-json\/wp\/v2\/pages\/20500","targetHints":{"allow":["GET"]}}],"collection":[{"href":"https:\/\/fries.iphos.at\/es\/wp-json\/wp\/v2\/pages"}],"about":[{"href":"https:\/\/fries.iphos.at\/es\/wp-json\/wp\/v2\/types\/page"}],"author":[{"embeddable":true,"href":"https:\/\/fries.iphos.at\/es\/wp-json\/wp\/v2\/users\/4"}],"replies":[{"embeddable":true,"href":"https:\/\/fries.iphos.at\/es\/wp-json\/wp\/v2\/comments?post=20500"}],"version-history":[{"count":17,"href":"https:\/\/fries.iphos.at\/es\/wp-json\/wp\/v2\/pages\/20500\/revisions"}],"predecessor-version":[{"id":53621,"href":"https:\/\/fries.iphos.at\/es\/wp-json\/wp\/v2\/pages\/20500\/revisions\/53621"}],"up":[{"embeddable":true,"href":"https:\/\/fries.iphos.at\/es\/wp-json\/wp\/v2\/pages\/61348"}],"wp:attachment":[{"href":"https:\/\/fries.iphos.at\/es\/wp-json\/wp\/v2\/media?parent=20500"}],"curies":[{"name":"wp","href":"https:\/\/api.w.org\/{rel}","templated":true}]}}