{"id":19671,"date":"2015-10-05T20:27:02","date_gmt":"2015-10-05T18:27:02","guid":{"rendered":"https:\/\/fries.iphos.at\/aviso-legal\/?lang=es"},"modified":"2024-11-19T15:49:03","modified_gmt":"2024-11-19T13:49:03","slug":"aviso-legal","status":"publish","type":"page","link":"https:\/\/fries.iphos.at\/es\/empresa\/aviso-legal\/","title":{"rendered":"Aviso legal"},"content":{"rendered":"<div class=\"fusion-fullwidth fullwidth-box fusion-builder-row-1 nonhundred-percent-fullwidth non-hundred-percent-height-scrolling\" style=\"--awb-background-position:left top;--awb-border-radius-top-left:0px;--awb-border-radius-top-right:0px;--awb-border-radius-bottom-right:0px;--awb-border-radius-bottom-left:0px;--awb-padding-top:20px;--awb-padding-right:0px;--awb-padding-bottom:20px;--awb-padding-left:0px;--awb-border-sizes-top:0px;--awb-border-sizes-bottom:0px;--awb-flex-wrap:wrap;\" ><div class=\"fusion-builder-row fusion-row\"><div class=\"fusion-layout-column fusion_builder_column fusion-builder-column-0 fusion_builder_column_1_2 1_2 fusion-one-half fusion-column-first\" style=\"--awb-bg-size:cover;width:48%; margin-right: 4%;\"><div class=\"fusion-column-wrapper fusion-flex-column-wrapper-legacy\"><div class=\"fusion-text fusion-text-1 color-verpackung gr\u00fcn\"><h1><span id=\"parent-fieldname-title\">Aviso legal<\/span><\/h1>\n<div class=\"documentDescription\"><strong>Responsable del contenido:<br \/>\n<\/strong><strong>FRIES Kunststofftechnik GmbH<\/strong><\/div>\n<div>\n<div id=\"parent-fieldname-text\">\n[Mag. (FH) Dr. Gerhard Bertsch]\nSch\u00fctzenstra\u00dfe 19 | 6832 Sulz | Austria<br \/>\n<a href=\"tel:+43552249350\">T + 43 (0)5522 4935 -0<\/a> | F +43 (0)5522 4935 -209 |<span class=\"link-\"><a href=\"mailto:office@fries.at\">office@fries.at<\/a><\/span><span class=\"link-\"><a href=\"mailto:info@fries.at\"><br \/>\n<\/a><\/span>N\u00famero de registro mercantil: FN403024 h | Registro Mercantil de \u00a0Vorarlberg<br \/>\nCIF: AT U68 081 639<br \/>\n<span style=\"line-height: 1.5;\">Jurisdicci\u00f3n: 6800 Feldkirch, Austria<\/span><\/p>\n<\/div>\n<\/div>\n<p>Seg\u00fan el apartado 5 p\u00e1rrafo 1 de la ley alemana sobre comercio electr\u00f3nico:<\/p>\n<div id=\"visual-portal-wrapper\">\n<p><strong>Descargo de responsabilidad:<br \/>\n<\/strong>La empresa FRIES Kunststofftechnik GmbH hace todo lo posible para ofrecer informaci\u00f3n veraz y actual en este sitio web.<\/p>\n<\/div>\n<p>No obstante, FRIES Kunststofftechnik GmbH no asume ninguna responsabilidad o garant\u00eda sobre la vigencia y veracidad de la informaci\u00f3n y declina expl\u00edcitamente toda obligaci\u00f3n al respecto. El usuario asume por cuenta propio el riesgo derivado del uso de estas p\u00e1ginas.<\/p>\n<p><strong>Enlaces:<br \/>\n<\/strong>Le informamos que la empresa no ejerce influencia alguna sobre el dise\u00f1o y contenido de las p\u00e1gina enlazadas. Por esta raz\u00f3n, mediante la presente declaraci\u00f3n nos desentendemos expl\u00edcitamente de la totalidad del contenido de las p\u00e1ginas enlazadas de todos los sitios web, subp\u00e1ginas inclusive.<\/p>\n<p>Esta declaraci\u00f3n afecta a todos los enlaces incluidos en la p\u00e1gina de inicio y todo el contenido de las p\u00e1ginas, a las que se accede desde los banners y enlaces.<\/p>\n<\/div><div class=\"fusion-clearfix\"><\/div><\/div><\/div><\/div><\/div>\n","protected":false},"excerpt":{"rendered":"","protected":false},"author":4,"featured_media":0,"parent":19749,"menu_order":0,"comment_status":"closed","ping_status":"closed","template":"","meta":{"_acf_changed":false,"footnotes":""},"class_list":["post-19671","page","type-page","status-publish","hentry"],"acf":[],"yoast_head":"<!-- This site is optimized with the Yoast SEO plugin v26.8 - https:\/\/yoast.com\/product\/yoast-seo-wordpress\/ -->\n<title>Aviso legal | FRIES Kunststofftechnik GmbH<\/title>\n<meta name=\"description\" content=\"Aqu\u00ed encontrar\u00e1 el aviso legal de FRIES Kunststofftechnik GmbH \u25b6Informar aqu\u00ed ahora\" \/>\n<meta name=\"robots\" content=\"noindex, follow, max-snippet:-1, max-image-preview:large, max-video-preview:-1\" \/>\n<meta name=\"twitter:label1\" content=\"Tiempo de lectura\" \/>\n\t<meta name=\"twitter:data1\" content=\"2 minutos\" \/>\n<script type=\"application\/ld+json\" class=\"yoast-schema-graph\">{\"@context\":\"https:\/\/schema.org\",\"@graph\":[{\"@type\":\"WebPage\",\"@id\":\"https:\/\/fries.iphos.at\/empresa\/aviso-legal\/?lang=es\",\"url\":\"https:\/\/fries.iphos.at\/empresa\/aviso-legal\/?lang=es\",\"name\":\"Aviso legal | FRIES Kunststofftechnik GmbH\",\"isPartOf\":{\"@id\":\"https:\/\/fries.iphos.at\/#website\"},\"datePublished\":\"2015-10-05T18:27:02+00:00\",\"dateModified\":\"2024-11-19T13:49:03+00:00\",\"description\":\"Aqu\u00ed encontrar\u00e1 el aviso legal de FRIES Kunststofftechnik GmbH \u25b6Informar aqu\u00ed ahora\",\"breadcrumb\":{\"@id\":\"https:\/\/fries.iphos.at\/empresa\/aviso-legal\/?lang=es#breadcrumb\"},\"inLanguage\":\"es\",\"potentialAction\":[{\"@type\":\"ReadAction\",\"target\":[\"https:\/\/fries.iphos.at\/empresa\/aviso-legal\/?lang=es\"]}]},{\"@type\":\"BreadcrumbList\",\"@id\":\"https:\/\/fries.iphos.at\/empresa\/aviso-legal\/?lang=es#breadcrumb\",\"itemListElement\":[{\"@type\":\"ListItem\",\"position\":1,\"name\":\"Home\",\"item\":\"https:\/\/fries.iphos.at\/?lang=es\"},{\"@type\":\"ListItem\",\"position\":2,\"name\":\"Empresa\",\"item\":\"https:\/\/fries.iphos.at\/empresa\/?lang=es\"},{\"@type\":\"ListItem\",\"position\":3,\"name\":\"Aviso legal\"}]},{\"@type\":\"WebSite\",\"@id\":\"https:\/\/fries.iphos.at\/#website\",\"url\":\"https:\/\/fries.iphos.at\/\",\"name\":\"FRIES\",\"description\":\"\",\"publisher\":{\"@id\":\"https:\/\/fries.iphos.at\/#organization\"},\"potentialAction\":[{\"@type\":\"SearchAction\",\"target\":{\"@type\":\"EntryPoint\",\"urlTemplate\":\"https:\/\/fries.iphos.at\/?s={search_term_string}\"},\"query-input\":{\"@type\":\"PropertyValueSpecification\",\"valueRequired\":true,\"valueName\":\"search_term_string\"}}],\"inLanguage\":\"es\"},{\"@type\":\"Organization\",\"@id\":\"https:\/\/fries.iphos.at\/#organization\",\"name\":\"FRIES Kunststofftechnik GmbH\",\"url\":\"https:\/\/fries.iphos.at\/\",\"logo\":{\"@type\":\"ImageObject\",\"inLanguage\":\"es\",\"@id\":\"https:\/\/fries.iphos.at\/#\/schema\/logo\/image\/\",\"url\":\"https:\/\/fries.iphos.at\/wp-content\/uploads\/fries-logo.png\",\"contentUrl\":\"https:\/\/fries.iphos.at\/wp-content\/uploads\/fries-logo.png\",\"width\":120,\"height\":60,\"caption\":\"FRIES Kunststofftechnik GmbH\"},\"image\":{\"@id\":\"https:\/\/fries.iphos.at\/#\/schema\/logo\/image\/\"},\"sameAs\":[\"https:\/\/www.facebook.com\/FRIESKunststofftechnik\/\",\"https:\/\/www.youtube.com\/channel\/UCc2UgnWJ9Y_-pIXbDIek7wQ\"]}]}<\/script>\n<!-- \/ Yoast SEO plugin. -->","yoast_head_json":{"title":"Aviso legal | FRIES Kunststofftechnik GmbH","description":"Aqu\u00ed encontrar\u00e1 el aviso legal de FRIES Kunststofftechnik GmbH \u25b6Informar aqu\u00ed ahora","robots":{"index":"noindex","follow":"follow","max-snippet":"max-snippet:-1","max-image-preview":"max-image-preview:large","max-video-preview":"max-video-preview:-1"},"twitter_misc":{"Tiempo de lectura":"2 minutos"},"schema":{"@context":"https:\/\/schema.org","@graph":[{"@type":"WebPage","@id":"https:\/\/fries.iphos.at\/empresa\/aviso-legal\/?lang=es","url":"https:\/\/fries.iphos.at\/empresa\/aviso-legal\/?lang=es","name":"Aviso legal | FRIES Kunststofftechnik GmbH","isPartOf":{"@id":"https:\/\/fries.iphos.at\/#website"},"datePublished":"2015-10-05T18:27:02+00:00","dateModified":"2024-11-19T13:49:03+00:00","description":"Aqu\u00ed encontrar\u00e1 el aviso legal de FRIES Kunststofftechnik GmbH \u25b6Informar aqu\u00ed ahora","breadcrumb":{"@id":"https:\/\/fries.iphos.at\/empresa\/aviso-legal\/?lang=es#breadcrumb"},"inLanguage":"es","potentialAction":[{"@type":"ReadAction","target":["https:\/\/fries.iphos.at\/empresa\/aviso-legal\/?lang=es"]}]},{"@type":"BreadcrumbList","@id":"https:\/\/fries.iphos.at\/empresa\/aviso-legal\/?lang=es#breadcrumb","itemListElement":[{"@type":"ListItem","position":1,"name":"Home","item":"https:\/\/fries.iphos.at\/?lang=es"},{"@type":"ListItem","position":2,"name":"Empresa","item":"https:\/\/fries.iphos.at\/empresa\/?lang=es"},{"@type":"ListItem","position":3,"name":"Aviso legal"}]},{"@type":"WebSite","@id":"https:\/\/fries.iphos.at\/#website","url":"https:\/\/fries.iphos.at\/","name":"FRIES","description":"","publisher":{"@id":"https:\/\/fries.iphos.at\/#organization"},"potentialAction":[{"@type":"SearchAction","target":{"@type":"EntryPoint","urlTemplate":"https:\/\/fries.iphos.at\/?s={search_term_string}"},"query-input":{"@type":"PropertyValueSpecification","valueRequired":true,"valueName":"search_term_string"}}],"inLanguage":"es"},{"@type":"Organization","@id":"https:\/\/fries.iphos.at\/#organization","name":"FRIES Kunststofftechnik GmbH","url":"https:\/\/fries.iphos.at\/","logo":{"@type":"ImageObject","inLanguage":"es","@id":"https:\/\/fries.iphos.at\/#\/schema\/logo\/image\/","url":"https:\/\/fries.iphos.at\/wp-content\/uploads\/fries-logo.png","contentUrl":"https:\/\/fries.iphos.at\/wp-content\/uploads\/fries-logo.png","width":120,"height":60,"caption":"FRIES Kunststofftechnik GmbH"},"image":{"@id":"https:\/\/fries.iphos.at\/#\/schema\/logo\/image\/"},"sameAs":["https:\/\/www.facebook.com\/FRIESKunststofftechnik\/","https:\/\/www.youtube.com\/channel\/UCc2UgnWJ9Y_-pIXbDIek7wQ"]}]}},"_links":{"self":[{"href":"https:\/\/fries.iphos.at\/es\/wp-json\/wp\/v2\/pages\/19671","targetHints":{"allow":["GET"]}}],"collection":[{"href":"https:\/\/fries.iphos.at\/es\/wp-json\/wp\/v2\/pages"}],"about":[{"href":"https:\/\/fries.iphos.at\/es\/wp-json\/wp\/v2\/types\/page"}],"author":[{"embeddable":true,"href":"https:\/\/fries.iphos.at\/es\/wp-json\/wp\/v2\/users\/4"}],"replies":[{"embeddable":true,"href":"https:\/\/fries.iphos.at\/es\/wp-json\/wp\/v2\/comments?post=19671"}],"version-history":[{"count":9,"href":"https:\/\/fries.iphos.at\/es\/wp-json\/wp\/v2\/pages\/19671\/revisions"}],"predecessor-version":[{"id":30993,"href":"https:\/\/fries.iphos.at\/es\/wp-json\/wp\/v2\/pages\/19671\/revisions\/30993"}],"up":[{"embeddable":true,"href":"https:\/\/fries.iphos.at\/es\/wp-json\/wp\/v2\/pages\/19749"}],"wp:attachment":[{"href":"https:\/\/fries.iphos.at\/es\/wp-json\/wp\/v2\/media?parent=19671"}],"curies":[{"name":"wp","href":"https:\/\/api.w.org\/{rel}","templated":true}]}}