{"id":44497,"date":"2023-09-28T08:29:43","date_gmt":"2023-09-28T06:29:43","guid":{"rendered":"https:\/\/fries.iphos.at\/?page_id=44497"},"modified":"2024-09-05T11:31:45","modified_gmt":"2024-09-05T09:31:45","slug":"cleaning-rack-tech-rack-custom-400x300","status":"publish","type":"page","link":"https:\/\/fries.iphos.at\/en\/products\/industrial-baskets\/cleaning-rack-tech-rack-custom-400x300\/","title":{"rendered":"Tech-rack custom+ cleaning rack 400&#215;300"},"content":{"rendered":"<p><div class=\"fusion-fullwidth fullwidth-box fusion-builder-row-1 hundred-percent-fullwidth non-hundred-percent-height-scrolling\" style=\"--awb-border-radius-top-left:0px;--awb-border-radius-top-right:0px;--awb-border-radius-bottom-right:0px;--awb-border-radius-bottom-left:0px;--awb-overflow:visible;--awb-flex-wrap:wrap;\" ><div class=\"fusion-builder-row fusion-row\"><div class=\"fusion-layout-column fusion_builder_column fusion-builder-column-0 fusion_builder_column_1_3 1_3 fusion-one-third fusion-column-first\" style=\"--awb-bg-size:cover;width:30.6666%; margin-right: 4%;\"><div class=\"fusion-column-wrapper fusion-flex-column-wrapper-legacy\"><div class=\"fusion-image-element in-legacy-container\" style=\"--awb-caption-title-font-family:var(--h2_typography-font-family);--awb-caption-title-font-weight:var(--h2_typography-font-weight);--awb-caption-title-font-style:var(--h2_typography-font-style);--awb-caption-title-size:var(--h2_typography-font-size);--awb-caption-title-transform:var(--h2_typography-text-transform);--awb-caption-title-line-height:var(--h2_typography-line-height);--awb-caption-title-letter-spacing:var(--h2_typography-letter-spacing);\"><span class=\" fusion-imageframe imageframe-none imageframe-1 hover-type-none\"><a href=\"https:\/\/fries.iphos.at\/wp-content\/uploads\/tech-rack-custom-400x300-1.png\" class=\"fusion-lightbox\" data-rel=\"iLightbox[966f442eebddcd2c99d]\" data-title=\"tech-rack-custom+-400&#215;300\" title=\"tech-rack-custom+-400&#215;300\"><img decoding=\"async\" width=\"242\" height=\"242\" src=\"https:\/\/fries.iphos.at\/wp-content\/uploads\/tech-rack-custom-400x300-1.png\" alt class=\"img-responsive wp-image-44510\" srcset=\"https:\/\/fries.iphos.at\/wp-content\/uploads\/tech-rack-custom-400x300-1-200x200.png 200w, https:\/\/fries.iphos.at\/wp-content\/uploads\/tech-rack-custom-400x300-1.png 242w\" sizes=\"(max-width: 0px) 100vw, 242px\" \/><\/a><\/span><\/div><div class=\"fusion-text fusion-text-1 color-industrie orange\"><h4><a href=\"https:\/\/fries.iphos.at\/wp-content\/uploads\/FRIES_Werkst%C3%BCcktr%C3%A4ger_Reinigungsk%C3%B6rbe.pdf\" target=\"_blank\" rel=\"noopener noreferrer\">Download brochure<\/a><\/h4>\n<\/div><div class=\"fusion-alignleft\"><a class=\"fusion-button button-flat fusion-button-default-size button-custom fusion-button-default button-1 fusion-button-default-span fusion-button-default-type color-verpackung\" style=\"--button_accent_color:#ffffff;--button_border_color:#ef7c00;--button_accent_hover_color:#ffffff;--button_border_hover_color:#ef7c00;--button_gradient_top_color:#ef7c00;--button_gradient_bottom_color:#ef7c00;--button_gradient_top_color_hover:#ef7c00;--button_gradient_bottom_color_hover:#ef7c00;--button_text_transform:none;--button_margin-top:20px;--button_margin-bottom:20px;\" target=\"_self\" href=\"https:\/\/fries.iphos.at\/contact\/?lang=en&amp;your-subject=Anfrage Industriekorb tech-rack custom+ 400x300\"><span class=\"fusion-button-text awb-button__text awb-button__text--default\">Get more information <\/span><\/a><\/div><div class=\"fusion-image-element in-legacy-container\" style=\"--awb-caption-title-font-family:var(--h2_typography-font-family);--awb-caption-title-font-weight:var(--h2_typography-font-weight);--awb-caption-title-font-style:var(--h2_typography-font-style);--awb-caption-title-size:var(--h2_typography-font-size);--awb-caption-title-transform:var(--h2_typography-text-transform);--awb-caption-title-line-height:var(--h2_typography-line-height);--awb-caption-title-letter-spacing:var(--h2_typography-letter-spacing);\"><span class=\" fusion-imageframe imageframe-none imageframe-2 hover-type-none\"><img decoding=\"async\" width=\"300\" height=\"126\" title=\"Bild_RFID-Chip_EN\" src=\"https:\/\/fries.iphos.at\/wp-content\/uploads\/Bild_RFID-Chip_EN-300x126.png\" alt class=\"img-responsive wp-image-51651\" srcset=\"https:\/\/fries.iphos.at\/wp-content\/uploads\/Bild_RFID-Chip_EN-200x84.png 200w, https:\/\/fries.iphos.at\/wp-content\/uploads\/Bild_RFID-Chip_EN-400x169.png 400w, https:\/\/fries.iphos.at\/wp-content\/uploads\/Bild_RFID-Chip_EN-600x253.png 600w, https:\/\/fries.iphos.at\/wp-content\/uploads\/Bild_RFID-Chip_EN-800x337.png 800w, https:\/\/fries.iphos.at\/wp-content\/uploads\/Bild_RFID-Chip_EN.png 1008w\" sizes=\"(max-width: 0px) 100vw, 400px\" \/><\/span><\/div><div class=\"fusion-text fusion-text-2 color-industrie orange\"><h4><a href=\"#rfid-chip\">learn more<\/a><\/h4>\n<\/div><div class=\"fusion-clearfix\"><\/div><\/div><\/div><div class=\"fusion-layout-column fusion_builder_column fusion-builder-column-1 fusion_builder_column_2_3 2_3 fusion-two-third fusion-column-last\" style=\"--awb-bg-size:cover;width:65.3333%;\"><div class=\"fusion-column-wrapper fusion-flex-column-wrapper-legacy\"><div class=\"fusion-text fusion-text-3 color-industrie orange\"><h1>Tech-rack custom+ cleaning rack<\/h1>\n<p><strong>Efficient industrial rack for fully automated manufacturing processes<\/strong><\/p>\n<p>The tech-rack custom+ 400&#215;300 industrial rack enables thorough and gentle cleaning as well as the storage and transport of sensitive components and workpieces. The racks are not only designed so that robots can load and unload the parts in and out of them, but also so that they can be stacked on pallets using a gripper. The tech-rack custom+ offers a wide range of configuration options with pins or longitudinal and cross dividers. The beveled stacking edges \/ stacking knobs counteract the capillary effect.<\/p>\n<p><strong>FRIES tech-rack custom+ advantages at a glance<br \/>\n<\/strong><\/p>\n<ul>\n<li>Designed for automation: enables loading and unloading by robots<\/li>\n<li>All-in-one cleaning rack: a rack for cleaning, transportation and storage<\/li>\n<li>Efficient cleaning with optimized accessibility, with top product protection for sensitive surfaces<\/li>\n<li>Beveled stacking edges prevent the capillary effect<\/li>\n<li>Optional component-oriented grid floor<\/li>\n<li>Height for each rack can be extended via rotary extender<\/li>\n<li>Rounded corners prevent delicate surfaces from being damaged<\/li>\n<li>The longitudinal and cross dividers are fastened into the bottom plate, which counteracts the capillary effect<\/li>\n<li>Light-weight: tech-rack custom+ is lighter than comparable stainless steel racks<\/li>\n<li>Custom configuration options for the greatest possible variety of component fixtures<\/li>\n<li>Optional recessed grip for easier handling<\/li>\n<li>Labeling and contact-free data transfer (RFID) option that enables logistical and technical production processes to be seamlessly tracked<\/li>\n<li>Dimensions suitable for both EURO pallets (1200 x 800 mm) and industrial pallets (1200 x 1000 mm).<\/li>\n<\/ul>\n<h4><\/h4>\n<\/div><div class=\"fusion-clearfix\"><\/div><\/div><\/div><\/div><\/div><div class=\"fusion-fullwidth fullwidth-box fusion-builder-row-2 nonhundred-percent-fullwidth non-hundred-percent-height-scrolling\" style=\"--awb-border-radius-top-left:0px;--awb-border-radius-top-right:0px;--awb-border-radius-bottom-right:0px;--awb-border-radius-bottom-left:0px;--awb-flex-wrap:wrap;\" ><div class=\"fusion-builder-row fusion-row\"><div class=\"fusion-layout-column fusion_builder_column fusion-builder-column-2 fusion_builder_column_1_3 1_3 fusion-one-third fusion-column-first\" style=\"--awb-bg-size:cover;width:33.333333333333%;width:calc(33.333333333333% - ( ( 4% ) * 0.33333333333333 ) );margin-right: 4%;\"><div class=\"fusion-column-wrapper fusion-flex-column-wrapper-legacy\"><div class=\"fusion-clearfix\"><\/div><\/div><\/div><div class=\"fusion-layout-column fusion_builder_column fusion-builder-column-3 fusion_builder_column_2_3 2_3 fusion-two-third fusion-column-last\" style=\"--awb-bg-size:cover;width:66.666666666667%;width:calc(66.666666666667% - ( ( 4% ) * 0.66666666666667 ) );\"><div class=\"fusion-column-wrapper fusion-flex-column-wrapper-legacy\"><div class=\"fusion-text fusion-text-4 color-industrie orange\"><p><strong>Material design:<\/strong><\/p>\n<p>The tech-rack custom+ cleaning rack is available in the following <a title=\"FRIES materials\" href=\"https:\/\/fries.iphos.at\/products\/industrial-baskets\/fries-materials\/?lang=en\" target=\"_blank\" rel=\"noopener noreferrer\">material design<\/a>:<\/p>\n<\/div><div class=\"fusion-clearfix\"><\/div><\/div><\/div><div class=\"fusion-layout-column fusion_builder_column fusion-builder-column-4 fusion_builder_column_1_3 1_3 fusion-one-third fusion-column-first\" style=\"--awb-bg-size:cover;width:33.333333333333%;width:calc(33.333333333333% - ( ( 4% + 4% ) * 0.33333333333333 ) );margin-right: 4%;\"><div class=\"fusion-column-wrapper fusion-flex-column-wrapper-legacy\"><div class=\"fusion-clearfix\"><\/div><\/div><\/div><div class=\"fusion-layout-column fusion_builder_column fusion-builder-column-5 fusion_builder_column_1_3 1_3 fusion-one-third\" style=\"--awb-bg-size:cover;width:33.333333333333%;width:calc(33.333333333333% - ( ( 4% + 4% ) * 0.33333333333333 ) );margin-right: 4%;\"><div class=\"fusion-column-wrapper fusion-flex-column-wrapper-legacy\"><div class=\"fusion-image-element in-legacy-container\" style=\"--awb-caption-title-font-family:var(--h2_typography-font-family);--awb-caption-title-font-weight:var(--h2_typography-font-weight);--awb-caption-title-font-style:var(--h2_typography-font-style);--awb-caption-title-size:var(--h2_typography-font-size);--awb-caption-title-transform:var(--h2_typography-text-transform);--awb-caption-title-line-height:var(--h2_typography-line-height);--awb-caption-title-letter-spacing:var(--h2_typography-letter-spacing);\"><span class=\" fusion-imageframe imageframe-none imageframe-3 hover-type-none\"><a class=\"fusion-no-lightbox\" href=\"https:\/\/fries.iphos.at\/produkte\/industrie\/kunststoff-die-bewaehrte-alternative-zu-metall\/\" target=\"_self\" aria-label=\"Comp21\/22\"><img decoding=\"async\" width=\"300\" height=\"300\" alt=\"Fries Industriek\u00f6rbe und Werkst\u00fccktr\u00e4ger Material Comp21\/22\" src=\"https:\/\/fries.iphos.at\/wp-content\/uploads\/Comp21_22-300x300.jpg\" class=\"img-responsive wp-image-28253\"\/><\/a><\/span><\/div><div class=\"fusion-text fusion-text-5 color-industrie orange\"><p style=\"text-align: center;\"><a title=\"FRIES materials\" href=\"https:\/\/fries.iphos.at\/produkte\/industrie\/kunststoff-die-bewaehrte-alternative-zu-metall\/\" target=\"_blank\" rel=\"noopener noreferrer\"><strong>FRIES Comp 21\/22<\/strong><\/a><\/p>\n<\/div><div class=\"fusion-clearfix\"><\/div><\/div><\/div><div class=\"fusion-layout-column fusion_builder_column fusion-builder-column-6 fusion_builder_column_1_3 1_3 fusion-one-third fusion-column-last\" style=\"--awb-bg-size:cover;width:33.333333333333%;width:calc(33.333333333333% - ( ( 4% + 4% ) * 0.33333333333333 ) );\"><div class=\"fusion-column-wrapper fusion-flex-column-wrapper-legacy\"><div class=\"fusion-clearfix\"><\/div><\/div><\/div><\/div><\/div><div id=\"rfid-chip\" class=\"fusion-container-anchor\"><div class=\"fusion-fullwidth fullwidth-box fusion-builder-row-3 fusion-flex-container has-pattern-background has-mask-background nonhundred-percent-fullwidth non-hundred-percent-height-scrolling\" style=\"--awb-border-radius-top-left:0px;--awb-border-radius-top-right:0px;--awb-border-radius-bottom-right:0px;--awb-border-radius-bottom-left:0px;--awb-flex-wrap:wrap;\" ><div class=\"fusion-builder-row fusion-row fusion-flex-align-items-flex-start fusion-flex-content-wrap\" style=\"max-width:1144px;margin-left: calc(-4% \/ 2 );margin-right: calc(-4% \/ 2 );\"><div class=\"fusion-layout-column fusion_builder_column fusion-builder-column-7 fusion_builder_column_1_1 1_1 fusion-flex-column\" style=\"--awb-bg-size:cover;--awb-width-large:100%;--awb-margin-top-large:0px;--awb-spacing-right-large:1.92%;--awb-margin-bottom-large:20px;--awb-spacing-left-large:1.92%;--awb-width-medium:100%;--awb-order-medium:0;--awb-spacing-right-medium:1.92%;--awb-spacing-left-medium:1.92%;--awb-width-small:100%;--awb-order-small:0;--awb-spacing-right-small:1.92%;--awb-spacing-left-small:1.92%;\"><div class=\"fusion-column-wrapper fusion-column-has-shadow fusion-flex-justify-content-flex-start fusion-content-layout-column\"><div class=\"fusion-separator fusion-full-width-sep\" style=\"align-self: center;margin-left: auto;margin-right: auto;width:100%;\"><div class=\"fusion-separator-border sep-single sep-solid\" style=\"--awb-height:20px;--awb-amount:20px;border-color:#e0dede;border-top-width:1px;\"><\/div><\/div><\/div><\/div><\/div><\/div><\/div><div class=\"fusion-fullwidth fullwidth-box fusion-builder-row-4 fusion-flex-container has-pattern-background has-mask-background color-industrie orange nonhundred-percent-fullwidth non-hundred-percent-height-scrolling\" style=\"--awb-border-radius-top-left:0px;--awb-border-radius-top-right:0px;--awb-border-radius-bottom-right:0px;--awb-border-radius-bottom-left:0px;--awb-flex-wrap:wrap;\" ><div class=\"fusion-builder-row fusion-row fusion-flex-align-items-flex-start fusion-flex-content-wrap\" style=\"max-width:1144px;margin-left: calc(-4% \/ 2 );margin-right: calc(-4% \/ 2 );\"><div class=\"fusion-layout-column fusion_builder_column fusion-builder-column-8 fusion_builder_column_1_3 1_3 fusion-flex-column\" style=\"--awb-bg-size:cover;--awb-width-large:33.333333333333%;--awb-margin-top-large:0px;--awb-spacing-right-large:5.76%;--awb-margin-bottom-large:20px;--awb-spacing-left-large:5.76%;--awb-width-medium:100%;--awb-order-medium:0;--awb-spacing-right-medium:1.92%;--awb-spacing-left-medium:1.92%;--awb-width-small:100%;--awb-order-small:0;--awb-spacing-right-small:1.92%;--awb-spacing-left-small:1.92%;\"><div class=\"fusion-column-wrapper fusion-column-has-shadow fusion-flex-justify-content-flex-start fusion-content-layout-column\"><div class=\"fusion-image-element \" style=\"--awb-caption-title-font-family:var(--h2_typography-font-family);--awb-caption-title-font-weight:var(--h2_typography-font-weight);--awb-caption-title-font-style:var(--h2_typography-font-style);--awb-caption-title-size:var(--h2_typography-font-size);--awb-caption-title-transform:var(--h2_typography-text-transform);--awb-caption-title-line-height:var(--h2_typography-line-height);--awb-caption-title-letter-spacing:var(--h2_typography-letter-spacing);\"><span class=\" fusion-imageframe imageframe-none imageframe-5 hover-type-none\"><img decoding=\"async\" width=\"300\" height=\"300\" title=\"Detailansicht_RFID\" src=\"https:\/\/fries.iphos.at\/wp-content\/uploads\/Detailansicht_RFID-1-300x300.jpg\" alt class=\"img-responsive wp-image-51653\" srcset=\"https:\/\/fries.iphos.at\/wp-content\/uploads\/Detailansicht_RFID-1-200x200.jpg 200w, https:\/\/fries.iphos.at\/wp-content\/uploads\/Detailansicht_RFID-1-400x400.jpg 400w, https:\/\/fries.iphos.at\/wp-content\/uploads\/Detailansicht_RFID-1.jpg 504w\" sizes=\"(max-width: 1024px) 100vw, (max-width: 1455px) 100vw, 400px\" \/><\/span><\/div><\/div><\/div><div class=\"fusion-layout-column fusion_builder_column fusion-builder-column-9 fusion_builder_column_2_3 2_3 fusion-flex-column color-industrie orange\" style=\"--awb-bg-size:cover;--awb-width-large:66.666666666667%;--awb-margin-top-large:0px;--awb-spacing-right-large:2.88%;--awb-margin-bottom-large:20px;--awb-spacing-left-large:2.88%;--awb-width-medium:100%;--awb-order-medium:0;--awb-spacing-right-medium:1.92%;--awb-spacing-left-medium:1.92%;--awb-width-small:100%;--awb-order-small:0;--awb-spacing-right-small:1.92%;--awb-spacing-left-small:1.92%;\" data-scroll-devices=\"small-visibility,medium-visibility,large-visibility\"><div class=\"fusion-column-wrapper fusion-column-has-shadow fusion-flex-justify-content-flex-start fusion-content-layout-column\"><div class=\"fusion-text fusion-text-6 color-industrie orange\"><h2>Industrial washing rack with RFID chip<\/h2>\n<p>The Custom+ washing rack 400x300 is now available with an integrated RFID chip that optimises the automation of your production processes, thereby ensuring greater efficiency and improved monitoring.<\/p>\n<p><strong>The advantages of using RFID chips in production:<\/strong><\/p>\n<ul>\n<li>Contactless data storage: Information on the washing rack and its contents is captured effortlessly and without any need for physical contact.<\/li>\n<li>Optimisation of production through automation and transparency:\n<ul>\n<li>Product traceability: Processes can be registered rapidly, which enables seamless tracking and traceability.<\/li>\n<li>Automated process steps: Programmed procedures, such as specialized cleaning programs, are carried out reliably and efficiently.<\/li>\n<\/ul>\n<\/li>\n<\/ul>\n<\/div><\/div><\/div><\/div><\/div><\/p>\n","protected":false},"excerpt":{"rendered":"","protected":false},"author":22,"featured_media":0,"parent":61347,"menu_order":0,"comment_status":"closed","ping_status":"closed","template":"","meta":{"_acf_changed":false,"footnotes":""},"class_list":["post-44497","page","type-page","status-publish","hentry"],"acf":[],"yoast_head":"<!-- This site is optimized with the Yoast SEO plugin v26.8 - https:\/\/yoast.com\/product\/yoast-seo-wordpress\/ -->\n<title>Industrial tech-rack custom+ cleaning rack 400x300<\/title>\n<meta name=\"description\" content=\"The tech-rack custom+ cleaning rack is ideal for industrial parts cleaning \u2714Suitable for full automation \u2714Customization is possible\" \/>\n<meta name=\"robots\" content=\"noindex, follow, max-snippet:-1, max-image-preview:large, max-video-preview:-1\" \/>\n<meta name=\"twitter:label1\" content=\"Est. reading time\" \/>\n\t<meta name=\"twitter:data1\" content=\"3 minutes\" \/>\n<script type=\"application\/ld+json\" class=\"yoast-schema-graph\">{\"@context\":\"https:\/\/schema.org\",\"@graph\":[{\"@type\":\"WebPage\",\"@id\":\"https:\/\/fries.iphos.at\/products\/industrial-baskets\/cleaning-rack-tech-rack-custom-400x300\/?lang=en\",\"url\":\"https:\/\/fries.iphos.at\/products\/industrial-baskets\/cleaning-rack-tech-rack-custom-400x300\/?lang=en\",\"name\":\"Industrial tech-rack custom+ cleaning rack 400x300\",\"isPartOf\":{\"@id\":\"https:\/\/fries.iphos.at\/#website\"},\"datePublished\":\"2023-09-28T06:29:43+00:00\",\"dateModified\":\"2024-09-05T09:31:45+00:00\",\"description\":\"The tech-rack custom+ cleaning rack is ideal for industrial parts cleaning \u2714Suitable for full automation \u2714Customization is possible\",\"breadcrumb\":{\"@id\":\"https:\/\/fries.iphos.at\/products\/industrial-baskets\/cleaning-rack-tech-rack-custom-400x300\/?lang=en#breadcrumb\"},\"inLanguage\":\"en-US\",\"potentialAction\":[{\"@type\":\"ReadAction\",\"target\":[\"https:\/\/fries.iphos.at\/products\/industrial-baskets\/cleaning-rack-tech-rack-custom-400x300\/?lang=en\"]}]},{\"@type\":\"BreadcrumbList\",\"@id\":\"https:\/\/fries.iphos.at\/products\/industrial-baskets\/cleaning-rack-tech-rack-custom-400x300\/?lang=en#breadcrumb\",\"itemListElement\":[{\"@type\":\"ListItem\",\"position\":1,\"name\":\"Home\",\"item\":\"https:\/\/fries.iphos.at\/?lang=en\"},{\"@type\":\"ListItem\",\"position\":2,\"name\":\"Products\",\"item\":\"https:\/\/fries.iphos.at\/products\/?lang=en\"},{\"@type\":\"ListItem\",\"position\":3,\"name\":\"Workpiece carriers and cleaning baskets\",\"item\":\"https:\/\/fries.iphos.at\/products\/industrial-baskets\/?lang=en\"},{\"@type\":\"ListItem\",\"position\":4,\"name\":\"Tech-rack custom+ cleaning rack 400&#215;300\"}]},{\"@type\":\"WebSite\",\"@id\":\"https:\/\/fries.iphos.at\/#website\",\"url\":\"https:\/\/fries.iphos.at\/\",\"name\":\"FRIES\",\"description\":\"\",\"publisher\":{\"@id\":\"https:\/\/fries.iphos.at\/#organization\"},\"potentialAction\":[{\"@type\":\"SearchAction\",\"target\":{\"@type\":\"EntryPoint\",\"urlTemplate\":\"https:\/\/fries.iphos.at\/?s={search_term_string}\"},\"query-input\":{\"@type\":\"PropertyValueSpecification\",\"valueRequired\":true,\"valueName\":\"search_term_string\"}}],\"inLanguage\":\"en-US\"},{\"@type\":\"Organization\",\"@id\":\"https:\/\/fries.iphos.at\/#organization\",\"name\":\"FRIES Kunststofftechnik GmbH\",\"url\":\"https:\/\/fries.iphos.at\/\",\"logo\":{\"@type\":\"ImageObject\",\"inLanguage\":\"en-US\",\"@id\":\"https:\/\/fries.iphos.at\/#\/schema\/logo\/image\/\",\"url\":\"https:\/\/fries.iphos.at\/wp-content\/uploads\/fries-logo.png\",\"contentUrl\":\"https:\/\/fries.iphos.at\/wp-content\/uploads\/fries-logo.png\",\"width\":120,\"height\":60,\"caption\":\"FRIES Kunststofftechnik GmbH\"},\"image\":{\"@id\":\"https:\/\/fries.iphos.at\/#\/schema\/logo\/image\/\"},\"sameAs\":[\"https:\/\/www.facebook.com\/FRIESKunststofftechnik\/\",\"https:\/\/www.youtube.com\/channel\/UCc2UgnWJ9Y_-pIXbDIek7wQ\"]}]}<\/script>\n<!-- \/ Yoast SEO plugin. -->","yoast_head_json":{"title":"Industrial tech-rack custom+ cleaning rack 400x300","description":"The tech-rack custom+ cleaning rack is ideal for industrial parts cleaning \u2714Suitable for full automation \u2714Customization is possible","robots":{"index":"noindex","follow":"follow","max-snippet":"max-snippet:-1","max-image-preview":"max-image-preview:large","max-video-preview":"max-video-preview:-1"},"twitter_misc":{"Est. reading time":"3 minutes"},"schema":{"@context":"https:\/\/schema.org","@graph":[{"@type":"WebPage","@id":"https:\/\/fries.iphos.at\/products\/industrial-baskets\/cleaning-rack-tech-rack-custom-400x300\/?lang=en","url":"https:\/\/fries.iphos.at\/products\/industrial-baskets\/cleaning-rack-tech-rack-custom-400x300\/?lang=en","name":"Industrial tech-rack custom+ cleaning rack 400x300","isPartOf":{"@id":"https:\/\/fries.iphos.at\/#website"},"datePublished":"2023-09-28T06:29:43+00:00","dateModified":"2024-09-05T09:31:45+00:00","description":"The tech-rack custom+ cleaning rack is ideal for industrial parts cleaning \u2714Suitable for full automation \u2714Customization is possible","breadcrumb":{"@id":"https:\/\/fries.iphos.at\/products\/industrial-baskets\/cleaning-rack-tech-rack-custom-400x300\/?lang=en#breadcrumb"},"inLanguage":"en-US","potentialAction":[{"@type":"ReadAction","target":["https:\/\/fries.iphos.at\/products\/industrial-baskets\/cleaning-rack-tech-rack-custom-400x300\/?lang=en"]}]},{"@type":"BreadcrumbList","@id":"https:\/\/fries.iphos.at\/products\/industrial-baskets\/cleaning-rack-tech-rack-custom-400x300\/?lang=en#breadcrumb","itemListElement":[{"@type":"ListItem","position":1,"name":"Home","item":"https:\/\/fries.iphos.at\/?lang=en"},{"@type":"ListItem","position":2,"name":"Products","item":"https:\/\/fries.iphos.at\/products\/?lang=en"},{"@type":"ListItem","position":3,"name":"Workpiece carriers and cleaning baskets","item":"https:\/\/fries.iphos.at\/products\/industrial-baskets\/?lang=en"},{"@type":"ListItem","position":4,"name":"Tech-rack custom+ cleaning rack 400&#215;300"}]},{"@type":"WebSite","@id":"https:\/\/fries.iphos.at\/#website","url":"https:\/\/fries.iphos.at\/","name":"FRIES","description":"","publisher":{"@id":"https:\/\/fries.iphos.at\/#organization"},"potentialAction":[{"@type":"SearchAction","target":{"@type":"EntryPoint","urlTemplate":"https:\/\/fries.iphos.at\/?s={search_term_string}"},"query-input":{"@type":"PropertyValueSpecification","valueRequired":true,"valueName":"search_term_string"}}],"inLanguage":"en-US"},{"@type":"Organization","@id":"https:\/\/fries.iphos.at\/#organization","name":"FRIES Kunststofftechnik GmbH","url":"https:\/\/fries.iphos.at\/","logo":{"@type":"ImageObject","inLanguage":"en-US","@id":"https:\/\/fries.iphos.at\/#\/schema\/logo\/image\/","url":"https:\/\/fries.iphos.at\/wp-content\/uploads\/fries-logo.png","contentUrl":"https:\/\/fries.iphos.at\/wp-content\/uploads\/fries-logo.png","width":120,"height":60,"caption":"FRIES Kunststofftechnik GmbH"},"image":{"@id":"https:\/\/fries.iphos.at\/#\/schema\/logo\/image\/"},"sameAs":["https:\/\/www.facebook.com\/FRIESKunststofftechnik\/","https:\/\/www.youtube.com\/channel\/UCc2UgnWJ9Y_-pIXbDIek7wQ"]}]}},"_links":{"self":[{"href":"https:\/\/fries.iphos.at\/en\/wp-json\/wp\/v2\/pages\/44497","targetHints":{"allow":["GET"]}}],"collection":[{"href":"https:\/\/fries.iphos.at\/en\/wp-json\/wp\/v2\/pages"}],"about":[{"href":"https:\/\/fries.iphos.at\/en\/wp-json\/wp\/v2\/types\/page"}],"author":[{"embeddable":true,"href":"https:\/\/fries.iphos.at\/en\/wp-json\/wp\/v2\/users\/22"}],"replies":[{"embeddable":true,"href":"https:\/\/fries.iphos.at\/en\/wp-json\/wp\/v2\/comments?post=44497"}],"version-history":[{"count":20,"href":"https:\/\/fries.iphos.at\/en\/wp-json\/wp\/v2\/pages\/44497\/revisions"}],"predecessor-version":[{"id":51660,"href":"https:\/\/fries.iphos.at\/en\/wp-json\/wp\/v2\/pages\/44497\/revisions\/51660"}],"up":[{"embeddable":true,"href":"https:\/\/fries.iphos.at\/en\/wp-json\/wp\/v2\/pages\/61347"}],"wp:attachment":[{"href":"https:\/\/fries.iphos.at\/en\/wp-json\/wp\/v2\/media?parent=44497"}],"curies":[{"name":"wp","href":"https:\/\/api.w.org\/{rel}","templated":true}]}}