{"id":29851,"date":"2020-05-15T09:57:29","date_gmt":"2020-05-15T07:57:29","guid":{"rendered":"https:\/\/fries.iphos.at\/products\/industrial-baskets\/fries-materials\/"},"modified":"2020-12-22T16:19:36","modified_gmt":"2020-12-22T14:19:36","slug":"fries-materials","status":"publish","type":"page","link":"https:\/\/fries.iphos.at\/en\/products\/industrial-baskets\/fries-materials\/","title":{"rendered":"FRIES materials"},"content":{"rendered":"<p><div class=\"fusion-fullwidth fullwidth-box fusion-builder-row-1 nonhundred-percent-fullwidth non-hundred-percent-height-scrolling\" style=\"--awb-border-radius-top-left:0px;--awb-border-radius-top-right:0px;--awb-border-radius-bottom-right:0px;--awb-border-radius-bottom-left:0px;--awb-flex-wrap:wrap;\" ><div class=\"fusion-builder-row fusion-row\"><\/div><\/div><div class=\"fusion-fullwidth fullwidth-box fusion-builder-row-2 nonhundred-percent-fullwidth non-hundred-percent-height-scrolling\" style=\"--awb-border-radius-top-left:0px;--awb-border-radius-top-right:0px;--awb-border-radius-bottom-right:0px;--awb-border-radius-bottom-left:0px;--awb-flex-wrap:wrap;\" ><div class=\"fusion-builder-row fusion-row\"><div class=\"fusion-layout-column fusion_builder_column fusion-builder-column-0 fusion_builder_column_1_3 1_3 fusion-one-third fusion-column-first\" style=\"--awb-bg-size:cover;width:33.333333333333%;width:calc(33.333333333333% - ( ( 4% ) * 0.33333333333333 ) );margin-right: 4%;\"><div class=\"fusion-column-wrapper fusion-flex-column-wrapper-legacy\"><div class=\"fusion-image-element in-legacy-container\" style=\"--awb-caption-title-font-family:var(--h2_typography-font-family);--awb-caption-title-font-weight:var(--h2_typography-font-weight);--awb-caption-title-font-style:var(--h2_typography-font-style);--awb-caption-title-size:var(--h2_typography-font-size);--awb-caption-title-transform:var(--h2_typography-text-transform);--awb-caption-title-line-height:var(--h2_typography-line-height);--awb-caption-title-letter-spacing:var(--h2_typography-letter-spacing);\"><span class=\" fusion-imageframe imageframe-none imageframe-1 hover-type-none\"><img decoding=\"async\" width=\"242\" height=\"150\" alt=\"tech-rack und techtray Logo\" title=\"Logo tech-rack und techtray\" src=\"https:\/\/fries.iphos.at\/wp-content\/uploads\/tech-rack-techtray-logo-we.png\" class=\"img-responsive wp-image-19570\"\/><\/span><\/div><div class=\"fusion-clearfix\"><\/div><\/div><\/div><div class=\"fusion-layout-column fusion_builder_column fusion-builder-column-1 fusion_builder_column_2_3 2_3 fusion-two-third fusion-column-last\" style=\"--awb-bg-size:cover;width:66.666666666667%;width:calc(66.666666666667% - ( ( 4% ) * 0.66666666666667 ) );\"><div class=\"fusion-column-wrapper fusion-flex-column-wrapper-legacy\"><div class=\"fusion-text fusion-text-1 color-industrie orange\"><h1>Plastic, the proven alternative to metal<\/h1>\n<p><strong><span style=\"color: #808080;\">Austrian quality<\/span><\/strong><\/p>\n<p>For generations, FRIES Kunststofftechnik GmbH&#8217;s core competency has been the development and production of premium plastic products. Plastic workpiece carriers and cleaning baskets offer many advantages over conventional metal mesh baskets, especially in the field of industrial component cleaning.<\/p>\n<\/div><div class=\"fusion-clearfix\"><\/div><\/div><\/div><\/div><\/div><div class=\"fusion-fullwidth fullwidth-box fusion-builder-row-3 nonhundred-percent-fullwidth non-hundred-percent-height-scrolling\" style=\"--awb-border-radius-top-left:0px;--awb-border-radius-top-right:0px;--awb-border-radius-bottom-right:0px;--awb-border-radius-bottom-left:0px;--awb-flex-wrap:wrap;\" ><div class=\"fusion-builder-row fusion-row\"><div class=\"fusion-layout-column fusion_builder_column fusion-builder-column-2 fusion_builder_column_1_3 1_3 fusion-one-third fusion-column-first\" style=\"--awb-bg-size:cover;width:33.333333333333%;width:calc(33.333333333333% - ( ( 4% + 4% ) * 0.33333333333333 ) );margin-right: 4%;\"><div class=\"fusion-column-wrapper fusion-flex-column-wrapper-legacy\"><div class=\"fusion-image-element in-legacy-container\" style=\"--awb-caption-title-font-family:var(--h2_typography-font-family);--awb-caption-title-font-weight:var(--h2_typography-font-weight);--awb-caption-title-font-style:var(--h2_typography-font-style);--awb-caption-title-size:var(--h2_typography-font-size);--awb-caption-title-transform:var(--h2_typography-text-transform);--awb-caption-title-line-height:var(--h2_typography-line-height);--awb-caption-title-letter-spacing:var(--h2_typography-letter-spacing);\"><span class=\" fusion-imageframe imageframe-none imageframe-2 hover-type-none\"><img decoding=\"async\" width=\"300\" height=\"300\" alt=\"Fries Industriek\u00f6rbe und Werkst\u00fccktr\u00e4ger Material Comp13\/14\" title=\"Comp13\/14\" src=\"https:\/\/fries.iphos.at\/wp-content\/uploads\/Comp13_14-300x300.jpg\" class=\"img-responsive wp-image-28245\" srcset=\"https:\/\/fries.iphos.at\/wp-content\/uploads\/Comp13_14-200x200.jpg 200w, https:\/\/fries.iphos.at\/wp-content\/uploads\/Comp13_14-400x400.jpg 400w, https:\/\/fries.iphos.at\/wp-content\/uploads\/Comp13_14.jpg 591w\" sizes=\"(max-width: 0px) 100vw, 400px\" \/><\/span><\/div><div class=\"fusion-text fusion-text-2 color-industrie orange\"><h3><strong>Material COMP 13\/14<\/strong><\/h3>\n<p>FRIES Comp 13\/14 was designed for basic requirements in industrial component cleaning and is suitable for cleaning processes with aqueous and solvent-based media as well as for ultrasound applications.<\/p>\n<\/div><div class=\"fusion-clearfix\"><\/div><\/div><\/div><div class=\"fusion-layout-column fusion_builder_column fusion-builder-column-3 fusion_builder_column_1_3 1_3 fusion-one-third\" style=\"--awb-bg-size:cover;width:33.333333333333%;width:calc(33.333333333333% - ( ( 4% + 4% ) * 0.33333333333333 ) );margin-right: 4%;\"><div class=\"fusion-column-wrapper fusion-flex-column-wrapper-legacy\"><div class=\"fusion-image-element in-legacy-container\" style=\"--awb-caption-title-font-family:var(--h2_typography-font-family);--awb-caption-title-font-weight:var(--h2_typography-font-weight);--awb-caption-title-font-style:var(--h2_typography-font-style);--awb-caption-title-size:var(--h2_typography-font-size);--awb-caption-title-transform:var(--h2_typography-text-transform);--awb-caption-title-line-height:var(--h2_typography-line-height);--awb-caption-title-letter-spacing:var(--h2_typography-letter-spacing);\"><span class=\" fusion-imageframe imageframe-none imageframe-3 hover-type-none\"><img decoding=\"async\" width=\"300\" height=\"300\" alt=\"Fries Industriek\u00f6rbe und Werkst\u00fccktr\u00e4ger Material Comp21\/22\" title=\"Comp21\/22\" src=\"https:\/\/fries.iphos.at\/wp-content\/uploads\/Comp21_22-300x300.jpg\" class=\"img-responsive wp-image-28253\"\/><\/span><\/div><div class=\"fusion-text fusion-text-3 color-industrie orange\"><h3><strong>Material COMP 21\/22<\/strong><\/h3>\n<p>FRIES Comp 21\/22 excels with even greater chemical and thermal resistance, therefore meeting the higher requirements in industrial parts cleaning. Among other things, this allows for use in autoclaves for steam sterilization.<\/p>\n<\/div><div class=\"fusion-clearfix\"><\/div><\/div><\/div><div class=\"fusion-layout-column fusion_builder_column fusion-builder-column-4 fusion_builder_column_1_3 1_3 fusion-one-third fusion-column-last\" style=\"--awb-bg-size:cover;width:33.333333333333%;width:calc(33.333333333333% - ( ( 4% + 4% ) * 0.33333333333333 ) );\"><div class=\"fusion-column-wrapper fusion-flex-column-wrapper-legacy\"><div class=\"fusion-image-element in-legacy-container\" style=\"--awb-caption-title-font-family:var(--h2_typography-font-family);--awb-caption-title-font-weight:var(--h2_typography-font-weight);--awb-caption-title-font-style:var(--h2_typography-font-style);--awb-caption-title-size:var(--h2_typography-font-size);--awb-caption-title-transform:var(--h2_typography-text-transform);--awb-caption-title-line-height:var(--h2_typography-line-height);--awb-caption-title-letter-spacing:var(--h2_typography-letter-spacing);\"><span class=\" fusion-imageframe imageframe-none imageframe-4 hover-type-none\"><img decoding=\"async\" width=\"300\" height=\"300\" alt=\"Fries Industriek\u00f6rbe und Werkst\u00fccktr\u00e4ger Material Comp25\" title=\"Comp25\" src=\"https:\/\/fries.iphos.at\/wp-content\/uploads\/Comp25-300x300.jpg\" class=\"img-responsive wp-image-28254\" srcset=\"https:\/\/fries.iphos.at\/wp-content\/uploads\/Comp25-200x200.jpg 200w, https:\/\/fries.iphos.at\/wp-content\/uploads\/Comp25-400x400.jpg 400w, https:\/\/fries.iphos.at\/wp-content\/uploads\/Comp25.jpg 591w\" sizes=\"(max-width: 0px) 100vw, 400px\" \/><\/span><\/div><div class=\"fusion-text fusion-text-4 color-industrie orange\"><h3><strong>Material COMP 25 (ESD)<\/strong><\/h3>\n<p>FRIES Comp 25 protects sensitive electronic components from electrostatic discharge. It prevents electrostatic charge generation and dissipates any existing charge in a controlled manner.<\/p>\n<\/div><div class=\"fusion-clearfix\"><\/div><\/div><\/div><\/div><\/div><div class=\"fusion-fullwidth fullwidth-box fusion-builder-row-4 nonhundred-percent-fullwidth non-hundred-percent-height-scrolling\" style=\"--awb-border-radius-top-left:0px;--awb-border-radius-top-right:0px;--awb-border-radius-bottom-right:0px;--awb-border-radius-bottom-left:0px;--awb-flex-wrap:wrap;\" ><div class=\"fusion-builder-row fusion-row\"><\/div><\/div><\/p>\n","protected":false},"excerpt":{"rendered":"","protected":false},"author":4,"featured_media":0,"parent":61347,"menu_order":0,"comment_status":"closed","ping_status":"closed","template":"","meta":{"_acf_changed":false,"footnotes":""},"class_list":["post-29851","page","type-page","status-publish","hentry"],"acf":[],"yoast_head":"<!-- This site is optimized with the Yoast SEO plugin v26.8 - https:\/\/yoast.com\/product\/yoast-seo-wordpress\/ -->\n<title>Plastic as an Alternative to Metal | Materials that FRIES uses<\/title>\n<meta name=\"description\" content=\"FRIES uses a variety of plastics for their workpiece carriers and industrial cleaning racks. \u25b6Discover the used Materials here!\" \/>\n<meta name=\"robots\" content=\"noindex, follow, max-snippet:-1, max-image-preview:large, max-video-preview:-1\" \/>\n<meta name=\"twitter:label1\" content=\"Est. reading time\" \/>\n\t<meta name=\"twitter:data1\" content=\"6 minutes\" \/>\n<script type=\"application\/ld+json\" class=\"yoast-schema-graph\">{\"@context\":\"https:\/\/schema.org\",\"@graph\":[{\"@type\":\"WebPage\",\"@id\":\"https:\/\/fries.iphos.at\/products\/industrial-baskets-old\/fries-materials\/?lang=en\",\"url\":\"https:\/\/fries.iphos.at\/products\/industrial-baskets-old\/fries-materials\/?lang=en\",\"name\":\"Plastic as an Alternative to Metal | Materials that FRIES uses\",\"isPartOf\":{\"@id\":\"https:\/\/fries.iphos.at\/#website\"},\"datePublished\":\"2020-05-15T07:57:29+00:00\",\"dateModified\":\"2020-12-22T14:19:36+00:00\",\"description\":\"FRIES uses a variety of plastics for their workpiece carriers and industrial cleaning racks. \u25b6Discover the used Materials here!\",\"breadcrumb\":{\"@id\":\"https:\/\/fries.iphos.at\/products\/industrial-baskets-old\/fries-materials\/?lang=en#breadcrumb\"},\"inLanguage\":\"en-US\",\"potentialAction\":[{\"@type\":\"ReadAction\",\"target\":[\"https:\/\/fries.iphos.at\/products\/industrial-baskets-old\/fries-materials\/?lang=en\"]}]},{\"@type\":\"BreadcrumbList\",\"@id\":\"https:\/\/fries.iphos.at\/products\/industrial-baskets-old\/fries-materials\/?lang=en#breadcrumb\",\"itemListElement\":[{\"@type\":\"ListItem\",\"position\":1,\"name\":\"Home\",\"item\":\"https:\/\/fries.iphos.at\/?lang=en\"},{\"@type\":\"ListItem\",\"position\":2,\"name\":\"Products\",\"item\":\"https:\/\/fries.iphos.at\/products\/?lang=en\"},{\"@type\":\"ListItem\",\"position\":3,\"name\":\"OLD Industrial baskets\",\"item\":\"https:\/\/fries.iphos.at\/?page_id=19660&lang=en\"},{\"@type\":\"ListItem\",\"position\":4,\"name\":\"FRIES materials\"}]},{\"@type\":\"WebSite\",\"@id\":\"https:\/\/fries.iphos.at\/#website\",\"url\":\"https:\/\/fries.iphos.at\/\",\"name\":\"FRIES\",\"description\":\"\",\"publisher\":{\"@id\":\"https:\/\/fries.iphos.at\/#organization\"},\"potentialAction\":[{\"@type\":\"SearchAction\",\"target\":{\"@type\":\"EntryPoint\",\"urlTemplate\":\"https:\/\/fries.iphos.at\/?s={search_term_string}\"},\"query-input\":{\"@type\":\"PropertyValueSpecification\",\"valueRequired\":true,\"valueName\":\"search_term_string\"}}],\"inLanguage\":\"en-US\"},{\"@type\":\"Organization\",\"@id\":\"https:\/\/fries.iphos.at\/#organization\",\"name\":\"FRIES Kunststofftechnik GmbH\",\"url\":\"https:\/\/fries.iphos.at\/\",\"logo\":{\"@type\":\"ImageObject\",\"inLanguage\":\"en-US\",\"@id\":\"https:\/\/fries.iphos.at\/#\/schema\/logo\/image\/\",\"url\":\"https:\/\/fries.iphos.at\/wp-content\/uploads\/fries-logo.png\",\"contentUrl\":\"https:\/\/fries.iphos.at\/wp-content\/uploads\/fries-logo.png\",\"width\":120,\"height\":60,\"caption\":\"FRIES Kunststofftechnik GmbH\"},\"image\":{\"@id\":\"https:\/\/fries.iphos.at\/#\/schema\/logo\/image\/\"},\"sameAs\":[\"https:\/\/www.facebook.com\/FRIESKunststofftechnik\/\",\"https:\/\/www.youtube.com\/channel\/UCc2UgnWJ9Y_-pIXbDIek7wQ\"]}]}<\/script>\n<!-- \/ Yoast SEO plugin. -->","yoast_head_json":{"title":"Plastic as an Alternative to Metal | Materials that FRIES uses","description":"FRIES uses a variety of plastics for their workpiece carriers and industrial cleaning racks. \u25b6Discover the used Materials here!","robots":{"index":"noindex","follow":"follow","max-snippet":"max-snippet:-1","max-image-preview":"max-image-preview:large","max-video-preview":"max-video-preview:-1"},"twitter_misc":{"Est. reading time":"6 minutes"},"schema":{"@context":"https:\/\/schema.org","@graph":[{"@type":"WebPage","@id":"https:\/\/fries.iphos.at\/products\/industrial-baskets-old\/fries-materials\/?lang=en","url":"https:\/\/fries.iphos.at\/products\/industrial-baskets-old\/fries-materials\/?lang=en","name":"Plastic as an Alternative to Metal | Materials that FRIES uses","isPartOf":{"@id":"https:\/\/fries.iphos.at\/#website"},"datePublished":"2020-05-15T07:57:29+00:00","dateModified":"2020-12-22T14:19:36+00:00","description":"FRIES uses a variety of plastics for their workpiece carriers and industrial cleaning racks. \u25b6Discover the used Materials here!","breadcrumb":{"@id":"https:\/\/fries.iphos.at\/products\/industrial-baskets-old\/fries-materials\/?lang=en#breadcrumb"},"inLanguage":"en-US","potentialAction":[{"@type":"ReadAction","target":["https:\/\/fries.iphos.at\/products\/industrial-baskets-old\/fries-materials\/?lang=en"]}]},{"@type":"BreadcrumbList","@id":"https:\/\/fries.iphos.at\/products\/industrial-baskets-old\/fries-materials\/?lang=en#breadcrumb","itemListElement":[{"@type":"ListItem","position":1,"name":"Home","item":"https:\/\/fries.iphos.at\/?lang=en"},{"@type":"ListItem","position":2,"name":"Products","item":"https:\/\/fries.iphos.at\/products\/?lang=en"},{"@type":"ListItem","position":3,"name":"OLD Industrial baskets","item":"https:\/\/fries.iphos.at\/?page_id=19660&lang=en"},{"@type":"ListItem","position":4,"name":"FRIES materials"}]},{"@type":"WebSite","@id":"https:\/\/fries.iphos.at\/#website","url":"https:\/\/fries.iphos.at\/","name":"FRIES","description":"","publisher":{"@id":"https:\/\/fries.iphos.at\/#organization"},"potentialAction":[{"@type":"SearchAction","target":{"@type":"EntryPoint","urlTemplate":"https:\/\/fries.iphos.at\/?s={search_term_string}"},"query-input":{"@type":"PropertyValueSpecification","valueRequired":true,"valueName":"search_term_string"}}],"inLanguage":"en-US"},{"@type":"Organization","@id":"https:\/\/fries.iphos.at\/#organization","name":"FRIES Kunststofftechnik GmbH","url":"https:\/\/fries.iphos.at\/","logo":{"@type":"ImageObject","inLanguage":"en-US","@id":"https:\/\/fries.iphos.at\/#\/schema\/logo\/image\/","url":"https:\/\/fries.iphos.at\/wp-content\/uploads\/fries-logo.png","contentUrl":"https:\/\/fries.iphos.at\/wp-content\/uploads\/fries-logo.png","width":120,"height":60,"caption":"FRIES Kunststofftechnik GmbH"},"image":{"@id":"https:\/\/fries.iphos.at\/#\/schema\/logo\/image\/"},"sameAs":["https:\/\/www.facebook.com\/FRIESKunststofftechnik\/","https:\/\/www.youtube.com\/channel\/UCc2UgnWJ9Y_-pIXbDIek7wQ"]}]}},"_links":{"self":[{"href":"https:\/\/fries.iphos.at\/en\/wp-json\/wp\/v2\/pages\/29851","targetHints":{"allow":["GET"]}}],"collection":[{"href":"https:\/\/fries.iphos.at\/en\/wp-json\/wp\/v2\/pages"}],"about":[{"href":"https:\/\/fries.iphos.at\/en\/wp-json\/wp\/v2\/types\/page"}],"author":[{"embeddable":true,"href":"https:\/\/fries.iphos.at\/en\/wp-json\/wp\/v2\/users\/4"}],"replies":[{"embeddable":true,"href":"https:\/\/fries.iphos.at\/en\/wp-json\/wp\/v2\/comments?post=29851"}],"version-history":[{"count":1,"href":"https:\/\/fries.iphos.at\/en\/wp-json\/wp\/v2\/pages\/29851\/revisions"}],"predecessor-version":[{"id":29852,"href":"https:\/\/fries.iphos.at\/en\/wp-json\/wp\/v2\/pages\/29851\/revisions\/29852"}],"up":[{"embeddable":true,"href":"https:\/\/fries.iphos.at\/en\/wp-json\/wp\/v2\/pages\/61347"}],"wp:attachment":[{"href":"https:\/\/fries.iphos.at\/en\/wp-json\/wp\/v2\/media?parent=29851"}],"curies":[{"name":"wp","href":"https:\/\/api.w.org\/{rel}","templated":true}]}}