{"id":29182,"date":"2020-02-18T09:57:05","date_gmt":"2020-02-18T07:57:05","guid":{"rendered":"https:\/\/fries.iphos.at\/?page_id=29182"},"modified":"2021-03-08T14:39:14","modified_gmt":"2021-03-08T12:39:14","slug":"esd-workpiece-carrier-techtray-425-x-276","status":"publish","type":"page","link":"https:\/\/fries.iphos.at\/en\/products\/industrial-baskets\/esd-workpiece-carrier-techtray-425-x-276\/","title":{"rendered":"ESD workpiece carrier techtray 425 x 276"},"content":{"rendered":"<p><div class=\"fusion-fullwidth fullwidth-box fusion-builder-row-1 nonhundred-percent-fullwidth non-hundred-percent-height-scrolling\" style=\"--awb-background-position:left top;--awb-border-radius-top-left:0px;--awb-border-radius-top-right:0px;--awb-border-radius-bottom-right:0px;--awb-border-radius-bottom-left:0px;--awb-padding-top:20px;--awb-padding-right:0px;--awb-padding-bottom:20px;--awb-padding-left:0px;--awb-border-sizes-top:0px;--awb-border-sizes-bottom:0px;--awb-flex-wrap:wrap;\" ><div class=\"fusion-builder-row fusion-row\"><div class=\"fusion-layout-column fusion_builder_column fusion-builder-column-0 fusion_builder_column_1_3 1_3 fusion-one-third fusion-column-first\" style=\"--awb-bg-size:cover;width:30.6666%; margin-right: 4%;\"><div class=\"fusion-column-wrapper fusion-flex-column-wrapper-legacy\"><div class=\"fusion-image-element in-legacy-container\" style=\"--awb-caption-title-font-family:var(--h2_typography-font-family);--awb-caption-title-font-weight:var(--h2_typography-font-weight);--awb-caption-title-font-style:var(--h2_typography-font-style);--awb-caption-title-size:var(--h2_typography-font-size);--awb-caption-title-transform:var(--h2_typography-text-transform);--awb-caption-title-line-height:var(--h2_typography-line-height);--awb-caption-title-letter-spacing:var(--h2_typography-letter-spacing);\"><span class=\" fusion-imageframe imageframe-none imageframe-1 hover-type-none\"><img decoding=\"async\" width=\"242\" height=\"242\" alt=\"425 x 276 ESD techtray workpiece carrier \" title=\"ESD Werkst\u00fccktr\u00e4ger techtray_425x276\" src=\"https:\/\/fries.iphos.at\/wp-content\/uploads\/ESD_Werkst\u00fccktr\u00e4ger_techtray_1.png\" class=\"img-responsive wp-image-29186\" srcset=\"https:\/\/fries.iphos.at\/wp-content\/uploads\/ESD_Werkst\u00fccktr\u00e4ger_techtray_1-200x200.png 200w, https:\/\/fries.iphos.at\/wp-content\/uploads\/ESD_Werkst\u00fccktr\u00e4ger_techtray_1.png 242w\" sizes=\"(max-width: 0px) 100vw, 242px\" \/><\/span><\/div><div class=\"fusion-text fusion-text-1 color-industrie orange\"><h4><a href=\"https:\/\/fries.iphos.at\/wp-content\/uploads\/Werkst%C3%BCcktr%C3%A4ger_Reinigungsk%C3%B6rbe_Gesamtprospekt.pdf\" target=\"_blank\" rel=\"noopener noreferrer\">Download brochure<\/a><\/h4>\n<\/div><div class=\"fusion-alignleft\"><a class=\"fusion-button button-flat fusion-button-default-size button-custom fusion-button-default button-1 fusion-button-default-span fusion-button-default-type color-verpackung\" style=\"--button_accent_color:#ffffff;--button_border_color:#ef7c00;--button_accent_hover_color:#ffffff;--button_border_hover_color:#ef7c00;--button_gradient_top_color:#ef7c00;--button_gradient_bottom_color:#ef7c00;--button_gradient_top_color_hover:#ef7c00;--button_gradient_bottom_color_hover:#ef7c00;--button_text_transform:none;--button_margin-top:10px;--button_margin-bottom:20px;\" target=\"_self\" href=\"https:\/\/fries.iphos.at\/contact\/?lang=en&amp;your-subject=ESD workpiece carrier techtray 425 x 276\"><span class=\"fusion-button-text awb-button__text awb-button__text--default\">Inquire now<\/span><\/a><\/div><div class=\"fusion-clearfix\"><\/div><\/div><\/div><div class=\"fusion-layout-column fusion_builder_column fusion-builder-column-1 fusion_builder_column_2_3 2_3 fusion-two-third fusion-column-last\" style=\"--awb-bg-size:cover;width:65.3333%;\"><div class=\"fusion-column-wrapper fusion-flex-column-wrapper-legacy\"><div class=\"fusion-text fusion-text-2 color-industrie orange\"><h1>ESD workpiece carrier techtray<\/h1>\n<p><strong>Flexible ESD workpiece carrier for protection against electronic discharge<\/strong><\/p>\n<p>The modular ESD techtray workpiece carrier system offers the greatest level of safety and efficiency in industrial parts cleaning and in-house production logistics.<\/p>\n<p>The plastic workpiece carrier, shaped like a metal mesh basket bottom, enables optimum rinsing of electronic parts during the cleaning process, protecting them from electrostatic discharge, scratches and dents. The ESD techtray workpiece carrier has long since established itself as the standard-bearer in industrial parts cleaning, parts handling and parts logistics.<\/p>\n<p align=\"LEFT\"><img decoding=\"async\" class=\"alignleft\" title=\"ESD (electrostatic discharge)\" src=\"https:\/\/fries.iphos.at\/wp-content\/uploads\/Elektrostatische-Entladung-1024x866.png\" alt=\"\" width=\"96\" height=\"81\" \/><strong>Conductive workpiece carriers and industrial baskets protect sensitive components<br \/>\n<\/strong>Electronic components can be destroyed by electrostatic discharge. To protect from such damage, we have developed the tried-and-tested techtray workpiece carrier in comp 25 material (ESD version) as well. It reliably prevents electrostatic charge generation and dissipates any existing charge in a controlled manner. This prevents higher production costs and lower production output.<\/p>\n<p><strong>Complete component protection and flexibility<\/strong><\/p>\n<ul>\n<li>Protects electronic components from electrostatic discharge<\/li>\n<li>The ESD workpiece carrier enables components to be brought directly to an ESD area for assembly without repackaging.<\/li>\n<li>Universal compartments and plug variants offer flexibility<\/li>\n<li>Multi-tray function (bottom = cover)<\/li>\n<li>A multitude of rotating and plug pins provide precise positioning for optimum component protection<\/li>\n<li>Stackable and variable in height thanks to stacking bolts<\/li>\n<li>Easy to wash and low shielding<\/li>\n<li>It is used both as an insert in a regular basket or divider rack, and as a standalone workpiece carrier.<\/li>\n<li>Usable for transport, logistics and cleaning<\/li>\n<li>Suitable for full automation and robot handling<\/li>\n<li>Grips on the plate for better space utilization<\/li>\n<li>Can be combined with the tech-rack variogrid<\/li>\n<li>The length and cross dividers are inserted into the bottom, counteracting the capillary effect<\/li>\n<li>Rounded edges enable optimum flow characteristics and reduce the risk of injury<\/li>\n<\/ul>\n<h4><\/h4>\n<\/div><div class=\"fusion-clearfix\"><\/div><\/div><\/div><\/div><\/div><div class=\"fusion-fullwidth fullwidth-box fusion-builder-row-2 nonhundred-percent-fullwidth non-hundred-percent-height-scrolling\" style=\"--awb-border-radius-top-left:0px;--awb-border-radius-top-right:0px;--awb-border-radius-bottom-right:0px;--awb-border-radius-bottom-left:0px;--awb-flex-wrap:wrap;\" ><div class=\"fusion-builder-row fusion-row\"><div class=\"fusion-layout-column fusion_builder_column fusion-builder-column-2 fusion_builder_column_1_3 1_3 fusion-one-third fusion-column-first\" style=\"--awb-bg-size:cover;width:33.333333333333%;width:calc(33.333333333333% - ( ( 4% ) * 0.33333333333333 ) );margin-right: 4%;\"><div class=\"fusion-column-wrapper fusion-flex-column-wrapper-legacy\"><div class=\"fusion-clearfix\"><\/div><\/div><\/div><div class=\"fusion-layout-column fusion_builder_column fusion-builder-column-3 fusion_builder_column_2_3 2_3 fusion-two-third fusion-column-last\" style=\"--awb-bg-size:cover;width:66.666666666667%;width:calc(66.666666666667% - ( ( 4% ) * 0.66666666666667 ) );\"><div class=\"fusion-column-wrapper fusion-flex-column-wrapper-legacy\"><div class=\"fusion-text fusion-text-3\"><p><strong>Available materials:<\/strong><\/p>\n<p>Depending on the requirements, the techtray workpiece carrier is available in the following materials:<\/p>\n<\/div><div class=\"fusion-clearfix\"><\/div><\/div><\/div><div class=\"fusion-layout-column fusion_builder_column fusion-builder-column-4 fusion_builder_column_1_4 1_4 fusion-one-fourth fusion-column-first\" style=\"--awb-bg-size:cover;width:25%;width:calc(25% - ( ( 4% + 4% + 4% ) * 0.25 ) );margin-right: 4%;\"><div class=\"fusion-column-wrapper fusion-flex-column-wrapper-legacy\"><div class=\"fusion-clearfix\"><\/div><\/div><\/div><div class=\"fusion-layout-column fusion_builder_column fusion-builder-column-5 fusion_builder_column_1_4 1_4 fusion-one-fourth\" style=\"--awb-bg-size:cover;width:25%;width:calc(25% - ( ( 4% + 4% + 4% ) * 0.25 ) );margin-right: 4%;\"><div class=\"fusion-column-wrapper fusion-flex-column-wrapper-legacy\"><div class=\"fusion-image-element fusion-image-align-right in-legacy-container\" style=\"text-align:right;--awb-caption-title-font-family:var(--h2_typography-font-family);--awb-caption-title-font-weight:var(--h2_typography-font-weight);--awb-caption-title-font-style:var(--h2_typography-font-style);--awb-caption-title-size:var(--h2_typography-font-size);--awb-caption-title-transform:var(--h2_typography-text-transform);--awb-caption-title-line-height:var(--h2_typography-line-height);--awb-caption-title-letter-spacing:var(--h2_typography-letter-spacing);\"><span class=\" fusion-imageframe imageframe-none imageframe-2 hover-type-none\" style=\"margin-left:25px;float:right;\"><a class=\"fusion-no-lightbox\" href=\"https:\/\/fries.iphos.at\/products\/industrial-baskets\/fries-materials\/?lang=en\" target=\"_blank\" aria-label=\"Comp13\/14\" rel=\"noopener noreferrer\"><img decoding=\"async\" width=\"300\" height=\"300\" alt=\"Fries Industriek\u00f6rbe und Werkst\u00fccktr\u00e4ger Material Comp13\/14\" src=\"https:\/\/fries.iphos.at\/wp-content\/uploads\/Comp13_14-300x300.jpg\" class=\"img-responsive wp-image-28245\" srcset=\"https:\/\/fries.iphos.at\/wp-content\/uploads\/Comp13_14-200x200.jpg 200w, https:\/\/fries.iphos.at\/wp-content\/uploads\/Comp13_14-400x400.jpg 400w, https:\/\/fries.iphos.at\/wp-content\/uploads\/Comp13_14.jpg 591w\" sizes=\"(max-width: 0px) 100vw, 400px\" \/><\/a><\/span><\/div><div class=\"fusion-text fusion-text-4 color-industrie orange\"><p style=\"text-align: right;\"><a title=\"FRIES materials\" href=\"https:\/\/fries.iphos.at\/products\/industrial-baskets\/fries-materials\/?lang=en\" target=\"_blank\" rel=\"noopener noreferrer\"><strong>FRIES Comp 13\/14<\/strong><\/a><\/p>\n<\/div><div class=\"fusion-clearfix\"><\/div><\/div><\/div><div class=\"fusion-layout-column fusion_builder_column fusion-builder-column-6 fusion_builder_column_1_4 1_4 fusion-one-fourth\" style=\"--awb-bg-size:cover;width:25%;width:calc(25% - ( ( 4% + 4% + 4% ) * 0.25 ) );margin-right: 4%;\"><div class=\"fusion-column-wrapper fusion-flex-column-wrapper-legacy\"><div class=\"fusion-image-element fusion-image-align-right in-legacy-container\" style=\"text-align:right;--awb-caption-title-font-family:var(--h2_typography-font-family);--awb-caption-title-font-weight:var(--h2_typography-font-weight);--awb-caption-title-font-style:var(--h2_typography-font-style);--awb-caption-title-size:var(--h2_typography-font-size);--awb-caption-title-transform:var(--h2_typography-text-transform);--awb-caption-title-line-height:var(--h2_typography-line-height);--awb-caption-title-letter-spacing:var(--h2_typography-letter-spacing);\"><span class=\" fusion-imageframe imageframe-none imageframe-3 hover-type-none\" style=\"margin-left:25px;float:right;\"><a class=\"fusion-no-lightbox\" href=\"https:\/\/fries.iphos.at\/products\/industrial-baskets\/fries-materials\/?lang=en\" target=\"_self\" aria-label=\"Comp21\/22\"><img decoding=\"async\" width=\"300\" height=\"300\" alt=\"Fries Industriek\u00f6rbe und Werkst\u00fccktr\u00e4ger Material Comp21\/22\" src=\"https:\/\/fries.iphos.at\/wp-content\/uploads\/Comp21_22-300x300.jpg\" class=\"img-responsive wp-image-28253\"\/><\/a><\/span><\/div><div class=\"fusion-text fusion-text-5 color-industrie orange\"><p style=\"text-align: right;\"><a title=\"FRIES materials\" href=\"https:\/\/fries.iphos.at\/products\/industrial-baskets\/fries-materials\/?lang=en\" target=\"_blank\" rel=\"noopener noreferrer\"><strong>FRIES Comp 21\/22<\/strong><\/a><\/p>\n<\/div><div class=\"fusion-clearfix\"><\/div><\/div><\/div><div class=\"fusion-layout-column fusion_builder_column fusion-builder-column-7 fusion_builder_column_1_4 1_4 fusion-one-fourth fusion-column-last\" style=\"--awb-bg-size:cover;width:25%;width:calc(25% - ( ( 4% + 4% + 4% ) * 0.25 ) );\"><div class=\"fusion-column-wrapper fusion-flex-column-wrapper-legacy\"><div class=\"fusion-image-element fusion-image-align-right in-legacy-container\" style=\"text-align:right;--awb-caption-title-font-family:var(--h2_typography-font-family);--awb-caption-title-font-weight:var(--h2_typography-font-weight);--awb-caption-title-font-style:var(--h2_typography-font-style);--awb-caption-title-size:var(--h2_typography-font-size);--awb-caption-title-transform:var(--h2_typography-text-transform);--awb-caption-title-line-height:var(--h2_typography-line-height);--awb-caption-title-letter-spacing:var(--h2_typography-letter-spacing);\"><span class=\" fusion-imageframe imageframe-none imageframe-4 hover-type-none\" style=\"margin-left:25px;float:right;\"><a class=\"fusion-no-lightbox\" href=\"https:\/\/fries.iphos.at\/products\/industrial-baskets\/fries-materials\/?lang=en\" target=\"_self\" aria-label=\"Comp25\"><img decoding=\"async\" width=\"300\" height=\"300\" alt=\"Fries Industriek\u00f6rbe und Werkst\u00fccktr\u00e4ger Material Comp25\" src=\"https:\/\/fries.iphos.at\/wp-content\/uploads\/Comp25-300x300.jpg\" class=\"img-responsive wp-image-28254\" srcset=\"https:\/\/fries.iphos.at\/wp-content\/uploads\/Comp25-200x200.jpg 200w, https:\/\/fries.iphos.at\/wp-content\/uploads\/Comp25-400x400.jpg 400w, https:\/\/fries.iphos.at\/wp-content\/uploads\/Comp25.jpg 591w\" sizes=\"(max-width: 0px) 100vw, 400px\" \/><\/a><\/span><\/div><div class=\"fusion-text fusion-text-6 color-industrie orange\"><p style=\"text-align: right;\"><a title=\"FRIES materials\" href=\"https:\/\/fries.iphos.at\/products\/industrial-baskets\/fries-materials\/?lang=en\" target=\"_blank\" rel=\"noopener noreferrer\"><strong>Fries Comp 25 (ESD)<\/strong><\/a><\/p>\n<\/div><div class=\"fusion-clearfix\"><\/div><\/div><\/div><\/div><\/div><div class=\"fusion-fullwidth fullwidth-box fusion-builder-row-3 nonhundred-percent-fullwidth non-hundred-percent-height-scrolling\" style=\"--awb-border-radius-top-left:0px;--awb-border-radius-top-right:0px;--awb-border-radius-bottom-right:0px;--awb-border-radius-bottom-left:0px;--awb-flex-wrap:wrap;\" ><div class=\"fusion-builder-row fusion-row\"><div class=\"fusion-layout-column fusion_builder_column fusion-builder-column-8 fusion_builder_column_1_3 1_3 fusion-one-third fusion-column-first\" style=\"--awb-bg-size:cover;width:33.333333333333%;width:calc(33.333333333333% - ( ( 4% ) * 0.33333333333333 ) );margin-right: 4%;\"><div class=\"fusion-column-wrapper fusion-flex-column-wrapper-legacy\"><div class=\"fusion-clearfix\"><\/div><\/div><\/div><\/div><\/div><\/p>\n","protected":false},"excerpt":{"rendered":"","protected":false},"author":4,"featured_media":0,"parent":61347,"menu_order":0,"comment_status":"closed","ping_status":"closed","template":"","meta":{"_acf_changed":false,"footnotes":""},"class_list":["post-29182","page","type-page","status-publish","hentry"],"acf":[],"yoast_head":"<!-- This site is optimized with the Yoast SEO plugin v26.8 - https:\/\/yoast.com\/product\/yoast-seo-wordpress\/ -->\n<title>Techtray ESD workpiece carrier for electronic components<\/title>\n<meta name=\"description\" content=\"The ESD-compatible techtray workpiece carrier offers maximum safety for electronic parts \u25b6Individually customise the system for your requirements!\" \/>\n<meta name=\"robots\" content=\"noindex, follow, max-snippet:-1, max-image-preview:large, max-video-preview:-1\" \/>\n<meta name=\"twitter:label1\" content=\"Est. reading time\" \/>\n\t<meta name=\"twitter:data1\" content=\"10 minutes\" \/>\n<script type=\"application\/ld+json\" class=\"yoast-schema-graph\">{\"@context\":\"https:\/\/schema.org\",\"@graph\":[{\"@type\":\"WebPage\",\"@id\":\"https:\/\/fries.iphos.at\/products\/industrial-baskets\/esd-workpiece-carrier-techtray-425-x-276\/?lang=en\",\"url\":\"https:\/\/fries.iphos.at\/products\/industrial-baskets\/esd-workpiece-carrier-techtray-425-x-276\/?lang=en\",\"name\":\"Techtray ESD workpiece carrier for electronic components\",\"isPartOf\":{\"@id\":\"https:\/\/fries.iphos.at\/#website\"},\"primaryImageOfPage\":{\"@id\":\"https:\/\/fries.iphos.at\/products\/industrial-baskets\/esd-workpiece-carrier-techtray-425-x-276\/?lang=en#primaryimage\"},\"image\":{\"@id\":\"https:\/\/fries.iphos.at\/products\/industrial-baskets\/esd-workpiece-carrier-techtray-425-x-276\/?lang=en#primaryimage\"},\"thumbnailUrl\":\"https:\/\/fries.iphos.at\/wp-content\/uploads\/Elektrostatische-Entladung-1024x866.png\",\"datePublished\":\"2020-02-18T07:57:05+00:00\",\"dateModified\":\"2021-03-08T12:39:14+00:00\",\"description\":\"The ESD-compatible techtray workpiece carrier offers maximum safety for electronic parts \u25b6Individually customise the system for your requirements!\",\"breadcrumb\":{\"@id\":\"https:\/\/fries.iphos.at\/products\/industrial-baskets\/esd-workpiece-carrier-techtray-425-x-276\/?lang=en#breadcrumb\"},\"inLanguage\":\"en-US\",\"potentialAction\":[{\"@type\":\"ReadAction\",\"target\":[\"https:\/\/fries.iphos.at\/products\/industrial-baskets\/esd-workpiece-carrier-techtray-425-x-276\/?lang=en\"]}]},{\"@type\":\"ImageObject\",\"inLanguage\":\"en-US\",\"@id\":\"https:\/\/fries.iphos.at\/products\/industrial-baskets\/esd-workpiece-carrier-techtray-425-x-276\/?lang=en#primaryimage\",\"url\":\"https:\/\/fries.iphos.at\/wp-content\/uploads\/Elektrostatische-Entladung-1024x866.png\",\"contentUrl\":\"https:\/\/fries.iphos.at\/wp-content\/uploads\/Elektrostatische-Entladung-1024x866.png\"},{\"@type\":\"BreadcrumbList\",\"@id\":\"https:\/\/fries.iphos.at\/products\/industrial-baskets\/esd-workpiece-carrier-techtray-425-x-276\/?lang=en#breadcrumb\",\"itemListElement\":[{\"@type\":\"ListItem\",\"position\":1,\"name\":\"Home\",\"item\":\"https:\/\/fries.iphos.at\/?lang=en\"},{\"@type\":\"ListItem\",\"position\":2,\"name\":\"Products\",\"item\":\"https:\/\/fries.iphos.at\/products\/?lang=en\"},{\"@type\":\"ListItem\",\"position\":3,\"name\":\"Workpiece carriers and cleaning baskets\",\"item\":\"https:\/\/fries.iphos.at\/products\/industrial-baskets\/?lang=en\"},{\"@type\":\"ListItem\",\"position\":4,\"name\":\"ESD workpiece carrier techtray 425 x 276\"}]},{\"@type\":\"WebSite\",\"@id\":\"https:\/\/fries.iphos.at\/#website\",\"url\":\"https:\/\/fries.iphos.at\/\",\"name\":\"FRIES\",\"description\":\"\",\"publisher\":{\"@id\":\"https:\/\/fries.iphos.at\/#organization\"},\"potentialAction\":[{\"@type\":\"SearchAction\",\"target\":{\"@type\":\"EntryPoint\",\"urlTemplate\":\"https:\/\/fries.iphos.at\/?s={search_term_string}\"},\"query-input\":{\"@type\":\"PropertyValueSpecification\",\"valueRequired\":true,\"valueName\":\"search_term_string\"}}],\"inLanguage\":\"en-US\"},{\"@type\":\"Organization\",\"@id\":\"https:\/\/fries.iphos.at\/#organization\",\"name\":\"FRIES Kunststofftechnik GmbH\",\"url\":\"https:\/\/fries.iphos.at\/\",\"logo\":{\"@type\":\"ImageObject\",\"inLanguage\":\"en-US\",\"@id\":\"https:\/\/fries.iphos.at\/#\/schema\/logo\/image\/\",\"url\":\"https:\/\/fries.iphos.at\/wp-content\/uploads\/fries-logo.png\",\"contentUrl\":\"https:\/\/fries.iphos.at\/wp-content\/uploads\/fries-logo.png\",\"width\":120,\"height\":60,\"caption\":\"FRIES Kunststofftechnik GmbH\"},\"image\":{\"@id\":\"https:\/\/fries.iphos.at\/#\/schema\/logo\/image\/\"},\"sameAs\":[\"https:\/\/www.facebook.com\/FRIESKunststofftechnik\/\",\"https:\/\/www.youtube.com\/channel\/UCc2UgnWJ9Y_-pIXbDIek7wQ\"]}]}<\/script>\n<!-- \/ Yoast SEO plugin. -->","yoast_head_json":{"title":"Techtray ESD workpiece carrier for electronic components","description":"The ESD-compatible techtray workpiece carrier offers maximum safety for electronic parts \u25b6Individually customise the system for your requirements!","robots":{"index":"noindex","follow":"follow","max-snippet":"max-snippet:-1","max-image-preview":"max-image-preview:large","max-video-preview":"max-video-preview:-1"},"twitter_misc":{"Est. reading time":"10 minutes"},"schema":{"@context":"https:\/\/schema.org","@graph":[{"@type":"WebPage","@id":"https:\/\/fries.iphos.at\/products\/industrial-baskets\/esd-workpiece-carrier-techtray-425-x-276\/?lang=en","url":"https:\/\/fries.iphos.at\/products\/industrial-baskets\/esd-workpiece-carrier-techtray-425-x-276\/?lang=en","name":"Techtray ESD workpiece carrier for electronic components","isPartOf":{"@id":"https:\/\/fries.iphos.at\/#website"},"primaryImageOfPage":{"@id":"https:\/\/fries.iphos.at\/products\/industrial-baskets\/esd-workpiece-carrier-techtray-425-x-276\/?lang=en#primaryimage"},"image":{"@id":"https:\/\/fries.iphos.at\/products\/industrial-baskets\/esd-workpiece-carrier-techtray-425-x-276\/?lang=en#primaryimage"},"thumbnailUrl":"https:\/\/fries.iphos.at\/wp-content\/uploads\/Elektrostatische-Entladung-1024x866.png","datePublished":"2020-02-18T07:57:05+00:00","dateModified":"2021-03-08T12:39:14+00:00","description":"The ESD-compatible techtray workpiece carrier offers maximum safety for electronic parts \u25b6Individually customise the system for your requirements!","breadcrumb":{"@id":"https:\/\/fries.iphos.at\/products\/industrial-baskets\/esd-workpiece-carrier-techtray-425-x-276\/?lang=en#breadcrumb"},"inLanguage":"en-US","potentialAction":[{"@type":"ReadAction","target":["https:\/\/fries.iphos.at\/products\/industrial-baskets\/esd-workpiece-carrier-techtray-425-x-276\/?lang=en"]}]},{"@type":"ImageObject","inLanguage":"en-US","@id":"https:\/\/fries.iphos.at\/products\/industrial-baskets\/esd-workpiece-carrier-techtray-425-x-276\/?lang=en#primaryimage","url":"https:\/\/fries.iphos.at\/wp-content\/uploads\/Elektrostatische-Entladung-1024x866.png","contentUrl":"https:\/\/fries.iphos.at\/wp-content\/uploads\/Elektrostatische-Entladung-1024x866.png"},{"@type":"BreadcrumbList","@id":"https:\/\/fries.iphos.at\/products\/industrial-baskets\/esd-workpiece-carrier-techtray-425-x-276\/?lang=en#breadcrumb","itemListElement":[{"@type":"ListItem","position":1,"name":"Home","item":"https:\/\/fries.iphos.at\/?lang=en"},{"@type":"ListItem","position":2,"name":"Products","item":"https:\/\/fries.iphos.at\/products\/?lang=en"},{"@type":"ListItem","position":3,"name":"Workpiece carriers and cleaning baskets","item":"https:\/\/fries.iphos.at\/products\/industrial-baskets\/?lang=en"},{"@type":"ListItem","position":4,"name":"ESD workpiece carrier techtray 425 x 276"}]},{"@type":"WebSite","@id":"https:\/\/fries.iphos.at\/#website","url":"https:\/\/fries.iphos.at\/","name":"FRIES","description":"","publisher":{"@id":"https:\/\/fries.iphos.at\/#organization"},"potentialAction":[{"@type":"SearchAction","target":{"@type":"EntryPoint","urlTemplate":"https:\/\/fries.iphos.at\/?s={search_term_string}"},"query-input":{"@type":"PropertyValueSpecification","valueRequired":true,"valueName":"search_term_string"}}],"inLanguage":"en-US"},{"@type":"Organization","@id":"https:\/\/fries.iphos.at\/#organization","name":"FRIES Kunststofftechnik GmbH","url":"https:\/\/fries.iphos.at\/","logo":{"@type":"ImageObject","inLanguage":"en-US","@id":"https:\/\/fries.iphos.at\/#\/schema\/logo\/image\/","url":"https:\/\/fries.iphos.at\/wp-content\/uploads\/fries-logo.png","contentUrl":"https:\/\/fries.iphos.at\/wp-content\/uploads\/fries-logo.png","width":120,"height":60,"caption":"FRIES Kunststofftechnik GmbH"},"image":{"@id":"https:\/\/fries.iphos.at\/#\/schema\/logo\/image\/"},"sameAs":["https:\/\/www.facebook.com\/FRIESKunststofftechnik\/","https:\/\/www.youtube.com\/channel\/UCc2UgnWJ9Y_-pIXbDIek7wQ"]}]}},"_links":{"self":[{"href":"https:\/\/fries.iphos.at\/en\/wp-json\/wp\/v2\/pages\/29182","targetHints":{"allow":["GET"]}}],"collection":[{"href":"https:\/\/fries.iphos.at\/en\/wp-json\/wp\/v2\/pages"}],"about":[{"href":"https:\/\/fries.iphos.at\/en\/wp-json\/wp\/v2\/types\/page"}],"author":[{"embeddable":true,"href":"https:\/\/fries.iphos.at\/en\/wp-json\/wp\/v2\/users\/4"}],"replies":[{"embeddable":true,"href":"https:\/\/fries.iphos.at\/en\/wp-json\/wp\/v2\/comments?post=29182"}],"version-history":[{"count":12,"href":"https:\/\/fries.iphos.at\/en\/wp-json\/wp\/v2\/pages\/29182\/revisions"}],"predecessor-version":[{"id":32730,"href":"https:\/\/fries.iphos.at\/en\/wp-json\/wp\/v2\/pages\/29182\/revisions\/32730"}],"up":[{"embeddable":true,"href":"https:\/\/fries.iphos.at\/en\/wp-json\/wp\/v2\/pages\/61347"}],"wp:attachment":[{"href":"https:\/\/fries.iphos.at\/en\/wp-json\/wp\/v2\/media?parent=29182"}],"curies":[{"name":"wp","href":"https:\/\/api.w.org\/{rel}","templated":true}]}}