{"id":20092,"date":"2015-12-09T22:13:01","date_gmt":"2015-12-09T20:13:01","guid":{"rendered":"https:\/\/fries.iphos.at\/products\/industrie\/workpiece-carrier-system-techtray-425-x-276\/?lang=en"},"modified":"2025-10-07T08:31:01","modified_gmt":"2025-10-07T06:31:01","slug":"workpiece-carrier-system-techtray-425-x-276","status":"publish","type":"page","link":"https:\/\/fries.iphos.at\/en\/products\/industrial-baskets\/workpiece-carrier-system-techtray-425-x-276\/","title":{"rendered":"Workpiece carrier techtray"},"content":{"rendered":"<p><div class=\"fusion-fullwidth fullwidth-box fusion-builder-row-1 hundred-percent-fullwidth non-hundred-percent-height-scrolling\" style=\"--awb-border-radius-top-left:0px;--awb-border-radius-top-right:0px;--awb-border-radius-bottom-right:0px;--awb-border-radius-bottom-left:0px;--awb-overflow:visible;--awb-flex-wrap:wrap;\" ><div class=\"fusion-builder-row fusion-row\"><div class=\"fusion-layout-column fusion_builder_column fusion-builder-column-0 fusion_builder_column_1_3 1_3 fusion-one-third fusion-column-first\" style=\"--awb-bg-size:cover;width:30.6666%; margin-right: 4%;\"><div class=\"fusion-column-wrapper fusion-flex-column-wrapper-legacy\"><div class=\"fusion-image-element in-legacy-container\" style=\"--awb-caption-title-font-family:var(--h2_typography-font-family);--awb-caption-title-font-weight:var(--h2_typography-font-weight);--awb-caption-title-font-style:var(--h2_typography-font-style);--awb-caption-title-size:var(--h2_typography-font-size);--awb-caption-title-transform:var(--h2_typography-text-transform);--awb-caption-title-line-height:var(--h2_typography-line-height);--awb-caption-title-letter-spacing:var(--h2_typography-letter-spacing);\"><span class=\" fusion-imageframe imageframe-none imageframe-1 hover-type-none\"><a href=\"https:\/\/fries.iphos.at\/wp-content\/uploads\/Werkst\u00fccktr\u00e4ger_techtray_425x276-3.png\" class=\"fusion-lightbox\" data-rel=\"iLightbox[685007498664f361943]\" data-title=\"Werkst\u00fccktr\u00e4ger_techtray_425x276\" title=\"Werkst\u00fccktr\u00e4ger_techtray_425x276\"><img decoding=\"async\" width=\"242\" height=\"242\" alt=\"workpiece carrier system tech-tray 425x276\" src=\"https:\/\/fries.iphos.at\/wp-content\/uploads\/Werkst\u00fccktr\u00e4ger_techtray_425x276-3.png\" class=\"img-responsive wp-image-29097\" srcset=\"https:\/\/fries.iphos.at\/wp-content\/uploads\/Werkst\u00fccktr\u00e4ger_techtray_425x276-3-200x200.png 200w, https:\/\/fries.iphos.at\/wp-content\/uploads\/Werkst\u00fccktr\u00e4ger_techtray_425x276-3.png 242w\" sizes=\"(max-width: 0px) 100vw, 242px\" \/><\/a><\/span><\/div><div class=\"fusion-text fusion-text-1 color-industrie orange\"><h4><a href=\"https:\/\/fries.iphos.at\/wp-content\/uploads\/fries-workpiece-carrier-and-cleaning-racks-for-industrial-applications.pdf\" target=\"_blank\" rel=\"noopener\">Download brochure<\/a><\/h4>\n<\/div><div class=\"fusion-alignleft\"><a class=\"fusion-button button-flat fusion-button-default-size button-custom fusion-button-default button-1 fusion-button-default-span fusion-button-default-type color-verpackung\" style=\"--button_accent_color:#ffffff;--button_border_color:#ef7c00;--button_accent_hover_color:#ffffff;--button_border_hover_color:#ef7c00;--button_gradient_top_color:#ef7c00;--button_gradient_bottom_color:#ef7c00;--button_gradient_top_color_hover:#ef7c00;--button_gradient_bottom_color_hover:#ef7c00;--button_text_transform:none;--button_margin-top:10px;--button_margin-bottom:20px;\" target=\"_self\" href=\"https:\/\/fries.iphos.at\/contact\/?lang=en&amp;your-subject=Workpiece carrier techtray\"><span class=\"fusion-button-text awb-button__text awb-button__text--default\">Inquire now<\/span><\/a><\/div><div class=\"fusion-clearfix\"><\/div><\/div><\/div><div class=\"fusion-layout-column fusion_builder_column fusion-builder-column-1 fusion_builder_column_2_3 2_3 fusion-two-third fusion-column-last\" style=\"--awb-bg-size:cover;width:65.3333%;\"><div class=\"fusion-column-wrapper fusion-flex-column-wrapper-legacy\"><div class=\"fusion-text fusion-text-2 color-industrie orange\"><h1>techtray workpiece carrier<\/h1>\n<p><strong>Intelligent workpiece carrier system<br \/>\n<\/strong><strong>Safe &#8211; clean &#8211; flexible<\/strong><\/p>\n<p>techtray is a modular workpiece carrier system\u00a0that ensures greater security and efficiency in industrial parts cleaning and in-house\u00a0production logistics. For optimum cleaning results in highly sensitive areas, techtray combines the advantages of plastic workpiece carriers with the design of a metal mesh rack base.\u00a0Prevention against damage and optimum rinsing during the cleaning process make techtray the new standard in\u00a0industrial parts cleaning, parts handling and parts logistics.<\/p>\n<p><strong>Complete component protection and flexibility<\/strong><\/p>\n<ul>\n<li>Flexibility thanks to universal\u00a0compartments and insert options<\/li>\n<li>Multi-tray function\u00a0(base=lid)<\/li>\n<li>Can be used in transportation, logistics and cleaning<\/li>\n<li>Can be stacked using stacking bolts which\u00a0make it height adjustable<\/li>\n<li>Effective flushing and low shielding<\/li>\n<li>Can be used as insert in standard rack or\u00a0compartment rack as well as\u00a0separate workpiece carrier<\/li>\n<\/ul>\n<\/div><div class=\"fusion-clearfix\"><\/div><\/div><\/div><\/div><\/div><div class=\"fusion-fullwidth fullwidth-box fusion-builder-row-2 nonhundred-percent-fullwidth non-hundred-percent-height-scrolling\" style=\"--awb-border-radius-top-left:0px;--awb-border-radius-top-right:0px;--awb-border-radius-bottom-right:0px;--awb-border-radius-bottom-left:0px;--awb-flex-wrap:wrap;\" ><div class=\"fusion-builder-row fusion-row\"><div class=\"fusion-layout-column fusion_builder_column fusion-builder-column-2 fusion_builder_column_1_3 1_3 fusion-one-third fusion-column-first\" style=\"--awb-bg-size:cover;width:33.333333333333%;width:calc(33.333333333333% - ( ( 4% ) * 0.33333333333333 ) );margin-right: 4%;\"><div class=\"fusion-column-wrapper fusion-flex-column-wrapper-legacy\"><div class=\"fusion-clearfix\"><\/div><\/div><\/div><div class=\"fusion-layout-column fusion_builder_column fusion-builder-column-3 fusion_builder_column_2_3 2_3 fusion-two-third fusion-column-last\" style=\"--awb-bg-size:cover;width:66.666666666667%;width:calc(66.666666666667% - ( ( 4% ) * 0.66666666666667 ) );\"><div class=\"fusion-column-wrapper fusion-flex-column-wrapper-legacy\"><div class=\"fusion-text fusion-text-3\"><p><strong>Available materials:<\/strong><\/p>\n<p>The teck-rack variogrid workpiece carrier is available in the following materials, depending on the requirements:<\/p>\n<\/div><div class=\"fusion-clearfix\"><\/div><\/div><\/div><div class=\"fusion-layout-column fusion_builder_column fusion-builder-column-4 fusion_builder_column_1_4 1_4 fusion-one-fourth fusion-column-first\" style=\"--awb-bg-size:cover;width:25%;width:calc(25% - ( ( 4% + 4% + 4% ) * 0.25 ) );margin-right: 4%;\"><div class=\"fusion-column-wrapper fusion-flex-column-wrapper-legacy\"><div class=\"fusion-clearfix\"><\/div><\/div><\/div><div class=\"fusion-layout-column fusion_builder_column fusion-builder-column-5 fusion_builder_column_1_4 1_4 fusion-one-fourth\" style=\"--awb-bg-size:cover;width:25%;width:calc(25% - ( ( 4% + 4% + 4% ) * 0.25 ) );margin-right: 4%;\"><div class=\"fusion-column-wrapper fusion-flex-column-wrapper-legacy\"><div class=\"fusion-image-element fusion-image-align-right in-legacy-container\" style=\"text-align:right;--awb-caption-title-font-family:var(--h2_typography-font-family);--awb-caption-title-font-weight:var(--h2_typography-font-weight);--awb-caption-title-font-style:var(--h2_typography-font-style);--awb-caption-title-size:var(--h2_typography-font-size);--awb-caption-title-transform:var(--h2_typography-text-transform);--awb-caption-title-line-height:var(--h2_typography-line-height);--awb-caption-title-letter-spacing:var(--h2_typography-letter-spacing);\"><span class=\" fusion-imageframe imageframe-none imageframe-2 hover-type-none\" style=\"margin-left:25px;float:right;\"><a class=\"fusion-no-lightbox\" href=\"https:\/\/fries.iphos.at\/products\/industrial-baskets\/fries-materials\/?lang=en\" target=\"_blank\" aria-label=\"Comp13\/14\" rel=\"noopener noreferrer\"><img decoding=\"async\" width=\"300\" height=\"300\" alt=\"Fries Industriek\u00f6rbe und Werkst\u00fccktr\u00e4ger Material Comp13\/14\" src=\"https:\/\/fries.iphos.at\/wp-content\/uploads\/Comp13_14-300x300.jpg\" class=\"img-responsive wp-image-28245\" srcset=\"https:\/\/fries.iphos.at\/wp-content\/uploads\/Comp13_14-200x200.jpg 200w, https:\/\/fries.iphos.at\/wp-content\/uploads\/Comp13_14-400x400.jpg 400w, https:\/\/fries.iphos.at\/wp-content\/uploads\/Comp13_14.jpg 591w\" sizes=\"(max-width: 0px) 100vw, 400px\" \/><\/a><\/span><\/div><div class=\"fusion-text fusion-text-4 color-industrie orange\"><p style=\"text-align: right;\"><a title=\"FRIES Materialien\" href=\"https:\/\/fries.iphos.at\/products\/industrial-baskets\/fries-materials\/?lang=en\" target=\"_blank\" rel=\"noopener noreferrer\"><strong>FRIES Comp 13\/14<\/strong><\/a><\/p>\n<\/div><div class=\"fusion-clearfix\"><\/div><\/div><\/div><div class=\"fusion-layout-column fusion_builder_column fusion-builder-column-6 fusion_builder_column_1_4 1_4 fusion-one-fourth\" style=\"--awb-bg-size:cover;width:25%;width:calc(25% - ( ( 4% + 4% + 4% ) * 0.25 ) );margin-right: 4%;\"><div class=\"fusion-column-wrapper fusion-flex-column-wrapper-legacy\"><div class=\"fusion-image-element fusion-image-align-right in-legacy-container\" style=\"text-align:right;--awb-caption-title-font-family:var(--h2_typography-font-family);--awb-caption-title-font-weight:var(--h2_typography-font-weight);--awb-caption-title-font-style:var(--h2_typography-font-style);--awb-caption-title-size:var(--h2_typography-font-size);--awb-caption-title-transform:var(--h2_typography-text-transform);--awb-caption-title-line-height:var(--h2_typography-line-height);--awb-caption-title-letter-spacing:var(--h2_typography-letter-spacing);\"><span class=\" fusion-imageframe imageframe-none imageframe-3 hover-type-none\" style=\"margin-left:25px;float:right;\"><a class=\"fusion-no-lightbox\" href=\"https:\/\/fries.iphos.at\/products\/industrial-baskets\/fries-materials\/?lang=en\" target=\"_self\" aria-label=\"Comp21\/22\"><img decoding=\"async\" width=\"300\" height=\"300\" alt=\"Fries Industriek\u00f6rbe und Werkst\u00fccktr\u00e4ger Material Comp21\/22\" src=\"https:\/\/fries.iphos.at\/wp-content\/uploads\/Comp21_22-300x300.jpg\" class=\"img-responsive wp-image-28253\"\/><\/a><\/span><\/div><div class=\"fusion-text fusion-text-5 color-industrie orange\"><p style=\"text-align: right;\"><a title=\"FRIES Materialien\" href=\"https:\/\/fries.iphos.at\/products\/industrial-baskets\/fries-materials\/?lang=en\" target=\"_blank\" rel=\"noopener noreferrer\"><strong>FRIES Comp 21\/22<\/strong><\/a><\/p>\n<\/div><div class=\"fusion-clearfix\"><\/div><\/div><\/div><div class=\"fusion-layout-column fusion_builder_column fusion-builder-column-7 fusion_builder_column_1_4 1_4 fusion-one-fourth fusion-column-last\" style=\"--awb-bg-size:cover;width:25%;width:calc(25% - ( ( 4% + 4% + 4% ) * 0.25 ) );\"><div class=\"fusion-column-wrapper fusion-flex-column-wrapper-legacy\"><div class=\"fusion-image-element fusion-image-align-right in-legacy-container\" style=\"text-align:right;--awb-caption-title-font-family:var(--h2_typography-font-family);--awb-caption-title-font-weight:var(--h2_typography-font-weight);--awb-caption-title-font-style:var(--h2_typography-font-style);--awb-caption-title-size:var(--h2_typography-font-size);--awb-caption-title-transform:var(--h2_typography-text-transform);--awb-caption-title-line-height:var(--h2_typography-line-height);--awb-caption-title-letter-spacing:var(--h2_typography-letter-spacing);\"><span class=\" fusion-imageframe imageframe-none imageframe-4 hover-type-none\" style=\"margin-left:25px;float:right;\"><a class=\"fusion-no-lightbox\" href=\"https:\/\/fries.iphos.at\/products\/industrial-baskets\/fries-materials\/?lang=en\" target=\"_self\" aria-label=\"Comp25\"><img decoding=\"async\" width=\"300\" height=\"300\" alt=\"Fries Industriek\u00f6rbe und Werkst\u00fccktr\u00e4ger Material Comp25\" src=\"https:\/\/fries.iphos.at\/wp-content\/uploads\/Comp25-300x300.jpg\" class=\"img-responsive wp-image-28254\" srcset=\"https:\/\/fries.iphos.at\/wp-content\/uploads\/Comp25-200x200.jpg 200w, https:\/\/fries.iphos.at\/wp-content\/uploads\/Comp25-400x400.jpg 400w, https:\/\/fries.iphos.at\/wp-content\/uploads\/Comp25.jpg 591w\" sizes=\"(max-width: 0px) 100vw, 400px\" \/><\/a><\/span><\/div><div class=\"fusion-text fusion-text-6 color-industrie orange\"><p style=\"text-align: right;\"><a title=\"FRIES Materialien\" href=\"https:\/\/fries.iphos.at\/products\/industrial-baskets\/fries-materials\/?lang=en\" target=\"_blank\" rel=\"noopener noreferrer\"><strong>Fries Comp 25 (ESD)<\/strong><\/a><\/p>\n<\/div><div class=\"fusion-clearfix\"><\/div><\/div><\/div><\/div><\/div><\/p>\n","protected":false},"excerpt":{"rendered":"","protected":false},"author":4,"featured_media":0,"parent":61347,"menu_order":0,"comment_status":"closed","ping_status":"closed","template":"","meta":{"_acf_changed":false,"footnotes":""},"class_list":["post-20092","page","type-page","status-publish","hentry"],"acf":[],"yoast_head":"<!-- This site is optimized with the Yoast SEO plugin v26.8 - https:\/\/yoast.com\/product\/yoast-seo-wordpress\/ -->\n<title>Techtray workpiece carrier for complete component protection<\/title>\n<meta name=\"description\" content=\"The modular techtray workpiece carrier system ensures optimal protection for components \u25b6Suitable for industrial part cleaning, handling &amp; logistics!\" \/>\n<meta name=\"robots\" content=\"noindex, follow, max-snippet:-1, max-image-preview:large, max-video-preview:-1\" \/>\n<meta name=\"twitter:label1\" content=\"Est. reading time\" \/>\n\t<meta name=\"twitter:data1\" content=\"2 minutes\" \/>\n<script type=\"application\/ld+json\" class=\"yoast-schema-graph\">{\"@context\":\"https:\/\/schema.org\",\"@graph\":[{\"@type\":\"WebPage\",\"@id\":\"https:\/\/fries.iphos.at\/products\/industrial-baskets\/workpiece-carrier-system-techtray-425-x-276\/?lang=en\",\"url\":\"https:\/\/fries.iphos.at\/products\/industrial-baskets\/workpiece-carrier-system-techtray-425-x-276\/?lang=en\",\"name\":\"Techtray workpiece carrier for complete component protection\",\"isPartOf\":{\"@id\":\"https:\/\/fries.iphos.at\/#website\"},\"datePublished\":\"2015-12-09T20:13:01+00:00\",\"dateModified\":\"2025-10-07T06:31:01+00:00\",\"description\":\"The modular techtray workpiece carrier system ensures optimal protection for components \u25b6Suitable for industrial part cleaning, handling & logistics!\",\"breadcrumb\":{\"@id\":\"https:\/\/fries.iphos.at\/products\/industrial-baskets\/workpiece-carrier-system-techtray-425-x-276\/?lang=en#breadcrumb\"},\"inLanguage\":\"en-US\",\"potentialAction\":[{\"@type\":\"ReadAction\",\"target\":[\"https:\/\/fries.iphos.at\/products\/industrial-baskets\/workpiece-carrier-system-techtray-425-x-276\/?lang=en\"]}]},{\"@type\":\"BreadcrumbList\",\"@id\":\"https:\/\/fries.iphos.at\/products\/industrial-baskets\/workpiece-carrier-system-techtray-425-x-276\/?lang=en#breadcrumb\",\"itemListElement\":[{\"@type\":\"ListItem\",\"position\":1,\"name\":\"Home\",\"item\":\"https:\/\/fries.iphos.at\/?lang=en\"},{\"@type\":\"ListItem\",\"position\":2,\"name\":\"Products\",\"item\":\"https:\/\/fries.iphos.at\/products\/?lang=en\"},{\"@type\":\"ListItem\",\"position\":3,\"name\":\"Workpiece carriers and cleaning baskets\",\"item\":\"https:\/\/fries.iphos.at\/products\/industrial-baskets\/?lang=en\"},{\"@type\":\"ListItem\",\"position\":4,\"name\":\"Workpiece carrier techtray\"}]},{\"@type\":\"WebSite\",\"@id\":\"https:\/\/fries.iphos.at\/#website\",\"url\":\"https:\/\/fries.iphos.at\/\",\"name\":\"FRIES\",\"description\":\"\",\"publisher\":{\"@id\":\"https:\/\/fries.iphos.at\/#organization\"},\"potentialAction\":[{\"@type\":\"SearchAction\",\"target\":{\"@type\":\"EntryPoint\",\"urlTemplate\":\"https:\/\/fries.iphos.at\/?s={search_term_string}\"},\"query-input\":{\"@type\":\"PropertyValueSpecification\",\"valueRequired\":true,\"valueName\":\"search_term_string\"}}],\"inLanguage\":\"en-US\"},{\"@type\":\"Organization\",\"@id\":\"https:\/\/fries.iphos.at\/#organization\",\"name\":\"FRIES Kunststofftechnik GmbH\",\"url\":\"https:\/\/fries.iphos.at\/\",\"logo\":{\"@type\":\"ImageObject\",\"inLanguage\":\"en-US\",\"@id\":\"https:\/\/fries.iphos.at\/#\/schema\/logo\/image\/\",\"url\":\"https:\/\/fries.iphos.at\/wp-content\/uploads\/fries-logo.png\",\"contentUrl\":\"https:\/\/fries.iphos.at\/wp-content\/uploads\/fries-logo.png\",\"width\":120,\"height\":60,\"caption\":\"FRIES Kunststofftechnik GmbH\"},\"image\":{\"@id\":\"https:\/\/fries.iphos.at\/#\/schema\/logo\/image\/\"},\"sameAs\":[\"https:\/\/www.facebook.com\/FRIESKunststofftechnik\/\",\"https:\/\/www.youtube.com\/channel\/UCc2UgnWJ9Y_-pIXbDIek7wQ\"]}]}<\/script>\n<!-- \/ Yoast SEO plugin. -->","yoast_head_json":{"title":"Techtray workpiece carrier for complete component protection","description":"The modular techtray workpiece carrier system ensures optimal protection for components \u25b6Suitable for industrial part cleaning, handling & logistics!","robots":{"index":"noindex","follow":"follow","max-snippet":"max-snippet:-1","max-image-preview":"max-image-preview:large","max-video-preview":"max-video-preview:-1"},"twitter_misc":{"Est. reading time":"2 minutes"},"schema":{"@context":"https:\/\/schema.org","@graph":[{"@type":"WebPage","@id":"https:\/\/fries.iphos.at\/products\/industrial-baskets\/workpiece-carrier-system-techtray-425-x-276\/?lang=en","url":"https:\/\/fries.iphos.at\/products\/industrial-baskets\/workpiece-carrier-system-techtray-425-x-276\/?lang=en","name":"Techtray workpiece carrier for complete component protection","isPartOf":{"@id":"https:\/\/fries.iphos.at\/#website"},"datePublished":"2015-12-09T20:13:01+00:00","dateModified":"2025-10-07T06:31:01+00:00","description":"The modular techtray workpiece carrier system ensures optimal protection for components \u25b6Suitable for industrial part cleaning, handling & logistics!","breadcrumb":{"@id":"https:\/\/fries.iphos.at\/products\/industrial-baskets\/workpiece-carrier-system-techtray-425-x-276\/?lang=en#breadcrumb"},"inLanguage":"en-US","potentialAction":[{"@type":"ReadAction","target":["https:\/\/fries.iphos.at\/products\/industrial-baskets\/workpiece-carrier-system-techtray-425-x-276\/?lang=en"]}]},{"@type":"BreadcrumbList","@id":"https:\/\/fries.iphos.at\/products\/industrial-baskets\/workpiece-carrier-system-techtray-425-x-276\/?lang=en#breadcrumb","itemListElement":[{"@type":"ListItem","position":1,"name":"Home","item":"https:\/\/fries.iphos.at\/?lang=en"},{"@type":"ListItem","position":2,"name":"Products","item":"https:\/\/fries.iphos.at\/products\/?lang=en"},{"@type":"ListItem","position":3,"name":"Workpiece carriers and cleaning baskets","item":"https:\/\/fries.iphos.at\/products\/industrial-baskets\/?lang=en"},{"@type":"ListItem","position":4,"name":"Workpiece carrier techtray"}]},{"@type":"WebSite","@id":"https:\/\/fries.iphos.at\/#website","url":"https:\/\/fries.iphos.at\/","name":"FRIES","description":"","publisher":{"@id":"https:\/\/fries.iphos.at\/#organization"},"potentialAction":[{"@type":"SearchAction","target":{"@type":"EntryPoint","urlTemplate":"https:\/\/fries.iphos.at\/?s={search_term_string}"},"query-input":{"@type":"PropertyValueSpecification","valueRequired":true,"valueName":"search_term_string"}}],"inLanguage":"en-US"},{"@type":"Organization","@id":"https:\/\/fries.iphos.at\/#organization","name":"FRIES Kunststofftechnik GmbH","url":"https:\/\/fries.iphos.at\/","logo":{"@type":"ImageObject","inLanguage":"en-US","@id":"https:\/\/fries.iphos.at\/#\/schema\/logo\/image\/","url":"https:\/\/fries.iphos.at\/wp-content\/uploads\/fries-logo.png","contentUrl":"https:\/\/fries.iphos.at\/wp-content\/uploads\/fries-logo.png","width":120,"height":60,"caption":"FRIES Kunststofftechnik GmbH"},"image":{"@id":"https:\/\/fries.iphos.at\/#\/schema\/logo\/image\/"},"sameAs":["https:\/\/www.facebook.com\/FRIESKunststofftechnik\/","https:\/\/www.youtube.com\/channel\/UCc2UgnWJ9Y_-pIXbDIek7wQ"]}]}},"_links":{"self":[{"href":"https:\/\/fries.iphos.at\/en\/wp-json\/wp\/v2\/pages\/20092","targetHints":{"allow":["GET"]}}],"collection":[{"href":"https:\/\/fries.iphos.at\/en\/wp-json\/wp\/v2\/pages"}],"about":[{"href":"https:\/\/fries.iphos.at\/en\/wp-json\/wp\/v2\/types\/page"}],"author":[{"embeddable":true,"href":"https:\/\/fries.iphos.at\/en\/wp-json\/wp\/v2\/users\/4"}],"replies":[{"embeddable":true,"href":"https:\/\/fries.iphos.at\/en\/wp-json\/wp\/v2\/comments?post=20092"}],"version-history":[{"count":22,"href":"https:\/\/fries.iphos.at\/en\/wp-json\/wp\/v2\/pages\/20092\/revisions"}],"predecessor-version":[{"id":70731,"href":"https:\/\/fries.iphos.at\/en\/wp-json\/wp\/v2\/pages\/20092\/revisions\/70731"}],"up":[{"embeddable":true,"href":"https:\/\/fries.iphos.at\/en\/wp-json\/wp\/v2\/pages\/61347"}],"wp:attachment":[{"href":"https:\/\/fries.iphos.at\/en\/wp-json\/wp\/v2\/media?parent=20092"}],"curies":[{"name":"wp","href":"https:\/\/api.w.org\/{rel}","templated":true}]}}